{"id":18,"date":"2012-11-13T23:57:47","date_gmt":"2012-11-13T23:57:47","guid":{"rendered":"http:\/\/www1.herrera.unt.edu.ar\/faceyt\/agrimensura\/?page_id=18"},"modified":"2014-08-21T16:56:05","modified_gmt":"2014-08-21T19:56:05","slug":"asignaturas-por-area","status":"publish","type":"page","link":"https:\/\/www.facet.unt.edu.ar\/agrimensura\/asignaturas-por-area\/","title":{"rendered":"Asignaturas por \u00c1rea"},"content":{"rendered":"<p><strong>Asignaturas del \u00c1rea de Ciencias B\u00e1sicas<\/strong><\/p>\n<table border=\"0\" width=\"461\" cellspacing=\"0\" cellpadding=\"0\">\n<tbody>\n<tr>\n<td style=\"text-align: center;background-color: #343eaf\" width=\"80\" height=\"20\"><strong><span style=\"color: #ffffff\"> CODIGO<\/span><\/strong><\/td>\n<td style=\"text-align: center;background-color: #343eaf\" width=\"221\"><strong><span style=\"color: #ffffff\"> ASIGNATURA<\/span><\/strong><\/td>\n<td style=\"text-align: center;background-color: #343eaf\" width=\"80\"><strong><span style=\"color: #ffffff\"> HORAS<br \/>\nSEMANALES<\/span><\/strong><\/td>\n<td style=\"text-align: center;background-color: #343eaf\" width=\"80\"><strong><span style=\"color: #ffffff\"> TOTAL<br \/>\nHORAS<\/span><\/strong><\/td>\n<\/tr>\n<tr>\n<td height=\"20\">TT1<\/td>\n<td><a title=\"C\u00e1lculo I\" href=\"https:\/\/www.facet.unt.edu.ar\/agrimensura\/01-calculo-i\/\" target=\"_blank\">C\u00e1lculo I<\/a><\/td>\n<td align=\"right\">6<\/td>\n<td align=\"right\">96<\/td>\n<\/tr>\n<tr>\n<td height=\"20\">TT2<\/td>\n<td><a title=\"\u00c1lgebra y Geometr\u00eda Anal\u00edtica\" href=\"https:\/\/www.facet.unt.edu.ar\/agrimensura\/02-algebra-i\/\" target=\"_blank\">\u00c1lgebra y Geometr\u00eda Anal\u00edtica<\/a><\/td>\n<td align=\"right\">6<\/td>\n<td align=\"right\">96<\/td>\n<\/tr>\n<tr>\n<td height=\"20\">FI1<\/td>\n<td><a title=\"F\u00edsica I\" href=\"https:\/\/www.facet.unt.edu.ar\/agrimensura\/03-fisica-i\/\" target=\"_blank\">F\u00edsica I<\/a><\/td>\n<td align=\"right\">6<\/td>\n<td align=\"right\">96<\/td>\n<\/tr>\n<tr>\n<td height=\"20\">CV1<\/td>\n<td><a title=\"Sistemas de Representaci\u00f3n\" href=\"https:\/\/www.facet.unt.edu.ar\/agrimensura\/04-sistemas-de-representacion\/\" target=\"_blank\">Sistemas de Representaci\u00f3n<\/a><\/td>\n<td align=\"right\">5<\/td>\n<td align=\"right\">80<\/td>\n<\/tr>\n<tr>\n<td height=\"20\">TT3<\/td>\n<td><a title=\"Calculo II\" href=\"https:\/\/www.facet.unt.edu.ar\/agrimensura\/05-calculo-ii\/\" target=\"_blank\">C\u00e1lculo II<\/a><\/td>\n<td align=\"right\">5<\/td>\n<td align=\"right\">80<\/td>\n<\/tr>\n<tr>\n<td height=\"20\">TT4<\/td>\n<td><a title=\"Elementos de \u00c1lgebra Lineal\" href=\"https:\/\/www.facet.unt.edu.ar\/agrimensura\/06-algebra-ii\/\" target=\"_blank\">Elementos de \u00c1lgebra Lineal<\/a><\/td>\n<td align=\"right\">5<\/td>\n<td align=\"right\">80<\/td>\n<\/tr>\n<tr>\n<td height=\"20\">FI2<\/td>\n<td><a title=\"F\u00edsica II\" href=\"https:\/\/www.facet.unt.edu.ar\/agrimensura\/07-fisica-ii\/\" target=\"_blank\">F\u00edsica II<\/a><\/td>\n<td align=\"right\">6<\/td>\n<td align=\"right\">96<\/td>\n<\/tr>\n<tr>\n<td height=\"20\">QQV<\/td>\n<td><a title=\"Inform\u00e1tica\" href=\"https:\/\/www.facet.unt.edu.ar\/agrimensura\/08-informatica\/\" target=\"_blank\">Inform\u00e1tica<\/a><\/td>\n<td align=\"right\">4<\/td>\n<td align=\"right\">64<\/td>\n<\/tr>\n<tr>\n<td height=\"20\">QQA<\/td>\n<td><a title=\"Fundamentos de Qu\u00edmica General\" href=\"\/\/www.facet.unt.edu.ar\/agrimensura\/09-fundamentos-de-quimica-general\/\" target=\"_blank\">Fundamentos de Qu\u00edmica General<\/a><\/td>\n<td align=\"right\">5<\/td>\n<td align=\"right\">80<\/td>\n<\/tr>\n<tr>\n<td height=\"20\">TT5<\/td>\n<td><a title=\"C\u00e1lculo III\" href=\"https:\/\/www.facet.unt.edu.ar\/agrimensura\/10-calculo-iii\/\" target=\"_blank\">C\u00e1lculo III<\/a><\/td>\n<td align=\"right\">6<\/td>\n<td align=\"right\">96<\/td>\n<\/tr>\n<tr>\n<td height=\"20\">FI3<\/td>\n<td><a title=\"F\u00edsica III\" href=\"https:\/\/www.facet.unt.edu.ar\/agrimensura\/11-fisica-iii\/\" target=\"_blank\">F\u00edsica III<\/a><\/td>\n<td align=\"right\">8<\/td>\n<td align=\"right\">128<\/td>\n<\/tr>\n<tr>\n<td height=\"20\">TT6<\/td>\n<td><a title=\"C\u00e1lculo IV\" href=\"https:\/\/www.facet.unt.edu.ar\/agrimensura\/14-calculo-iv\/\" target=\"_blank\">C\u00e1lculo IV<\/a><\/td>\n<td align=\"right\">6<\/td>\n<td align=\"right\">96<\/td>\n<\/tr>\n<tr>\n<td height=\"20\">TT7<\/td>\n<td><a title=\"Probabilidad y Estad\u00edstica\" href=\"https:\/\/www.facet.unt.edu.ar\/agrimensura\/15-probabilidad-y-estadistica\/\" target=\"_blank\">Probabilidad y Estad\u00edstica<\/a><\/td>\n<td align=\"right\">5<\/td>\n<td align=\"right\">80<\/td>\n<\/tr>\n<tr>\n<td height=\"20\"><\/td>\n<td><\/td>\n<td><\/td>\n<td align=\"right\">1168<\/td>\n<\/tr>\n<\/tbody>\n<\/table>\n<p><strong>\u00a0Asignaturas del \u00c1rea de Tecnolog\u00edas B\u00e1sicas<\/strong><\/p>\n<table border=\"0\" width=\"518\" cellspacing=\"0\" cellpadding=\"0\">\n<tbody>\n<tr>\n<td style=\"text-align: center;background-color: #343eaf\" width=\"80\" height=\"60\"><strong><span style=\"color: #ffffff\"> CODIGO<\/span><\/strong><\/td>\n<td style=\"text-align: center;background-color: #343eaf\" width=\"278\"><strong><span style=\"color: #ffffff\"> ASIGNATURA<\/span><\/strong><\/td>\n<td style=\"text-align: center;background-color: #343eaf\" width=\"80\"><strong><span style=\"color: #ffffff\"> HORAS<br \/>\nSEMANALES<\/span><\/strong><\/td>\n<td style=\"text-align: center;background-color: #343eaf\" width=\"80\"><strong><span style=\"color: #ffffff\"> TOTAL<br \/>\nHORAS<\/span><\/strong><\/td>\n<\/tr>\n<tr>\n<td height=\"20\">GM0<\/td>\n<td><a title=\"Astronom\u00eda\" href=\"https:\/\/www.facet.unt.edu.ar\/agrimensura\/28-astronomia\/\" target=\"_blank\">Astronom\u00eda<\/a><\/td>\n<td align=\"right\">5<\/td>\n<td align=\"right\">80<\/td>\n<\/tr>\n<tr>\n<td height=\"20\">GL8<\/td>\n<td><a title=\"Agrimensura Legal I\" href=\"https:\/\/www.facet.unt.edu.ar\/agrimensura\/27-agrimensura-legal\/\" target=\"_blank\">Agrimensura Legal I<\/a><\/td>\n<td align=\"right\">4<\/td>\n<td align=\"right\">64<\/td>\n<\/tr>\n<tr>\n<td height=\"20\">GK1<\/td>\n<td><a title=\"Topograf\u00eda I\" href=\"https:\/\/www.facet.unt.edu.ar\/agrimensura\/12-topografia-i\/\" target=\"_blank\">Topograf\u00eda I<\/a><\/td>\n<td align=\"right\">6<\/td>\n<td align=\"right\">96<\/td>\n<\/tr>\n<tr>\n<td height=\"20\">GK5<\/td>\n<td><a title=\"Dibujo Topogr\u00e1fico\" href=\"https:\/\/www.facet.unt.edu.ar\/agrimensura\/13-dibujo-topografico\/\" target=\"_blank\">Dibujo Topogr\u00e1fico<\/a><\/td>\n<td align=\"right\">5<\/td>\n<td align=\"right\">80<\/td>\n<\/tr>\n<tr>\n<td height=\"20\">GK4<\/td>\n<td><a title=\"Topograf\u00eda II\" href=\"https:\/\/www.facet.unt.edu.ar\/agrimensura\/16-topografia-ii\/\" target=\"_blank\">Topograf\u00eda II<\/a><\/td>\n<td align=\"right\">6<\/td>\n<td align=\"right\">96<\/td>\n<\/tr>\n<tr>\n<td height=\"20\">GL2<\/td>\n<td><a title=\"Dibujo Topogr\u00e1fico\" href=\"https:\/\/www.facet.unt.edu.ar\/agrimensura\/17-dibujo-topografico\/\" target=\"_blank\">Dibujo Cartogr\u00e1fico<\/a><\/td>\n<td align=\"right\">5<\/td>\n<td align=\"right\">80<\/td>\n<\/tr>\n<tr>\n<td height=\"20\">GL4<\/td>\n<td><a title=\"Fundamentos Matem\u00e1ticos para Geodesia\" href=\"https:\/\/www.facet.unt.edu.ar\/agrimensura\/20-fundamentos-matematicos-para-geodesia\/\" target=\"_blank\">Fundamentos Matem\u00e1ticos para Geodesia<\/a><\/td>\n<td align=\"right\">4<\/td>\n<td align=\"right\">64<\/td>\n<\/tr>\n<tr>\n<td height=\"20\">GJ4<\/td>\n<td><a title=\"Laboratorio de Computaci\u00f3n I\" href=\"https:\/\/www.facet.unt.edu.ar\/agrimensura\/22-laboratorio-de-computacion-i\/\" target=\"_blank\">Laboratorio de Computaci\u00f3n I<\/a><\/td>\n<td align=\"right\">5<\/td>\n<td align=\"right\">80<\/td>\n<\/tr>\n<tr>\n<td height=\"20\">GL1<\/td>\n<td><a title=\"Teor\u00eda de errores y compensaci\u00f3n\" href=\"https:\/\/www.facet.unt.edu.ar\/agrimensura\/23-teoria-de-errores-y-compensasion\/\" target=\"_blank\">Teor\u00eda de Errores y Compensaci\u00f3n<\/a><\/td>\n<td align=\"right\">5<\/td>\n<td align=\"right\">80<\/td>\n<\/tr>\n<tr>\n<td height=\"20\">GJ9<\/td>\n<td><a title=\"Laboratorio de Computaci\u00f3n II\" href=\"https:\/\/www.facet.unt.edu.ar\/agrimensura\/26-laboratorio-de-computacion-ii\/\" target=\"_blank\">Laboratorio de Computaci\u00f3n II<\/a><\/td>\n<td align=\"right\">5<\/td>\n<td align=\"right\">80<\/td>\n<\/tr>\n<tr>\n<td height=\"20\">GM2<\/td>\n<td><a title=\"Geof\u00edsica y Geomorfolog\u00eda\" href=\"https:\/\/www.facet.unt.edu.ar\/agrimensura\/30-geofisica-y-geomorfologia\/\" target=\"_blank\">Geof\u00edsica y Geomosfolog\u00eda<\/a><\/td>\n<td align=\"right\">4<\/td>\n<td align=\"right\">64<\/td>\n<\/tr>\n<tr>\n<td height=\"20\"><\/td>\n<td><\/td>\n<td><\/td>\n<td align=\"right\">864<\/td>\n<\/tr>\n<\/tbody>\n<\/table>\n<p><strong>Asignaturas del \u00c1rea de Tecnolog\u00edas Aplicadas<\/strong><\/p>\n<table border=\"0\" width=\"480\" cellspacing=\"0\" cellpadding=\"0\">\n<tbody>\n<tr>\n<td style=\"text-align: center;background-color: #343eaf\" width=\"80\" height=\"60\"><strong><span style=\"color: #ffffff\"> CODIGO<\/span><\/strong><\/td>\n<td style=\"text-align: center;background-color: #343eaf\" width=\"240\"><strong><span style=\"color: #ffffff\"> ASIGNATURA<\/span><\/strong><\/td>\n<td style=\"text-align: center;background-color: #343eaf\" width=\"80\"><strong><span style=\"color: #ffffff\"> HORAS<br \/>\nSEMANALES<\/span><\/strong><\/td>\n<td style=\"text-align: center;background-color: #343eaf\" width=\"80\"><strong><span style=\"color: #ffffff\"> TOTAL<br \/>\nHORAS<\/span><\/strong><\/td>\n<\/tr>\n<tr>\n<td height=\"20\">GL5<\/td>\n<td><a title=\"Ordenamiento Territorial\" href=\"https:\/\/www.facet.unt.edu.ar\/agrimensura\/21-ordenamiento-territorial\/\" target=\"_blank\">Ordenamiento Territorial<\/a><\/td>\n<td align=\"right\">4<\/td>\n<td align=\"right\">64<\/td>\n<\/tr>\n<tr>\n<td height=\"20\">GL3<\/td>\n<td><a title=\"Topograf\u00eda III\" href=\"https:\/\/www.facet.unt.edu.ar\/agrimensura\/18-topografia-iii\/\" target=\"_blank\">Topograf\u00eda III<\/a><\/td>\n<td align=\"right\">6<\/td>\n<td align=\"right\">96<\/td>\n<\/tr>\n<tr>\n<td height=\"20\">GN2<\/td>\n<td><a title=\"Mediciones especiales\" href=\"https:\/\/www.facet.unt.edu.ar\/agrimensura\/39-mediciones-especiales\/\" target=\"_blank\">Mediciones Especiales<\/a><\/td>\n<td align=\"right\">6<\/td>\n<td align=\"right\">96<\/td>\n<\/tr>\n<tr>\n<td height=\"20\">GL6<\/td>\n<td><a title=\"Cartograf\u00eda Asistida por Computadora\" href=\"https:\/\/www.facet.unt.edu.ar\/agrimensura\/24-cartografia-asistida-por-computadora\/\" target=\"_blank\">Cartograf\u00eda Asistida por Computadora<\/a><\/td>\n<td align=\"right\">4<\/td>\n<td align=\"right\">64<\/td>\n<\/tr>\n<tr>\n<td height=\"20\">GM1<\/td>\n<td><a title=\"Fotogrametr\u00eda\" href=\"https:\/\/www.facet.unt.edu.ar\/agrimensura\/34-fotogrametria-ii\/\" target=\"_blank\">Fotogrametr\u00eda I<\/a><\/td>\n<td align=\"right\">5<\/td>\n<td align=\"right\">80<\/td>\n<\/tr>\n<tr>\n<td height=\"20\">GM4<\/td>\n<td><a title=\"Agrimensura legal II\" href=\"https:\/\/www.facet.unt.edu.ar\/agrimensura\/32-agrimensura-legal-ii\/\" target=\"_blank\">Agrimensura Legal II<\/a><\/td>\n<td align=\"right\">4<\/td>\n<td align=\"right\">64<\/td>\n<\/tr>\n<tr>\n<td height=\"20\">GM5<\/td>\n<td><a title=\"Geodesia\" href=\"https:\/\/www.facet.unt.edu.ar\/agrimensura\/33-geodesia\/\" target=\"_blank\">Geodesia<\/a><\/td>\n<td align=\"right\">5<\/td>\n<td align=\"right\">80<\/td>\n<\/tr>\n<tr>\n<td height=\"20\">GM6<\/td>\n<td><a title=\"Fotogrametr\u00eda II\" href=\"https:\/\/www.facet.unt.edu.ar\/agrimensura\/34-fotogrametria-ii\/\" target=\"_blank\">Fotogrametr\u00eda II<\/a><\/td>\n<td align=\"right\">5<\/td>\n<td align=\"right\">80<\/td>\n<\/tr>\n<tr>\n<td height=\"20\">GM7<\/td>\n<td><a title=\"Deslindes, l\u00edmite y mensura\" href=\"https:\/\/www.facet.unt.edu.ar\/agrimensura\/35-deslindes-limite-y-mensura\/\" target=\"_blank\">Deslindes, L\u00edmite y Mensura<\/a><\/td>\n<td align=\"right\">4<\/td>\n<td align=\"right\">64<\/td>\n<\/tr>\n<tr>\n<td height=\"20\">GM8<\/td>\n<td><a title=\"Catastro\" href=\"https:\/\/www.facet.unt.edu.ar\/agrimensura\/36-catastro\/\" target=\"_blank\">Catastro<\/a><\/td>\n<td align=\"right\">4<\/td>\n<td align=\"right\">64<\/td>\n<\/tr>\n<tr>\n<td height=\"20\">GM9<\/td>\n<td><a title=\"Sistemas de informaci\u00f3n territorial\" href=\"https:\/\/www.facet.unt.edu.ar\/agrimensura\/37-sistemas-de-informacion-territorial\/\" target=\"_blank\">Sistemas de Informaci\u00f3n Territorial<\/a><\/td>\n<td align=\"right\">4<\/td>\n<td align=\"right\">64<\/td>\n<\/tr>\n<tr>\n<td height=\"20\">GN1<\/td>\n<td><a title=\"T\u00e9cnicas Satelitales\" href=\"https:\/\/www.facet.unt.edu.ar\/agrimensura\/38-tecnicas-satelitales\/\" target=\"_blank\">T\u00e9cnicas Satelitales<\/a><\/td>\n<td align=\"right\">5<\/td>\n<td align=\"right\">80<\/td>\n<\/tr>\n<tr>\n<td height=\"20\">GN3<\/td>\n<td><a title=\"Valuaciones\" href=\"https:\/\/www.facet.unt.edu.ar\/agrimensura\/40-valuaciones\/\" target=\"_blank\">Valuaciones<\/a><\/td>\n<td align=\"right\">4<\/td>\n<td align=\"right\">64<\/td>\n<\/tr>\n<tr>\n<td height=\"20\"><\/td>\n<td><\/td>\n<td><\/td>\n<td align=\"right\">960<\/td>\n<\/tr>\n<\/tbody>\n<\/table>\n<p><strong>Asignaturas del \u00c1rea Complementarias<\/strong><\/p>\n<table border=\"0\" width=\"492\" cellspacing=\"0\" cellpadding=\"0\">\n<tbody>\n<tr>\n<td style=\"text-align: center;background-color: #343eaf\" width=\"80\" height=\"60\"><strong><span style=\"color: #ffffff\"> CODIGO<\/span><\/strong><\/td>\n<td style=\"text-align: center;background-color: #343eaf\" width=\"252\"><strong><span style=\"color: #ffffff\"> ASIGNATURA<\/span><\/strong><\/td>\n<td style=\"text-align: center;background-color: #343eaf\" width=\"80\"><strong><span style=\"color: #ffffff\"> HORAS<br \/>\nSEMANALES<\/span><\/strong><\/td>\n<td style=\"text-align: center;background-color: #343eaf\" width=\"80\"><strong><span style=\"color: #ffffff\"> TOTAL<br \/>\nHORAS<\/span><\/strong><\/td>\n<\/tr>\n<tr>\n<td height=\"20\">GL9<\/td>\n<td><a title=\"V\u00edas de Comunicacion\" href=\"https:\/\/www.facet.unt.edu.ar\/agrimensura\/25-vias-de-comunicacion\/\" target=\"_blank\">V\u00edas de Comunicaci\u00f3n<\/a><\/td>\n<td align=\"right\">6<\/td>\n<td align=\"right\">96<\/td>\n<\/tr>\n<tr>\n<td height=\"20\">GL7<\/td>\n<td><a title=\"Hidra\u00falica para Agrimensores\" href=\"https:\/\/www.facet.unt.edu.ar\/agrimensura\/19-hidraulica-para-agrimensores\/\" target=\"_blank\">Hidr\u00e1ulica para Agrimensores<\/a><\/td>\n<td align=\"right\">4<\/td>\n<td align=\"right\">64<\/td>\n<\/tr>\n<tr>\n<td height=\"20\">IAZ<\/td>\n<td><a title=\"Optimizaci\u00f3n de Sistemas de Gesti\u00f3n\" href=\"https:\/\/www.facet.unt.edu.ar\/agrimensura\/41-optimizacion-de-sistemas-de-gestion\/\" target=\"_blank\">Optimizaci\u00f3n de Sistemas de Gesti\u00f3n<\/a><\/td>\n<td align=\"right\">6<\/td>\n<td align=\"right\">96<\/td>\n<\/tr>\n<tr>\n<td height=\"20\">GM3<\/td>\n<td><a title=\"Econom\u00eda\" href=\"https:\/\/www.facet.unt.edu.ar\/agrimensura\/31-economia\/\" target=\"_blank\">Econom\u00eda<\/a><\/td>\n<td align=\"right\">4<\/td>\n<td align=\"right\">64<\/td>\n<\/tr>\n<tr>\n<td height=\"20\"><\/td>\n<td><\/td>\n<td><\/td>\n<td align=\"right\">320<\/td>\n<\/tr>\n<\/tbody>\n<\/table>\n<p><strong>\u00a0Otras asignaturas y exigencias adicionales<\/strong><\/p>\n<table border=\"0\" width=\"391\" cellspacing=\"0\" cellpadding=\"0\">\n<tbody>\n<tr>\n<td style=\"text-align: center;background-color: #343eaf\" width=\"80\" height=\"60\"><strong><span style=\"color: #ffffff\"> CODIGO<\/span><\/strong><\/td>\n<td style=\"text-align: center;background-color: #343eaf\" width=\"151\"><strong><span style=\"color: #ffffff\"> ASIGNATURA<\/span><\/strong><\/td>\n<td style=\"text-align: center;background-color: #343eaf\" width=\"80\"><strong><span style=\"color: #ffffff\"> HORAS<br \/>\nSEMANALES<\/span><\/strong><\/td>\n<td style=\"text-align: center;background-color: #343eaf\" width=\"80\"><strong><span style=\"color: #ffffff\"> TOTAL<br \/>\nHORAS<\/span><\/strong><\/td>\n<\/tr>\n<tr>\n<td height=\"20\"><\/td>\n<td>Electiva I<\/td>\n<td align=\"right\">5<\/td>\n<td align=\"right\">80<\/td>\n<\/tr>\n<tr>\n<td height=\"20\"><\/td>\n<td>Electiva II<\/td>\n<td align=\"right\">5<\/td>\n<td align=\"right\">80<\/td>\n<\/tr>\n<tr>\n<td height=\"20\"><\/td>\n<td>Electiva III<\/td>\n<td align=\"right\">5<\/td>\n<td align=\"right\">80<\/td>\n<\/tr>\n<tr>\n<td height=\"20\"><\/td>\n<td><a title=\"Exigencia Adicional Idioma Ingl\u00e9s\" href=\"https:\/\/www.facet.unt.edu.ar\/agrimensura\/exigencia-adicional-idioma-ingles\/\" target=\"_blank\">Suficiencia de Idioma<\/a><\/td>\n<td align=\"right\">8<\/td>\n<td align=\"right\">128<\/td>\n<\/tr>\n<tr>\n<td height=\"20\"><\/td>\n<td>Pr\u00e1cticas Profesionales<\/td>\n<td><\/td>\n<td align=\"right\">200<\/td>\n<\/tr>\n<tr>\n<td height=\"20\"><\/td>\n<td><a title=\"Evaluaci\u00f3n de proyecto\" href=\"https:\/\/www.facet.unt.edu.ar\/agrimensura\/evaluacion-de-proyecto\/\" target=\"_blank\">Proyecto Final<\/a><\/td>\n<td><\/td>\n<td align=\"right\">300<\/td>\n<\/tr>\n<tr>\n<td height=\"20\"><\/td>\n<td><\/td>\n<td><\/td>\n<td align=\"right\">868<\/td>\n<\/tr>\n<\/tbody>\n<\/table>\n","protected":false},"excerpt":{"rendered":"<p>Asignaturas del \u00c1rea de Ciencias B\u00e1sicas CODIGO ASIGNATURA HORAS SEMANALES TOTAL HORAS TT1 C\u00e1lculo I 6 96 TT2 \u00c1lgebra y Geometr\u00eda Anal\u00edtica 6 96 FI1 F\u00edsica I 6 96 CV1 Sistemas de Representaci\u00f3n 5 80 TT3 C\u00e1lculo II 5 80 TT4 Elementos de \u00c1lgebra Lineal 5 80 FI2 F\u00edsica II 6 96 QQV Inform\u00e1tica 4 [&hellip;]<\/p>\n","protected":false},"author":10,"featured_media":0,"parent":0,"menu_order":0,"comment_status":"closed","ping_status":"closed","template":"","meta":[],"_links":{"self":[{"href":"https:\/\/www.facet.unt.edu.ar\/agrimensura\/wp-json\/wp\/v2\/pages\/18"}],"collection":[{"href":"https:\/\/www.facet.unt.edu.ar\/agrimensura\/wp-json\/wp\/v2\/pages"}],"about":[{"href":"https:\/\/www.facet.unt.edu.ar\/agrimensura\/wp-json\/wp\/v2\/types\/page"}],"author":[{"embeddable":true,"href":"https:\/\/www.facet.unt.edu.ar\/agrimensura\/wp-json\/wp\/v2\/users\/10"}],"replies":[{"embeddable":true,"href":"https:\/\/www.facet.unt.edu.ar\/agrimensura\/wp-json\/wp\/v2\/comments?post=18"}],"version-history":[{"count":10,"href":"https:\/\/www.facet.unt.edu.ar\/agrimensura\/wp-json\/wp\/v2\/pages\/18\/revisions"}],"predecessor-version":[{"id":329,"href":"https:\/\/www.facet.unt.edu.ar\/agrimensura\/wp-json\/wp\/v2\/pages\/18\/revisions\/329"}],"wp:attachment":[{"href":"https:\/\/www.facet.unt.edu.ar\/agrimensura\/wp-json\/wp\/v2\/media?parent=18"}],"curies":[{"name":"wp","href":"https:\/\/api.w.org\/{rel}","templated":true}]}}