{"id":180,"date":"2012-10-19T00:08:05","date_gmt":"2012-10-19T00:08:05","guid":{"rendered":"http:\/\/www1.herrera.unt.edu.ar\/faceyt\/agrimensura\/?page_id=2"},"modified":"2012-10-19T00:08:05","modified_gmt":"2012-10-19T00:08:05","slug":"pagina-ejemplo","status":"publish","type":"page","link":"https:\/\/www.facet.unt.edu.ar\/agrimensura\/pagina-ejemplo\/","title":{"rendered":"Historia"},"content":{"rendered":"<p>Es una de las carreras m\u00e1s antiguas de la Facultad, respondiendo su creaci\u00f3n a una fuerte demanda del medio de la \u00e9poca para cubrir las necesidades de ordenamiento territorial urbano y rural.<\/p>\n<p>Durante muchos a\u00f1os tuvo una inscripci\u00f3n muy importante que luego fue decreciendo hasta llegar a estabilizarse en los \u00faltimos tres a\u00f1os en un 2%.<\/p>\n<p>El impacto, que super\u00f3 el \u00e1mbito regional, ha sido muy importante. Tanto las direcciones provinciales de Catastro como otros organismos oficiales est\u00e1n dirigidos e integrados por graduados de esta UA. Tambi\u00e9n es importante el desempe\u00f1o profesional privado de los Agrimensores.<\/p>\n<p>&nbsp;<\/p>\n<p>&nbsp;<\/p>\n<p>&nbsp;<\/p>\n","protected":false},"excerpt":{"rendered":"<p>Es una de las carreras m\u00e1s antiguas de la Facultad, respondiendo su creaci\u00f3n a una fuerte demanda del medio de la \u00e9poca para cubrir las necesidades de ordenamiento territorial urbano y rural. Durante muchos a\u00f1os tuvo una inscripci\u00f3n muy importante que luego fue decreciendo hasta llegar a estabilizarse en los \u00faltimos tres a\u00f1os en un [&hellip;]<\/p>\n","protected":false},"author":10,"featured_media":0,"parent":0,"menu_order":0,"comment_status":"closed","ping_status":"closed","template":"sidebar-page.php","meta":[],"_links":{"self":[{"href":"https:\/\/www.facet.unt.edu.ar\/agrimensura\/wp-json\/wp\/v2\/pages\/180"}],"collection":[{"href":"https:\/\/www.facet.unt.edu.ar\/agrimensura\/wp-json\/wp\/v2\/pages"}],"about":[{"href":"https:\/\/www.facet.unt.edu.ar\/agrimensura\/wp-json\/wp\/v2\/types\/page"}],"author":[{"embeddable":true,"href":"https:\/\/www.facet.unt.edu.ar\/agrimensura\/wp-json\/wp\/v2\/users\/10"}],"replies":[{"embeddable":true,"href":"https:\/\/www.facet.unt.edu.ar\/agrimensura\/wp-json\/wp\/v2\/comments?post=180"}],"version-history":[{"count":0,"href":"https:\/\/www.facet.unt.edu.ar\/agrimensura\/wp-json\/wp\/v2\/pages\/180\/revisions"}],"wp:attachment":[{"href":"https:\/\/www.facet.unt.edu.ar\/agrimensura\/wp-json\/wp\/v2\/media?parent=180"}],"curies":[{"name":"wp","href":"https:\/\/api.w.org\/{rel}","templated":true}]}}