{"id":181,"date":"2012-11-12T19:08:48","date_gmt":"2012-11-12T19:08:48","guid":{"rendered":"http:\/\/www1.herrera.unt.edu.ar\/faceyt\/agrimensura\/?page_id=8"},"modified":"2012-11-12T19:08:48","modified_gmt":"2012-11-12T19:08:48","slug":"que-es-la-agrimensura","status":"publish","type":"page","link":"https:\/\/www.facet.unt.edu.ar\/agrimensura\/que-es-la-agrimensura\/","title":{"rendered":"\u00bfQu\u00e9 es la Agrimensura?"},"content":{"rendered":"<p><iframe loading=\"lazy\"  id=\"_ytid_36098\"  width=\"720\" height=\"540\"  data-origwidth=\"720\" data-origheight=\"540\" src=\"https:\/\/www.youtube.com\/embed\/ZGmgl-0NKG0?enablejsapi=1&#038;autoplay=0&#038;cc_load_policy=0&#038;cc_lang_pref=&#038;iv_load_policy=1&#038;loop=0&#038;modestbranding=0&#038;rel=1&#038;fs=1&#038;playsinline=0&#038;autohide=2&#038;theme=dark&#038;color=red&#038;controls=1&#038;\" class=\"__youtube_prefs__  epyt-is-override  no-lazyload\" title=\"YouTube player\"  allow=\"accelerometer; autoplay; clipboard-write; encrypted-media; gyroscope; picture-in-picture\" allowfullscreen data-no-lazy=\"1\" data-skipgform_ajax_framebjll=\"\"><\/iframe><\/p>\n<p><a title=\"Trabajos concernientes a la carrera de agrimensura\" href=\"http:\/\/localhost\/wordpress\/wp-content\/gallery\/que-es-la-agrimensura\/foto1.jpg\">\u00a0 <\/a>La agrimensura es la disciplina que se ocupa de la ubicaci\u00f3n, identificaci\u00f3n, delimitaci\u00f3n, medici\u00f3n, representaci\u00f3n y valuaci\u00f3n del espacio y la propiedad territorial, ya sea p\u00fablica o privada, urbana o rural, tanto en su superficie como en su profundidad, as\u00ed como tambi\u00e9n de la ubicaci\u00f3n y control geom\u00e9trico de obras, organizando y conduciendo su registro, es decir, el catastro.<\/p>\n<div id=\"attachment_161\" style=\"width: 310px\" class=\"wp-caption alignleft\"><a href=\"https:\/\/www.facet.unt.edu.ar\/agrimensura\/wp-content\/uploads\/sites\/13\/2012\/11\/2012-07-17-18.23.36.jpg\"><img aria-describedby=\"caption-attachment-161\" decoding=\"async\" loading=\"lazy\" class=\"size-medium wp-image-161\" src=\"https:\/\/www.facet.unt.edu.ar\/agrimensura\/wp-content\/uploads\/sites\/13\/2012\/11\/2012-07-17-18.23.36-300x183.jpg\" alt=\"\" width=\"300\" height=\"183\" srcset=\"https:\/\/www.facet.unt.edu.ar\/agrimensura\/wp-content\/uploads\/sites\/13\/2012\/11\/2012-07-17-18.23.36-300x183.jpg 300w, https:\/\/www.facet.unt.edu.ar\/agrimensura\/wp-content\/uploads\/sites\/13\/2012\/11\/2012-07-17-18.23.36.jpg 582w\" sizes=\"(max-width: 300px) 100vw, 300px\" \/><\/a><p id=\"caption-attachment-161\" class=\"wp-caption-text\">Trabajo de campo con especialista<\/p><\/div>\n<p><strong>\u00bfY quienes la pueden ejercer?<\/strong><\/p>\n<p><strong>El Ing. Agrimensor:<\/strong> es el profesional que estudia, proyecta, <a href=\"https:\/\/www.facet.unt.edu.ar\/agrimensura\/wp-content\/uploads\/sites\/13\/2012\/11\/247332_1680858671697_4008049_n.jpg\"><img decoding=\"async\" loading=\"lazy\" class=\"alignright size-medium wp-image-109\" src=\"https:\/\/www.facet.unt.edu.ar\/agrimensura\/wp-content\/uploads\/sites\/13\/2012\/11\/247332_1680858671697_4008049_n-300x200.jpg\" alt=\"\" width=\"300\" height=\"200\" srcset=\"https:\/\/www.facet.unt.edu.ar\/agrimensura\/wp-content\/uploads\/sites\/13\/2012\/11\/247332_1680858671697_4008049_n-300x200.jpg 300w, https:\/\/www.facet.unt.edu.ar\/agrimensura\/wp-content\/uploads\/sites\/13\/2012\/11\/247332_1680858671697_4008049_n-272x182.jpg 272w, https:\/\/www.facet.unt.edu.ar\/agrimensura\/wp-content\/uploads\/sites\/13\/2012\/11\/247332_1680858671697_4008049_n.jpg 720w\" sizes=\"(max-width: 300px) 100vw, 300px\" \/><\/a>dirige e implementa los sistemas de informaci\u00f3n parcelaria. Identifica, mide y val\u00faa la propiedad inmueble p\u00fablica o privada, urbana y rural, as\u00ed como las mejoras ejecutadas en su superficie o en el subsuelo, organizando su registro catastral. Participa en la resoluci\u00f3n de problemas inherentes a los derechos sobre las cosas inmuebles. Tambi\u00e9n realiza e interpreta levantamientos planim\u00e9tricos, topogr\u00e1ficos, hidrogr\u00e1ficos y fotogram\u00e9tricos con representaci\u00f3n geom\u00e9trica, gr\u00e1fica y anal\u00edtica.<\/p>\n<p>&nbsp;<\/p>\n<p><strong>\u00bfD\u00f3nde se estudia? \u00bfQue duraci\u00f3n tiene?<\/strong><\/p>\n<div id=\"attachment_162\" style=\"width: 235px\" class=\"wp-caption alignleft\"><a href=\"https:\/\/www.facet.unt.edu.ar\/agrimensura\/wp-content\/uploads\/sites\/13\/2012\/11\/foto3.jpg\"><img aria-describedby=\"caption-attachment-162\" decoding=\"async\" loading=\"lazy\" class=\"size-medium wp-image-162\" src=\"https:\/\/www.facet.unt.edu.ar\/agrimensura\/wp-content\/uploads\/sites\/13\/2012\/11\/foto3-225x300.jpg\" alt=\"Facultad de Ciencias Exactas\" width=\"225\" height=\"300\" srcset=\"https:\/\/www.facet.unt.edu.ar\/agrimensura\/wp-content\/uploads\/sites\/13\/2012\/11\/foto3-225x300.jpg 225w, https:\/\/www.facet.unt.edu.ar\/agrimensura\/wp-content\/uploads\/sites\/13\/2012\/11\/foto3.jpg 300w\" sizes=\"(max-width: 225px) 100vw, 225px\" \/><\/a><p id=\"caption-attachment-162\" class=\"wp-caption-text\">Dependencias Universitarias<\/p><\/div>\n<p>La carrera se dicta en la Facultad de Ciencias Exactas y Tecnolog\u00eda de la UNT, en Av. Independencia 1800 (Quinta Agron\u00f3mica) y tiene una duraci\u00f3n de 5 a\u00f1os (como todas las ingenier\u00edas de esta facultad). El nombre de la carrera es Agrimensura y su t\u00edtulo es Ingeniero Agrimensor. Su plan de estudio esta aprobado por la CONEAU y es una carrera acreditada con la m\u00e1xima puntuaci\u00f3n que \u00e9sta otorga (6a\u00f1os).<\/p>\n<p><strong>Actividades espec\u00edficas del Ing. Agrimensor<\/strong><\/p>\n<p>&nbsp;<\/p>\n<p><strong>VIAL:<\/strong> Relevamiento topogr\u00e1ficos para anteproyecto y proyecto ejecutivo de caminos, rutas, autopistas.<a href=\"https:\/\/www.facet.unt.edu.ar\/agrimensura\/wp-content\/uploads\/sites\/13\/2012\/11\/foto4.jpg\"><img decoding=\"async\" loading=\"lazy\" class=\"alignright size-full wp-image-163\" src=\"https:\/\/www.facet.unt.edu.ar\/agrimensura\/wp-content\/uploads\/sites\/13\/2012\/11\/foto4.jpg\" alt=\"\" width=\"224\" height=\"135\" \/><\/a><\/p>\n<p>&nbsp;<\/p>\n<p><strong>CATASTRO:<\/strong> Implementaci\u00f3n de un SIG (Sistema de Informaci\u00f3n Geogr\u00e1fico) para administraci\u00f3n y control del Parcelario. Realizaci\u00f3n y mantenimiento del Catastro Territorial.<\/p>\n<p><a href=\"https:\/\/www.facet.unt.edu.ar\/agrimensura\/wp-content\/uploads\/sites\/13\/2012\/11\/foto5.jpg\"><img decoding=\"async\" loading=\"lazy\" class=\"alignleft size-full wp-image-164\" src=\"https:\/\/www.facet.unt.edu.ar\/agrimensura\/wp-content\/uploads\/sites\/13\/2012\/11\/foto5.jpg\" alt=\"Plano catastral\" width=\"255\" height=\"198\" \/><\/a><\/p>\n<p><strong>LEVANTAMIENTO MINERO:<\/strong> Relevamiento topogr\u00e1fico de detalle sobre una superficie. Generando curvas de nivel para proyecto y ejecuci\u00f3n de obras mineras de superficie y subterr\u00e1nea. Realizaci\u00f3n y mantenimiento del Catastro Minero con la confecci\u00f3n de planos.<\/p>\n<p><strong>MOVIMIENTO DE SUELO:<\/strong> Relevamiento Topogr\u00e1fico y calculo\u00a0 para el seguimiento de acumulaci\u00f3n en desmonte y mineral en explotaci\u00f3n Minera. Curvas de nivel y modelos digitales de terreno.<a href=\"https:\/\/www.facet.unt.edu.ar\/agrimensura\/wp-content\/uploads\/sites\/13\/2012\/11\/foto6.jpg\"><img decoding=\"async\" loading=\"lazy\" class=\"size-full wp-image-165 alignright\" src=\"https:\/\/www.facet.unt.edu.ar\/agrimensura\/wp-content\/uploads\/sites\/13\/2012\/11\/foto6.jpg\" alt=\"Movimiento de Suelo\" width=\"209\" height=\"124\" \/><\/a><\/p>\n<div class=\"mceTemp\"><\/div>\n<p><strong>HIDROLOG\u00cdA:<\/strong>Relevamiento topogr\u00e1fico para el estudio de Escurrimiento superficial, diques, canalizaci\u00f3n, perfiles transversales de r\u00edos, arroyos, etc.<\/p>\n<div id=\"attachment_168\" style=\"width: 289px\" class=\"wp-caption alignright\"><a href=\"https:\/\/www.facet.unt.edu.ar\/agrimensura\/wp-content\/uploads\/sites\/13\/2012\/11\/foto7.jpg\"><img aria-describedby=\"caption-attachment-168\" decoding=\"async\" loading=\"lazy\" class=\"size-full wp-image-168\" src=\"https:\/\/www.facet.unt.edu.ar\/agrimensura\/wp-content\/uploads\/sites\/13\/2012\/11\/foto7.jpg\" alt=\"\" width=\"279\" height=\"180\" \/><\/a><p id=\"caption-attachment-168\" class=\"wp-caption-text\">Capas terrestres<\/p><\/div>\n<p>&nbsp;<\/p>\n<p><strong>GAS:<\/strong> Relevamientos topogr\u00e1ficos de gasoductos con GPS.<br \/>\n<strong>ELECTRICIDAD:<\/strong> Replanteo y seguimiento en obra de tendido el\u00e9ctrico.<\/p>\n<p>&nbsp;<\/p>\n<p><strong>LEGAL:<\/strong>Actuar de perito de partes en un juicio, como asesor, problemas de confusi\u00f3n de limites en general.<\/p>\n<div id=\"attachment_171\" style=\"width: 228px\" class=\"wp-caption alignleft\"><a href=\"https:\/\/www.facet.unt.edu.ar\/agrimensura\/wp-content\/uploads\/sites\/13\/2012\/11\/foto10.jpg\"><img aria-describedby=\"caption-attachment-171\" decoding=\"async\" loading=\"lazy\" class=\"size-full wp-image-171\" src=\"https:\/\/www.facet.unt.edu.ar\/agrimensura\/wp-content\/uploads\/sites\/13\/2012\/11\/foto10.jpg\" alt=\"\" width=\"218\" height=\"119\" \/><\/a><p id=\"caption-attachment-171\" class=\"wp-caption-text\">Planos catastrales<\/p><\/div>\n<div id=\"attachment_170\" style=\"width: 192px\" class=\"wp-caption alignright\"><a href=\"https:\/\/www.facet.unt.edu.ar\/agrimensura\/wp-content\/uploads\/sites\/13\/2012\/11\/foto9.jpg\"><img aria-describedby=\"caption-attachment-170\" decoding=\"async\" loading=\"lazy\" class=\"size-full wp-image-170\" src=\"https:\/\/www.facet.unt.edu.ar\/agrimensura\/wp-content\/uploads\/sites\/13\/2012\/11\/foto9.jpg\" alt=\"\" width=\"182\" height=\"276\" \/><\/a><p id=\"caption-attachment-170\" class=\"wp-caption-text\">Hidrolog\u00eda<\/p><\/div>\n<div id=\"attachment_169\" style=\"width: 269px\" class=\"wp-caption alignleft\"><a href=\"https:\/\/www.facet.unt.edu.ar\/agrimensura\/wp-content\/uploads\/sites\/13\/2012\/11\/foto8.jpg\"><img aria-describedby=\"caption-attachment-169\" decoding=\"async\" loading=\"lazy\" class=\"size-full wp-image-169\" src=\"https:\/\/www.facet.unt.edu.ar\/agrimensura\/wp-content\/uploads\/sites\/13\/2012\/11\/foto8.jpg\" alt=\"\" width=\"259\" height=\"194\" \/><\/a><p id=\"caption-attachment-169\" class=\"wp-caption-text\">Trabajo en campo<\/p><\/div>\n","protected":false},"excerpt":{"rendered":"<p>\u00a0 La agrimensura es la disciplina que se ocupa de la ubicaci\u00f3n, identificaci\u00f3n, delimitaci\u00f3n, medici\u00f3n, representaci\u00f3n y valuaci\u00f3n del espacio y la propiedad territorial, ya sea p\u00fablica o privada, urbana o rural, tanto en su superficie como en su profundidad, as\u00ed como tambi\u00e9n de la ubicaci\u00f3n y control geom\u00e9trico de obras, organizando y conduciendo su [&hellip;]<\/p>\n","protected":false},"author":10,"featured_media":0,"parent":0,"menu_order":0,"comment_status":"closed","ping_status":"closed","template":"sidebar-page.php","meta":[],"_links":{"self":[{"href":"https:\/\/www.facet.unt.edu.ar\/agrimensura\/wp-json\/wp\/v2\/pages\/181"}],"collection":[{"href":"https:\/\/www.facet.unt.edu.ar\/agrimensura\/wp-json\/wp\/v2\/pages"}],"about":[{"href":"https:\/\/www.facet.unt.edu.ar\/agrimensura\/wp-json\/wp\/v2\/types\/page"}],"author":[{"embeddable":true,"href":"https:\/\/www.facet.unt.edu.ar\/agrimensura\/wp-json\/wp\/v2\/users\/10"}],"replies":[{"embeddable":true,"href":"https:\/\/www.facet.unt.edu.ar\/agrimensura\/wp-json\/wp\/v2\/comments?post=181"}],"version-history":[{"count":0,"href":"https:\/\/www.facet.unt.edu.ar\/agrimensura\/wp-json\/wp\/v2\/pages\/181\/revisions"}],"wp:attachment":[{"href":"https:\/\/www.facet.unt.edu.ar\/agrimensura\/wp-json\/wp\/v2\/media?parent=181"}],"curies":[{"name":"wp","href":"https:\/\/api.w.org\/{rel}","templated":true}]}}