{"id":194,"date":"2013-04-25T02:53:54","date_gmt":"2013-04-25T02:53:54","guid":{"rendered":"http:\/\/www1.herrera.unt.edu.ar\/faceyt\/agrimensura\/?page_id=194"},"modified":"2014-08-21T11:39:44","modified_gmt":"2014-08-21T14:39:44","slug":"01-calculo-i","status":"publish","type":"page","link":"https:\/\/www.facet.unt.edu.ar\/agrimensura\/01-calculo-i\/","title":{"rendered":"C\u00e1lculo I"},"content":{"rendered":"<p><strong>OBJETIVOS:<\/strong><\/p>\n<p>Que el estudiante logre la formaci\u00f3n de un sistema de conocimientos y habilidades en el C\u00e1lculo Diferencial de una variable, desarrollando capacidad de abstracci\u00f3n, razonamiento y aplicaci\u00f3n de los conocimientos en la resoluci\u00f3n de ejercicios y problemas.<\/p>\n<p><strong>CARGA HORARIA:<\/strong><\/p>\n<p>Carga horaria total: 96 hs.<\/p>\n<p>Horas totales de resoluci\u00f3n de problemas de aplicaci\u00f3n: 32.<\/p>\n<p><strong>CONTENIDOS:<\/strong><\/p>\n<ul>\n<li><strong><span style=\"text-decoration: underline\">UNIDAD TEM\u00c1TICA 1:<\/span><\/strong><strong> NOCIONES ELEMENTALES DE L\u00d3GICA<\/strong><\/li>\n<\/ul>\n<p>Proposiciones. Tablas de Verdad. Equivalencia de proposiciones. Funciones proposicionales. Cuantificadores: Existencial y Universal.<\/p>\n<ul>\n<li><strong><span style=\"text-decoration: underline\">UNIDAD TEM\u00c1TICA 2:<\/span><\/strong><strong> N\u00daMEROS<\/strong><\/li>\n<\/ul>\n<p>Propiedades b\u00e1sicas de los n\u00fameros naturales. Extensiones a partir de los naturales hasta los reales. Los n\u00fameros reales: Ordenaci\u00f3n. Intervalos. Desigualdades. Correspondencia entre los reales y puntos de la recta.<\/p>\n<ul>\n<li><strong><span style=\"text-decoration: underline\">UNIDAD TEM\u00c1TICA 3:<\/span><\/strong><strong> FUNCIONES<\/strong><\/li>\n<\/ul>\n<p>Definici\u00f3n; representaciones\u00a0 gr\u00e1ficas. Clasificaci\u00f3n de funciones polinomiales, racionales, trascendentes. Funciones trigonom\u00e9trica.\u00a0 El \u00e1lgebra de las funciones: suma, resta, multiplicaci\u00f3n, cociente. Composici\u00f3n de funciones. Funci\u00f3n inversa. Funciones trigonom\u00e9tricas inversas.<\/p>\n<ul>\n<li><strong><span style=\"text-decoration: underline\">UNIDAD TEM\u00c1TICA 4:<\/span><\/strong><strong> L\u00cdMITES Y CONTINUIDAD<\/strong><\/li>\n<\/ul>\n<p>L\u00edmite de una funci\u00f3n. Noci\u00f3n intuitiva de l\u00edmite. Definici\u00f3n de l\u00edmite. Teoremas sobre l\u00edmite de funciones. L\u00edmites laterales. L\u00edmites de funciones trigonom\u00e9tricas y trigonom\u00e9tricas inversas. L\u00edmite fundamental trigonom\u00e9trico. Generalizaciones de l\u00edmite a casos infinitos.<\/p>\n<p>Funciones continua. Propiedades fundamentales de las funciones continuas. Discontinuidades; distintos tipos de discontinuidades. As\u00edntotas: verticales y horizontales.<\/p>\n<ul>\n<li><strong><span style=\"text-decoration: underline\">UNIDAD TEM\u00c1TICA 5:<\/span><\/strong><strong> DERIVADA<\/strong>.<\/li>\n<\/ul>\n<p>Definici\u00f3n de recta tangente de una curva en un punto de la misma. La derivada de una funci\u00f3n. Interpretaci\u00f3n geom\u00e9trica y f\u00edsica de la derivada. Derivadas laterales. Derivabilidad y continuidad. Reglas de derivaci\u00f3n. Derivada de las funciones trigonom\u00e9tricas. Derivada de la funci\u00f3n compuesta. Derivadas de orden superior. Derivada de la funci\u00f3n inversa. Derivada de las funciones trigonom\u00e9tricas inversas. Derivada impl\u00edcita. Raz\u00f3n de cambio. Diferencial.<\/p>\n<ul>\n<li><strong><span style=\"text-decoration: underline\">UNIDAD TEM\u00c1TICA 6:<\/span><\/strong><strong> TEOREMAS DEL C\u00c1LCULO DIFERENCIAL. <\/strong><\/li>\n<\/ul>\n<p>Teorema de Rolle y Teorema del Valor Medio. Funciones crecientes y decrecientes. Criterio para funciones crecientes y decrecientes. Formas indeterminadas. Regla de\u00a0 Bernoulli &#8211; L\u2019H\u00f4pital.<\/p>\n<ul>\n<li><strong><span style=\"text-decoration: underline\">UNIDAD TEM\u00c1TICA 7:<\/span><\/strong><strong> APLICACIONES DE LA DERIVADA. <\/strong><\/li>\n<\/ul>\n<p>Valores m\u00e1ximos y m\u00ednimos relativos y absolutos de una funci\u00f3n. Condici\u00f3n necesaria para la existencia de un extremo relativo. Condici\u00f3n suficiente. Problemas de Optimizaci\u00f3n. Concavidad y puntos de inflexi\u00f3n de una curva. Aplicaci\u00f3n en el trazado de curvas.<\/p>\n<ul>\n<li><strong><span style=\"text-decoration: underline\">UNIDAD TEM\u00c1TICA 8:<\/span><\/strong><strong> APROXIMACI\u00d3N POLIN\u00d3MICA DE FUNCIONES.<\/strong><\/li>\n<\/ul>\n<p>Polinomio de Mac Laurin y Polinomio de Taylor. Teorema de Taylor. F\u00f3rmula de Lagrange del Resto. Estimaci\u00f3n del error.<\/p>\n<p><strong>DESCRIPCI\u00d3N ANAL\u00cdTICA DE LAS ACTIVIDADES PR\u00c1CTICAS:<\/strong><\/p>\n<p>Los TP est\u00e1n estructurados de\u00a0 manera tal que contengan:<\/p>\n<p>1) Ejercicios que contribuyan a la asimilaci\u00f3n de los conocimientos te\u00f3ricos y,<\/p>\n<p>2) Ejercicios para afianzar los procedimientos matem\u00e1ticos siguientes: graficar, interpretar, calcular, identificar, aproximar y,<\/p>\n<p>3) Ejercicios para modelar situaciones problem\u00e1ticas y resolverlas.<\/p>\n<p>Los alumnos desarrollan algunos de los ejercicios en la misma clase pr\u00e1ctica, en forma individual o grupal, a veces en el pizarr\u00f3n, bajo la supervisi\u00f3n del docente. Tambi\u00e9n hay ejercicios, que el docente resuelve en el pizarr\u00f3n, con la participaci\u00f3n activa de los estudiantes.<\/p>\n<p>La c\u00e1tedra ofrece horarios de consulta, los cuales son utilizados por los alumnos, para preguntar o controlar la resoluci\u00f3n de\u00a0 ejercicios de los TP y de los textos.<\/p>\n<p><strong>BIBLIOGRAF\u00cdA:<\/strong><\/p>\n<ul>\n<li>C\u00e1lculo y Geometr\u00eda Anal\u00edtica \u2013 Vol. 1 &#8211; Larson, Roland E. Hostetler, Robert P. Edwards &#8211; Larson, Roland E. Hostetler, Robert P. Edwards \u2013\u00a0 1989.<\/li>\n<li>C\u00e1lculo y Geometr\u00eda Anal\u00edtica \u2013 Vol. 1 &#8211; Larson, Roland E. Hostetler, Robert P. Edwards, Bruce H. &#8211; Mc Graw Hill- Madrid- Buenos Aires \u2013 1995.<\/li>\n<li>C\u00e1lculo y Geometr\u00eda Anal\u00edtica \u2013 Vol. 1 &#8211; Larson, Roland E. Hostetler, Robert P. Edwards, Bruce H.- Mc Graw Hill- Madrid- Buenos Aires- 1999.<\/li>\n<li>C\u00e1lculo I con Geometr\u00eda Anal\u00edtica &#8211; Larson, Roland E. Hostetler, Robert P. Edwards, Bruce H.- Mc Graw \u2013 Hill \u2013 2006.<\/li>\n<li>C\u00e1lculo y Geometr\u00eda Anal\u00edtica Vol. I &#8211; C\u00e1lculo y Geometr\u00eda Anal\u00edtica Vol. I &#8211; Mc Graw Hill- M\u00e9xico &#8211; Buenos Aires \u2013 1984.<\/li>\n<li>C\u00e1lculo y Geometr\u00eda Anal\u00edtica Vol. I &#8211; Sherman Stein \u2013 Mc Graw Hill- Santa Fe de Bogot\u00e1 \u2013 1995.<\/li>\n<li>El C\u00e1lculo &#8211; Louis Leithold &#8211; Oxford University Press- M\u00e9xico \u2013 1998.<\/li>\n<li>El C\u00e1lculo con Geometr\u00eda Anal\u00edtica- Parte I &#8211; Louis Leithold &#8211; Harla- M\u00e9xico- Buenos Aires \u2013 1973.<\/li>\n<li>El C\u00e1lculo con Geometr\u00eda Anal\u00edtica- Parte I &#8211; Louis Leithold &#8211; Harla- M\u00e9xico \u2013 1982.<\/li>\n<li>El C\u00e1lculo con Geometr\u00eda Anal\u00edtica- Parte I &#8211; Louis Leithold &#8211; Harla- M\u00e9xico \u2013 1987.<\/li>\n<li>C\u00e1lculo I con Geometr\u00eda Anal\u00edtica Vol I &#8211; Larson, Roland E. Hostetler, Robert P. Edwards, Bruce H.- Mc Graw \u2013 Hill \u2013 2006.<\/li>\n<\/ul>\n<p>&nbsp;<\/p>\n<p><strong><em>Metodolog\u00eda y Forma de evaluaci\u00f3n:<\/em><\/strong><\/p>\n<ul>\n<li>La evaluaci\u00f3n de la actividad curricular se realiza de la manera establecida por la reglamentaci\u00f3n vigente. Para obtener la condici\u00f3n de alumno regular, el estudiante debe asistir por lo menos al 80% de las clases pr\u00e1cticas y aprobar dos ex\u00e1menes parciales. En caso de desaprobar uno o ambos, se ofrece una oportunidad de recuperaci\u00f3n para cada uno de ellos. Una vez regularizada la actividad el alumno debe aprobar un examen final oral, que es una evaluaci\u00f3n integradora del contenido de la asignatura, dentro de los doce meses de regularizada.<\/li>\n<li>Los alumnos que no logran la condici\u00f3n de regular tienen oportunidad de solicitar un examen libre en las dos fechas que la c\u00e1tedra ha establecido: la \u00faltima fecha de los turnos Julio-Agosto y Febrero-Marzo. Para aprobar un examen libre la\u00a0Reglamentaci\u00f3n interna\u00a0dela Facultad requiere la aprobaci\u00f3n de dos ex\u00e1menes escritos sobre el contenido pr\u00e1ctico con calificaci\u00f3n 7 como m\u00ednimo. A continuaci\u00f3n debe rendir el examen oral.<\/li>\n<\/ul>\n","protected":false},"excerpt":{"rendered":"<p>OBJETIVOS: Que el estudiante logre la formaci\u00f3n de un sistema de conocimientos y habilidades en el C\u00e1lculo Diferencial de una variable, desarrollando capacidad de abstracci\u00f3n, razonamiento y aplicaci\u00f3n de los conocimientos en la resoluci\u00f3n de ejercicios y problemas. CARGA HORARIA: Carga horaria total: 96 hs. Horas totales de resoluci\u00f3n de problemas de aplicaci\u00f3n: 32. CONTENIDOS: [&hellip;]<\/p>\n","protected":false},"author":10,"featured_media":0,"parent":0,"menu_order":0,"comment_status":"closed","ping_status":"closed","template":"","meta":[],"_links":{"self":[{"href":"https:\/\/www.facet.unt.edu.ar\/agrimensura\/wp-json\/wp\/v2\/pages\/194"}],"collection":[{"href":"https:\/\/www.facet.unt.edu.ar\/agrimensura\/wp-json\/wp\/v2\/pages"}],"about":[{"href":"https:\/\/www.facet.unt.edu.ar\/agrimensura\/wp-json\/wp\/v2\/types\/page"}],"author":[{"embeddable":true,"href":"https:\/\/www.facet.unt.edu.ar\/agrimensura\/wp-json\/wp\/v2\/users\/10"}],"replies":[{"embeddable":true,"href":"https:\/\/www.facet.unt.edu.ar\/agrimensura\/wp-json\/wp\/v2\/comments?post=194"}],"version-history":[{"count":2,"href":"https:\/\/www.facet.unt.edu.ar\/agrimensura\/wp-json\/wp\/v2\/pages\/194\/revisions"}],"predecessor-version":[{"id":333,"href":"https:\/\/www.facet.unt.edu.ar\/agrimensura\/wp-json\/wp\/v2\/pages\/194\/revisions\/333"}],"wp:attachment":[{"href":"https:\/\/www.facet.unt.edu.ar\/agrimensura\/wp-json\/wp\/v2\/media?parent=194"}],"curies":[{"name":"wp","href":"https:\/\/api.w.org\/{rel}","templated":true}]}}