{"id":240,"date":"2013-04-25T03:28:54","date_gmt":"2013-04-25T03:28:54","guid":{"rendered":"http:\/\/www1.herrera.unt.edu.ar\/faceyt\/agrimensura\/?page_id=240"},"modified":"2013-04-25T03:28:54","modified_gmt":"2013-04-25T03:28:54","slug":"18-topografia-iii","status":"publish","type":"page","link":"https:\/\/www.facet.unt.edu.ar\/agrimensura\/18-topografia-iii\/","title":{"rendered":"Topograf\u00eda III"},"content":{"rendered":"<p><strong>Programa Anal\u00edtico:\u00a0\u00a0 <\/strong><strong>TOPOGRAF\u00cdA III<\/strong><\/p>\n<h1>Carrera: Ingenier\u00eda en Agrimensura.\u00a0\u00a0\u00a0 Plan 1998 mod. 2004<\/h1>\n<h1>R\u00e9gimen: Cuatrimestral.<\/h1>\n<p><strong>OBJETIVOS:<\/strong><\/p>\n<p>Al finalizar la asignatura el alumno ser\u00e1 capaz de:<\/p>\n<p>Planificar y dise\u00f1ar con destreza distintos relevamientos y replanteos de obras civiles mediante operaciones de captura, procesamiento y salida de datos, en forma totalmente autom\u00e1tica, utilizando equipos electr\u00f3nicos de medici\u00f3n y software existentes en el mercado mediante uso de PC<\/p>\n<p><strong>Carga horaria: <\/strong>96 horas<\/p>\n<p><strong>Horas totales dedicadas a la formaci\u00f3n pr\u00e1ctica:<\/strong> 80 horas<\/p>\n<p><strong>CONTENIDOS:<\/strong><\/p>\n<p>UNIDAD 1 &#8211; Herramientas para el procesamiento de datos.<\/p>\n<p>a) PLANILLAS ELECTRONICAS. Funciones matem\u00e1ticas. Funciones Trigonom\u00e9tricas. Funciones L\u00f3gicas.\u00a0 Personalizaci\u00f3n. Macros. Tratamiento de los acimutes calculados, problemas de redondeo: Manejo de valores angulares, (sexagesimales -radianes) &#8211; C\u00e1lculo de Coordenadas, automatizaci\u00f3n \u2013 C\u00e1lculo de Nivelaci\u00f3n, automatizaci\u00f3n &#8211;\u00a0 Archivos delimitados por coma.<\/p>\n<p>b) SITEMAS CAD. Concepto de imagen vectorial. Coordenadas absolutas, Coordenadas relativas, Coordenadas polares. Trabajo con varias capas. Elementos repetitivos (bloques). Atributos. Extracci\u00f3n de informaci\u00f3n de los atributos. Espacio Modelo. Espacio Papel. Escala. Intercambio de ficheros. Referencias Externas.<\/p>\n<p>c) Ingreso y extracci\u00f3n de datos de pantalla. Vectorizaci\u00f3n a trav\u00e9s de archivos de texto. Archivos SCR. Archivos CSV. Archivos ASCII. Archivos DXF. Rutinas en Autolisp. Interacci\u00f3n entre sistemas Cad y Planillas de C\u00e1lculo. Elaboraci\u00f3n de archivos DXF a parir de un XLS<\/p>\n<p>UNIDAD 2 &#8211; Herramientas para el levantamiento de datos<\/p>\n<p>a) Estaci\u00f3n Total: Descripci\u00f3n\u00a0 y usos. Controles y correcci\u00f3n de ejes. Funciones programables. Calibraci\u00f3n. Alcance. Rendimiento. PRISMAS. Tipos. Determinaci\u00f3n dela Cte.del prisma \u2013 Bajada de datos- Rendimiento<\/p>\n<p>b) Nivel Electr\u00f3nico \u2013 Manejo- bajada de datos \u2013 Rendimiento. Niveles de precisi\u00f3n.<\/p>\n<p>UNIDAD 3 \u2013 Relevamiento de obras civiles<\/p>\n<p>Relevamientos en 3D.: Poligonales planialtim\u00e9tricas apoyadas en un sistema de puntos fijos. Cambios de estaci\u00f3n. Relevamientos de obra. Trabajo Seguro. Planos acotados. Precisiones. La cota como tercera coordenada o como atributo del punto. Representaci\u00f3n en 3D.<\/p>\n<p>UNIDAD 4 &#8211; Replanteo de obras<\/p>\n<p>Replanteo de puntos por coordenadas rectangulares. Replanteo de puntos por coordenadas polares. Extracci\u00f3n de datos de un proyecto en Cad. y su replanteo en la obra. Replanteo de curvas circulares. Elementos que definen la curva.<\/p>\n<p><strong>BIBLIOGRAF\u00cdA:<\/strong><\/p>\n<p><strong>\u00a0<\/strong><\/p>\n<table width=\"588\" border=\"0\" cellspacing=\"0\" cellpadding=\"0\">\n<tbody>\n<tr>\n<td valign=\"top\" width=\"123\">\n<p align=\"center\"><strong>T\u00edtulo<\/strong><strong><\/strong><\/p>\n<\/td>\n<td valign=\"top\" width=\"145\">\n<p align=\"center\"><strong>Autor(es)<\/strong><strong><\/strong><\/p>\n<\/td>\n<td valign=\"top\" width=\"135\">\n<p align=\"center\"><strong>Editorial<\/strong><strong><\/strong><\/p>\n<\/td>\n<td valign=\"top\" width=\"85\">\n<p align=\"center\"><strong>A\u00f1o de edici\u00f3n<\/strong><strong><\/strong><\/p>\n<\/td>\n<td valign=\"top\" width=\"100\">\n<p align=\"center\"><strong>Ejemplares disponibles<\/strong><strong><\/strong><\/p>\n<\/td>\n<\/tr>\n<tr>\n<td valign=\"top\" width=\"123\">Topograf\u00eda<\/td>\n<td valign=\"top\" width=\"145\">Wolf, Paul R.; Brinker, Russell C.<\/td>\n<td valign=\"top\" width=\"135\">Alfaomega. \/Colombia\/<\/td>\n<td valign=\"top\" width=\"85\">\n<p align=\"right\">2001<\/p>\n<\/td>\n<td valign=\"top\" width=\"100\">\n<p align=\"right\">2<\/p>\n<\/td>\n<\/tr>\n<tr>\n<td valign=\"top\" width=\"123\">Topograf\u00eda de obras<\/td>\n<td valign=\"top\" width=\"145\">De Corral Manuel de Villena, Ignacio<\/td>\n<td valign=\"top\" width=\"135\">Alfaomega\/UPC. \/Barcelona<\/td>\n<td valign=\"top\" width=\"85\">\n<p align=\"right\">2000<\/p>\n<\/td>\n<td valign=\"top\" width=\"100\">\n<p align=\"right\">1<\/p>\n<\/td>\n<\/tr>\n<tr>\n<td valign=\"top\" width=\"123\">Topografia<\/td>\n<td valign=\"top\" width=\"145\">Wolf, Paul R.; Ghilani, Charles D<\/td>\n<td valign=\"top\" width=\"135\">Alfaomega. \/M\u00e9xico<\/td>\n<td valign=\"top\" width=\"85\">\n<p align=\"right\">2008<\/p>\n<\/td>\n<td valign=\"top\" width=\"100\">\n<p align=\"right\">1<\/p>\n<\/td>\n<\/tr>\n<tr>\n<td valign=\"top\" width=\"123\">Topograf\u00eda para espacios verdes<\/td>\n<td valign=\"top\" width=\"145\">Solari, Fabio A.; Rosatto, H\u00e9ctor<\/td>\n<td valign=\"top\" width=\"135\">EFA. Buenos Aires<\/td>\n<td valign=\"top\" width=\"85\">\n<p align=\"right\">2005<\/p>\n<\/td>\n<td valign=\"top\" width=\"100\">\n<p align=\"right\">1<\/p>\n<\/td>\n<\/tr>\n<tr>\n<td valign=\"top\" width=\"123\">Topograf\u00eda general y aplicada<\/td>\n<td valign=\"top\" width=\"145\">Dominguez Garc\u00eda-Tejero, Francisco<\/td>\n<td valign=\"top\" width=\"135\">Ediciones Mundi-Prensa. Madrid<\/td>\n<td valign=\"top\" width=\"85\">\n<p align=\"right\">2002<\/p>\n<\/td>\n<td valign=\"top\" width=\"100\">\n<p align=\"right\">2<\/p>\n<\/td>\n<\/tr>\n<tr>\n<td valign=\"top\" width=\"123\">Tratado de topograf\u00eda. redes topogr\u00e1ficas y locales(T1,T2,T3)<\/td>\n<td valign=\"top\" width=\"145\">Chueca Pazos, Manuel<\/td>\n<td valign=\"top\" width=\"135\">Paraninfo. \/Madrid<\/td>\n<td valign=\"top\" width=\"85\">\n<p align=\"right\">1998<\/p>\n<\/td>\n<td valign=\"top\" width=\"100\">\n<p align=\"right\">3<\/p>\n<\/td>\n<\/tr>\n<tr>\n<td valign=\"top\" width=\"123\">Topograf\u00eda general y aplicada<\/td>\n<td valign=\"top\" width=\"145\">Dom\u00ednguez Garc\u00eda-Tejero, Francisco<\/td>\n<td valign=\"top\" width=\"135\">Dossat. Barcelona-Buenos Aires<\/td>\n<td valign=\"top\" width=\"85\">\n<p align=\"right\">1980<\/p>\n<\/td>\n<td valign=\"top\" width=\"100\">\n<p align=\"right\">1<\/p>\n<\/td>\n<\/tr>\n<tr>\n<td valign=\"top\" width=\"123\">Tratado general de topograf\u00eda. planimetr\u00eda<\/td>\n<td valign=\"top\" width=\"145\">Jordan, W<\/td>\n<td valign=\"top\" width=\"135\">Gili. Barcelona<\/td>\n<td valign=\"top\" width=\"85\">\n<p align=\"right\">1974<\/p>\n<\/td>\n<td valign=\"top\" width=\"100\">\n<p align=\"right\">4<\/p>\n<\/td>\n<\/tr>\n<tr>\n<td valign=\"top\" width=\"123\">Topograf\u00eda abreviada<\/td>\n<td valign=\"top\" width=\"145\">Dominguez Garc\u00eda-Tejero, Francisco<\/td>\n<td valign=\"top\" width=\"135\">Ediciones Mundi-Prensa. Madrid<\/td>\n<td valign=\"top\" width=\"85\">\n<p align=\"right\">1997<\/p>\n<\/td>\n<td valign=\"top\" width=\"100\">\n<p align=\"right\">1<\/p>\n<\/td>\n<\/tr>\n<tr>\n<td valign=\"top\" width=\"123\">AutoCAD 2002<\/td>\n<td valign=\"top\" width=\"145\">Harrington, David; Burchard, Bill; Pitzer, David<\/td>\n<td valign=\"top\" width=\"135\">Pearson-Prentice Hall. M\u00e9xico<\/td>\n<td valign=\"top\" width=\"85\">\n<p align=\"right\">2002<\/p>\n<\/td>\n<td valign=\"top\" width=\"100\">\n<p align=\"right\">3<\/p>\n<\/td>\n<\/tr>\n<tr>\n<td valign=\"top\" width=\"123\">La biblia de AutoCAD 2007<\/td>\n<td valign=\"top\" width=\"145\">Omura, George<\/td>\n<td valign=\"top\" width=\"135\">Anaya. \/Madrid<\/td>\n<td valign=\"top\" width=\"85\">\n<p align=\"right\">2006<\/p>\n<\/td>\n<td valign=\"top\" width=\"100\">\n<p align=\"right\">2<\/p>\n<\/td>\n<\/tr>\n<tr>\n<td valign=\"top\" width=\"123\">Manual avanzado de AutoCAD 2009<\/td>\n<td valign=\"top\" width=\"145\">Monta\u00f1oLa Cruz, Fernando<\/td>\n<td valign=\"top\" width=\"135\">Anaya Multimedia. \/Madrid<\/td>\n<td valign=\"top\" width=\"85\">\n<p align=\"right\">2009<\/p>\n<\/td>\n<td valign=\"top\" width=\"100\">\n<p align=\"right\">1<\/p>\n<\/td>\n<\/tr>\n<tr>\n<td valign=\"top\" width=\"123\">Todo el MS-EXCEL para WINDOWS 95<\/td>\n<td valign=\"top\" width=\"145\">Gabriel Strizinec<\/td>\n<td valign=\"top\" width=\"135\">GYR<\/td>\n<td valign=\"top\" width=\"85\">\n<p align=\"right\">1996<\/p>\n<\/td>\n<td valign=\"top\" width=\"100\">\n<p align=\"right\">1<\/p>\n<\/td>\n<\/tr>\n<tr>\n<td valign=\"top\" width=\"123\">AUTOCAD 14 Curso Avanzado<\/td>\n<td valign=\"top\" width=\"145\">Jordi Cros<\/td>\n<td valign=\"top\" width=\"135\">Inforbook&#8217;s S.<\/td>\n<td valign=\"top\" width=\"85\">\n<p align=\"right\">1998<\/p>\n<\/td>\n<td valign=\"top\" width=\"100\">\n<p align=\"right\">1<\/p>\n<\/td>\n<\/tr>\n<tr>\n<td valign=\"top\" width=\"123\">FOX PRO 2<\/td>\n<td valign=\"top\" width=\"145\">Charles Siegal<\/td>\n<td valign=\"top\" width=\"135\">Noriega Editores<\/td>\n<td valign=\"top\" width=\"85\">\n<p align=\"right\">1998<\/p>\n<\/td>\n<td valign=\"top\" width=\"100\">\n<p align=\"right\">1<\/p>\n<\/td>\n<\/tr>\n<tr>\n<td valign=\"top\" width=\"123\">EXCEL 97 Visual Basic<\/td>\n<td valign=\"top\" width=\"145\">Reed Jacobson<\/td>\n<td valign=\"top\" width=\"135\">MC.Graw HiII<\/td>\n<td valign=\"top\" width=\"85\">\n<p align=\"right\">1997<\/p>\n<\/td>\n<td valign=\"top\" width=\"100\">\n<p align=\"right\">1<\/p>\n<\/td>\n<\/tr>\n<tr>\n<td valign=\"top\" width=\"123\">EXCEL 97<\/td>\n<td valign=\"top\" width=\"145\">Yebes Lopez &#8211; Martinez Valero<\/td>\n<td valign=\"top\" width=\"135\">Anaya Multimedias.<\/td>\n<td valign=\"top\" width=\"85\">\n<p align=\"right\">1998<\/p>\n<\/td>\n<td valign=\"top\" width=\"100\">\n<p align=\"right\">1<\/p>\n<\/td>\n<\/tr>\n<tr>\n<td valign=\"top\" width=\"123\">VALUACION DE INMUEBLES<\/td>\n<td valign=\"top\" width=\"145\">Rodolfo Pellice<\/td>\n<td valign=\"top\" width=\"135\">Fundaci\u00f3n U.N. S.J.<\/td>\n<td valign=\"top\" width=\"85\">\n<p align=\"right\">2004<\/p>\n<\/td>\n<td valign=\"top\" width=\"100\">\n<p align=\"right\">1<\/p>\n<\/td>\n<\/tr>\n<tr>\n<td valign=\"top\" width=\"123\">MEDIO AMBIENTE Y SALUD OCUPACIONAL<\/td>\n<td valign=\"top\" width=\"145\">Jorge E. Mangosio<\/td>\n<td valign=\"top\" width=\"135\">Nueva Librerla<\/td>\n<td valign=\"top\" width=\"85\">\n<p align=\"right\">1997<\/p>\n<\/td>\n<td valign=\"top\" width=\"100\">\n<p align=\"right\">1<\/p>\n<\/td>\n<\/tr>\n<\/tbody>\n<\/table>\n<p><strong>DESCRIPCI\u00d3N ANAL\u00cdTICA DE LAS ACTIVIDADES TE\u00d3RICAS Y PR\u00c1CTICAS:<\/strong><\/p>\n<p>El cursado se desarrolla a trav\u00e9s de Clases Te\u00f3rico Pr\u00e1cticas (teor\u00eda y resoluci\u00f3n de los problemas), Pr\u00e1cticos de Problemas (problemas de ingenier\u00eda), Pr\u00e1cticas de Campo (Proyecto y dise\u00f1o de esquemas de relevamiento o replanteo de obras)<\/p>\n<p>CLASES TE\u00d3RICO PR\u00c1CTICAS. 2 clases semanales.<\/p>\n<p><strong>Una de 2 horas<\/strong> para desarrollar aspectos te\u00f3ricos y resolver algunos problemas de los Trabajos Pr\u00e1cticos, esta modalidad permite afianzar la teor\u00eda y su aplicaci\u00f3n.<\/p>\n<p><strong>Una de 4 horas<\/strong> donde se desarrolla la siguiente actividad:<\/p>\n<p>PR\u00c1CTICOS DE PROBLEMAS. El problema es presentado por el docente y se debaten los distintos caminos para su tratamiento, estando a disposici\u00f3n de los alumnos la bibliograf\u00eda requerida. En cada caso se confirman previamente los conceptos te\u00f3ricos adquiridos en las asignaturas Topograf\u00eda I y Topograf\u00eda II.<\/p>\n<p>PR\u00c1CTICAS DE CAMPO. Se conforman grupos de trabajo.<\/p>\n<p>El grupo <strong>proyecta y dise\u00f1a<\/strong>, bajo la supervisi\u00f3n del docente a cargo, el trabajo de campo a realizar, analizando la metodolog\u00eda de trabajo y el equipo que se necesitar\u00e1 en funci\u00f3n de las precisiones impuestas a los resultados finales.<\/p>\n<p>Se hace un an\u00e1lisis de riesgos en la zona de relevamiento (Campus Herrera) y se proponen medidas de seguridad, para el grupo.<\/p>\n<p>Promediando el cuatrimestre se propone un trabajo que abarca los t\u00f3picos abordados y cuyos resultados (datos de campo, procesamiento, presentaci\u00f3n) quedan a disposici\u00f3n de otras asignaturas, las que hacen uso de ellos para el desarrollo de distintos trabajos pr\u00e1cticos<\/p>\n<p>PR\u00c1CTICAS DE GABINETE: El c\u00e1lculo y dibujo se lleva a cabo en el gabinete de computaci\u00f3n de la carrera, montado con fondos PROMEI.<\/p>\n<p>El estudiante adquiere en esta instancia, habilidades en el uso de herramientas Cad y planillas de c\u00e1lculo.<\/p>\n<p>Se trabaja luego sobre la interacci\u00f3n entre ambos. Se investiga sobre la existencia en Internet de software libre para la manipulaci\u00f3n e intercambio de datos DWG- DXF- SCR- XLS &#8211; CSV.<\/p>\n<p>Las condiciones clim\u00e1ticas influyen sobre la pr\u00e1ctica de campo por lo que durante el cursado se acuerda con los alumnos, la posibilidad de efectuar pr\u00e1cticas adicionales, utilizando los d\u00edas s\u00e1bados, previa autorizaci\u00f3n de la FACET.<\/p>\n<p><strong>Metodolog\u00eda y Forma de evaluaci\u00f3n:<\/strong><\/p>\n<p>Sistema con obligaci\u00f3n de asistencia al 80 % de las clases pr\u00e1cticas. Para obtener la regularidad de la materia se debe presentar la carpeta de T.P (por grupos) y aprobar el 100 % de los Trabajos Pr\u00e1cticos. Para aprobar la materia se debe aprobar un examen final oral o escrito.<strong>\u00a0<\/strong><\/p>\n<p align=\"center\">Agrim. Ram\u00f3n E. Llorens<\/p>\n<p align=\"center\">Profesor Asociado<\/p>\n","protected":false},"excerpt":{"rendered":"<p>Programa Anal\u00edtico:\u00a0\u00a0 TOPOGRAF\u00cdA III Carrera: Ingenier\u00eda en Agrimensura.\u00a0\u00a0\u00a0 Plan 1998 mod. 2004 R\u00e9gimen: Cuatrimestral. OBJETIVOS: Al finalizar la asignatura el alumno ser\u00e1 capaz de: Planificar y dise\u00f1ar con destreza distintos relevamientos y replanteos de obras civiles mediante operaciones de captura, procesamiento y salida de datos, en forma totalmente autom\u00e1tica, utilizando equipos electr\u00f3nicos de medici\u00f3n y [&hellip;]<\/p>\n","protected":false},"author":10,"featured_media":0,"parent":0,"menu_order":0,"comment_status":"open","ping_status":"closed","template":"","meta":[],"_links":{"self":[{"href":"https:\/\/www.facet.unt.edu.ar\/agrimensura\/wp-json\/wp\/v2\/pages\/240"}],"collection":[{"href":"https:\/\/www.facet.unt.edu.ar\/agrimensura\/wp-json\/wp\/v2\/pages"}],"about":[{"href":"https:\/\/www.facet.unt.edu.ar\/agrimensura\/wp-json\/wp\/v2\/types\/page"}],"author":[{"embeddable":true,"href":"https:\/\/www.facet.unt.edu.ar\/agrimensura\/wp-json\/wp\/v2\/users\/10"}],"replies":[{"embeddable":true,"href":"https:\/\/www.facet.unt.edu.ar\/agrimensura\/wp-json\/wp\/v2\/comments?post=240"}],"version-history":[{"count":0,"href":"https:\/\/www.facet.unt.edu.ar\/agrimensura\/wp-json\/wp\/v2\/pages\/240\/revisions"}],"wp:attachment":[{"href":"https:\/\/www.facet.unt.edu.ar\/agrimensura\/wp-json\/wp\/v2\/media?parent=240"}],"curies":[{"name":"wp","href":"https:\/\/api.w.org\/{rel}","templated":true}]}}