{"id":261,"date":"2013-04-25T03:46:09","date_gmt":"2013-04-25T03:46:09","guid":{"rendered":"http:\/\/www1.herrera.unt.edu.ar\/faceyt\/agrimensura\/?page_id=261"},"modified":"2013-04-25T03:46:09","modified_gmt":"2013-04-25T03:46:09","slug":"27-agrimensura-legal","status":"publish","type":"page","link":"https:\/\/www.facet.unt.edu.ar\/agrimensura\/27-agrimensura-legal\/","title":{"rendered":"Agrimensura Legal I"},"content":{"rendered":"<p align=\"center\"><strong>Agrimensura Legal I<\/strong><\/p>\n<p><strong>Carrera:<\/strong> Agrimensura<\/p>\n<p><strong>Departamento<\/strong>: Geodesia y Topograf\u00eda<\/p>\n<p><strong>Dictado<\/strong>: Tercer a\u00f1o. \u00a0M\u00f3dulo V \u00f3 VI (indistinto)<\/p>\n<p><strong>OBJETIVOS<\/strong><\/p>\n<p>Con los conceptos te\u00f3ricos\u2013pr\u00e1cticos transmitidos a los alumnos se busca contribuir a su formaci\u00f3n integral a partir del an\u00e1lisis y estudio de los institutos jur\u00eddicos de mayor aplicaci\u00f3n en el \u00e1mbito de su ejercicio profesional aport\u00e1ndole elementos que resultan fundamentales para su mejor desenvolvimiento.<\/p>\n<p><strong>CARGA HORARIA<\/strong><\/p>\n<p>Carga horaria semanal: 04 horas<\/p>\n<p>Carga horaria te\u00f3rica: 60 horas<\/p>\n<p>Carga horaria para evaluaci\u00f3n: 04 horas<\/p>\n<p><strong>PROGRAMA ANAL\u00cdTICO<\/strong><\/p>\n<p><strong>Tema 1: La Agrimensura en relaci\u00f3n al Derecho. Importancia del derecho en la formaci\u00f3n del profesional. Nociones b\u00e1sicas de derecho<\/strong>.<\/p>\n<p>La Agrimensuraen relaci\u00f3n al Derecho: ubicaci\u00f3n, alcance e importancia de la asignatura en la formaci\u00f3n integral del Agrimensor. Normas que rigen la actividad humana: normas t\u00e9cnicas \u00e9ticas. Clasificaci\u00f3n de las normas \u00e9ticas: Normas morales y jur\u00eddicas. Derecho: concepto, relaciones con las ciencias afines. Derecho natural. Derecho desde un punto de vista objetivo y subjetivo. Derechos patrimoniales y extrapatrimoniales. Derecho P\u00fablico y Derecho Privado.<\/p>\n<p><strong>Tema 2: Sistema legal argentino. El C\u00f3digo Civil. Fuentes del derecho. Esquema Institucional Argentino <\/strong><\/p>\n<p>C\u00f3digo Civil Argentino: leyes de fondo y de forma. Sistemas de incorporaci\u00f3n y de codificaci\u00f3n. Antecedentes y orientaci\u00f3n del C\u00f3digo Civil Argentino. Estructura. Fuentes del Derecho.La Ley: concepto, formaci\u00f3n, efectos, ignorancia, renuncias. La norma y sus jerarqu\u00edas. El orden p\u00fablico. Costumbre: usos y pr\u00e1cticas t\u00e9cnicas. Jurisprudencia. Doctrina. Los intervalos de tiempo en Derecho. El sistema pol\u00edtico federal y la legislaci\u00f3n. Niveles administrativos. Facultades reservadas, delegadas y concurrentes.<\/p>\n<p><strong>Tema 3: Sujetos de derecho. Personas. Colegios y consejos profesionales.<\/strong><\/p>\n<p>Sujeto de derecho: las personas. Clasificaci\u00f3n: personas de existencia visible y de existencia ideal. Personas F\u00edsicas: nacimiento, existencia y fin. Atributos de la personalidad: nombre, domicilio, capacidad, estado civil y patrimonio. Capacidad de derecho y de hecho. Personas de derecho p\u00fablico y derecho privado. Principios que las rigen. Nacimiento y extinci\u00f3n. Colegios y Consejos Profesionales. Sociedades comerciales.<\/p>\n<p><strong>Tema 4: Objeto de las relaciones jur\u00eddicas. Las cosas en el derecho. Patrimonio.<\/strong><\/p>\n<p>Objeto de las relaciones jur\u00eddicas: las cosas y los bienes. Concepto. Clasificaci\u00f3n de las cosas en s\u00ed mismas y en relaci\u00f3n a las personas. Bienes del dominio p\u00fablico del Estado: concepto y caracteres. Enumeraci\u00f3n. Bienes privados del Estado. El patrimonio: composici\u00f3n. Derechos patrimoniales: derechos creditorios, derechos reales y derechos intelectuales. El patrimonio como prenda com\u00fan de los acreedores. Distintas clases de acreedores. Privilegios. V\u00edas de ejecuci\u00f3n y liquidaci\u00f3n.<\/p>\n<p><strong>Tema 5: Divisi\u00f3n del Suelo.<\/strong><\/p>\n<p>Concepto de unidad econ\u00f3mica urbana y rural. Factores que condicionan la divisi\u00f3n. Coeficiente de ocupaci\u00f3n. Autoridad de aplicaci\u00f3n. Coordinaci\u00f3n entre los distintos estamentos administrativos involucrados en la materia.<\/p>\n<p><strong>Tema 6: Teor\u00eda General de las Obligaciones<\/strong><\/p>\n<p>Obligaciones: concepto. Nociones sobre las fuentes de las obligaciones. Derechos Creditorios: concepto y caracteres. Clasificaciones de las obligaciones. Efectos y extinci\u00f3n. Hechos y actos jur\u00eddicos. Actos il\u00edcitos.\u00a0 Vicios de la voluntad y actos il\u00edcitos. Delito penal y delito civil. Causales de imputabilidad e inimputabilidad. Responsabilidad objetiva. Da\u00f1os y prejuicios.<\/p>\n<p><strong>Tema 7: Teor\u00eda General del Contrato<\/strong><\/p>\n<p>Contratos: concepto y caracteres esenciales. Clasificaci\u00f3n. Objeto, forma y prueba. Efecto de los contratos. Pacto comisorio. Teor\u00eda de la imprevisi\u00f3n contractual. Se\u00f1al o arras. Cl\u00e1usula penal. Extinci\u00f3n. Prescripci\u00f3n liberatoria en materia de honorarios profesionales. Contratos administrativos. Contrato de seguros: generalidades.<\/p>\n<p><strong>Tema 8: Contrato de locaci\u00f3n de obra:<\/strong><\/p>\n<p>Concepto, caracteres, especies, objeto, forma y prueba. Orden de trabajo. Obligaciones y responsabilidades de las partes. Privilegios. Derechos de retenci\u00f3n. Extensi\u00f3n. Nociones sobre el contrato de obra p\u00fablica y concesi\u00f3n de obras\u00a0 de obra p\u00fablica. Nociones sobre los sistemas de ejecuci\u00f3n de obras: Econom\u00eda y contratamiento. Contratos con precios predeterminados y coste y costas. Subdivisiones del primer tipo, ajuste alzado y unidad. An\u00e1lisis de los mismos desde el punto de vista t\u00e9cnico y jur\u00eddico.<\/p>\n<p><strong>Tema 9: Derecho Laboral. R\u00e9gimen de la Ley de Contratos de Trabajo 20.774. Seguridad e higiene en el trabajo. Sistema de Riesgos del Trabajo.<\/strong><\/p>\n<p>Contrato de Trabajo: concepto, modalidades, derechos y obligaciones de las partes, beneficios sociales. Extinci\u00f3n del contrato. Indemnizaciones.<\/p>\n<p>Condiciones y medio ambiente de trabajo: concepto. Riesgo: definici\u00f3n. Clasificaci\u00f3n de los factores de riesgos. Niveles m\u00e1ximos permisibles. Enfermedades laborales y accidentes del trabajo. Ex\u00e1menes pre-ocupacionales. Seguridad e Higiene en el Trabajo: Ley 19.587.<\/p>\n<p><strong>Tema 10: Derecho administrativo. Acto administrativo. Servicios p\u00fablicos. Contratos administrativos.<\/strong><\/p>\n<p>Derecho Administrativo: concepto, caracteres. Actos administrativos y de administraci\u00f3n. Nociones sobre servicios p\u00fablicos, poder de polic\u00eda y dominio p\u00fablico. Contratos administrativos: concepto, caracteres, elementos, formaci\u00f3n, pruebas. Formas de contrataci\u00f3n.<\/p>\n<p><strong>Tema 11: Derecho procesal. Prueba pericial. El arbitraje.<\/strong><\/p>\n<p>Derecho Procesal: concepto. Normas procesales: org\u00e1nicas y procedimentales. Etapas de un proceso ordinario. Medios de prueba. Prueba pericial. Juicio arbitral.<\/p>\n<p><strong>BIBLIOGRAF\u00cdA<\/strong><\/p>\n<p><strong>Bibliograf\u00eda B\u00e1sica:<\/strong><\/p>\n<table width=\"587\" border=\"0\" cellspacing=\"0\" cellpadding=\"0\">\n<tbody>\n<tr>\n<td valign=\"top\" width=\"149\">\n<p align=\"center\"><strong>T\u00edtulo<\/strong><strong><\/strong><\/p>\n<\/td>\n<td valign=\"top\" width=\"95\">\n<p align=\"center\"><strong>Autor(es)<\/strong><strong><\/strong><\/p>\n<\/td>\n<td valign=\"top\" width=\"135\">\n<p align=\"center\"><strong>Editorial<\/strong><strong><\/strong><\/p>\n<\/td>\n<td valign=\"top\" width=\"90\">\n<p align=\"center\"><strong>A\u00f1o de edici\u00f3n<\/strong><strong><\/strong><\/p>\n<\/td>\n<td valign=\"top\" width=\"118\">\n<p align=\"center\"><strong>Ejemplares disponibles<\/strong><strong><\/strong><\/p>\n<\/td>\n<\/tr>\n<tr>\n<td valign=\"top\" width=\"149\">Ingenier\u00eda legal<\/td>\n<td valign=\"top\" width=\"95\">Cartasso, Gui-llermo<\/td>\n<td valign=\"top\" width=\"135\">Centro Estudiantes de Ingenier\u00eda dela Universidad Nacional.La Plata<\/td>\n<td valign=\"top\" width=\"90\">\n<p align=\"right\">1968<\/p>\n<\/td>\n<td valign=\"top\" width=\"118\">\n<p align=\"right\">1<\/p>\n<\/td>\n<\/tr>\n<tr>\n<td valign=\"top\" width=\"149\">Tratado de Derecho Civil Argentino. Parte General, Tomo I, II, III y IV \u2013 Derechos Re-ales Tomo I y II.<\/td>\n<td valign=\"top\" width=\"95\">Salvat, Raimundo<\/td>\n<td valign=\"top\" width=\"135\">Tip\u00f3grafica Edit. Argentina 1951\/ 52\/59\/60\/61\/62\/64 1<\/td>\n<td valign=\"top\" width=\"90\">\n<p align=\"right\">1964<\/p>\n<\/td>\n<td valign=\"top\" width=\"118\">\n<p align=\"right\">1<\/p>\n<\/td>\n<\/tr>\n<tr>\n<td valign=\"top\" width=\"149\">Tratado de locaci\u00f3n de obra<\/td>\n<td valign=\"top\" width=\"95\">Spota, Alberto G.<\/td>\n<td valign=\"top\" width=\"135\">Depalma. Buenos Aires<\/td>\n<td valign=\"top\" width=\"90\">\n<p align=\"right\">1978<\/p>\n<\/td>\n<td valign=\"top\" width=\"118\">\n<p align=\"right\">2<\/p>\n<\/td>\n<\/tr>\n<tr>\n<td valign=\"top\" width=\"149\">Tratado de Derecho Administrativo Tomo I, II, III y IV<\/td>\n<td valign=\"top\" width=\"95\">Marienhoff, Miguel<\/td>\n<td valign=\"top\" width=\"135\">Abeledo Perrot<\/td>\n<td valign=\"top\" width=\"90\">\n<p align=\"right\">1978<\/p>\n<\/td>\n<td valign=\"top\" width=\"118\">\n<p align=\"right\">6<\/p>\n<\/td>\n<\/tr>\n<tr>\n<td valign=\"top\" width=\"149\">Fundamentos de higiene y seguridad en el trabajo<\/td>\n<td valign=\"top\" width=\"95\">Mangosio, Jorge E<\/td>\n<td valign=\"top\" width=\"135\">Nueva Librer\u00eda. Bs. As.<\/td>\n<td valign=\"top\" width=\"90\">\n<p align=\"right\">1994<\/p>\n<\/td>\n<td valign=\"top\" width=\"118\">\n<p align=\"right\">1<\/p>\n<\/td>\n<\/tr>\n<tr>\n<td valign=\"top\" width=\"149\">C\u00f3digo Civil comentado. Doctrina-jurisprudencia<\/td>\n<td valign=\"top\" width=\"95\">Kiper, Claudio<\/td>\n<td valign=\"top\" width=\"135\">Rubinzal-Culzoni. Buenos Aires<\/td>\n<td valign=\"top\" width=\"90\">\n<p align=\"right\">2004<\/p>\n<\/td>\n<td valign=\"top\" width=\"118\">\n<p align=\"right\">3<\/p>\n<\/td>\n<\/tr>\n<tr>\n<td valign=\"top\" width=\"149\">Responsabilidad del estado<\/td>\n<td valign=\"top\" width=\"95\">Altamira Gigena, Julio<\/td>\n<td valign=\"top\" width=\"135\">Astrea. Bs. As.<\/td>\n<td valign=\"top\" width=\"90\">\n<p align=\"right\">1973<\/p>\n<\/td>\n<td valign=\"top\" width=\"118\">\n<p align=\"right\">2<\/p>\n<\/td>\n<\/tr>\n<tr>\n<td valign=\"top\" width=\"149\">Tratado te\u00f3rico pr\u00e1ctico de derecho procesal, civil y comercial. Volumen I, II, III, VI, VII.<\/td>\n<td valign=\"top\" width=\"95\">Alsina, Hugo<\/td>\n<td valign=\"top\" width=\"135\">Ediar. Buenos Aires<\/td>\n<td valign=\"top\" width=\"90\">\n<p align=\"right\">1965<\/p>\n<\/td>\n<td valign=\"top\" width=\"118\">\n<p align=\"right\">1<\/p>\n<\/td>\n<\/tr>\n<tr>\n<td valign=\"top\" width=\"149\">R\u00e9gimen Legal de las Obras P\u00fablicas<\/td>\n<td valign=\"top\" width=\"95\">M\u00f3, Fernando<\/td>\n<td valign=\"top\" width=\"135\">Edic. Depalma<\/td>\n<td valign=\"top\" width=\"90\">\n<p align=\"right\">1977<\/p>\n<\/td>\n<td valign=\"top\" width=\"118\">\n<p align=\"right\">1<\/p>\n<\/td>\n<\/tr>\n<\/tbody>\n<\/table>\n<p><strong>METODOLOG\u00cdA Y FORMAS DE EVALUACI\u00d3N<\/strong><\/p>\n<p>Se dictan dos clases te\u00f3ricas semanales de dos horas cada una que incluyen el desarrollo de los conceptos b\u00e1sicos apoyados en ejemplos relacionados con el ejercicio profesional del Agrimensor.<\/p>\n<p>Para los contenidos elementales se usa el m\u00e9todo expositivo. Las clases se desarrollan en forma te\u00f3rico-pr\u00e1cticas, incentivando la participaci\u00f3n de los alumnos a trav\u00e9s del di\u00e1logo.<\/p>\n<p>En algunos temas se remite a los alumnos a organismos oficiales, colegios profesionales.<\/p>\n<p>Se prev\u00e9 para algunos puntos del programa la invitaci\u00f3n de profesionales especializados.<\/p>\n<p>Se estimula la interacci\u00f3n con los docentes a trav\u00e9s de consultas en clases y en otros horarios, que pueden ser individuales \u00f3 grupales.<\/p>\n<p>El proceso de ense\u00f1anza \u2013aprendizaje pretende que el alumno abarque la tem\u00e1tica de la responsabilidad profesional y de la \u00e9tica profesional\u00a0 con miras a contribuir a la toma de conciencia del impacto de las soluciones de la ingenier\u00eda en el contexto social globalizado.<\/p>\n<p>Para alcanzar la regularidad el alumno debe contar con el 70% de asistencia a clases te\u00f3ricas y aprobar un examen parcial desde al a\u00f1o 2011.<\/p>\n<p>El alumno tiene derecho a una recuperaci\u00f3n del parcial. Antes eran dos parciales y una recuperaci\u00f3n del parcial que desaprob\u00f3.<\/p>\n<p>El control de la asistencia a clases se implement\u00f3 con miras a mejorar el proceso de ense\u00f1anza-aprendizaje.<\/p>\n<p>La materia se aprueba con un examen final integral, priorizando la modalidad oral.<\/p>\n<p>Dra. Lidia Martorell<\/p>\n<p>Profesora Titular<\/p>\n","protected":false},"excerpt":{"rendered":"<p>Agrimensura Legal I Carrera: Agrimensura Departamento: Geodesia y Topograf\u00eda Dictado: Tercer a\u00f1o. \u00a0M\u00f3dulo V \u00f3 VI (indistinto) OBJETIVOS Con los conceptos te\u00f3ricos\u2013pr\u00e1cticos transmitidos a los alumnos se busca contribuir a su formaci\u00f3n integral a partir del an\u00e1lisis y estudio de los institutos jur\u00eddicos de mayor aplicaci\u00f3n en el \u00e1mbito de su ejercicio profesional aport\u00e1ndole elementos [&hellip;]<\/p>\n","protected":false},"author":10,"featured_media":0,"parent":0,"menu_order":0,"comment_status":"open","ping_status":"closed","template":"","meta":[],"_links":{"self":[{"href":"https:\/\/www.facet.unt.edu.ar\/agrimensura\/wp-json\/wp\/v2\/pages\/261"}],"collection":[{"href":"https:\/\/www.facet.unt.edu.ar\/agrimensura\/wp-json\/wp\/v2\/pages"}],"about":[{"href":"https:\/\/www.facet.unt.edu.ar\/agrimensura\/wp-json\/wp\/v2\/types\/page"}],"author":[{"embeddable":true,"href":"https:\/\/www.facet.unt.edu.ar\/agrimensura\/wp-json\/wp\/v2\/users\/10"}],"replies":[{"embeddable":true,"href":"https:\/\/www.facet.unt.edu.ar\/agrimensura\/wp-json\/wp\/v2\/comments?post=261"}],"version-history":[{"count":0,"href":"https:\/\/www.facet.unt.edu.ar\/agrimensura\/wp-json\/wp\/v2\/pages\/261\/revisions"}],"wp:attachment":[{"href":"https:\/\/www.facet.unt.edu.ar\/agrimensura\/wp-json\/wp\/v2\/media?parent=261"}],"curies":[{"name":"wp","href":"https:\/\/api.w.org\/{rel}","templated":true}]}}