{"id":264,"date":"2013-04-25T03:48:51","date_gmt":"2013-04-25T03:48:51","guid":{"rendered":"http:\/\/www1.herrera.unt.edu.ar\/faceyt\/agrimensura\/?page_id=264"},"modified":"2013-04-25T03:48:51","modified_gmt":"2013-04-25T03:48:51","slug":"28-astronomia","status":"publish","type":"page","link":"https:\/\/www.facet.unt.edu.ar\/agrimensura\/28-astronomia\/","title":{"rendered":"Astronomia"},"content":{"rendered":"<p><strong>Programa Anal\u00edtico:\u00a0\u00a0 ASTRONOM\u00cdA<\/strong><\/p>\n<h1>Carrera: Ingenier\u00eda en Agrimensura.\u00a0\u00a0\u00a0 Plan 1998 mod. 2004<\/h1>\n<h1>R\u00e9gimen: Cuatrimestral.<\/h1>\n<p><strong>OBJETIVOS:<\/strong><\/p>\n<h1>Conocer el movimiento de los astros y sus coordenadas en la esfera celeste, la preparaci\u00f3n y realizaci\u00f3n las observaciones para obtener los par\u00e1metros de posici\u00f3n del observador y las varianzas.\u00a0 Estimar sus errores. Conocer los par\u00e1metros Keplerianos<\/h1>\n<p><strong>Carga horaria: 80hs<\/strong><\/p>\n<p><strong>Horas totales dedicadas a la formaci\u00f3n pr\u00e1ctica:<\/strong> 48hs<\/p>\n<p><strong>CONTENIDOS:<\/strong><\/p>\n<h1><span style=\"text-decoration: underline\">Unidad Tem\u00e1tica 1:<\/span><\/h1>\n<p>Introducci\u00f3n- Aplicaci\u00f3n de la astronom\u00eda de posici\u00f3n en los trabajos geod\u00e9sicos y topogr\u00e1ficos.<\/p>\n<h1><span style=\"text-decoration: underline\">Unidad Tem\u00e1tica 2:<\/span><\/h1>\n<p>La esfera celeste &#8211; Definiciones- Movimiento de la espera celeste &#8211; Elementos de la esfera celeste &#8211; La latitud, longitud y acimut astron\u00f3micos &#8211; Sistemas de Coordenadas: Coordenadas horizontales &#8211; coordenadas ecuatoriales celestes &#8211; coordenadas ecuatoriales horarias &#8211; sistema de la ecl\u00edptica.<\/p>\n<h1><span style=\"text-decoration: underline\">Unidad Tem\u00e1tica 3:<\/span><\/h1>\n<p>El tri\u00e1ngulo de posici\u00f3n &#8211; Formulas de la trigonometr\u00eda esf\u00e9rica &#8211; Teorema del seno &#8211; teorema del coseno &#8211; teorema de los cincos elementos &#8211; Aplicaci\u00f3n de las f\u00f3rmulas de la trigonometr\u00eda esf\u00e9rica al tri\u00e1ngulo de posici\u00f3n.<\/p>\n<h1><span style=\"text-decoration: underline\">Unidad Tem\u00e1tica 4:<\/span><\/h1>\n<p>El tiempo y su medida &#8211; Tiempo solar\u00a0 medio y verdadero &#8211; Tiempo civil &#8211; Hora legal &#8211; Tiempo Universal, tiempo sid\u00e9reo &#8211; Transformaciones de tiempo.<\/p>\n<h1><span style=\"text-decoration: underline\">Unidad Tem\u00e1tica 5:<\/span><\/h1>\n<p>Posiciones especiales de los astros &#8211; Las expresiones diferenciales &#8211;\u00a0 Orto y ocaso de un astro &#8211; Astros visibles e invisibles &#8211; Astros que se encuentran en el primer vertical &#8211; Astros que cortan el meridiano del lugar &#8211; Culminaci\u00f3n superior e inferior- Astros en el instante de m\u00e1xima digresi\u00f3n.<\/p>\n<h1><span style=\"text-decoration: underline\">Unidad Tem\u00e1tica 6:<\/span><\/h1>\n<p>Reducci\u00f3n de alturas observadas &#8211; Paralaje &#8211; Semidi\u00e1metro &#8211; Refracci\u00f3n atmosf\u00e9rica.<\/p>\n<h1><span style=\"text-decoration: underline\">Unidad Tem\u00e1tica 7:<\/span><\/h1>\n<p>Determinaciones astron\u00f3micas &#8211; Determinaciones de Acimut: Cuando la cantidad observada es La distancia cenital y cuando la cantidad observada\u00a0 es el tiempo &#8211; Determinaciones de la longitud por alturas aisladas de un astro. Determinaciones de latitud por distancia cenitales meridianas.<\/p>\n<h1><span style=\"text-decoration: underline\">Unidad Tem\u00e1tica 8:<\/span><\/h1>\n<p>Determinaci\u00f3n conjunta de latitud y longitud. M\u00e9todo de Gauss. Breve rese\u00f1a de otros m\u00e9todos. M\u00e9todo de Zinger &#8211; El Instrumento de Paso &#8211; M\u00e9todo de Horrebow &#8211; Talcott.<\/p>\n<h1><span style=\"text-decoration: underline\">Unidad Tem\u00e1tica 10:<\/span><\/h1>\n<p align=\"left\">Variaci\u00f3n de las coordenadas de los astros &#8211; Precesi\u00f3n y Nutaci\u00f3n &#8211; Aberraci\u00f3n de la luz &#8211; Coordenadas medias, verdaderas y aparentes.<\/p>\n<p><strong>BIBLIOGRAF\u00cdA:<\/strong><\/p>\n<p>-F\u00e9lix Aguilar &#8211; Astronom\u00eda \u2013 1942 \u2013 Observatorio Astron\u00f3mico dela Universidad NacionaldeLa Plata\u2013 Argentina.1942.<\/p>\n<p>&#8211; Torge, Wolfgang \u2013 1983 \u2013 Geodesia \u2013 Editorial Diana \u2013 M\u00e9xico \u2013 1\u00aa edici\u00f3n.<\/p>\n<p>&#8211; Tardi Pierre et Laclav\u00e8re \u2013 1954 \u2013 Trait\u00e9 de G\u00e9od\u00e9sie \u2013 Gauthier Villars \u2013 55, Quai des Grands Augustins, 55 \u2013 Tome I.<\/p>\n<p>&#8211; Levallois J. J. \u2013 1969 &#8211; G\u00e9od\u00e9sie G\u00e9n\u00e9rale \u2013 \u00c9ditions Eyrolles \u2013 61, Boulevard Saint-Germain \u2013ParisVe.<\/p>\n<p>&#8211; Bomford, G. &#8211; 1977 &#8211; Geodesy \u2013 Oxford University Press &#8211; Fourth edition.<\/p>\n<p>HM Nautical Almanac Office \u2013 Ejemplares actualizados anualmte &#8211; The Star Almanac For Land Surveyors \u2013 Central Laboratory of the Research councils. London<\/p>\n<p>DESCRIPCI\u00d3N ANAL\u00cdTICA DE LAS ACTIVIDADES TE\u00d3RICAS Y PR\u00c1CTICAS:<\/p>\n<p>Las clases son te\u00f3ricas por un lado, y pr\u00e1cticas por el otro.<\/p>\n<p>Durante las clases te\u00f3ricas se provee material impreso (fotocopias de apuntes escritos por la c\u00e1tedra) dela Par-tete\u00f3rica que se expone en la oportunidad. Tambi\u00e9n se provee material con problemas o aplicaciones escrito en la c\u00e1tedra, con la finalidad de que se le planteen dudas, las cuales se esclarecen en las clases pr\u00e1cticas.<\/p>\n<p>Cada vez que se termina un tema, se toma un \u201cevaluativo\u201d que m\u00e1s que nada tiene como objeto obligar a los alumnos a conocer, fundamentalmente la teor\u00eda, ya\u00a0 que en astronom\u00eda no es posible comprender temas poste-riores si no se conocen los anteriores. Por supuesto que tambi\u00e9n permite al profesor obtener una idea de la de-dicaci\u00f3n y capacidad del alumno.<\/p>\n<p>Las pr\u00e1cticas Astron\u00f3micas en el Campus Herrera &#8211; con teodolito, cron\u00f3metro, term\u00f3metros &#8211; no son regulares por cuanto para la ejercitaci\u00f3n es necesario que haya un cielo despejado (sin nubes) y por problema de conta-minaci\u00f3n lum\u00ednica.<\/p>\n<p><strong>Pr\u00e1cticos Astronom\u00eda<\/strong><\/p>\n<p>1) Lectura de cartas celestes &#8211; magnitud de los astros \u2013 constelaciones &#8211; Observaciones a simple vista del cielo.<\/p>\n<p align=\"left\">2) Dibujo en la esfera celeste de los\u00a0 distintos sistemas de coordenadas. Observaci\u00f3n de astros con teodolitos. Observaci\u00f3n de \u00e1ngulos acimutales y verticales.<\/p>\n<p>3) Identificaci\u00f3n de astros a partir de observaciones. C\u00e1lculo de posiciones en distintos sistemas de coordenadas.<\/p>\n<p>4) Conversiones de tiempo.<\/p>\n<p>5) Reducci\u00f3n de alturas observadas: paralaje, semidi\u00e1metro y refracci\u00f3n.<\/p>\n<p>6) Observaciones de tiempos &#8211; determinaciones de la marcha de un cron\u00f3metro usando un receptor GPS.<\/p>\n<p align=\"left\">7) Observaciones astron\u00f3micas: orientaci\u00f3n del Teodolito, calaje para determinaciones de latitud, acimut, longitud.-<\/p>\n<p><strong>Metodolog\u00eda y Forma de evaluaci\u00f3n:<\/strong><\/p>\n<p>La asignatura no contempla la posibilidad de promoci\u00f3n.<\/p>\n<p>Se presenta a los alumnos problemas de observaciones para determinaci\u00f3n de coordenadas celestes, que conlleva a programaci\u00f3n de \u201ccalaje\u201d seleccionando estrellas del cat\u00e1logo disponible, acimut, altura y los tiempos de observaci\u00f3n. Observaciones, c\u00e1lculos y resultados. El alumno realiza los c\u00e1lculos de manera aut\u00f3noma.<\/p>\n<p>Terminado el tema el alumno presenta un informe escrito, el que es devuelto con las observaciones pertinentes.<\/p>\n<p>La evaluaci\u00f3n final de los alumnos se la realiza mediante un examen oral.<\/p>\n<p>Ing. Javier Ariel Carelli<\/p>\n<p>Profesor Asociado<\/p>\n","protected":false},"excerpt":{"rendered":"<p>Programa Anal\u00edtico:\u00a0\u00a0 ASTRONOM\u00cdA Carrera: Ingenier\u00eda en Agrimensura.\u00a0\u00a0\u00a0 Plan 1998 mod. 2004 R\u00e9gimen: Cuatrimestral. OBJETIVOS: Conocer el movimiento de los astros y sus coordenadas en la esfera celeste, la preparaci\u00f3n y realizaci\u00f3n las observaciones para obtener los par\u00e1metros de posici\u00f3n del observador y las varianzas.\u00a0 Estimar sus errores. Conocer los par\u00e1metros Keplerianos Carga horaria: 80hs Horas [&hellip;]<\/p>\n","protected":false},"author":10,"featured_media":0,"parent":0,"menu_order":0,"comment_status":"open","ping_status":"closed","template":"","meta":[],"_links":{"self":[{"href":"https:\/\/www.facet.unt.edu.ar\/agrimensura\/wp-json\/wp\/v2\/pages\/264"}],"collection":[{"href":"https:\/\/www.facet.unt.edu.ar\/agrimensura\/wp-json\/wp\/v2\/pages"}],"about":[{"href":"https:\/\/www.facet.unt.edu.ar\/agrimensura\/wp-json\/wp\/v2\/types\/page"}],"author":[{"embeddable":true,"href":"https:\/\/www.facet.unt.edu.ar\/agrimensura\/wp-json\/wp\/v2\/users\/10"}],"replies":[{"embeddable":true,"href":"https:\/\/www.facet.unt.edu.ar\/agrimensura\/wp-json\/wp\/v2\/comments?post=264"}],"version-history":[{"count":0,"href":"https:\/\/www.facet.unt.edu.ar\/agrimensura\/wp-json\/wp\/v2\/pages\/264\/revisions"}],"wp:attachment":[{"href":"https:\/\/www.facet.unt.edu.ar\/agrimensura\/wp-json\/wp\/v2\/media?parent=264"}],"curies":[{"name":"wp","href":"https:\/\/api.w.org\/{rel}","templated":true}]}}