{"id":271,"date":"2013-04-25T03:55:33","date_gmt":"2013-04-25T03:55:33","guid":{"rendered":"http:\/\/www1.herrera.unt.edu.ar\/faceyt\/agrimensura\/?page_id=271"},"modified":"2013-04-25T03:55:33","modified_gmt":"2013-04-25T03:55:33","slug":"31-economia","status":"publish","type":"page","link":"https:\/\/www.facet.unt.edu.ar\/agrimensura\/31-economia\/","title":{"rendered":"Econom\u00eda"},"content":{"rendered":"<p><strong>Programa Anal\u00edtico:\u00a0\u00a0 ECONOM\u00cdA<\/strong><\/p>\n<h1>Carrera: Ingenier\u00eda en Agrimensura.\u00a0\u00a0\u00a0 Plan 1998 mod. 2004<\/h1>\n<h1>R\u00e9gimen: Cuatrimestral.<\/h1>\n<p><strong>OBJETIVOS:<\/strong><\/p>\n<p>Al finalizar la asignatura el alumno ser\u00e1 capaz de:<\/p>\n<p>comprenda los fen\u00f3menos econ\u00f3micos que constituyen el entorno en el que tendr\u00e1 lugar su actividad profesional; que interprete la informaci\u00f3n relevante que se difunde en los medios; que sea capaz de entender lo que acontece en una empresa en particular y en la econom\u00eda del pa\u00eds en general. Que el estudiante sea capaz de analizar\u00a0 la sustentabilidad econ\u00f3mica de un Proyecto de Inversi\u00f3n. De medir los posibles resultados de cualquier proceso de inversi\u00f3n en el que se colocan capitales en el proceso productivo<\/p>\n<p><strong>Carga horaria:<\/strong> 64 horas<\/p>\n<p><strong>CONTENIDOS:<\/strong><\/p>\n<p>INTRODUCCION: QUE ES Y QU\u00c9 ESTUDIALA ECONOM\u00cdA.<\/p>\n<p>1-Problemas b\u00e1sicos dela Organizaci\u00f3necon\u00f3mica. Los elementos de la oferta y de la demanda. Las divisiones &#8220;Micro&#8221; y &#8220;macro&#8221; como enfoques metodol\u00f3gicos<\/p>\n<p>2.La Ofertay la demanda en el mercado La funci\u00f3n de la demanda y sus caracter\u00edsticas Variables que la determinan. La elasticidad precio e ingreso de la demanda. Vinculaciones entre elasticidad e ingresos del vendedor en competencia y en monopolio. Casos y aplicaciones de la oferta y de la demanda.<\/p>\n<p>3.La Empresa: Su organizaci\u00f3n. Diferentes tipos de empresas La oferta de una empresa y sus funciones de costos. Equilibrio de una empresa competitiva\u00a0 y de una monop\u00f3lica en el corto y largo plazo. Las condiciones para la entrada, permanencia y salida de las empresas en el corto y largo plazo.<\/p>\n<p>4. Los precios. Importancia del sistema de precios en la asignaci\u00f3n de los recursos. El papel de los precios en el racionamiento de la demanda y en la configuraci\u00f3n de la oferta. Las hip\u00f3tesis de mercado perfecto. Relaci\u00f3n entre los precios a nivel microecon\u00f3mico y &#8220;macro&#8221; : precios en particular y Nivel general de los Precios. Impacto de las variaciones en el precio de un solo bien sobre el conjunto.<\/p>\n<p>5. Las variaciones de los precios en general o del Nivel general de los Precios. Hacia un enfoque Macro:La Inflaci\u00f3ny sus Causas. El dinero, los precios y sus variaciones. Una formulaci\u00f3n de la teor\u00eda Cuantitativa de la demanda por dinero y sus implicancias. Las principales variables econ\u00f3micas que determinan el valor del dinero en sus diferentes t\u00e9rminos.<\/p>\n<p>6. El ingreso real, el ingreso nominal, el nivel general de precios, la velocidad de circulaci\u00f3n del dinero\u00a0 y la cantidad de dinero como determinantes del equilibrio Macroecon\u00f3mico. Interpretaci\u00f3n simple dela Teor\u00eda Cuantitativa.Las tasas de inter\u00e9s nominal y real y sus vinculaciones con los procesos de acumulaci\u00f3n de capital.La Ofertade dinero .El Multiplicador y la base Monetaria o Dinero de alto poder. Los Sistemas fraccionarios y 100% reservas. Las Cajas de Conversi\u00f3n.<\/p>\n<p>7. El producto real y sus variaciones en el tiempo. Crecimiento y desarrollo econ\u00f3mico El producto y los factores productivos. La calidad y cantidad de los factores capital y trabajo y su interpretaci\u00f3n. El proceso de Inversi\u00f3n y sus determinantes Diferentes tipos de inversi\u00f3n. Diferencia entre ahorro e inversi\u00f3n. Inversi\u00f3n nacional y extranjera. Inversi\u00f3n directa e inversi\u00f3n financiera. Los flujos de capital, la tasa de inter\u00e9s y sus relaciones con el mercado mundial.<\/p>\n<p>8. An\u00e1lisis de una econom\u00eda abierta. Las variables que determinan los movimientos de bienes, de servicios y de capitales. Los tipos de cambio: Tipo de cambio real y nominal .El tipo de cambio y la competitividad externa de la econom\u00eda. El tipo de cambio y el Nivel General de los Precios. Factores que influyen sobre la movilidad internacional de productos, servicios y capitales. Ventajas y desventajas del comercio exterior.<\/p>\n<p><strong>BIBLIOGRAF\u00cdA:<\/strong><\/p>\n<p><strong>\u00a0<\/strong><\/p>\n<table width=\"500\" border=\"0\" cellspacing=\"0\" cellpadding=\"0\">\n<tbody>\n<tr>\n<td valign=\"top\" width=\"123\">\n<p align=\"center\"><strong>T\u00edtulo<\/strong><strong><\/strong><\/p>\n<\/td>\n<td valign=\"top\" width=\"97\">\n<p align=\"center\">Autor<\/p>\n<\/td>\n<td valign=\"top\" width=\"95\">\n<p align=\"center\">Editorial<\/p>\n<\/td>\n<td valign=\"top\" width=\"89\">\n<p align=\"center\">A\u00f1o<\/p>\n<\/td>\n<td valign=\"top\" width=\"96\">\n<p align=\"center\">Cantidad<\/p>\n<\/td>\n<td width=\"0\" height=\"21\"><\/td>\n<\/tr>\n<tr>\n<td rowspan=\"2\" valign=\"top\" width=\"123\">PRINCIPIOS DE ECONOMIA<\/td>\n<td rowspan=\"2\" valign=\"top\" width=\"97\">GREGORY MANKIW<\/td>\n<td rowspan=\"2\" valign=\"top\" width=\"95\">MC GRAW HILL<\/td>\n<td rowspan=\"2\" valign=\"top\" width=\"89\">\n<p align=\"right\">2008<\/p>\n<\/td>\n<td rowspan=\"2\" valign=\"top\" width=\"96\">\n<p align=\"right\">4<\/p>\n<\/td>\n<td width=\"0\" height=\"30\"><\/td>\n<\/tr>\n<tr>\n<td width=\"0\" height=\"21\"><\/td>\n<\/tr>\n<tr>\n<td valign=\"top\" width=\"123\">MICROECONOMIA Y CONDUCTA<\/td>\n<td valign=\"top\" width=\"97\">FRANK ROBERT<\/td>\n<td valign=\"top\" width=\"95\">FRANK ROBERT<\/td>\n<td valign=\"top\" width=\"89\">\n<p align=\"right\">1993<\/p>\n<\/td>\n<td valign=\"top\" width=\"96\">\n<p align=\"right\">2<\/p>\n<\/td>\n<td width=\"0\" height=\"53\"><\/td>\n<\/tr>\n<tr>\n<td valign=\"top\" width=\"123\">CUESTIONES DE ECONOMIA<\/td>\n<td valign=\"top\" width=\"97\">NANNI, F.E.<\/td>\n<td valign=\"top\" width=\"95\">ECOS<\/td>\n<td valign=\"top\" width=\"89\">\n<p align=\"right\">2012<\/p>\n<\/td>\n<td valign=\"top\" width=\"96\">\n<p align=\"right\">5<\/p>\n<\/td>\n<td width=\"0\" height=\"53\"><\/td>\n<\/tr>\n<tr>\n<td valign=\"top\" width=\"123\">Econom\u00eda<\/td>\n<td valign=\"top\" width=\"97\">Samuelson, Paul A.; Nordhaus, William D<\/td>\n<td valign=\"top\" width=\"95\">McGraw-Hill. Buenos Aires<\/td>\n<td valign=\"top\" width=\"89\">\n<p align=\"right\">2003<\/p>\n<\/td>\n<td valign=\"top\" width=\"96\">\n<p align=\"right\">7<\/p>\n<\/td>\n<td width=\"0\" height=\"70\"><\/td>\n<\/tr>\n<\/tbody>\n<\/table>\n<p><strong>DESCRIPCI\u00d3N ANAL\u00cdTICA DE LAS ACTIVIDADES TE\u00d3RICAS Y PR\u00c1CTICAS:<\/strong><\/p>\n<p>Se sigue la modalidad convencional del dictado de clases y del apoyo al alumno durante consultas personales. Se dictan clases pr\u00e1cticas con resoluci\u00f3n de trabajos pr\u00e1cticos y se eval\u00faa al final mediante ex\u00e1menes integrales y finales a libro abierto.\u00a0 Los alumnos disponen adem\u00e1s de una p\u00e1gina y de contacto personal y por v\u00eda de mail con los profesores. En la pagina se incluyen art\u00edculos period\u00edsticos, publicaciones, y ejercicios y preguntas de ex\u00e1menes para practica de los estudiantes .<\/p>\n<p>Trabajo Practico N\u00ba1 La oferta y la demanda<\/p>\n<p>Trabajo Practico N\u00ba2 Elasticidad<\/p>\n<p>Trabajo Practico N\u00ba3 Producci\u00f3n<\/p>\n<p>Trabajo Practico N\u00ba4 Empresa<\/p>\n<p>Trabajo Practico N\u00ba5 Precio<\/p>\n<p>Trabajo Practico N\u00ba6 Dinero<\/p>\n<p>Trabajo Practico N\u00ba7 PBI<\/p>\n<p><strong>Metodolog\u00eda y Forma de evaluaci\u00f3n:<\/strong><\/p>\n<p><strong>Para regularizar la asignatura: <\/strong>Aprobar examen integral al final del dictado de la materia o\u00a0Aprobar recuperaci\u00f3n de examen integral.<\/p>\n<p><strong>Para aprobar la asignatura:<\/strong>Aprobar un examen en las mesas finales fijadas porla Facultad de Ciencias Exactas y Tecnolog\u00eda.<\/p>\n<p><strong>Examen libre: <\/strong>Los alumnos deber\u00e1n informar a la c\u00e1tedra para fijar fecha de pre-examen. Fijada la fecha los alumnos deber\u00e1n inscribirse en Depto. Alumnos para rendir el pre- examen. La aprobacion del pre-examen permite rendir el examen final en la siguiente mesa, pero no implica la regularidad de la materia<\/p>\n<p align=\"center\">NANNI\u00a0 FRANCO EUGENIO<\/p>\n<p>\u00a0\u00a0\u00a0\u00a0\u00a0\u00a0\u00a0 Profesor dela C\u00e1tedra<\/p>\n","protected":false},"excerpt":{"rendered":"<p>Programa Anal\u00edtico:\u00a0\u00a0 ECONOM\u00cdA Carrera: Ingenier\u00eda en Agrimensura.\u00a0\u00a0\u00a0 Plan 1998 mod. 2004 R\u00e9gimen: Cuatrimestral. OBJETIVOS: Al finalizar la asignatura el alumno ser\u00e1 capaz de: comprenda los fen\u00f3menos econ\u00f3micos que constituyen el entorno en el que tendr\u00e1 lugar su actividad profesional; que interprete la informaci\u00f3n relevante que se difunde en los medios; que sea capaz de entender [&hellip;]<\/p>\n","protected":false},"author":10,"featured_media":0,"parent":0,"menu_order":0,"comment_status":"open","ping_status":"closed","template":"","meta":[],"_links":{"self":[{"href":"https:\/\/www.facet.unt.edu.ar\/agrimensura\/wp-json\/wp\/v2\/pages\/271"}],"collection":[{"href":"https:\/\/www.facet.unt.edu.ar\/agrimensura\/wp-json\/wp\/v2\/pages"}],"about":[{"href":"https:\/\/www.facet.unt.edu.ar\/agrimensura\/wp-json\/wp\/v2\/types\/page"}],"author":[{"embeddable":true,"href":"https:\/\/www.facet.unt.edu.ar\/agrimensura\/wp-json\/wp\/v2\/users\/10"}],"replies":[{"embeddable":true,"href":"https:\/\/www.facet.unt.edu.ar\/agrimensura\/wp-json\/wp\/v2\/comments?post=271"}],"version-history":[{"count":0,"href":"https:\/\/www.facet.unt.edu.ar\/agrimensura\/wp-json\/wp\/v2\/pages\/271\/revisions"}],"wp:attachment":[{"href":"https:\/\/www.facet.unt.edu.ar\/agrimensura\/wp-json\/wp\/v2\/media?parent=271"}],"curies":[{"name":"wp","href":"https:\/\/api.w.org\/{rel}","templated":true}]}}