{"id":281,"date":"2013-04-25T04:01:05","date_gmt":"2013-04-25T04:01:05","guid":{"rendered":"http:\/\/www1.herrera.unt.edu.ar\/faceyt\/agrimensura\/?page_id=281"},"modified":"2013-04-25T04:01:05","modified_gmt":"2013-04-25T04:01:05","slug":"34-fotogrametria-ii","status":"publish","type":"page","link":"https:\/\/www.facet.unt.edu.ar\/agrimensura\/34-fotogrametria-ii\/","title":{"rendered":"Fotogrametr\u00eda II"},"content":{"rendered":"<p><strong>Programa Anal\u00edtico:\u00a0\u00a0\u00a0 <\/strong><strong>FOTOGRAMETR\u00cdA II<\/strong><\/p>\n<h1>Carrera: Ingenier\u00eda en Agrimensura.\u00a0\u00a0\u00a0 Plan 1998 mod. 2004<\/h1>\n<h1>R\u00e9gimen: Cuatrimestral.<\/h1>\n<p><strong>OBJETIVOS:<\/strong><\/p>\n<p>Se pretende capacitar al alumno en el empleo de\u00a0 t\u00e9cnicas fotogram\u00e9tricas con \u00e9nfasis en los tratamientos anal\u00edtico y digital.<\/p>\n<p><strong>Carga horaria: <\/strong>80 horas<\/p>\n<p><strong>Horas totales dedicadas a la formaci\u00f3n pr\u00e1ctica:<\/strong> 48<\/p>\n<p><strong>CONTENIDOS:<\/strong><\/p>\n<p>Bases matem\u00e1ticas: vectores, producto escalar, producto vectorial, producto mixto. Matrices: tipos de matrices, suma y resta de matrices, multiplicaci\u00f3n de matrices, propiedades, transposici\u00f3n de matrices, inversi\u00f3n de matrices, propiedades. Soluci\u00f3n de sistemas de ecuaciones lineales con matrices.<\/p>\n<p>Procedimientos de medici\u00f3n. Monocomparadores y estereocomparadores. Caracter\u00edsticas principales. Precisiones.<\/p>\n<p>Transformaci\u00f3n espacial. Matrices ortogonales. Propiedades. Formaci\u00f3n de matrices ortogonales. Elecci\u00f3n de los par\u00e1metros independientes. Rotaciones secuenciales.<\/p>\n<p>Orientaci\u00f3n interior anal\u00edtica. Diversas maneras de aplicar correcciones por distorsi\u00f3n, refracci\u00f3n, curvatura terrestre, variaci\u00f3n dimensional del film, etc. Orientaci\u00f3n interior mediante procedimientos digitales. Transformaciones Ortogonales y Af\u00edn.<\/p>\n<p>Determinaci\u00f3n de la orientaci\u00f3n exterior. Ecuaciones de colinealidad. Linealizaci\u00f3n de dichas ecuaciones. Caso general para m\u00e1s de una fotograf\u00eda. Formaci\u00f3n del bloque. Ecuaciones de observaci\u00f3n. Ecuaciones normales. Ecuaciones normales reducidas.<\/p>\n<p>Compensaci\u00f3n de la orientaci\u00f3n absoluta. Linealizaci\u00f3n de las f\u00f3rmulas. Diversos planteamientos. Formaci\u00f3n del bloque con modelos independientes como unidad. Ecuaciones de observaci\u00f3n. Ecuaciones normales. Ecuaciones normales reducidas.<\/p>\n<p>Fotogrametr\u00eda Digital. Fundamentos sobre la correlaci\u00f3n de im\u00e1genes. M\u00e9todos de orientaci\u00f3n de im\u00e1genes digitales. Aerotriangulaci\u00f3n mediante t\u00e9cnicas digitales. Formaci\u00f3n autom\u00e1tica de un modelo digital del terreno. Rectificaci\u00f3n digital. Ortofotos digitales. Confecci\u00f3n de Mosaicos.<\/p>\n<p><strong>BIBLIOGRAF\u00cdA:<\/strong><\/p>\n<table width=\"637\" border=\"0\" cellspacing=\"0\" cellpadding=\"0\">\n<tbody>\n<tr>\n<td valign=\"top\" width=\"203\">\n<p align=\"center\"><strong>T\u00edtulo<\/strong><strong><\/strong><\/p>\n<\/td>\n<td valign=\"top\" width=\"100\">\n<p align=\"center\"><strong>Autor(es)<\/strong><strong><\/strong><\/p>\n<\/td>\n<td valign=\"top\" width=\"133\">\n<p align=\"center\"><strong>Editorial<\/strong><strong><\/strong><\/p>\n<\/td>\n<td valign=\"top\" width=\"100\">\n<p align=\"center\"><strong>A\u00f1o de edici\u00f3n<\/strong><strong><\/strong><\/p>\n<\/td>\n<td valign=\"top\" width=\"100\">\n<p align=\"center\"><strong>Ejemplares disponibles<\/strong><strong><\/strong><\/p>\n<\/td>\n<td width=\"0\" height=\"39\"><\/td>\n<\/tr>\n<tr>\n<td rowspan=\"2\" valign=\"top\" width=\"203\">Apuntes de fotogrametr\u00eda II (2\u00ba parte:fotogrametr\u00eda anal\u00edtica)<\/td>\n<td rowspan=\"2\" valign=\"top\" width=\"100\">Juli\u00e1, Jos\u00e9 E.<\/td>\n<td rowspan=\"2\" valign=\"top\" width=\"133\">FACET &#8211;\u00a0 UNT<\/td>\n<td rowspan=\"2\" valign=\"top\" width=\"100\">\n<p align=\"right\">1985<\/p>\n<\/td>\n<td rowspan=\"2\" valign=\"top\" width=\"100\">\n<p align=\"right\">4<\/p>\n<\/td>\n<td width=\"0\" height=\"55\"><\/td>\n<\/tr>\n<tr>\n<td width=\"0\" height=\"16\"><\/td>\n<\/tr>\n<tr>\n<td valign=\"top\" width=\"203\">Tratado general de topograf\u00eda altimetr\u00eda, taquimetr\u00eda, fotogrametr\u00eda y replanteos<\/td>\n<td valign=\"top\" width=\"100\">Jordan, W<\/td>\n<td valign=\"top\" width=\"133\">Gili BarGili Barcelona<\/td>\n<td valign=\"top\" width=\"100\">\n<p align=\"right\">1974<\/p>\n<\/td>\n<td valign=\"top\" width=\"100\">\n<p align=\"right\">2<\/p>\n<\/td>\n<td width=\"0\" height=\"74\"><\/td>\n<\/tr>\n<tr>\n<td valign=\"top\" width=\"203\">Potencialidad de la compensaci\u00f3n en bloque de la aerotriangulaci\u00f3n<\/td>\n<td valign=\"top\" width=\"100\">Juli\u00e1, Jos\u00e9 E.<\/td>\n<td valign=\"top\" width=\"133\">FACET &#8211;\u00a0 UNT<\/td>\n<td valign=\"top\" width=\"100\">\n<p align=\"right\">1976<\/p>\n<\/td>\n<td valign=\"top\" width=\"100\">\n<p align=\"right\">5<\/p>\n<\/td>\n<td width=\"0\" height=\"61\"><\/td>\n<\/tr>\n<tr>\n<td valign=\"top\" width=\"203\">Vectores y tensores con sus aplicaciones<\/td>\n<td valign=\"top\" width=\"100\">Santal\u00f3, Luis<\/td>\n<td valign=\"top\" width=\"133\">EUDEBA-Editorial Universitaria de Buenos Aire<\/td>\n<td valign=\"top\" width=\"100\">\n<p align=\"right\">1981<\/p>\n<\/td>\n<td valign=\"top\" width=\"100\">\n<p align=\"right\">2<\/p>\n<\/td>\n<td width=\"0\" height=\"63\"><\/td>\n<\/tr>\n<tr>\n<td valign=\"top\" width=\"203\">Densificaci\u00f3n fotogram\u00e9trica del control terrestre<\/td>\n<td valign=\"top\" width=\"100\">Juli\u00e1, Jos\u00e9 E.<\/td>\n<td valign=\"top\" width=\"133\">FACET &#8211; UNT<\/td>\n<td valign=\"top\" width=\"100\">\n<p align=\"right\">1985<\/p>\n<\/td>\n<td valign=\"top\" width=\"100\">\n<p align=\"right\">4<\/p>\n<\/td>\n<td width=\"0\" height=\"54\"><\/td>\n<\/tr>\n<tr>\n<td valign=\"top\" width=\"203\">Fotogrametr\u00eda moderna<\/td>\n<td valign=\"top\" width=\"100\">Lerma Garc\u00eda, Jos\u00e9 Luis<\/td>\n<td valign=\"top\" width=\"133\">Universidad Polit\u00e9cnica de<\/td>\n<td valign=\"top\" width=\"100\">\n<p align=\"right\">2002<\/p>\n<\/td>\n<td valign=\"top\" width=\"100\">\n<p align=\"right\">1<\/p>\n<\/td>\n<td width=\"0\" height=\"53\"><\/td>\n<\/tr>\n<\/tbody>\n<\/table>\n<p><strong>DESCRIPCI\u00d3N ANAL\u00cdTICA DE LAS ACTIVIDADES TE\u00d3RICAS Y PR\u00c1CTICAS:<\/strong><\/p>\n<p>Las clases son te\u00f3rico \u2013 pr\u00e1cticas. En ellas se fomenta la participaci\u00f3n activa del alumno a trav\u00e9s de preguntas y opiniones sobre el tema. Los alumnos disponen de apuntes de c\u00e1tedra donde se encuentran los temas a desarrollar en las clases te\u00f3ricas lo que posibilita la concentraci\u00f3n en la interpretaci\u00f3n de los temas tratados m\u00e1s que en la toma de apuntes.<\/p>\n<p>Las clases pr\u00e1cticas consisten en resoluci\u00f3n de problemas y pr\u00e1ctica supervisada por parte del docente con manejo de software fotogram\u00e9trico.<\/p>\n<p>Adem\u00e1s los alumnos realizan una pr\u00e1ctica de campo con el empleo de c\u00e1maras digitales calibradas y su posterior procesamiento digital en el gabinete.<\/p>\n<p>Los trabajos pr\u00e1cticos est\u00e1n estructurados de la siguiente manera:<\/p>\n<p><strong>Trabajo Pr\u00e1ctico N\u00ba 1:<\/strong> Formaci\u00f3n de un bloque de fotogramas. Familiarizaci\u00f3n con software Photomod.<\/p>\n<p><strong>Trabajo Pr\u00e1ctico N\u00ba 2:<\/strong> Definici\u00f3n de c\u00e1mara. Orientaci\u00f3n Interior.<\/p>\n<p><strong>Trabajo Pr\u00e1ctico N\u00ba 3:<\/strong> Puntos de control.<\/p>\n<p><strong>Trabajo Pr\u00e1ctico N\u00ba 4:<\/strong> Orientaci\u00f3n Relativa.<\/p>\n<p><strong>Trabajo Pr\u00e1ctico N\u00ba 5:<\/strong> Compensaci\u00f3n del Bloque.<\/p>\n<p><strong>Trabajo Pr\u00e1ctico N\u00ba 6<\/strong>: Modelo Digital de Terreno. Ortofoto.<\/p>\n<p><strong>Trabajo Pr\u00e1ctico N\u00ba 7<\/strong>: Pr\u00e1ctica con C\u00e1mara Digital. Rectificaci\u00f3n.<\/p>\n<p><strong>Metodolog\u00eda y Forma de evaluaci\u00f3n:<\/strong><\/p>\n<p>La asignatura no contempla la posibilidad de promoci\u00f3n. El requisito para la obtenci\u00f3n de la regularidad es la aprobaci\u00f3n del total de los trabajos pr\u00e1cticos. El alumno cuenta con horarios para consulta de los temas tratados y para obtener colaboraci\u00f3n en la resoluci\u00f3n de los trabajos pr\u00e1cticos.<\/p>\n<p>En las primeras clases se detalla la metodolog\u00eda prevista para la aprobaci\u00f3n de trabajos pr\u00e1cticos y se establecen los horarios para las consultas.<\/p>\n<p>Los ex\u00e1menes finales para los alumnos regulares son orales, debiendo obtener una nota m\u00ednima de cuatro para la aprobaci\u00f3n. Para el caso de alumnos libres se exige una parte escrita y 24 horas despu\u00e9s se procede a la evaluaci\u00f3n final en forma oral.<\/p>\n<p>Ing. Javier Ariel Carelli<\/p>\n<p>Profesor Asociado<\/p>\n<p><strong>\u00a0<\/strong><\/p>\n","protected":false},"excerpt":{"rendered":"<p>Programa Anal\u00edtico:\u00a0\u00a0\u00a0 FOTOGRAMETR\u00cdA II Carrera: Ingenier\u00eda en Agrimensura.\u00a0\u00a0\u00a0 Plan 1998 mod. 2004 R\u00e9gimen: Cuatrimestral. OBJETIVOS: Se pretende capacitar al alumno en el empleo de\u00a0 t\u00e9cnicas fotogram\u00e9tricas con \u00e9nfasis en los tratamientos anal\u00edtico y digital. Carga horaria: 80 horas Horas totales dedicadas a la formaci\u00f3n pr\u00e1ctica: 48 CONTENIDOS: Bases matem\u00e1ticas: vectores, producto escalar, producto vectorial, producto [&hellip;]<\/p>\n","protected":false},"author":10,"featured_media":0,"parent":0,"menu_order":0,"comment_status":"open","ping_status":"closed","template":"","meta":[],"_links":{"self":[{"href":"https:\/\/www.facet.unt.edu.ar\/agrimensura\/wp-json\/wp\/v2\/pages\/281"}],"collection":[{"href":"https:\/\/www.facet.unt.edu.ar\/agrimensura\/wp-json\/wp\/v2\/pages"}],"about":[{"href":"https:\/\/www.facet.unt.edu.ar\/agrimensura\/wp-json\/wp\/v2\/types\/page"}],"author":[{"embeddable":true,"href":"https:\/\/www.facet.unt.edu.ar\/agrimensura\/wp-json\/wp\/v2\/users\/10"}],"replies":[{"embeddable":true,"href":"https:\/\/www.facet.unt.edu.ar\/agrimensura\/wp-json\/wp\/v2\/comments?post=281"}],"version-history":[{"count":0,"href":"https:\/\/www.facet.unt.edu.ar\/agrimensura\/wp-json\/wp\/v2\/pages\/281\/revisions"}],"wp:attachment":[{"href":"https:\/\/www.facet.unt.edu.ar\/agrimensura\/wp-json\/wp\/v2\/media?parent=281"}],"curies":[{"name":"wp","href":"https:\/\/api.w.org\/{rel}","templated":true}]}}