{"id":282,"date":"2013-04-25T04:02:30","date_gmt":"2013-04-25T04:02:30","guid":{"rendered":"http:\/\/www1.herrera.unt.edu.ar\/faceyt\/agrimensura\/?page_id=282"},"modified":"2013-04-25T04:02:30","modified_gmt":"2013-04-25T04:02:30","slug":"35-deslindes-limite-y-mensura","status":"publish","type":"page","link":"https:\/\/www.facet.unt.edu.ar\/agrimensura\/35-deslindes-limite-y-mensura\/","title":{"rendered":"Deslindes, limite y mensura"},"content":{"rendered":"<p>Programa Anal\u00edtico:\u00a0\u00a0\u00a0 DESLINDES, L\u00cdMITE Y MENSURA<\/p>\n<p>Carrera: Ingenier\u00eda en Agrimensura.\u00a0\u00a0\u00a0 Plan 1998 mod. 2004<\/p>\n<p>R\u00e9gimen: Cuatrimestral.<\/p>\n<p>OBJETIVOS:<\/p>\n<p>Profundizar y afianzar los conocimientos\u00a0 t\u00e9cnicos-legales dela Mensura,\u00a0 a fin de lograr una adecuada aplicaci\u00f3n territorial del derecho.<\/p>\n<p>Carga horaria: 64hs<\/p>\n<p>CONTENIDOS:<\/p>\n<p>Rese\u00f1a sobre el derecho de Propiedad.\u00a0 Aspectos hist\u00f3ricos. Legislaci\u00f3n argentina.\u00a0 El t\u00edtulo de propiedad.\u00a0 Su car\u00e1cter jur\u00eddico.\u00a0 Registro dela Propiedadinmobiliaria.<\/p>\n<p>La mensura como instituci\u00f3n jur\u00eddica. Concepto-Objetivos-L\u00edmites.\u00a0 Antecedentes hist\u00f3ricos. Clasificaci\u00f3n.<\/p>\n<p>Mensura administrativa.\u00a0 Mensuras privadas.\u00a0 Mensura para informaci\u00f3n posesoria.\u00a0 Caracter\u00edsticas &#8211; Aspectos t\u00e9cnicos-Legales.<\/p>\n<p>Mensuras judiciales.\u00a0 Aspectos t\u00e9cnicos-Legales.\u00a0 Aspectos procesales para su ejecuci\u00f3n.\u00a0 Diversos grados de precisi\u00f3n en las determinaciones t\u00e9cnicas.\u00a0 Correlaci\u00f3n de linderos.<\/p>\n<p>El deslinde.\u00a0 Conceptos &#8211; Antecedentes hist\u00f3ricos.\u00a0 Aspectos jur\u00eddicos.\u00a0 Aspectos procesales. El deslinde por acuerdo de partes.\u00a0 Normas procesales.\u00a0 Actas.\u00a0 Citaciones.\u00a0 Plano figurativo y Memoria t\u00e9cnica de la operaci\u00f3n.<\/p>\n<p>Determinaci\u00f3n de sobrantes y faltantes.\u00a0 Doctrinas para su consideraci\u00f3n.<\/p>\n<p>Ejecuci\u00f3n de la mensura rural.\u00a0 Estudios de t\u00edtulos. Normas t\u00e9cnicas.<\/p>\n<p>Precisiones. Colocaci\u00f3n de mojones.\u00a0 Marcaci\u00f3n de linderos. La carta topogr\u00e1fica. Orientaci\u00f3n. Planillas de coordenadas. Valor Jur\u00eddico de estos elementos. Balizamientos.<\/p>\n<p>Ejecuci\u00f3n de la mensura urbana.\u00a0 Estudios de t\u00edtulos. Normas t\u00e9cnicas. Precisiones. Determinaci\u00f3n de la l\u00ednea divisoria de las heredades. Coordenadas. Carta o plano del inmueble urbano.\u00a0 Valor jur\u00eddico y administrativo del plano y de los elementos que lo integran.<\/p>\n<p>R\u00e9gimen de propiedad horizontal.\u00a0 Normas vigentes. Precisi\u00f3n.\u00a0 Levantamiento de las distintas \u00e1reas.\u00a0 Planos Planillas.\u00a0 Balances de superficies.<\/p>\n<p>Aspectos formales de la presentaci\u00f3n de las operaciones de mensura.\u00a0 Reglamento vigente para este tipo de operaciones en los organismos Municipales y Provinciales, de Tucum\u00e1n.<\/p>\n<p>BIBLIOGRAF\u00cdA:<\/p>\n<table width=\"500\" border=\"0\" cellspacing=\"0\" cellpadding=\"0\">\n<tbody>\n<tr>\n<td valign=\"top\" width=\"100\">T\u00edtulo<\/td>\n<td valign=\"top\" width=\"100\">Autor(es)<\/td>\n<td valign=\"top\" width=\"100\">Editorial<\/td>\n<td valign=\"top\" width=\"100\">A\u00f1o de edici\u00f3n<\/td>\n<td valign=\"top\" width=\"100\">Ejemplares disponibles<\/td>\n<td width=\"0\" height=\"43\"><\/td>\n<\/tr>\n<tr>\n<td rowspan=\"2\" valign=\"top\" width=\"100\">Tratado de Derechos Reales<\/td>\n<td rowspan=\"2\" valign=\"top\" width=\"100\">Pe\u00f1a Guzm\u00e1n, Luis Alberto<\/td>\n<td rowspan=\"2\" valign=\"top\" width=\"100\">Tipogr\u00e1fica Editora Argentina &#8211; Buenos Aires &#8211;<\/td>\n<td rowspan=\"2\" valign=\"top\" width=\"100\">1975<\/td>\n<td rowspan=\"2\" valign=\"top\" width=\"100\">1<\/td>\n<td width=\"0\" height=\"65\"><\/td>\n<\/tr>\n<tr>\n<td width=\"0\" height=\"23\"><\/td>\n<\/tr>\n<tr>\n<td valign=\"top\" width=\"100\">El Deber de Seguridad enla Leyde Contrato de Trabajo<\/td>\n<td valign=\"top\" width=\"100\">Fredriks , Jorge L.<\/td>\n<td valign=\"top\" width=\"100\">Depalma \u00ad<\/td>\n<td valign=\"top\" width=\"100\">1993<\/td>\n<td valign=\"top\" width=\"100\">1<\/td>\n<td width=\"0\" height=\"89\"><\/td>\n<\/tr>\n<tr>\n<td valign=\"top\" width=\"100\">Topograf\u00eda<\/td>\n<td valign=\"top\" width=\"100\">Wolf, Paul R.; Brinker, Russell C.<\/td>\n<td valign=\"top\" width=\"100\">Alfaomega. \/Colombia<\/td>\n<td valign=\"top\" width=\"100\">2001<\/td>\n<td valign=\"top\" width=\"100\">2<\/td>\n<td width=\"0\" height=\"54\"><\/td>\n<\/tr>\n<tr>\n<td valign=\"top\" width=\"100\">Tratado de Derecho Civil Argentino. Parte General, Tomo I, II, III y IV \u2013 Derechos Re-ales Tomo I y II.<\/td>\n<td valign=\"top\" width=\"100\">Salvat, Raimundo<\/td>\n<td valign=\"top\" width=\"100\">Tip\u00f3grafica Edit. Argentina<\/td>\n<td valign=\"top\" width=\"100\">1964<\/td>\n<td valign=\"top\" width=\"100\">1<\/td>\n<td width=\"0\" height=\"194\"><\/td>\n<\/tr>\n<\/tbody>\n<\/table>\n<p>DESCRIPCI\u00d3N ANAL\u00cdTICA DE LAS ACTIVIDADES TE\u00d3RICAS Y PR\u00c1CTICAS:<\/p>\n<p>Las clases son te\u00f3rico \u2013 pr\u00e1cticas. Se provee al alumno material impreso como lectura previa a fin de agilizar el dictado de los temas te\u00f3ricos y disponer de tiempo extra para pr\u00e1cticas de gabinete y\/o campo.<\/p>\n<p>En las clases te\u00f3ricas se refuerza el concepto de las bases jur\u00eddicas de buena parte de las instancias que contempla la diligencia de mensura.<\/p>\n<p>Las clases pr\u00e1cticas se desarrollan en su mayor parte accediendo al S.I.T. (Sistema de Informaci\u00f3n Territorial) \u00a0dela Direcci\u00f3nde Catastro de Tucum\u00e1n (Existe convenio para uso docente del SIT)\u00a0 con lo cual el estudiante trabaja sobre problemas reales relacionados conla Mensura.<\/p>\n<p>Las Pr\u00e1cticas de campo consisten en la aplicaci\u00f3n de los conocimientos previos de Topograf\u00eda\u00a0 al levantamiento de predios, amojonamiento, c\u00e1lculo de coordenadas etc.<\/p>\n<p>Trabajos Pr\u00e1cticos<\/p>\n<p>Trabajo Pr\u00e1ctico N\u00ba 1: Elaboraci\u00f3n de una monograf\u00eda que resuma los aspectos jur\u00eddicos sobresalientes de los distintos tipos de diligencia de Mensura.<\/p>\n<p>Trabajo Pr\u00e1ctico N\u00ba 2: Resoluci\u00f3n fundamentada de distintos casos (reales o ficticios) de confusi\u00f3n de l\u00edmites.<\/p>\n<p>Trabajo Pr\u00e1ctico N\u00ba 3: Estudio de t\u00edtulos, relevamiento (trabajo de campo)\u00a0 y c\u00e1lculo de coordenadas y superficie de una parcela a fin de confeccionar el plano de Mensura. Compulsa de superficies.<\/p>\n<p>Trabajo Pr\u00e1ctico N\u00ba 4: Relevamiento de obra y ajuste con el plano de Mensura de un edificio para afectar a la ley 13512 de Propiedad Horizontal, c\u00f3mputo de superficies, planillas de dominio y de superficie por piso.<\/p>\n<p><strong>Metodolog\u00eda y Forma de evaluaci\u00f3n:<\/strong><\/p>\n<p>La obtenci\u00f3n de la regularidad est\u00e1 condicionada a \u00a0la aprobaci\u00f3n del total de los trabajos pr\u00e1cticos. El alumno cuenta con horarios para consulta de los temas tratados y para obtener colaboraci\u00f3n en la resoluci\u00f3n de los trabajos pr\u00e1cticos.<\/p>\n<p>Los trabajos pr\u00e1cticos se califican como \u201cAprobado\u201d o \u201cRehacer\u201d o \u201cCompletar\u201d seg\u00fan corresponda y el alumno tiene un plazo fijado en el calendario para cumplir con esta obligaci\u00f3n.<\/p>\n<p>El examen final es oral y el estudiante puede usar en su exposici\u00f3n gr\u00e1ficos, planos y todo elemento que estime necesario incluidos los trabajos pr\u00e1cticos realizados.<\/p>\n<p>La asignatura no es promocional.<\/p>\n<p>Agrim.\u00a0 Eduardo R. C\u00e1rdenas<\/p>\n<p>Profesor Adjunto<\/p>\n<p>&nbsp;<\/p>\n","protected":false},"excerpt":{"rendered":"<p>Programa Anal\u00edtico:\u00a0\u00a0\u00a0 DESLINDES, L\u00cdMITE Y MENSURA Carrera: Ingenier\u00eda en Agrimensura.\u00a0\u00a0\u00a0 Plan 1998 mod. 2004 R\u00e9gimen: Cuatrimestral. OBJETIVOS: Profundizar y afianzar los conocimientos\u00a0 t\u00e9cnicos-legales dela Mensura,\u00a0 a fin de lograr una adecuada aplicaci\u00f3n territorial del derecho. Carga horaria: 64hs CONTENIDOS: Rese\u00f1a sobre el derecho de Propiedad.\u00a0 Aspectos hist\u00f3ricos. Legislaci\u00f3n argentina.\u00a0 El t\u00edtulo de propiedad.\u00a0 Su car\u00e1cter [&hellip;]<\/p>\n","protected":false},"author":10,"featured_media":0,"parent":0,"menu_order":0,"comment_status":"open","ping_status":"closed","template":"","meta":[],"_links":{"self":[{"href":"https:\/\/www.facet.unt.edu.ar\/agrimensura\/wp-json\/wp\/v2\/pages\/282"}],"collection":[{"href":"https:\/\/www.facet.unt.edu.ar\/agrimensura\/wp-json\/wp\/v2\/pages"}],"about":[{"href":"https:\/\/www.facet.unt.edu.ar\/agrimensura\/wp-json\/wp\/v2\/types\/page"}],"author":[{"embeddable":true,"href":"https:\/\/www.facet.unt.edu.ar\/agrimensura\/wp-json\/wp\/v2\/users\/10"}],"replies":[{"embeddable":true,"href":"https:\/\/www.facet.unt.edu.ar\/agrimensura\/wp-json\/wp\/v2\/comments?post=282"}],"version-history":[{"count":0,"href":"https:\/\/www.facet.unt.edu.ar\/agrimensura\/wp-json\/wp\/v2\/pages\/282\/revisions"}],"wp:attachment":[{"href":"https:\/\/www.facet.unt.edu.ar\/agrimensura\/wp-json\/wp\/v2\/media?parent=282"}],"curies":[{"name":"wp","href":"https:\/\/api.w.org\/{rel}","templated":true}]}}