{"id":283,"date":"2013-04-25T04:03:39","date_gmt":"2013-04-25T04:03:39","guid":{"rendered":"http:\/\/www1.herrera.unt.edu.ar\/faceyt\/agrimensura\/?page_id=283"},"modified":"2013-04-25T04:03:39","modified_gmt":"2013-04-25T04:03:39","slug":"36-catastro","status":"publish","type":"page","link":"https:\/\/www.facet.unt.edu.ar\/agrimensura\/36-catastro\/","title":{"rendered":"Catastro"},"content":{"rendered":"<p><strong>Programa Anal\u00edtico:\u00a0\u00a0 <\/strong><strong>CATASTRO<\/strong><\/p>\n<p><span style=\"color: #000000;font-weight: bold\">Carrera: Ingenier\u00eda en Agrimensura.\u00a0\u00a0\u00a0 Plan 1998 mod. 2004<\/span><\/p>\n<h1>R\u00e9gimen: Cuatrimestral.<\/h1>\n<p><strong>\u00a0<\/strong><strong>OBJETIVOS:<\/strong><\/p>\n<p><strong>\u00a0<\/strong>Al finalizar la asignatura el alumno estar\u00e1 capacitado en:<\/p>\n<p>a) El manejo de datos, a efectos de la registraci\u00f3n territorial del Derecho, teniendo como centro de registraci\u00f3nla Parcelay considerando al Catastro\u00a0 en sus tres aspectos: Geom\u00e9trico, Econ\u00f3mico y Jur\u00eddico;<\/p>\n<p>b) Relevamientos catastrales teniendo en cuenta la tecnolog\u00eda inform\u00e1tica actual.<\/p>\n<p><strong>\u00a0<\/strong><strong>Carga horaria: <\/strong>64 horas<\/p>\n<p><strong>Horas totales dedicadas a la formaci\u00f3n pr\u00e1ctica:<\/strong> 32 horas<\/p>\n<p><strong>CONTENIDOS:<\/strong><\/p>\n<p><strong>\u00a0<\/strong><strong>UNIDAD N\u00ba 1 &#8211; INTRODUCCION<\/strong><\/p>\n<p>Catastro: Definici\u00f3n. Historia y evoluci\u00f3n. Territorio: concepto. La parcela catastral. Objetivos del Catastro. Finalidad. El Catastro en sus tres aspectos: Jur\u00eddico, Econ\u00f3mico y Geom\u00e9trico.<\/p>\n<p><strong>UNIDAD N\u00ba 2 \u2013 ASPECTOS JURIDICOS DEL CATASTRO<\/strong><\/p>\n<p>Publicidad del Derecho y publicidad de la aplicaci\u00f3n territorial del Derecho. Principios registrales y su aplicaci\u00f3n al Catastro. Los asientos de inscripci\u00f3n Catastral: Folio Catastral. Publicidad formal del Catastro. Coordinaci\u00f3n con el Registro dela Propiedad Inmueble: Certificado Catastral para Escrituraci\u00f3n. Poder de polic\u00eda Catastral.<\/p>\n<p><strong>UNIDAD N\u00ba 3 \u2013 ASPECTOS ECONOMICOS DEL CATASTRO<\/strong><\/p>\n<p>El impuesto inmobiliario desde el punto de vista jur\u00eddico y financiero. Valuaci\u00f3n Catastral masiva: valuaciones con fines fiscales.<\/p>\n<p><strong>UNIDAD N\u00ba 4 \u2013 ASPECTOS FISICOS DEL CATASTRO &#8211; TAREAS GEOTOPOGRAFICAS PARA EL CATASTRO<\/strong><\/p>\n<p>Sistema de apoyo y su densificaci\u00f3n. Relevamientos catastrales. Aplicaciones de la fotogrametr\u00eda. El relevamiento de detalles y la cartograf\u00eda catastral.<\/p>\n<p><strong>UNIDAD N\u00ba 5 \u2013 EL CATASTRO COMO SISTEMA DE INFORMACION<\/strong><\/p>\n<p>El banco de datos parcelario. El Catastro en el Urbanismo y Planeamiento. Rese\u00f1a de un sistema de Informaci\u00f3n Geogr\u00e1fico.<\/p>\n<p><strong>UNIDAD N\u00ba 6 \u2013 ORGANIZACI\u00d3N CATASTRAL<\/strong><\/p>\n<p>La actualizaci\u00f3n del Catastro. La mensura como instrumento de actualizaci\u00f3n. Organizaci\u00f3n de las tareas catastrales. Legislaci\u00f3n Catastral Argentina y comparada.<\/p>\n<p><strong>\u00a0<\/strong><strong>BIBLIOGRAF\u00cdA:<\/strong><\/p>\n<p><strong>\u00a0<\/strong>-Tratado de Catastro Territorial\u00a0\u00a0\u00a0\u00a0\u00a0\u00a0\u00a0 Bernardo L. Toledo y \u00c1ngel O. Pappalardo, Autores Editores ISBN 950-43-9406-X 1998<\/p>\n<p>-Manual de Derecho Registral Inmobiliario, Gabriel de Reina Tarti\u00e8re,La Ley2003<\/p>\n<p>-Topograf\u00eda, Wolf, Paul R.; Ghilani, Charles D, Alfaomega. \/M\u00e9xico 2008<\/p>\n<p>-Topograf\u00eda, Wolf, Paul R.; Brinker, Russell C, Alfaomega. \/Colombia 2001<\/p>\n<p>-Tratado general de Topograf\u00eda, Jordan, W, Gili. Barcelona 1974<\/p>\n<p>-Surveying. Theory and practice, Anderson, James M.; Mikhail, Esward M., McGraw-Hill. Boston 1998<\/p>\n<p>-Topograf\u00eda general y aplicada, Dom\u00ednguez Garc\u00eda-Tejero, Francisco, Dossat. Barcelona-Buenos Aires 1980<\/p>\n<p>-Topograf\u00eda general y aplicada, Dominguez Garc\u00eda-Tejero, Francisco, Ediciones Mundi-Prensa. Madrid 2002<\/p>\n<p>-CONFERENCIA NACIONAL E INTERNACIONAL DE CATASTRO \u2013 Consejo Profesional de Agrimensores dela Provinciade Buenos Aires \u2013 2004.<\/p>\n<p><strong>\u00a0<\/strong><strong>DESCRIPCI\u00d3N ANAL\u00cdTICA DE LAS ACTIVIDADES TE\u00d3RICAS Y PR\u00c1CTICAS:<\/strong><\/p>\n<p><strong>\u00a0<\/strong>El cursado se desarrolla a trav\u00e9s de Clases Te\u00f3rico Pr\u00e1cticas (teor\u00eda y resoluci\u00f3n de los problemas), Pr\u00e1cticos de Problemas (problemas de ingenier\u00eda).<\/p>\n<p>CLASES TE\u00d3RICO PR\u00c1CTICAS. 1 clase semanal de 4 horas para desarrollar aspectos te\u00f3ricos y resolver algunos problemas de los Trabajos Pr\u00e1cticos. Esta modalidad permite acercar la teor\u00eda y su aplicaci\u00f3n.<\/p>\n<p>PR\u00c1CTICOS DE PROBLEMAS. En base a una gu\u00eda de trabajos pr\u00e1cticos elaborada anualmente, se discuten y desarrollan problemas de complejidad creciente. Se complementa la teor\u00eda y el alumno se autoeval\u00faa.<\/p>\n<p>PR\u00c1CTICOS VIA WEB. Est\u00e1n previstas sesiones en las que el alumno interact\u00faa v\u00eda Web con la p\u00e1gina dela Direcci\u00f3nGeneralde Catastro, consultando datos e informaci\u00f3n catastral. Con esto el alumno adquiere una percepci\u00f3n real de la actividad.<\/p>\n<p><strong>\u00a0<\/strong><strong>Metodolog\u00eda y Forma de evaluaci\u00f3n:<\/strong><\/p>\n<p><strong>\u00a0<\/strong>Sistema con obligaci\u00f3n de asistencia al 80 % de las clases pr\u00e1cticas. Para obtener la regularidad de la materia se debe elaborar y aprobar la carpeta de Trabajos Pr\u00e1cticos de problemas. Para aprobar la materia se debe aprobar un examen final oral.<strong>\u00a0<\/strong><\/p>\n<p align=\"center\">Ing. Juan C. H. Jim\u00e9nez Santill\u00e1n<\/p>\n<p align=\"center\">Profesor Asociado<\/p>\n","protected":false},"excerpt":{"rendered":"<p>Programa Anal\u00edtico:\u00a0\u00a0 CATASTRO Carrera: Ingenier\u00eda en Agrimensura.\u00a0\u00a0\u00a0 Plan 1998 mod. 2004 R\u00e9gimen: Cuatrimestral. \u00a0OBJETIVOS: \u00a0Al finalizar la asignatura el alumno estar\u00e1 capacitado en: a) El manejo de datos, a efectos de la registraci\u00f3n territorial del Derecho, teniendo como centro de registraci\u00f3nla Parcelay considerando al Catastro\u00a0 en sus tres aspectos: Geom\u00e9trico, Econ\u00f3mico y Jur\u00eddico; b) Relevamientos [&hellip;]<\/p>\n","protected":false},"author":10,"featured_media":0,"parent":0,"menu_order":0,"comment_status":"open","ping_status":"closed","template":"","meta":[],"_links":{"self":[{"href":"https:\/\/www.facet.unt.edu.ar\/agrimensura\/wp-json\/wp\/v2\/pages\/283"}],"collection":[{"href":"https:\/\/www.facet.unt.edu.ar\/agrimensura\/wp-json\/wp\/v2\/pages"}],"about":[{"href":"https:\/\/www.facet.unt.edu.ar\/agrimensura\/wp-json\/wp\/v2\/types\/page"}],"author":[{"embeddable":true,"href":"https:\/\/www.facet.unt.edu.ar\/agrimensura\/wp-json\/wp\/v2\/users\/10"}],"replies":[{"embeddable":true,"href":"https:\/\/www.facet.unt.edu.ar\/agrimensura\/wp-json\/wp\/v2\/comments?post=283"}],"version-history":[{"count":0,"href":"https:\/\/www.facet.unt.edu.ar\/agrimensura\/wp-json\/wp\/v2\/pages\/283\/revisions"}],"wp:attachment":[{"href":"https:\/\/www.facet.unt.edu.ar\/agrimensura\/wp-json\/wp\/v2\/media?parent=283"}],"curies":[{"name":"wp","href":"https:\/\/api.w.org\/{rel}","templated":true}]}}