{"id":291,"date":"2013-04-25T04:07:51","date_gmt":"2013-04-25T04:07:51","guid":{"rendered":"http:\/\/www1.herrera.unt.edu.ar\/faceyt\/agrimensura\/?page_id=289"},"modified":"2013-04-25T04:07:51","modified_gmt":"2013-04-25T04:07:51","slug":"38-tecnicas-satelitales","status":"publish","type":"page","link":"https:\/\/www.facet.unt.edu.ar\/agrimensura\/38-tecnicas-satelitales\/","title":{"rendered":"T\u00e9cnicas Satelitales"},"content":{"rendered":"<p><strong>Programa Anal\u00edtico:\u00a0\u00a0 T\u00c9CNICAS SATELITALES<\/strong><\/p>\n<h1>Carrera: Ingenier\u00eda en Agrimensura.\u00a0\u00a0\u00a0 Plan 1998 mod. 2004<\/h1>\n<h1>R\u00e9gimen: Cuatrimestral.<\/h1>\n<p><strong>OBJETIVOS:<\/strong><\/p>\n<p>El alumno al finalizar el curso luego de aprobar la asignatura deber\u00e1:<\/p>\n<p>&#8211; Conocer los conceptos b\u00e1sicos del posicionamiento satelital, los distintos sistemas de referencia usados como as\u00ed tambi\u00e9n de las distintas escalas de tiempos y su medida.<\/p>\n<p>&#8211; Habilidad para reconocer distintos formatos de archivos y poder reconocer en ellos los elementos m\u00e1s importantes tanto del mensaje de navegaci\u00f3n como de las observaciones que realiza un receptor.<\/p>\n<p>&#8211; En funci\u00f3n del estudio de dichos archivos deber\u00e1 ser capaz de analizar las ventajas y desventajas que ofrecen distintos receptores disponibles en el mercado.<\/p>\n<p>&#8211; Desarrollar capacidad de an\u00e1lisis de los\u00a0 distintos errores a que est\u00e1 sujeta esta tecnolog\u00eda y como eliminarlos o minimizarlos con el objeto de lograr la exactitud necesaria.<\/p>\n<p>&#8211; Manejar con destreza tanto los receptores disponibles como los diversos software de c\u00e1lculo.<\/p>\n<p>&#8211; Adquirir la capacitaci\u00f3n para realizar una planificaci\u00f3n de observaciones.<\/p>\n<p>&#8211; Usar las t\u00e9cnicas satelitales como herramienta para resolver distintos problemas de la geodesia.<\/p>\n<p>&#8211; Es importante que desarrolle la capacidad para la realizaci\u00f3n de estas tareas en equipo.<\/p>\n<p><strong>Carga horaria: <\/strong>80hs<\/p>\n<p><strong>CONTENIDOS:<\/strong><\/p>\n<p align=\"left\">Tema 1:<\/p>\n<p align=\"left\">Sistemas satelitales de navegaci\u00f3n. El sistema de Posicionamiento Global. Breve descripci\u00f3n de otros sistemas actualmente operables y en desarrollo. Segmento espacial. Segmento de control. Segmento del Usuario. Sat\u00e9lite GPS. Antenas terrestres, estaciones de rastreo y estaci\u00f3n de control.<\/p>\n<p align=\"left\">Tema 2:<\/p>\n<p align=\"left\">Sistema de referencia convencional celeste. Sistema de referencia convencional terrestre. Sistema Instant\u00e1neo. Constelaci\u00f3n NAVSTAR. Movimiento imperturbado de un sat\u00e9lite. Leyes de Kepler. La elipse orbital. Par\u00e1metros keplerianos. Movimiento perturbado. Par\u00e1metros seudo-keplerianos.<\/p>\n<p align=\"left\">Tema 3:<\/p>\n<p align=\"left\">Tiempo At\u00f3mico Internacional. Tiempo GPS. Tiempo Universal Coordinado. Tiempo Universal 1 (UTC1). Semana GPS. Segundo GPS. D\u00eda Juliano y d\u00eda del a\u00f1o.<\/p>\n<p align=\"left\">Tema 4:<\/p>\n<p align=\"left\">Estructura de la se\u00f1al trasmitida. Frecuencia fundamental. Osciladores. Ondas portadoras. T\u00e9cnica de modulaci\u00f3n, modulaci\u00f3n binaria bif\u00e1sica. C\u00f3digo de adquisici\u00f3n clara (C\/A). C\u00f3digo preciso (P). Encriptaci\u00f3n. Mensaje de navegaci\u00f3n. Velocidad de transmisi\u00f3n.<\/p>\n<p align=\"left\">Tema 5:<\/p>\n<p align=\"left\">Posicionamiento absoluto. Determinaci\u00f3n de seudorangos. Correlaci\u00f3n de c\u00f3digos, canales de correlaci\u00f3n. Precisi\u00f3n. Influencia de la troposfera y la ionosfera. Modelos. Correcci\u00f3n del\u00a0 reloj del receptor y del tiempo trasmitido por el sat\u00e9lite. Exactitud esperada.<\/p>\n<p align=\"left\">Tema 6:<\/p>\n<p align=\"left\">Ecuaciones de observaci\u00f3n. Influencia de la geometr\u00eda de la constelaci\u00f3n observada. Diluci\u00f3n dela Precisi\u00f3n. Aplicaci\u00f3nde la ley de propagaci\u00f3n de varianzas- covarianzas. PDOP en un sistema geod\u00e9sico local.<\/p>\n<p align=\"left\">Tema 7:<\/p>\n<p align=\"left\">Posicionamiento relativo. Medici\u00f3n de la fase de la portadora y del efecto Doppler.\u00a0 Precisi\u00f3n. Ambig\u00fcedades iniciales. Ecuaciones fundamentales. Recuperaci\u00f3n de ciclos. Simples\u00a0 diferencias.\u00a0 Dobles\u00a0 diferencias.\u00a0 Triples diferencias.\u00a0 Cuadratura\u00a0 de\u00a0 la\u00a0 se\u00f1al\u00a0 L2.<\/p>\n<p align=\"left\">Combinaciones lineales entre L1 y L2. Banda ancha. Banda angosta. Combinaci\u00f3n libre de ionosfera. Estudio de la denominaci\u00f3n de archivos propietarios y archivos RINEX.<\/p>\n<p align=\"left\">Tema 8:<\/p>\n<p align=\"left\">Soluci\u00f3n de Ambig\u00fcedades. M\u00e9todo geom\u00e9trico. Rastreo de ambig\u00fcedades. Soluci\u00f3n de ambig\u00fcedades en movimiento. Soluciones en tiempo real. Indicadores de la confiabilidad de la soluci\u00f3n de ambig\u00fcedades. Comparaci\u00f3n de la varianza estimada con la varianza a priori.<strong>\u00a0<\/strong><\/p>\n<p><strong>BIBLIOGRAFIA<\/strong><\/p>\n<table width=\"557\" border=\"0\" cellspacing=\"0\" cellpadding=\"0\">\n<tbody>\n<tr>\n<td valign=\"top\" width=\"123\">\n<p align=\"center\"><strong>T\u00edtulo<\/strong><strong><\/strong><\/p>\n<\/td>\n<td valign=\"top\" width=\"113\">\n<p align=\"center\"><strong>Autor(es)<\/strong><strong><\/strong><\/p>\n<\/td>\n<td valign=\"top\" width=\"135\">\n<p align=\"center\"><strong>Editorial<\/strong><strong><\/strong><\/p>\n<\/td>\n<td valign=\"top\" width=\"85\">\n<p align=\"center\"><strong>A\u00f1o de edici\u00f3n<\/strong><strong><\/strong><\/p>\n<\/td>\n<td valign=\"top\" width=\"100\">\n<p align=\"center\"><strong>Ejemplares disponibles<\/strong><strong><\/strong><\/p>\n<\/td>\n<\/tr>\n<tr>\n<td valign=\"top\" width=\"123\">Geodesia<\/td>\n<td valign=\"top\" width=\"113\">Torge, Wolfgang<\/td>\n<td valign=\"top\" width=\"135\">Diana \u2013 Mexico \u2013 1\u00aa edici\u00f3n<\/td>\n<td valign=\"top\" width=\"85\">\n<p align=\"right\">1983<\/p>\n<\/td>\n<td valign=\"top\" width=\"100\">\n<p align=\"right\">1<\/p>\n<\/td>\n<\/tr>\n<tr>\n<td valign=\"top\" width=\"123\">GPS Satelite Surveying<\/td>\n<td valign=\"top\" width=\"113\">Leick, Alfred<\/td>\n<td valign=\"top\" width=\"135\">Wiley \u2013 New Jersey \u2013 3\u00aa edici\u00f3n<\/td>\n<td valign=\"top\" width=\"85\">\n<p align=\"right\">2004<\/p>\n<\/td>\n<td valign=\"top\" width=\"100\">\n<p align=\"right\">2<\/p>\n<\/td>\n<\/tr>\n<tr>\n<td valign=\"top\" width=\"123\">Surveying. theory and practice<\/td>\n<td valign=\"top\" width=\"113\">James M. Anderson &#8211;\u00a0 Edward M. Mikhail<\/td>\n<td valign=\"top\" width=\"135\">McGraw Hill<\/td>\n<td valign=\"top\" width=\"85\">\n<p align=\"right\">1998<\/p>\n<\/td>\n<td valign=\"top\" width=\"100\">\n<p align=\"right\">1<\/p>\n<\/td>\n<\/tr>\n<tr>\n<td valign=\"top\" width=\"123\">Fotogrametr\u00eda moderna. anal\u00edtica y digital<\/td>\n<td valign=\"top\" width=\"113\">Lerma Garcia, Jos\u00e9 Luis<\/td>\n<td valign=\"top\" width=\"135\">Universidad Polit\u00e9cnica de Valencia. Valencia-Espa\u00f1a<\/td>\n<td valign=\"top\" width=\"85\">\n<p align=\"right\">2002<\/p>\n<\/td>\n<td valign=\"top\" width=\"100\">\n<p align=\"right\">1<\/p>\n<\/td>\n<\/tr>\n<\/tbody>\n<\/table>\n<p><strong>DESCRIPCI\u00d3N ANAL\u00cdTICA DE LAS ACTIVIDADES TE\u00d3RICAS Y PR\u00c1CTICAS:<\/strong><\/p>\n<p>Clases te\u00f3rico-pr\u00e1cticas, resolver problemas mediante t\u00e9cnicas participativas. Proveer a los alumnos de material impreso elaborado por la c\u00e1tedra a fin de ahorrar tiempo, proponer en algunos casos este mate-rial como lectura previa. Toda vez que un tema es redondeado, el alumno debe realizar un informe. Este permite tener una clara idea del proceso de ense\u00f1anza. Estos informes son devueltos a los alumnos y se discuten en general, y en forma personal cuando el docente lo considera necesario. Pr\u00e1cticas de campa\u00f1a: usar el equipamiento disponible sus programas de planificaci\u00f3n y c\u00e1lculos en trabajo grupal, realizar un seguimiento personal del progreso del alumno en el desarrollo de sus habilidades. Revisar los resultados y realizar un an\u00e1lisis grupal del producto obtenido. Realizar viajes de estudio en forma regular como p.e. visita a la explotaci\u00f3n Minera del Bajo dela Alumbrera.<\/p>\n<p><strong>Metodolog\u00eda y Forma de evaluaci\u00f3n:<\/strong><\/p>\n<p align=\"left\">Los alumnos realizan distintos tipos de pr\u00e1cticas durante el cuatrimestre. Preparan observaciones, las realizan y calculan en con la asistencia del docente. Estos trabajos deben ser presentados de manera ordenada en una carpeta. Los mismos son revisados por el docente, indic\u00e1ndose, si corresponde, las correcciones a realizar.<\/p>\n<p align=\"left\">La presentaci\u00f3n de estos informes son requisitos indispensables, entre otros para tener derecho al examen final, que es de car\u00e1cter oral.<\/p>\n<p>A lo largo del cuatrimestre se realizan adem\u00e1s dos evaluativos escritos que deber\u00e1n ser aprobados tambi\u00e9n, para que el alumno se encuentre en condiciones de rendir el examen final. Los evaluativos desaprobados se recuperan individualmente. Los evaluativos se devuelven al alumno corregidos y se discuten los problemas en forma general\u00a0 y en los casos en que el docente lo considera necesario se entrevista personalmente al alumno.<\/p>\n<p>H\u00e9ctor Ra\u00fal Herrero<\/p>\n<p>Profesor<\/p>\n<p>Area Geodesia y Astronom\u00eda<\/p>\n<p align=\"left\">\n","protected":false},"excerpt":{"rendered":"<p>Programa Anal\u00edtico:\u00a0\u00a0 T\u00c9CNICAS SATELITALES Carrera: Ingenier\u00eda en Agrimensura.\u00a0\u00a0\u00a0 Plan 1998 mod. 2004 R\u00e9gimen: Cuatrimestral. OBJETIVOS: El alumno al finalizar el curso luego de aprobar la asignatura deber\u00e1: &#8211; Conocer los conceptos b\u00e1sicos del posicionamiento satelital, los distintos sistemas de referencia usados como as\u00ed tambi\u00e9n de las distintas escalas de tiempos y su medida. &#8211; Habilidad [&hellip;]<\/p>\n","protected":false},"author":10,"featured_media":0,"parent":0,"menu_order":0,"comment_status":"open","ping_status":"closed","template":"","meta":[],"_links":{"self":[{"href":"https:\/\/www.facet.unt.edu.ar\/agrimensura\/wp-json\/wp\/v2\/pages\/291"}],"collection":[{"href":"https:\/\/www.facet.unt.edu.ar\/agrimensura\/wp-json\/wp\/v2\/pages"}],"about":[{"href":"https:\/\/www.facet.unt.edu.ar\/agrimensura\/wp-json\/wp\/v2\/types\/page"}],"author":[{"embeddable":true,"href":"https:\/\/www.facet.unt.edu.ar\/agrimensura\/wp-json\/wp\/v2\/users\/10"}],"replies":[{"embeddable":true,"href":"https:\/\/www.facet.unt.edu.ar\/agrimensura\/wp-json\/wp\/v2\/comments?post=291"}],"version-history":[{"count":0,"href":"https:\/\/www.facet.unt.edu.ar\/agrimensura\/wp-json\/wp\/v2\/pages\/291\/revisions"}],"wp:attachment":[{"href":"https:\/\/www.facet.unt.edu.ar\/agrimensura\/wp-json\/wp\/v2\/media?parent=291"}],"curies":[{"name":"wp","href":"https:\/\/api.w.org\/{rel}","templated":true}]}}