{"id":292,"date":"2013-04-25T04:09:22","date_gmt":"2013-04-25T04:09:22","guid":{"rendered":"http:\/\/www1.herrera.unt.edu.ar\/faceyt\/agrimensura\/?page_id=290"},"modified":"2013-04-25T04:09:22","modified_gmt":"2013-04-25T04:09:22","slug":"39-mediciones-especiales","status":"publish","type":"page","link":"https:\/\/www.facet.unt.edu.ar\/agrimensura\/39-mediciones-especiales\/","title":{"rendered":"Mediciones Especiales"},"content":{"rendered":"<p><strong>Programa Anal\u00edtico:\u00a0\u00a0 MEDICIONES ESPECIALES<\/strong><\/p>\n<h1>Carrera: Ingenier\u00eda en Agrimensura.\u00a0\u00a0\u00a0 Plan 1998 mod. 2004<\/h1>\n<h1>R\u00e9gimen: Cuatrimestral.<\/h1>\n<p><strong>OBJETIVOS:<\/strong><\/p>\n<p>El alumno al finalizar el curso, luego de aprobar la asignatura deber\u00e1:<\/p>\n<p>&#8211; Haber estudiado las caracter\u00edsticas de los instrumentos disponibles para mediciones terrestres.<\/p>\n<p>&#8211; Haber determinado a partir de su propia experiencia de las limitaciones de la exactitud de las mediciones debidas tanto al instrumental como a las habilidades del observador.<\/p>\n<p>&#8211; Haber realizado las hip\u00f3tesis necesarias y las verificaciones correspondientes en cuanto a la influencia de la atm\u00f3sfera terrestre, de las superficies y sistemas de referencia involucrados.<\/p>\n<p>&#8211; Haber proyectado m\u00e9todos de mediciones de redes tanto altim\u00e9tricas como planim\u00e9tricas que por su naturaleza requieren de alta exactitud.<\/p>\n<p>&#8211; Haber realizado simulaciones de las redes a fin de determinar a partir del estudio de la matriz de variancias-covariancias de la geometr\u00eda adecuada para la misma.<\/p>\n<p><strong>Carga horaria: 96hs<\/strong><\/p>\n<p><strong>CONTENIDOS:<\/strong><\/p>\n<p>Tema 1: Las observaciones acimutales<\/p>\n<p>1.a)\u00a0\u00a0 An\u00e1lisis de errores sistem\u00e1ticos en las observaciones acimutales:<\/p>\n<p>&#8211; Influencia de los errores de los ejes del teodolito en las observaciones acimutales.<\/p>\n<p>&#8211; Estudio de la precisi\u00f3n de verticalizaci\u00f3n de distintos instrumentos.<\/p>\n<p>&#8211; M\u00e9todos de trabajo que permiten la eliminaci\u00f3n de de los errores residuales de colimaci\u00f3n, eje secundario y verticalizaci\u00f3n.<\/p>\n<p>&#8211; Los compensadores transversales.<\/p>\n<p>&#8211; La refracci\u00f3n lateral<\/p>\n<p>&#8211; Estudio de distintos tipos de se\u00f1ales. Fase de la se\u00f1al.<\/p>\n<p>&#8211; Exactitud de la centraci\u00f3n del teodolito en funci\u00f3n del nivel de alidada.<\/p>\n<p>&#8211; Exactitud de la centraci\u00f3n de la se\u00f1al<\/p>\n<p>1.b)\u00a0\u00a0 Los diferentes m\u00e9todos de observaciones acimutales:<\/p>\n<p>&#8211; Observaci\u00f3n de \u00e1ngulos: \u00a0\u00a0\u00a0 M\u00e9todo de Schreiber<\/p>\n<p>&#8211; Observaci\u00f3n de direcciones: \u00a0\u00a0\u00a0\u00a0\u00a0\u00a0\u00a0\u00a0\u00a0\u00a0 M\u00e9todo de series<\/p>\n<p>Cuplas sobre referencia fija.<\/p>\n<p>1.c)\u00a0\u00a0 Compensaci\u00f3n de la estaci\u00f3n:<\/p>\n<p>&#8211; Estimaci\u00f3n de los par\u00e1metros compensados y de la matriz de variancias y covarianzas.<\/p>\n<p>Pr\u00e1ctica:<\/p>\n<p>1- Estudio de los errores de ejes de al menos dos teodolitos.<\/p>\n<p>2- Experimentaci\u00f3n con varios tipos de se\u00f1ales.<\/p>\n<p>3- Estudio de la precisi\u00f3n de la centraci\u00f3n del teodolito.<\/p>\n<p>4-Medici\u00f3n angular usando los m\u00e9todos de repetici\u00f3n y reiteraci\u00f3n.<\/p>\n<p>5- Medici\u00f3n angular usando: M\u00e9todo de Schreiber, series y cuplas sobre referencia.<\/p>\n<p>-6-Compensaci\u00f3n de una estaci\u00f3n observada. Estudio de la matriz de varianzas-covarianzas<\/p>\n<p>Evaluaci\u00f3n: Presentaci\u00f3n de un informe. Evaluaci\u00f3n verbal sobre el informe generado.<\/p>\n<p>Tema 2: Las mediciones de distancias<\/p>\n<p>2.a)\u00a0\u00a0 Estudio de los instrumentos y m\u00e9todos tradicionales. Limitaciones.<\/p>\n<p>&#8211; Long\u00edmetros flexibles. Influencia de la temperatura. Calibraci\u00f3n.<\/p>\n<p>&#8211; La mira horizontal. Descripci\u00f3n y uso. Exactitud. Calibraci\u00f3n.<\/p>\n<p>&#8211; Precisi\u00f3n requerida en los alineamientos y desniveles cuando la medici\u00f3n se realiza por tramos.<\/p>\n<p>2.b)\u00a0\u00a0 Estudio de los electrodistanci\u00f3metros.<\/p>\n<p>&#8211; Principios de funcionamiento.<\/p>\n<p>&#8211; Longitud de onda de medici\u00f3n<\/p>\n<p>&#8211; Errores constantes y proporcionales a la distancia.<\/p>\n<p>&#8211; Estabilidad de la frecuencia.<\/p>\n<p>&#8211; Constante instrumental.<\/p>\n<p>&#8211; Longitud de onda de calibraci\u00f3n.<\/p>\n<p>&#8211; Correcciones atmosf\u00e9ricas. Orden de magnitud de las mismas.<\/p>\n<p>&#8211; Exactitud de los datos meteorol\u00f3gicos seg\u00fan las necesidades.<\/p>\n<p>&#8211; Exactitud de distintos electrodistanci\u00f3metros.<\/p>\n<p>-La Estaci\u00f3n Total.<\/p>\n<p>Pr\u00e1ctica:<\/p>\n<p>&#8211; Determinaci\u00f3n de la constante instrumental<\/p>\n<p>&#8211; Medici\u00f3n de distancias eliminando la constante instrumental.<\/p>\n<p>&#8211; Medici\u00f3n de distancias y correcci\u00f3n por factores meteorol\u00f3gicos.<\/p>\n<p>&#8211; Comparaci\u00f3n de peque\u00f1as distancias medidas con electrodistanci\u00f3metro y con mira horizontal.<\/p>\n<p>&#8211; Comparaci\u00f3n de distancias medidas con electrodistanci\u00f3metros con\u00a0 vectores GPS.<\/p>\n<p>Evaluaci\u00f3n:\u00a0\u00a0\u00a0\u00a0 Presentaci\u00f3n de un informe. Evaluaci\u00f3n verbal sobre el informe generado.<\/p>\n<p>Tema 3: La determinaci\u00f3n de altitudes<\/p>\n<p>3.a)\u00a0\u00a0 La nivelaci\u00f3n geom\u00e9trica.<\/p>\n<p>&#8211; Estudio de la precisi\u00f3n de distintos equialt\u00edmetros. Precisi\u00f3n de los compensadores.<\/p>\n<p>&#8211; La depresi\u00f3n del horizonte. Tolerancia en la equidistancia de las visuales.<\/p>\n<p>3.b)\u00a0\u00a0 La nivelaci\u00f3n trigonom\u00e9trica.<\/p>\n<p>&#8211; Precisi\u00f3n del calaje del nivel testigo.<\/p>\n<p>&#8211; Precisi\u00f3n de estabilizaci\u00f3n de los compensadores.<\/p>\n<p>&#8211; La refracci\u00f3n atmosf\u00e9rica. Correcciones.<\/p>\n<p>&#8211; Experiencias modernas en la determinaci\u00f3n trigonom\u00e9trica de altitudes comparadas con las obtenidas mediante nivelaciones geom\u00e9tricas realizadas en zonas de grandes pendientes.<\/p>\n<p>Pr\u00e1ctica:<\/p>\n<p>&#8211; Nivelaci\u00f3n de una peque\u00f1a red mediante m\u00e9todos trigonom\u00e9tricos y\u00a0\u00a0\u00a0\u00a0\u00a0 geom\u00e9tricos<\/p>\n<p>&#8211; Compensaci\u00f3n por m\u00ednimos cuadrados.<\/p>\n<p>&#8211; An\u00e1lisis de los resultados en cuanto a exactitud y tiempo invertido.<\/p>\n<p><strong>BIBLIOGRAF\u00cdA:<\/strong><\/p>\n<p>&nbsp;<\/p>\n<table width=\"512\" border=\"0\" cellspacing=\"0\" cellpadding=\"0\">\n<tbody>\n<tr>\n<td valign=\"top\" width=\"123\">T\u00edtulo<\/td>\n<td valign=\"top\" width=\"97\">Autor(es)<\/td>\n<td valign=\"top\" width=\"111\">Editorial<\/td>\n<td valign=\"top\" width=\"82\">A\u00f1o de edici\u00f3n<\/td>\n<td valign=\"top\" width=\"99\">Ejemplares disponibles<\/td>\n<\/tr>\n<tr>\n<td valign=\"top\" width=\"123\">Tratado general de topogra-f\u00eda. planimetr\u00eda<\/td>\n<td valign=\"top\" width=\"97\">Jordan, W<\/td>\n<td valign=\"top\" width=\"111\">Gili. Barcelona<\/td>\n<td valign=\"top\" width=\"82\">1974<\/td>\n<td valign=\"top\" width=\"99\">4<\/td>\n<\/tr>\n<tr>\n<td valign=\"top\" width=\"123\">El C\u00e1lculo de Compensaci\u00f3n<\/td>\n<td valign=\"top\" width=\"97\">Gazdzicki, J.; Wahl, B.<\/td>\n<td valign=\"top\" width=\"111\">Universidad de Zulia, Venezuela<\/td>\n<td valign=\"top\" width=\"82\">1977<\/td>\n<td valign=\"top\" width=\"99\">1<\/td>\n<\/tr>\n<tr>\n<td valign=\"top\" width=\"123\">Topografia<\/td>\n<td valign=\"top\" width=\"97\">Wolf, Paul R.; Ghilani, Charles D<\/td>\n<td valign=\"top\" width=\"111\">Alfaomega. \/M\u00e9xico<\/td>\n<td valign=\"top\" width=\"82\">2008<\/td>\n<td valign=\"top\" width=\"99\">1<\/td>\n<\/tr>\n<tr>\n<td valign=\"top\" width=\"123\">Topograf\u00eda de obra<\/td>\n<td valign=\"top\" width=\"97\">De Corral Manuel de Villena, Ignacio<\/td>\n<td valign=\"top\" width=\"111\">Alfaomega\/UPC. \/Barcelona<\/td>\n<td valign=\"top\" width=\"82\">2000<\/td>\n<td valign=\"top\" width=\"99\">1<\/td>\n<\/tr>\n<tr>\n<td valign=\"top\" width=\"123\">Tratado de topograf\u00eda. redes topogr\u00e1ficas y locales(T1,T2,T3)<\/td>\n<td valign=\"top\" width=\"97\">Chueca Pazos, Manuel<\/td>\n<td valign=\"top\" width=\"111\">Paraninfo. \/Madrid<\/td>\n<td valign=\"top\" width=\"82\">1998<\/td>\n<td valign=\"top\" width=\"99\">1<\/td>\n<\/tr>\n<tr>\n<td valign=\"top\" width=\"123\">C\u00e1lculo de compensaci\u00f3n de mediciones topogr\u00e1ficas<\/td>\n<td valign=\"top\" width=\"97\">Mingo, Oscar \u2013 Ortiz Basual-do, Eduardo<\/td>\n<td valign=\"top\" width=\"111\">Linking \u2013 Buenos Aires<\/td>\n<td valign=\"top\" width=\"82\">1996<\/td>\n<td valign=\"top\" width=\"99\">1<\/td>\n<\/tr>\n<\/tbody>\n<\/table>\n<p>DESCRIPCI\u00d3N ANAL\u00cdTICA DE LAS ACTIVIDADES TE\u00d3RICAS Y PR\u00c1CTICAS:<\/p>\n<p>Enunciado sint\u00e9tico del tema, transmitiendo la importancia y utilidad del mismo en la vida profesional.<\/p>\n<p>Revisi\u00f3n de conocimientos adquiridos, repaso de fundamentos remitiendo a los alumnos a las bibliograf\u00edas especificas.<\/p>\n<p>Plantear problemas y sus soluciones, ense\u00f1ar bajo el principio de aprendizaje activo fomentando que el alumno ejercite su creatividad transfiriendo esta actividad a otros aspectos del conocimiento, desarrollar capacidad aut\u00f3noma para resolver problemas.<\/p>\n<p>Incentivando a utilizar los conocimientos impartidos y los cuestionen, permiti\u00e9ndoles evolucionar y elaborar otros nuevos.<\/p>\n<p>Resuelto un problema, se\u00a0 revee el m\u00e9todo empleado y se pregunta si puede generalizarlo.<\/p>\n<p>Pr\u00e1cticas de campo con instrumental orientando a obtener resultados y mejorar las capacidades de opera-ci\u00f3n, calidad y tiempos. Pr\u00e1cticas de m\u00e9todos de medici\u00f3n, a fin de obtener resultados en condiciones re-ales adversas, comparaci\u00f3n con los valores te\u00f3ricos<\/p>\n<p>Viajes de estudio programados.<\/p>\n<p><strong>Metodolog\u00eda y Forma de evaluaci\u00f3n:<\/strong><\/p>\n<p>Las formas de evaluaci\u00f3n son las siguientes:<\/p>\n<p>Se presenta a los alumnos el problema a resolver, gui\u00e1ndolos a la soluci\u00f3n del mismo. Estos realizan los c\u00e1lculos de manera aut\u00f3noma. De igual manera se procede con las mediciones que se realizan.<\/p>\n<p>Una vez finalizado un tema, los alumnos deben presentar un informe escrito, el que es devuelto al alumno con las correcciones pertinentes. Sobre el mismo se realiza una evaluaci\u00f3n oral e individual del alumno. Esta evaluaci\u00f3n debe ser aprobada a fin de adquirir el derecho a un examen final.<\/p>\n<p>Estas evaluaciones en el caso de ser desaprobadas se recuperan tambi\u00e9n individualmente. Este sistema facilita el seguimiento del rendimiento de cada alumno y posibilita la autocr\u00edtica de los docentes, permitiendo la insistencia con determinados temas, con las medidas correctoras pertinentes.<\/p>\n<p align=\"left\">La asignatura se aprueba con un examen oral final.<\/p>\n<p align=\"center\">H\u00e9ctor Ra\u00fal Herrero<\/p>\n<p align=\"center\">Profesor<\/p>\n<p align=\"center\">Area Geodesia y astronom\u00eda<\/p>\n","protected":false},"excerpt":{"rendered":"<p>Programa Anal\u00edtico:\u00a0\u00a0 MEDICIONES ESPECIALES Carrera: Ingenier\u00eda en Agrimensura.\u00a0\u00a0\u00a0 Plan 1998 mod. 2004 R\u00e9gimen: Cuatrimestral. OBJETIVOS: El alumno al finalizar el curso, luego de aprobar la asignatura deber\u00e1: &#8211; Haber estudiado las caracter\u00edsticas de los instrumentos disponibles para mediciones terrestres. &#8211; Haber determinado a partir de su propia experiencia de las limitaciones de la exactitud de [&hellip;]<\/p>\n","protected":false},"author":10,"featured_media":0,"parent":0,"menu_order":0,"comment_status":"open","ping_status":"closed","template":"","meta":[],"_links":{"self":[{"href":"https:\/\/www.facet.unt.edu.ar\/agrimensura\/wp-json\/wp\/v2\/pages\/292"}],"collection":[{"href":"https:\/\/www.facet.unt.edu.ar\/agrimensura\/wp-json\/wp\/v2\/pages"}],"about":[{"href":"https:\/\/www.facet.unt.edu.ar\/agrimensura\/wp-json\/wp\/v2\/types\/page"}],"author":[{"embeddable":true,"href":"https:\/\/www.facet.unt.edu.ar\/agrimensura\/wp-json\/wp\/v2\/users\/10"}],"replies":[{"embeddable":true,"href":"https:\/\/www.facet.unt.edu.ar\/agrimensura\/wp-json\/wp\/v2\/comments?post=292"}],"version-history":[{"count":0,"href":"https:\/\/www.facet.unt.edu.ar\/agrimensura\/wp-json\/wp\/v2\/pages\/292\/revisions"}],"wp:attachment":[{"href":"https:\/\/www.facet.unt.edu.ar\/agrimensura\/wp-json\/wp\/v2\/media?parent=292"}],"curies":[{"name":"wp","href":"https:\/\/api.w.org\/{rel}","templated":true}]}}