{"id":299,"date":"2013-04-25T04:14:43","date_gmt":"2013-04-25T04:14:43","guid":{"rendered":"http:\/\/www1.herrera.unt.edu.ar\/faceyt\/agrimensura\/?page_id=299"},"modified":"2013-04-25T04:14:43","modified_gmt":"2013-04-25T04:14:43","slug":"ingenieria-ambiental","status":"publish","type":"page","link":"https:\/\/www.facet.unt.edu.ar\/agrimensura\/ingenieria-ambiental\/","title":{"rendered":"Ingenier\u00eda Ambiental"},"content":{"rendered":"<p><strong>Programa Anal\u00edtico:\u00a0\u00a0 INGENIER\u00cdA AMBIENTAL<\/strong><\/p>\n<h1>Carrera: Ingenier\u00eda en Agrimensura.\u00a0\u00a0\u00a0 Plan 1998 mod. 2004<\/h1>\n<h1>R\u00e9gimen: Cuatrimestral.<\/h1>\n<p><strong>OBJETIVOS:<\/strong><\/p>\n<p>El objetivo de la asignatura es proporcionar conocimientos, conceptos, herramientas y m\u00e9todos sobre el uso racional de los recursos para la prevenci\u00f3n de la contaminaci\u00f3n del suelo, el agua y el aire derivados de la actividad humana, en el marco de las regulaciones vigentes.<\/p>\n<p><strong>Carga horaria: <\/strong>96 horas<\/p>\n<p><strong>Horas totales dedicadas a la formaci\u00f3n pr\u00e1ctica:<\/strong> 60 horas<\/p>\n<p><strong>CONTENIDOS:<\/strong><\/p>\n<p>Modificaciones ambientales antr\u00f3picas. Contaminaci\u00f3n atmosf\u00e9rica. Tratamiento de emisiones gaseosas. Contaminaci\u00f3n de aguas de origen f\u00edsico, qu\u00edmico y biol\u00f3gico. Potabilizaci\u00f3n. Tratamiento de aguas residuales. Contaminaci\u00f3n del suelo. Tratamiento de residuos s\u00f3lidos. Impacto Ambiental. Leyes y normas ambientales.<\/p>\n<p>UnidadTem\u00e1tica 1:<\/p>\n<p>Poblaci\u00f3n. Crecimiento poblacional. Industrializaci\u00f3n. Medidas de Crecimiento Econ\u00f3mico. Producto Nacional Bruto. Mejoramiento Ambiental Bruto. Urbanizaci\u00f3n. Crecimiento de las Ciudades. Industrializaci\u00f3n y Urbanizaci\u00f3n. Impacto Ambiental. Modificaciones Ambientales Antr\u00f3picas: Biosfera, Efecto Invernadero, Cambio clim\u00e1tico, Destrucci\u00f3n dela Capade Ozono y Lluvia \u00e1cida. Medio Acu\u00e1tico: Efluentes Industriales y Urbanos. Suelo: Residuos S\u00f3lidos Urbanos, Industriales, Comerciales, Patol\u00f3gicos y Peligrosos. Energ\u00eda. Cuantificaci\u00f3n del Uso dela Energ\u00eda. ImpactosAmbientales Producidos por el Uso dela Energ\u00eda: Petr\u00f3leo, Carb\u00f3n, Gas Natural, Energ\u00eda Nuclear e Hidroel\u00e9ctrica. Peligros Ambientales Naturales. Cambio Ambiental Natural y Perturbaciones Antr\u00f3picas. Legislaci\u00f3n Ambiental Nacional y Provincial. Cuestionarios, Problemas y C\u00e1lculos.<\/p>\n<p>Unidad Tem\u00e1tica 2:<\/p>\n<p>La Atm\u00f3sfera. Distribuci\u00f3nde sus capas. Composici\u00f3n. Humedad. Movimientos de la atm\u00f3sfera. Contaminaci\u00f3n del aire. Origen de los contaminantes atmosf\u00e9ricos: naturales y antr\u00f3picos. Procesos: Naturales, Dom\u00e9sticos, Urbanos, Agr\u00edcolas, Comerciales e Industriales. Control dela Calidaddel Aire: emisiones gaseosas y de material particulado. Procesos de depuraci\u00f3n natural y m\u00e9todos industriales implementados para el tratamiento de las emisiones. Modelos de simulaci\u00f3n para el estudio del impacto producidos por las emisiones. Cuestionarios, Problemas y C\u00e1lculos.<\/p>\n<p>Unidad Tem\u00e1tica 3:<\/p>\n<p>El Agua. Aguas Naturales. Normas de calidad de agua. Fuentes de Origen: Superficiales y Subterr\u00e1neas. Est\u00e1ndares de Calidad del Agua seg\u00fan su uso. Proceso de Potabilizaci\u00f3n del Agua: Captaci\u00f3n, Tecnolog\u00eda del Tratamiento, Almacenamiento y Distribuci\u00f3n. Eliminaci\u00f3n de sustancias en suspensi\u00f3n. Procesos de: Desarenado, Sedimentaci\u00f3n, Floculaci\u00f3n, Filtraci\u00f3n, Desinfecci\u00f3n y Almacenamiento. Cisternas y Tanques elevados. Etapas de Acondicionamiento, de Distribuci\u00f3n y de Recloracion. Aguas Subterr\u00e1neas. Sistemas de Bombeo y Tipos de Bombas. Sistemas de Tratamiento de Alta Tecnolog\u00eda. Cuestionarios, Problemas y C\u00e1lculos.<\/p>\n<p>Unidad Tem\u00e1tica 4:<\/p>\n<p>Aguas residuales. Clasificaci\u00f3n. Caracter\u00edsticas: f\u00edsicas, qu\u00edmicas y biol\u00f3gicas. Medici\u00f3n de caudales. Muestreo y An\u00e1lisis. T\u00e9cnicas homologadas. Par\u00e1metros m\u00e1s importantes. Descarga de efluentes. Impacto de la descarga sobre un recurso h\u00eddrico. Valoraci\u00f3n. Ox\u00edgeno disuelto. Procesos aer\u00f3bicos y anaer\u00f3bicos. Auto depuraci\u00f3n. Aireaci\u00f3n y Transferencia de Ox\u00edgeno. Curvas de abatimiento del Ox\u00edgeno. Determinaci\u00f3n de los Coeficientes Cin\u00e9ticos. Clasificaci\u00f3n de los cauces. Tratamiento de los Efluentes. Plantas de tratamiento. Dise\u00f1o.. Tratamiento preliminar. Operaciones f\u00edsicas unitarias correspondientes al tratamiento preliminar: rejas, desbaste, desarenadores, desengrasadotes, estaciones de bombeo, medidores de caudal, tanques homogenizadores. Operaciones unitarias correspondientes al tratamiento primario: floculaci\u00f3n, sedimentaci\u00f3n, sedimentaci\u00f3n acelerada. Bombeo de fangos. Secado y Disposici\u00f3n de los Residuos en Terreno. Operaciones de los tratamientos biol\u00f3gicos unitarios. Procesos correspondientes al Tratamiento Secundario: Filtro Anaer\u00f3bico, Lagunas de Estabilizaci\u00f3n, Zanjas de Oxidaci\u00f3n Barros Activados y Filtros Percoladores. Procesos correspondientes al tratamiento terciario. Secado de Barros. Incineraci\u00f3n. Cloraci\u00f3n final. Cuestionarios, Problemas y C\u00e1lculos.<\/p>\n<p>Unidad Tem\u00e1tica 5:<\/p>\n<p>Residuos S\u00f3lidos. Clasificaci\u00f3n. Residuos S\u00f3lidos: Municipales, Industriales, Comerciales y Hospitalarios. Residuos S\u00f3lidos Peligrosos. Residuos S\u00f3lidos Municipales: Acondicionamiento Preliminar, Recolecci\u00f3n y Transporte, Transferencia y Disposici\u00f3n Final. Dise\u00f1o de un Sistema de Recolecci\u00f3n y Transporte. Estaciones de Transferencia. Cantidades y Tipos de Unidades. Procesos de Separaci\u00f3n. Clasificaci\u00f3n Primaria. Material Org\u00e1nico e Inorg\u00e1nico. Reciclaje. Importancia dela Recuperaci\u00f3nde Materiales. Recuperaci\u00f3n de los Residuos Org\u00e1nicos. Biog\u00e1s. Diferentes Sistemas de Aprovechamiento Parcial y de Disposici\u00f3n Final de los Residuos S\u00f3lidos. Sistemas Parciales: Incineraci\u00f3n, Producci\u00f3n de Compost, Lombricultura, Producci\u00f3n de Biog\u00e1s. Sistemas Integrales: Enterramiento y Relleno Sanitario. Producci\u00f3n de Gases y Lixiviados. Cuestionarios, Problemas y C\u00e1lculos.<\/p>\n<p>Recursos Necesarios:<\/p>\n<p>Instrumental espec\u00edfico para mediciones in situ. Equipos, material de vidrio y reactivos qu\u00edmicos espec\u00edficos para An\u00e1lisis de Muestras, determinaciones y ensayos en laboratorio.<\/p>\n<p>Medio de movilidad para realizar visitas.<\/p>\n<p>Actividades de Laboratorio:<\/p>\n<p>Toma de muestras de agua residual y de aire.<\/p>\n<p>Determinaci\u00f3n de oxigeno disuelto, conductividad, temperatura y pH.<\/p>\n<p>Determinaci\u00f3n de oxigeno consumido.<\/p>\n<p>C\u00e1lculo dela DBOy dela DQO.<\/p>\n<p><strong>BIBLIOGRAF\u00cdA:<\/strong><\/p>\n<table width=\"578\" border=\"0\" cellspacing=\"0\" cellpadding=\"0\">\n<tbody>\n<tr>\n<td valign=\"top\" width=\"123\">\n<p align=\"center\"><strong>T\u00edtulo<\/strong><strong><\/strong><\/p>\n<\/td>\n<td valign=\"top\" width=\"155\">\n<p align=\"center\">Autor<\/p>\n<\/td>\n<td valign=\"top\" width=\"100\">\n<p align=\"center\">Editorial<\/p>\n<\/td>\n<td valign=\"top\" width=\"100\">\n<p align=\"center\">A\u00f1o<\/p>\n<\/td>\n<td valign=\"top\" width=\"100\">\n<p align=\"center\">Cantidad<\/p>\n<\/td>\n<td width=\"0\" height=\"30\"><\/td>\n<\/tr>\n<tr>\n<td rowspan=\"2\" valign=\"top\" width=\"123\">Chemistry for sanitary engineers<\/td>\n<td rowspan=\"2\" valign=\"top\" width=\"155\">Sawyer, Clair N.<\/td>\n<td rowspan=\"2\" valign=\"top\" width=\"100\">McGraw-Hill &amp;Book Company.<\/td>\n<td rowspan=\"2\" valign=\"top\" width=\"100\">\n<p align=\"right\">1960<\/p>\n<\/td>\n<td rowspan=\"2\" valign=\"top\" width=\"100\">\n<p align=\"right\">1<\/p>\n<\/td>\n<td width=\"0\" height=\"65\"><\/td>\n<\/tr>\n<tr>\n<td width=\"0\" height=\"16\"><\/td>\n<\/tr>\n<tr>\n<td valign=\"top\" width=\"123\">An\u00e1lisis del Riesgo en Instalaciones Industriales<\/td>\n<td valign=\"top\" width=\"155\">Casal, Joaquim; Montiel, Helena; Planas, Eul\u00e1lia; V\u00edlchez, Juan A.<\/td>\n<td valign=\"top\" width=\"100\">\u00a0Alfaomega<\/td>\n<td valign=\"top\" width=\"100\">\n<p align=\"right\">2001<\/p>\n<\/td>\n<td valign=\"top\" width=\"100\">\n<p align=\"right\">3<\/p>\n<\/td>\n<td width=\"0\" height=\"84\"><\/td>\n<\/tr>\n<tr>\n<td valign=\"top\" width=\"123\">Manual Global de Ecolog\u00eda<\/td>\n<td valign=\"top\" width=\"155\">\u00a0Walter H. Corson<\/td>\n<td valign=\"top\" width=\"100\">Augustus<\/td>\n<td valign=\"top\" width=\"100\">\n<p align=\"right\">1993<\/p>\n<\/td>\n<td valign=\"top\" width=\"100\">\n<p align=\"right\">1<\/p>\n<\/td>\n<td width=\"0\" height=\"43\"><\/td>\n<\/tr>\n<tr>\n<td valign=\"top\" width=\"123\">Qu\u00edmica para Ingenier\u00eda Ambiental<\/td>\n<td valign=\"top\" width=\"155\">: Clair N. Sawyer, Perry I Mc Carty, Gene F. Parkin<\/td>\n<td valign=\"top\" width=\"100\">Mc Graw-Hill<\/td>\n<td valign=\"top\" width=\"100\">\n<p align=\"right\">2000<\/p>\n<\/td>\n<td valign=\"top\" width=\"100\">\n<p align=\"right\">1<\/p>\n<\/td>\n<td width=\"0\" height=\"56\"><\/td>\n<\/tr>\n<tr>\n<td valign=\"top\" width=\"123\">Sociedad y Medio Ambiente<\/td>\n<td valign=\"top\" width=\"155\">: Jes\u00fas Ballesteros y Jos\u00e9 Perez Adan E<\/td>\n<td valign=\"top\" width=\"100\">Trotta.<\/td>\n<td valign=\"top\" width=\"100\">\n<p align=\"right\">1997<\/p>\n<\/td>\n<td valign=\"top\" width=\"100\">\n<p align=\"right\">1<\/p>\n<\/td>\n<td width=\"0\" height=\"60\"><\/td>\n<\/tr>\n<tr>\n<td valign=\"top\" width=\"123\">Ciencia Ambiental y Desarrollo Sustentable<\/td>\n<td valign=\"top\" width=\"155\">: Ernesto Enkerlin, Jer\u00f3nimo Cano, Ra\u00fal Garza, Enrique Vogel.<\/td>\n<td valign=\"top\" width=\"100\">Thomson<\/td>\n<td valign=\"top\" width=\"100\">\n<p align=\"right\">1997<\/p>\n<\/td>\n<td valign=\"top\" width=\"100\">\n<p align=\"right\">1<\/p>\n<\/td>\n<td width=\"0\" height=\"76\"><\/td>\n<\/tr>\n<\/tbody>\n<\/table>\n<p><strong>DESCRIPCI\u00d3N ANAL\u00cdTICA DE LAS ACTIVIDADES TE\u00d3RICAS Y PR\u00c1CTICAS:<\/strong><\/p>\n<p>Clases te\u00f3ricas y te\u00f3rico-pr\u00e1cticas, con an\u00e1lisis de casos, actividades de Laboratorio con instrumental es-pec\u00edfico y resoluci\u00f3n de ejercicios de aplicaci\u00f3n.<\/p>\n<p><strong>Metodolog\u00eda y Forma de evaluaci\u00f3n:<\/strong><\/p>\n<p>R\u00e9gimen de ense\u00f1anza para alumnos regulares: El alumno deber\u00e1 tener un porcentaje de asistencia a los trabajos pr\u00e1cticos y\/o te\u00f3rico-pr\u00e1cticos no inferior al 80%.El alumno deber\u00e1 tener un porcentaje de asistencia a las clases te\u00f3ricas no inferior al 80%.El alumno deber\u00e1 presentar y aprobar el 100% de los trabajos pr\u00e1cticos y te\u00f3rico-pr\u00e1cticos propuestos porla C\u00e1tedra. Elalumno deber\u00e1 aprobar las dos pruebas de evaluaci\u00f3n. El alumno que desapruebe alguna de las pruebas de evaluaci\u00f3n podr\u00e1 rendir la recuperaci\u00f3n de la misma al finalizar el per\u00edodo. El alumno que desapruebe las dos pruebas de evaluaci\u00f3n podr\u00e1 rendir una recuperaci\u00f3n integral de las mismas al finalizar el per\u00edodo.<\/p>\n<p>Ex\u00e1men final: consistir\u00e1 en una prueba escrita u oral.<\/p>\n<p>R\u00e9gimen promocional: aquellos alumnos que aprueben las pruebas de evaluaci\u00f3n en primera instancia con una calificaci\u00f3n igual o superior a 7 (siete) en cada una de ellas, podr\u00e1n promociona la asignatura, resultando su calificaci\u00f3n final de promediar las calificaciones obtenidas en las dos pruebas de evaluaci\u00f3n.<\/p>\n<p>Ex\u00e1menes libres: el examen libre constar\u00e1 de una prueba de evaluaci\u00f3n de la parte pr\u00e1ctica (ejercicios, problemas y parte experimental) y de un examen final que versar\u00e1 sobre todo el programa de la asignatura. El alumno deber\u00e1 aprobar la evaluaci\u00f3n de la parte pr\u00e1ctica para poder rendir el examen final.<strong>\u00a0<\/strong><\/p>\n<p align=\"center\">Dr. Ing. Ricardo Ren\u00e9 Ferrari<\/p>\n<p align=\"center\">Profesor Adjunto &#8211; Encargado de C\u00e1tedra<\/p>\n<p align=\"center\">C\u00e1tedra de Ingenier\u00eda Ambiental<\/p>\n<p>&nbsp;<\/p>\n","protected":false},"excerpt":{"rendered":"<p>Programa Anal\u00edtico:\u00a0\u00a0 INGENIER\u00cdA AMBIENTAL Carrera: Ingenier\u00eda en Agrimensura.\u00a0\u00a0\u00a0 Plan 1998 mod. 2004 R\u00e9gimen: Cuatrimestral. OBJETIVOS: El objetivo de la asignatura es proporcionar conocimientos, conceptos, herramientas y m\u00e9todos sobre el uso racional de los recursos para la prevenci\u00f3n de la contaminaci\u00f3n del suelo, el agua y el aire derivados de la actividad humana, en el marco [&hellip;]<\/p>\n","protected":false},"author":10,"featured_media":0,"parent":0,"menu_order":0,"comment_status":"open","ping_status":"closed","template":"","meta":[],"_links":{"self":[{"href":"https:\/\/www.facet.unt.edu.ar\/agrimensura\/wp-json\/wp\/v2\/pages\/299"}],"collection":[{"href":"https:\/\/www.facet.unt.edu.ar\/agrimensura\/wp-json\/wp\/v2\/pages"}],"about":[{"href":"https:\/\/www.facet.unt.edu.ar\/agrimensura\/wp-json\/wp\/v2\/types\/page"}],"author":[{"embeddable":true,"href":"https:\/\/www.facet.unt.edu.ar\/agrimensura\/wp-json\/wp\/v2\/users\/10"}],"replies":[{"embeddable":true,"href":"https:\/\/www.facet.unt.edu.ar\/agrimensura\/wp-json\/wp\/v2\/comments?post=299"}],"version-history":[{"count":0,"href":"https:\/\/www.facet.unt.edu.ar\/agrimensura\/wp-json\/wp\/v2\/pages\/299\/revisions"}],"wp:attachment":[{"href":"https:\/\/www.facet.unt.edu.ar\/agrimensura\/wp-json\/wp\/v2\/media?parent=299"}],"curies":[{"name":"wp","href":"https:\/\/api.w.org\/{rel}","templated":true}]}}