{"id":307,"date":"2013-04-25T04:19:10","date_gmt":"2013-04-25T04:19:10","guid":{"rendered":"http:\/\/www1.herrera.unt.edu.ar\/faceyt\/agrimensura\/?page_id=307"},"modified":"2013-04-25T04:19:10","modified_gmt":"2013-04-25T04:19:10","slug":"evaluacion-de-proyecto","status":"publish","type":"page","link":"https:\/\/www.facet.unt.edu.ar\/agrimensura\/evaluacion-de-proyecto\/","title":{"rendered":"Evaluaci\u00f3n de Proyecto"},"content":{"rendered":"<p><strong>Programa Anal\u00edtico:\u00a0\u00a0 \u00a0EVALUACI\u00d3N DE PROYECTO<\/strong><\/p>\n<h1>Carrera: Ingenier\u00eda en Agrimensura.\u00a0\u00a0\u00a0 Plan 1998 mod. 2004<\/h1>\n<h1>R\u00e9gimen: Cuatrimestral.<\/h1>\n<p><strong>OBJETIVOS:<\/strong><\/p>\n<p>Al finalizar la asignatura el alumno ser\u00e1 capaz de:<\/p>\n<p>Aprender a evaluar econ\u00f3mica y financieramente alternativas de inversi\u00f3n relacionadas con emprendimientos nuevos o mejora de emprendimientos existentes de peque\u00f1as o medianas empresas. Interiorizar acerca de la pr\u00e1ctica concreta de evaluaci\u00f3n de proyectos<\/p>\n<p><strong>Carga horaria:<\/strong> 96 horas<\/p>\n<p><strong>CONTENIDOS:<\/strong><\/p>\n<p><strong>Tema 1 Microeconomia<\/strong>: La oferta, la demanda y los mercados de productos. La demanda, la utilidad y la conducta del consumidor. Equilibrio del consumidor. La l\u00f3gica del intercambio. La elasticidad precio y la elasticidad ingreso de la demanda de un bien .Su importancia en las proyecciones sobre crecimiento de la demanda<\/p>\n<p><strong>Tema 2 Teor\u00eda de la Producci\u00f3n y de los productos marginales<\/strong>. An\u00e1lisis de los costos. Oferta de la empresa y Oferta de la industria en competencia perfecta. La competencia imperfecta. El monopolio y las pr\u00e1cticas no competitivas .Monopolios &#8220;naturales&#8221; y sus necesidades de regulaci\u00f3n. y control.<\/p>\n<p><strong>Tema 3 La evaluaci\u00f3n de proyecto de Inversi\u00f3n.<\/strong> An\u00e1lisis de una empresa en el marco de una econom\u00eda de mercado. Teor\u00eda del capital. El inter\u00e9s y la rentabilidad del capital f\u00edsico. Diferentes tipos de capital y de rendimientos. Los conceptos de Flujos y Stock asociados con el capital. El Stock de capital en Argentina y sus variaciones. El Stock de capital como porcentaje del PBI <strong>Tema 4: An\u00e1lisis de series de precios.<\/strong> Diferencias entre series nominales y reales. Estimaci\u00f3n de los precios de bienes y servicios, factores productivos e insumos basada en el an\u00e1lisis hist\u00f3rico de los precios y sus tendencias. C\u00f3mo proyectar precios para el futuro. \u00bfCon qu\u00e9 precios se debe trabajar enla Evaluaci\u00f3n de un Proyecto?.<\/p>\n<p><strong>Tema 5: M\u00e9todos para la evaluaci\u00f3n econ\u00f3mica de Proyectos<\/strong>: La tasa interna de retorno. El Valor Actual Neto. La raz\u00f3n Beneficios-Costos. Formulaci\u00f3n y Evaluaci\u00f3n de un proyecto concreto. El an\u00e1lisis del riesgo. C\u00e1lculos vinculados a los tipos de inter\u00e9s y a los m\u00e9todos utilizados para la amortizaci\u00f3n de un cr\u00e9dito. Diferentes modos de estimar el valor de los bienes de capital. Determinaci\u00f3n de los tipos de inter\u00e9s y del rendimiento del capital.<\/p>\n<p><strong>Tema 6: Mercados de productos locales, nacionales e internacionales<\/strong>. Determinaci\u00f3n de los precios de productos exportables o importables. Influencia del tipo de cambio en los denominados \u201cTransables\u201d. El Deflactor Impl\u00edcito del PBI en Argentina: Los deflactores de los sectores Exportador e Importador. El problema del Tipo de cambio y sus variaciones. Tipos de cambio nominal, real, de equilibrio, de Paridad de Poder de Compra. \u00bfPor qu\u00e9 pa\u00edses diferentes coexisten con PPP diferentes?. La ley de un solo precio aplicada al tipo de cambio. La relaci\u00f3n entre niveles de PBI per c\u00e1pita y PPP.<\/p>\n<p><strong>Tema 7: Fundamentos de la evaluaci\u00f3n social de proyectos<\/strong>: Principales Diferencias entre la evaluaci\u00f3n privada yla Evaluaci\u00f3n social de un proyecto. Los llamados \u201cPrecios sombra\u201d .El crecimiento econ\u00f3mico. Los conceptos de Capital y de Rentabilidad. Ajustes al \u201cprecio sombra\u201d de la divisas. Ajustes al precio \u201csombra de la mano de obra\u201d. Ajustes por la presencia de impuestos y subsidios distorsivos.<\/p>\n<p><strong>Tema 8: Los flujos de capitales del exterior<\/strong>. Los efectos de los flujos de capitales sobre las principales variables Macro-econ\u00f3micas: El tipo de cambio real, la tasa de inter\u00e9s, el nivel de precios dom\u00e9stico. Proyectos financiados con capitales del exterior. Inversiones externas con \u201cCapital de Riesgo\u201d. Ventajas y desventajas del financiamiento externo de Proyectos<\/p>\n<p>de Inversi\u00f3n.<\/p>\n<p><strong>BIBLIOGRAF\u00cdA:<\/strong><\/p>\n<table width=\"500\" border=\"0\" cellspacing=\"0\" cellpadding=\"0\">\n<tbody>\n<tr>\n<td valign=\"top\" width=\"100\">\n<p align=\"center\"><strong>T\u00edtulo<\/strong><strong><\/strong><\/p>\n<\/td>\n<td valign=\"top\" width=\"100\">\n<p align=\"center\"><strong>Autor(es)<\/strong><strong><\/strong><\/p>\n<\/td>\n<td valign=\"top\" width=\"100\">\n<p align=\"center\"><strong>Editorial<\/strong><strong><\/strong><\/p>\n<\/td>\n<td valign=\"top\" width=\"100\">\n<p align=\"center\"><strong>A\u00f1o de edici\u00f3n<\/strong><strong><\/strong><\/p>\n<\/td>\n<td valign=\"top\" width=\"100\">\n<p align=\"center\"><strong>Ejemplares disponibles<\/strong><strong><\/strong><\/p>\n<\/td>\n<td width=\"0\" height=\"41\"><\/td>\n<\/tr>\n<tr>\n<td rowspan=\"2\" valign=\"top\" width=\"100\">Evaluaci\u00f3n Social de Proyectos<\/td>\n<td rowspan=\"2\" valign=\"top\" width=\"100\">\u00a0Fontaine, Ernesto R<\/td>\n<td rowspan=\"2\" valign=\"top\" width=\"100\">ALFAOMEGA<\/td>\n<td rowspan=\"2\" valign=\"top\" width=\"100\">\n<p align=\"right\">2002<\/p>\n<\/td>\n<td rowspan=\"2\" valign=\"top\" width=\"100\">\n<p align=\"right\">2<\/p>\n<\/td>\n<td width=\"0\" height=\"30\"><\/td>\n<\/tr>\n<tr>\n<td width=\"0\" height=\"21\"><\/td>\n<\/tr>\n<tr>\n<td valign=\"top\" width=\"100\">Econom\u00eda<\/td>\n<td valign=\"top\" width=\"100\">Samuelson y Nordhauss<\/td>\n<td valign=\"top\" width=\"100\">MC GRAW HILL<\/td>\n<td valign=\"top\" width=\"100\">\n<p align=\"right\">2003<\/p>\n<\/td>\n<td valign=\"top\" width=\"100\">\n<p align=\"right\">10<\/p>\n<\/td>\n<td width=\"0\" height=\"35\"><\/td>\n<\/tr>\n<tr>\n<td valign=\"top\" width=\"100\">Preparaci\u00f3n T\u00e9cnica, Evaluaci\u00f3n Econ\u00f3mica y Presentaci\u00f3n de Proyectos<\/td>\n<td valign=\"top\" width=\"100\">Munier, Nolberto J.<\/td>\n<td valign=\"top\" width=\"100\">Astrea<\/td>\n<td valign=\"top\" width=\"100\">\n<p align=\"right\">1979<\/p>\n<\/td>\n<td valign=\"top\" width=\"100\">\n<p align=\"right\">2<\/p>\n<\/td>\n<td width=\"0\" height=\"110\"><\/td>\n<\/tr>\n<tr>\n<td valign=\"top\" width=\"100\">Evaluaci\u00f3n Econ\u00f3mica y Social de Proyectos de Inversi\u00f3n<\/td>\n<td valign=\"top\" width=\"100\">\u00a0Castro Rodr\u00edguez, Ra\u00fal<\/td>\n<td valign=\"top\" width=\"100\">Alfaomega<\/td>\n<td valign=\"top\" width=\"100\">\n<p align=\"right\">2002<\/p>\n<\/td>\n<td valign=\"top\" width=\"100\">\n<p align=\"right\">3<\/p>\n<\/td>\n<td width=\"0\" height=\"88\"><\/td>\n<\/tr>\n<tr>\n<td valign=\"top\" width=\"100\">Evaluaci\u00f3n de Proyectos<\/td>\n<td valign=\"top\" width=\"100\">\u00a0Baca Urbina, Gabriel<\/td>\n<td valign=\"top\" width=\"100\">McGraw-Hill<\/td>\n<td valign=\"top\" width=\"100\">\n<p align=\"right\">2001<\/p>\n<\/td>\n<td valign=\"top\" width=\"100\">\n<p align=\"right\">1<\/p>\n<\/td>\n<td width=\"0\" height=\"53\"><\/td>\n<\/tr>\n<\/tbody>\n<\/table>\n<p><strong>DESCRIPCI\u00d3N ANAL\u00cdTICA DE LAS ACTIVIDADES TE\u00d3RICAS Y PR\u00c1CTICAS:<\/strong><\/p>\n<p>Se sigue la modalidad convencional del dictado de clases y del apoyo al alumno durante consultas personales. Se dictan clases pr\u00e1cticas con resoluci\u00f3n de trabajos pr\u00e1cticos y se eval\u00faa al final mediante ex\u00e1menes integrales y finales a libro abierto.\u00a0 Los alumnos disponen adem\u00e1s de una p\u00e1gina y de contacto personal y por v\u00eda de mail con los profesores. En la pagina se incluyen art\u00edculos period\u00edsticos, publicaciones, y ejercicios y preguntas de ex\u00e1menes para practica de los estudiantes .<\/p>\n<p>Trabajo Practico N\u00ba1 Tasa de Inter\u00e9s<\/p>\n<p>Trabajo Practico N\u00ba2 Valor actual<\/p>\n<p>Trabajo Practico N\u00ba3 Utilizaci\u00f3n de Herramientas Financieras<\/p>\n<p>Trabajo Practico N\u00ba4 VAN<\/p>\n<p>Trabajo Practico N\u00ba5 VAN y TIR<\/p>\n<p>Trabajo Practico N\u00ba6 Evaluaci\u00f3n de proyecto<\/p>\n<p><strong>Metodolog\u00eda y Forma de evaluaci\u00f3n:<\/strong><\/p>\n<p><strong>\u00a0<\/strong><strong>Para regularizar la asignatura: <\/strong>Aprobar examen integral al final del dictado de la materia o\u00a0Aprobar recuperaci\u00f3n de examen integral.<\/p>\n<p><strong>Para aprobar la asignatura: <\/strong>Aprobar un examen en las mesas finales fijadas porla Facultad de Ciencias Exactas y Tecnolog\u00eda.<\/p>\n<p><strong>Examen libre: <\/strong>Los alumnos deber\u00e1n informar a la c\u00e1tedra para fijar fecha de pre-examen. Fijada la fecha los alumnos deber\u00e1n inscribirse en Depto. Alumnos para rendir el pre- examen. La aprobaci\u00f3n del pre-examen permite rendir el examen final en la siguiente mesa, pero no implica la regularidad de la materia<\/p>\n<p>&nbsp;<\/p>\n","protected":false},"excerpt":{"rendered":"<p>Programa Anal\u00edtico:\u00a0\u00a0 \u00a0EVALUACI\u00d3N DE PROYECTO Carrera: Ingenier\u00eda en Agrimensura.\u00a0\u00a0\u00a0 Plan 1998 mod. 2004 R\u00e9gimen: Cuatrimestral. OBJETIVOS: Al finalizar la asignatura el alumno ser\u00e1 capaz de: Aprender a evaluar econ\u00f3mica y financieramente alternativas de inversi\u00f3n relacionadas con emprendimientos nuevos o mejora de emprendimientos existentes de peque\u00f1as o medianas empresas. Interiorizar acerca de la pr\u00e1ctica concreta de [&hellip;]<\/p>\n","protected":false},"author":10,"featured_media":0,"parent":0,"menu_order":0,"comment_status":"open","ping_status":"closed","template":"","meta":[],"_links":{"self":[{"href":"https:\/\/www.facet.unt.edu.ar\/agrimensura\/wp-json\/wp\/v2\/pages\/307"}],"collection":[{"href":"https:\/\/www.facet.unt.edu.ar\/agrimensura\/wp-json\/wp\/v2\/pages"}],"about":[{"href":"https:\/\/www.facet.unt.edu.ar\/agrimensura\/wp-json\/wp\/v2\/types\/page"}],"author":[{"embeddable":true,"href":"https:\/\/www.facet.unt.edu.ar\/agrimensura\/wp-json\/wp\/v2\/users\/10"}],"replies":[{"embeddable":true,"href":"https:\/\/www.facet.unt.edu.ar\/agrimensura\/wp-json\/wp\/v2\/comments?post=307"}],"version-history":[{"count":0,"href":"https:\/\/www.facet.unt.edu.ar\/agrimensura\/wp-json\/wp\/v2\/pages\/307\/revisions"}],"wp:attachment":[{"href":"https:\/\/www.facet.unt.edu.ar\/agrimensura\/wp-json\/wp\/v2\/media?parent=307"}],"curies":[{"name":"wp","href":"https:\/\/api.w.org\/{rel}","templated":true}]}}