{"id":325,"date":"2014-08-20T11:58:37","date_gmt":"2014-08-20T14:58:37","guid":{"rendered":"https:\/\/www.facet.unt.edu.ar\/agrimensura\/home\/"},"modified":"2021-11-04T23:12:30","modified_gmt":"2021-11-05T02:12:30","slug":"home","status":"publish","type":"page","link":"https:\/\/www.facet.unt.edu.ar\/agrimensura\/","title":{"rendered":"Home"},"content":{"rendered":"<div id=\"pl-325\"  class=\"panel-layout\" ><div id=\"pg-325-0\"  class=\"panel-grid panel-no-style\" ><div id=\"pgc-325-0-0\"  class=\"panel-grid-cell\" ><div id=\"panel-325-0-0-0\" class=\"so-panel widget widget_text panel-first-child panel-last-child\" data-index=\"0\" ><h3 class=\"widget-title\">Bienvenidos a la Carrera de Agrimensura<\/h3>\t\t\t<div class=\"textwidget\"><p style=\"text-align:justify\">La agrimensura es la disciplina que se ocupa de la ubicaci\u00f3n, identificaci\u00f3n, delimitaci\u00f3n, medici\u00f3n, representaci\u00f3n y valuaci\u00f3n del espacio y la propiedad territorial, ya sea p\u00fablica o privada, urbana o rural, tanto en su superficie como en su profundidad, as\u00ed como tambi\u00e9n de la ubicaci\u00f3n y control geom\u00e9trico de obras, organizando y conduciendo su registro, es decir, el catastro. <\/p>\n\n<strong>T\u00edtulo de Grado: Ingeniero Agrimensor<\/strong><br \/>\n<strong>Duraci\u00f3n: 5 a\u00f1os<\/strong><br \/>\n<strong>Carrera acreditada por la Comisi\u00f3n Nacional de Evaluaci\u00f3n y Acreditaci\u00f3n Universitaria (CONEAU), con la m\u00e1xima puntuaci\u00f3n que \u00e9sta otorga (6 a\u00f1os).<\/strong><br \/><br \/>\n\n\n<\/div>\n\t\t<\/div><\/div><\/div><div id=\"pg-325-1\"  class=\"panel-grid panel-no-style\" ><div id=\"pgc-325-1-0\"  class=\"panel-grid-cell panel-grid-cell-empty\" ><\/div><div id=\"pgc-325-1-1\"  class=\"panel-grid-cell panel-grid-cell-mobile-last\" ><div id=\"panel-325-1-1-0\" class=\"so-panel widget widget_siteorigin-panels-video panel-first-child panel-last-child\" data-index=\"1\" ><div style=\"width: 640px;\" class=\"wp-video\"><!--[if lt IE 9]><script>document.createElement('video');<\/script><![endif]-->\n<video class=\"wp-video-shortcode\" id=\"video-325-1\" width=\"640\" height=\"360\" preload=\"metadata\" controls=\"controls\"><source type=\"video\/youtube\" src=\"https:\/\/www.youtube.com\/watch?v=ZGmgl-0NKG0&#038;_=1\" \/><a href=\"https:\/\/www.youtube.com\/watch?v=ZGmgl-0NKG0\">https:\/\/www.youtube.com\/watch?v=ZGmgl-0NKG0<\/a><\/video><\/div><\/div><\/div><div id=\"pgc-325-1-2\"  class=\"panel-grid-cell panel-grid-cell-empty\" ><\/div><\/div><div id=\"pg-325-2\"  class=\"panel-grid panel-no-style\" ><div id=\"pgc-325-2-0\"  class=\"panel-grid-cell\" ><div id=\"panel-325-2-0-0\" class=\"so-panel widget widget_origin_call-to-action panel-first-child panel-last-child\" data-index=\"2\" ><div class=\"origin-widget origin-widget-call-to-action origin-widget-call-to-action-simple-light_dashed\"><h2 class=\"title\">Ingreso FACET<\/h2>\n<h5 class=\"subtitle\"><\/h5>\n<div class=\"origin-widget origin-widget-button origin-widget-button-simple-blue align-none\"><a href=\"https:\/\/www.facet.unt.edu.ar\/ingreso-facet\/\" >\n\t Informaci\u00f3n sobre las instancias de nivelaci\u00f3n para Ingreso<\/a><\/div><\/div><\/div><\/div><\/div><\/div>","protected":false},"excerpt":{"rendered":"<p>La agrimensura es la disciplina que se ocupa de la ubicaci\u00f3n, identificaci\u00f3n, delimitaci\u00f3n, medici\u00f3n, representaci\u00f3n y valuaci\u00f3n del espacio y la propiedad territorial, ya sea p\u00fablica o privada, urbana o rural, tanto en su superficie como en su profundidad, as\u00ed como tambi\u00e9n de la ubicaci\u00f3n y control geom\u00e9trico de obras, organizando y conduciendo su registro, [&hellip;]<\/p>\n","protected":false},"author":10,"featured_media":0,"parent":0,"menu_order":0,"comment_status":"closed","ping_status":"open","template":"home-panels.php","meta":[],"_links":{"self":[{"href":"https:\/\/www.facet.unt.edu.ar\/agrimensura\/wp-json\/wp\/v2\/pages\/325"}],"collection":[{"href":"https:\/\/www.facet.unt.edu.ar\/agrimensura\/wp-json\/wp\/v2\/pages"}],"about":[{"href":"https:\/\/www.facet.unt.edu.ar\/agrimensura\/wp-json\/wp\/v2\/types\/page"}],"author":[{"embeddable":true,"href":"https:\/\/www.facet.unt.edu.ar\/agrimensura\/wp-json\/wp\/v2\/users\/10"}],"replies":[{"embeddable":true,"href":"https:\/\/www.facet.unt.edu.ar\/agrimensura\/wp-json\/wp\/v2\/comments?post=325"}],"version-history":[{"count":1,"href":"https:\/\/www.facet.unt.edu.ar\/agrimensura\/wp-json\/wp\/v2\/pages\/325\/revisions"}],"predecessor-version":[{"id":457,"href":"https:\/\/www.facet.unt.edu.ar\/agrimensura\/wp-json\/wp\/v2\/pages\/325\/revisions\/457"}],"wp:attachment":[{"href":"https:\/\/www.facet.unt.edu.ar\/agrimensura\/wp-json\/wp\/v2\/media?parent=325"}],"curies":[{"name":"wp","href":"https:\/\/api.w.org\/{rel}","templated":true}]}}