{"id":33,"date":"2012-11-21T00:44:00","date_gmt":"2012-11-21T00:44:00","guid":{"rendered":"http:\/\/www1.herrera.unt.edu.ar\/faceyt\/agrimensura\/?page_id=33"},"modified":"2021-04-06T00:09:42","modified_gmt":"2021-04-06T03:09:42","slug":"salida-laboral","status":"publish","type":"page","link":"https:\/\/www.facet.unt.edu.ar\/agrimensura\/salida-laboral\/","title":{"rendered":"Salida Laboral"},"content":{"rendered":"<address>Se adoptan los alcances establecidos como anexo en la Resoluci\u00f3n N\u00b0 432\/87 del Ministerio de Educaci\u00f3n y Justicia de la Naci\u00f3n, coincidentes con la 1054\/2002 del Ministerio de Educaci\u00f3n Ciencia y Tecnolog\u00eda.<\/address>\n<address>\u00a0<\/address>\n<address>Ellas son:<\/address>\n<ul>\n<li>\n<address>\u00a0Realizar reconocimiento, determinaci\u00f3n, medici\u00f3n y representaci\u00f3n del espacio territorial y sus caracter\u00edsticas.<\/address>\n<\/li>\n<li>\n<address>\u00a0Realizar determinaci\u00f3n, demarcaci\u00f3n, comprobaci\u00f3n y extensi\u00f3n de l\u00edmites territoriales y l\u00edneas de ribera.<\/address>\n<\/li>\n<li>\n<address>Realizar determinaci\u00f3n, demarcaci\u00f3n y comprobaci\u00f3n de jurisdicciones pol\u00edticas y administrativas.<\/address>\n<\/li>\n<li>\n<address>Realizar determinaci\u00f3n, demarcaci\u00f3n y comprobaci\u00f3n de hechos territoriales existentes y de actos posesionarios y de muros y cercos divisorios y medianeros.<\/address>\n<\/li>\n<li>\n<address>\u00a0Realizar por mensura la determinaci\u00f3n, marcaci\u00f3n y verificaci\u00f3n de inmuebles y parcelas y sus afectaciones.<\/address>\n<\/li>\n<li>\n<address>\u00a0Estudiar, proyectar, dirigir, ejecutar e inspeccionar: divisiones, subdivisiones en propiedad horizontal, pre horizontalidad, desmembramientos, unificaciones, anexiones, concentraciones y recomposiciones inmobiliarias y parcelarias.<\/address>\n<\/li>\n<li>\n<address>Estudiar, proyectar, registrar, dirigir, ejecutar e inspeccionar levantamientos territoriales, inmobiliarios y\/o parcelarios con fines catastrales y valuatorios masivos.<\/address>\n<\/li>\n<li>\n<address>Certificar y registrar el estado parcelario y los actos de levantamiento territorial.<\/address>\n<\/li>\n<li>\n<address>Realizar e interpretar levantamientos planialtim\u00e9tricos, topogr\u00e1ficos, hidrogr\u00e1ficos y fotogram\u00e9tricos, con representaci\u00f3n geom\u00e9trica, gr\u00e1fica y anal\u00edtica.<\/address>\n<\/li>\n<li>\n<address>Realizar interpretaciones morfol\u00f3gicas, estereofotogram\u00e9tricas y de im\u00e1genes a\u00e9reas y satelitarias.<\/address>\n<\/li>\n<li>\n<address>\u00a0Estudiar, proyectar, dirigir y ejecutar sistemas geom\u00e9tricos, planialtim\u00e9tricos y mediciones complementarias para el estudio, proyecto y replanteo de obras.<\/address>\n<\/li>\n<li>\n<address>\u00a0Estudiar, dirigir y aplicar sistemas trigonom\u00e9tricos y poligonom\u00e9tricos de precisi\u00f3n, con fines planialtim\u00e9tricos.<\/address>\n<\/li>\n<li>\n<address>\u00a0Estudiar, dirigir y aplicar sistemas geod\u00e9sicos de medici\u00f3n y apoyo planialtim\u00e9tricos.<\/address>\n<\/li>\n<li>\n<address>\u00a0Realizar determinaciones geogr\u00e1ficas de precisi\u00f3n destinadas a fijar la posici\u00f3n y la orientaci\u00f3n de los sistemas trigonom\u00e9tricos o poligom\u00e9tricos de puntos aislados.<\/address>\n<\/li>\n<li>\n<address>\u00a0Realizar determinaciones gravim\u00e9tricas con fines geod\u00e9sicos.<\/address>\n<\/li>\n<li>\n<address>\u00a0Efectuar levantamientos geod\u00e9sicos din\u00e1micos, inerciales y satelitarios.<\/address>\n<\/li>\n<li>\n<address>\u00a0Estudiar, proyectar, ejecutar y dirigir sistemas de control de posiciones horizontal y vertical.<\/address>\n<\/li>\n<li>\n<address>\u00a0Estudiar, proyectar, dirigir y ejecutar sistemas de informaci\u00f3n territorial.<\/address>\n<\/li>\n<li>\n<address>\u00a0Elaborar e interpretar planos, mapas y cartas tem\u00e1ticas: topogr\u00e1ficas y catastrales.<\/address>\n<\/li>\n<li>\n<address>\u00a0Determinar el lenguaje cartogr\u00e1fico, s\u00edmbolos y toponimia en cartas topogr\u00e1ficas y catastrales.<\/address>\n<\/li>\n<li>\n<address>\u00a0Interpretar la aplicaci\u00f3n de la tipificaci\u00f3n de unidades econ\u00f3micas zonales y participar en la subdivisi\u00f3n rural, realizando por mensura la determinaci\u00f3n y demarcaci\u00f3n parcelaria.<\/address>\n<\/li>\n<li>\n<address>\u00a0Participar en la determinaci\u00f3n de la renta potencial media normal y realizar la delimitaci\u00f3n de las zonas territoriales.<\/address>\n<\/li>\n<li>\n<address>\u00a0Participar en la tipificaci\u00f3n de unidades econ\u00f3micas zonales e interpretar su aplicaci\u00f3n.<\/address>\n<\/li>\n<li>\n<address>\u00a0Participar en la formulaci\u00f3n, ejecuci\u00f3n y evaluaci\u00f3n de planes y programas de ordenamiento territorial.<\/address>\n<\/li>\n<li>\n<address>\u00a0Realizar tasaciones y valuaciones de bienes inmuebles.<\/address>\n<\/li>\n<li>\n<address>\u00a0Realizar arbitrajes, peritajes, tasaciones y valuaciones, relacionadas con las mensuras y mediciones topogr\u00e1ficas y geod\u00e9sicas, las representaciones geom\u00e9tricas, gr\u00e1ficas y anal\u00edticas y el estado parcelario.<\/address>\n<\/li>\n<\/ul>\n","protected":false},"excerpt":{"rendered":"<p>Se adoptan los alcances establecidos como anexo en la Resoluci\u00f3n N\u00b0 432\/87 del Ministerio de Educaci\u00f3n y Justicia de la Naci\u00f3n, coincidentes con la 1054\/2002 del Ministerio de Educaci\u00f3n Ciencia y Tecnolog\u00eda. \u00a0 Ellas son: \u00a0Realizar reconocimiento, determinaci\u00f3n, medici\u00f3n y representaci\u00f3n del espacio territorial y sus caracter\u00edsticas. \u00a0Realizar determinaci\u00f3n, demarcaci\u00f3n, comprobaci\u00f3n y extensi\u00f3n de l\u00edmites [&hellip;]<\/p>\n","protected":false},"author":10,"featured_media":0,"parent":0,"menu_order":0,"comment_status":"closed","ping_status":"closed","template":"","meta":[],"_links":{"self":[{"href":"https:\/\/www.facet.unt.edu.ar\/agrimensura\/wp-json\/wp\/v2\/pages\/33"}],"collection":[{"href":"https:\/\/www.facet.unt.edu.ar\/agrimensura\/wp-json\/wp\/v2\/pages"}],"about":[{"href":"https:\/\/www.facet.unt.edu.ar\/agrimensura\/wp-json\/wp\/v2\/types\/page"}],"author":[{"embeddable":true,"href":"https:\/\/www.facet.unt.edu.ar\/agrimensura\/wp-json\/wp\/v2\/users\/10"}],"replies":[{"embeddable":true,"href":"https:\/\/www.facet.unt.edu.ar\/agrimensura\/wp-json\/wp\/v2\/comments?post=33"}],"version-history":[{"count":2,"href":"https:\/\/www.facet.unt.edu.ar\/agrimensura\/wp-json\/wp\/v2\/pages\/33\/revisions"}],"predecessor-version":[{"id":460,"href":"https:\/\/www.facet.unt.edu.ar\/agrimensura\/wp-json\/wp\/v2\/pages\/33\/revisions\/460"}],"wp:attachment":[{"href":"https:\/\/www.facet.unt.edu.ar\/agrimensura\/wp-json\/wp\/v2\/media?parent=33"}],"curies":[{"name":"wp","href":"https:\/\/api.w.org\/{rel}","templated":true}]}}