{"id":397,"date":"2014-08-25T22:50:58","date_gmt":"2014-08-26T01:50:58","guid":{"rendered":"https:\/\/www.facet.unt.edu.ar\/agrimensura\/?page_id=397"},"modified":"2014-08-25T22:50:58","modified_gmt":"2014-08-26T01:50:58","slug":"quienes-la-pueden-ejercer","status":"publish","type":"page","link":"https:\/\/www.facet.unt.edu.ar\/agrimensura\/quienes-la-pueden-ejercer\/","title":{"rendered":"\u00bfQui\u00e9nes la pueden ejercer?"},"content":{"rendered":"<p>El Ing. Agrimensor es el profesional que estudia, proyecta, dirige e implementa los sistemas de informaci\u00f3n parcelaria. Identifica, mide y val\u00faa la propiedad inmueble p\u00fablica o privada, urbana y rural, as\u00ed como las mejoras ejecutadas en su superficie o en el subsuelo, organizando su registro catastral. Participa en la resoluci\u00f3n de problemas inherentes a los derechos sobre las cosas inmuebles. Tambi\u00e9n realiza e interpreta levantamientos planim\u00e9tricos, topogr\u00e1ficos, hidrogr\u00e1ficos y fotogram\u00e9tricos con representaci\u00f3n geom\u00e9trica, gr\u00e1fica y anal\u00edtica.<\/p>\n<p style=\"text-align: center\"><a href=\"https:\/\/www.facet.unt.edu.ar\/agrimensura\/wp-content\/uploads\/sites\/13\/2014\/08\/FOTO-5.jpg\"><img decoding=\"async\" loading=\"lazy\" class=\"alignnone size-full wp-image-398\" src=\"https:\/\/www.facet.unt.edu.ar\/agrimensura\/wp-content\/uploads\/sites\/13\/2014\/08\/FOTO-5.jpg\" alt=\"FOTO 5\" width=\"720\" height=\"480\" srcset=\"https:\/\/www.facet.unt.edu.ar\/agrimensura\/wp-content\/uploads\/sites\/13\/2014\/08\/FOTO-5.jpg 720w, https:\/\/www.facet.unt.edu.ar\/agrimensura\/wp-content\/uploads\/sites\/13\/2014\/08\/FOTO-5-300x200.jpg 300w, https:\/\/www.facet.unt.edu.ar\/agrimensura\/wp-content\/uploads\/sites\/13\/2014\/08\/FOTO-5-272x182.jpg 272w\" sizes=\"(max-width: 720px) 100vw, 720px\" \/><\/a><\/p>\n","protected":false},"excerpt":{"rendered":"<p>El Ing. Agrimensor es el profesional que estudia, proyecta, dirige e implementa los sistemas de informaci\u00f3n parcelaria. Identifica, mide y val\u00faa la propiedad inmueble p\u00fablica o privada, urbana y rural, as\u00ed como las mejoras ejecutadas en su superficie o en el subsuelo, organizando su registro catastral. Participa en la resoluci\u00f3n de problemas inherentes a los [&hellip;]<\/p>\n","protected":false},"author":10,"featured_media":0,"parent":0,"menu_order":0,"comment_status":"closed","ping_status":"closed","template":"","meta":[],"_links":{"self":[{"href":"https:\/\/www.facet.unt.edu.ar\/agrimensura\/wp-json\/wp\/v2\/pages\/397"}],"collection":[{"href":"https:\/\/www.facet.unt.edu.ar\/agrimensura\/wp-json\/wp\/v2\/pages"}],"about":[{"href":"https:\/\/www.facet.unt.edu.ar\/agrimensura\/wp-json\/wp\/v2\/types\/page"}],"author":[{"embeddable":true,"href":"https:\/\/www.facet.unt.edu.ar\/agrimensura\/wp-json\/wp\/v2\/users\/10"}],"replies":[{"embeddable":true,"href":"https:\/\/www.facet.unt.edu.ar\/agrimensura\/wp-json\/wp\/v2\/comments?post=397"}],"version-history":[{"count":1,"href":"https:\/\/www.facet.unt.edu.ar\/agrimensura\/wp-json\/wp\/v2\/pages\/397\/revisions"}],"predecessor-version":[{"id":399,"href":"https:\/\/www.facet.unt.edu.ar\/agrimensura\/wp-json\/wp\/v2\/pages\/397\/revisions\/399"}],"wp:attachment":[{"href":"https:\/\/www.facet.unt.edu.ar\/agrimensura\/wp-json\/wp\/v2\/media?parent=397"}],"curies":[{"name":"wp","href":"https:\/\/api.w.org\/{rel}","templated":true}]}}