{"id":71,"date":"2012-11-21T03:07:25","date_gmt":"2012-11-21T03:07:25","guid":{"rendered":"http:\/\/www1.herrera.unt.edu.ar\/faceyt\/agrimensura\/?page_id=71"},"modified":"2012-11-21T03:07:25","modified_gmt":"2012-11-21T03:07:25","slug":"organizacion","status":"publish","type":"page","link":"https:\/\/www.facet.unt.edu.ar\/agrimensura\/organizacion\/","title":{"rendered":"Organizaci\u00f3n"},"content":{"rendered":"<p>El marco temporal del Plan de Estudios sostiene un sistema modular de asignaturas formales, con tres asignaturas electivas. Se desarrolla a lo largo de diez m\u00f3dulos semestrales, con diecis\u00e9is semanas de actividad reservada para las clases te\u00f3ricas y los trabajos pr\u00e1cticos.<\/p>\n<p>Adem\u00e1s de las actividades formales de aula, se establecen: 1 curso anual de Idioma Ingl\u00e9s, Practicas Profesionales en empresas o proyectos de investigaci\u00f3n oficiales que deben cumplirse luego de cursar y regularizar el modulo VII y un Proyecto Final que el alumno podr\u00e1 a comenzar cuando haya cursado y regularizado las asignaturas obligatorias del modulo VIII y que deber\u00e1 defender cuando tenga aprobadas todas las asignaturas de la carrera de Agrimensura.<\/p>\n","protected":false},"excerpt":{"rendered":"<p>El marco temporal del Plan de Estudios sostiene un sistema modular de asignaturas formales, con tres asignaturas electivas. Se desarrolla a lo largo de diez m\u00f3dulos semestrales, con diecis\u00e9is semanas de actividad reservada para las clases te\u00f3ricas y los trabajos pr\u00e1cticos. Adem\u00e1s de las actividades formales de aula, se establecen: 1 curso anual de Idioma [&hellip;]<\/p>\n","protected":false},"author":10,"featured_media":0,"parent":0,"menu_order":0,"comment_status":"closed","ping_status":"closed","template":"sidebar-page.php","meta":[],"_links":{"self":[{"href":"https:\/\/www.facet.unt.edu.ar\/agrimensura\/wp-json\/wp\/v2\/pages\/71"}],"collection":[{"href":"https:\/\/www.facet.unt.edu.ar\/agrimensura\/wp-json\/wp\/v2\/pages"}],"about":[{"href":"https:\/\/www.facet.unt.edu.ar\/agrimensura\/wp-json\/wp\/v2\/types\/page"}],"author":[{"embeddable":true,"href":"https:\/\/www.facet.unt.edu.ar\/agrimensura\/wp-json\/wp\/v2\/users\/10"}],"replies":[{"embeddable":true,"href":"https:\/\/www.facet.unt.edu.ar\/agrimensura\/wp-json\/wp\/v2\/comments?post=71"}],"version-history":[{"count":0,"href":"https:\/\/www.facet.unt.edu.ar\/agrimensura\/wp-json\/wp\/v2\/pages\/71\/revisions"}],"wp:attachment":[{"href":"https:\/\/www.facet.unt.edu.ar\/agrimensura\/wp-json\/wp\/v2\/media?parent=71"}],"curies":[{"name":"wp","href":"https:\/\/api.w.org\/{rel}","templated":true}]}}