{"id":87,"date":"2012-11-21T03:36:11","date_gmt":"2012-11-21T03:36:11","guid":{"rendered":"http:\/\/www1.herrera.unt.edu.ar\/faceyt\/agrimensura\/?page_id=87"},"modified":"2016-11-20T22:37:19","modified_gmt":"2016-11-21T01:37:19","slug":"plantel-docente","status":"publish","type":"page","link":"https:\/\/www.facet.unt.edu.ar\/agrimensura\/plantel-docente\/","title":{"rendered":"Plantel Docente"},"content":{"rendered":"<p><strong>Personal<\/strong>:<\/p>\n<ul>\n<li>Cardenas, Eduardo Ren\u00e9<\/li>\n<li>Carelli, Javier<\/li>\n<li>Corral, Sandra<\/li>\n<li>Estrada, Luis Alberto<\/li>\n<li>Gil Viera, Oscar Leandro<\/li>\n<li>Giobellina, Carlos Alberto<\/li>\n<li>Herrero, H\u00e9ctor Ra\u00fal<\/li>\n<li>Jimenez Santillan, Juan Carlos Hugo<\/li>\n<li>Llorens, Ram\u00f3n Eduardo<\/li>\n<li>Martorell, Lidia Ester<\/li>\n<li>Navarro, Federico Augusto<\/li>\n<li>Pastorino, Mar\u00eda In\u00e9s<\/li>\n<li>Robles, Julio Cesar<\/li>\n<li>Sarmiento, Rub\u00e9n Carlos<\/li>\n<li>Vacaflor, Jos\u00e9 Luis<\/li>\n<\/ul>\n","protected":false},"excerpt":{"rendered":"<p>Personal: Cardenas, Eduardo Ren\u00e9 Carelli, Javier Corral, Sandra Estrada, Luis Alberto Gil Viera, Oscar Leandro Giobellina, Carlos Alberto Herrero, H\u00e9ctor Ra\u00fal Jimenez Santillan, Juan Carlos Hugo Llorens, Ram\u00f3n Eduardo Martorell, Lidia Ester Navarro, Federico Augusto Pastorino, Mar\u00eda In\u00e9s Robles, Julio Cesar Sarmiento, Rub\u00e9n Carlos Vacaflor, Jos\u00e9 Luis<\/p>\n","protected":false},"author":10,"featured_media":0,"parent":0,"menu_order":0,"comment_status":"closed","ping_status":"closed","template":"","meta":[],"_links":{"self":[{"href":"https:\/\/www.facet.unt.edu.ar\/agrimensura\/wp-json\/wp\/v2\/pages\/87"}],"collection":[{"href":"https:\/\/www.facet.unt.edu.ar\/agrimensura\/wp-json\/wp\/v2\/pages"}],"about":[{"href":"https:\/\/www.facet.unt.edu.ar\/agrimensura\/wp-json\/wp\/v2\/types\/page"}],"author":[{"embeddable":true,"href":"https:\/\/www.facet.unt.edu.ar\/agrimensura\/wp-json\/wp\/v2\/users\/10"}],"replies":[{"embeddable":true,"href":"https:\/\/www.facet.unt.edu.ar\/agrimensura\/wp-json\/wp\/v2\/comments?post=87"}],"version-history":[{"count":4,"href":"https:\/\/www.facet.unt.edu.ar\/agrimensura\/wp-json\/wp\/v2\/pages\/87\/revisions"}],"predecessor-version":[{"id":448,"href":"https:\/\/www.facet.unt.edu.ar\/agrimensura\/wp-json\/wp\/v2\/pages\/87\/revisions\/448"}],"wp:attachment":[{"href":"https:\/\/www.facet.unt.edu.ar\/agrimensura\/wp-json\/wp\/v2\/media?parent=87"}],"curies":[{"name":"wp","href":"https:\/\/api.w.org\/{rel}","templated":true}]}}