{"id":100,"date":"2016-09-23T16:58:47","date_gmt":"2016-09-23T19:58:47","guid":{"rendered":"https:\/\/www.facet.unt.edu.ar\/alta-tension\/?page_id=100"},"modified":"2023-10-19T19:56:32","modified_gmt":"2023-10-19T22:56:32","slug":"instalaciones","status":"publish","type":"page","link":"https:\/\/www.facet.unt.edu.ar\/alta-tension\/servicios\/instalaciones\/","title":{"rendered":"Instalaciones"},"content":{"rendered":"<div id=\"pl-100\"  class=\"panel-layout\" ><div id=\"pg-100-0\"  class=\"panel-grid panel-no-style\" ><div id=\"pgc-100-0-0\"  class=\"panel-grid-cell\" ><div id=\"panel-100-0-0-0\" class=\"so-panel widget widget_sow-editor panel-first-child panel-last-child\" data-index=\"0\" ><div\n\t\t\t\n\t\t\tclass=\"so-widget-sow-editor so-widget-sow-editor-base\"\n\t\t\t\n\t\t><h3 class=\"widget-title\">Instalaciones<\/h3>\n<div class=\"siteorigin-widget-tinymce textwidget\">\n\t<p style=\"text-align: justify;\">El IATTE cuenta con tres Laboratorios: Alta Tensi\u00f3n, Calibraci\u00f3n y Simulaci\u00f3n.<\/p>\n<p style=\"text-align: justify;\">\u00a0\u00a0\u00a0\u00a0\u00a0\u00a0\u00a0\u00a0\u00a0 El IATTE se encuentra ubicado en el Centro Ing. Roberto Herrera, Facultad de Ciencias Exactas y Tecnolog\u00eda de la UNT, en la ciudad de San Miguel de Tucum\u00e1n y es de f\u00e1cil acceso por las avenidas del per\u00edmetro externo de la ciudad capital.<\/p>\n<p style=\"text-align: justify;\">\u00a0\u00a0\u00a0\u00a0\u00a0\u00a0\u00a0\u00a0\u00a0 El IATTE dispone de importante equipamiento que permiten realizar tareas de docencia, investigaci\u00f3n y servicios tecnol\u00f3gicos de alto nivel. La superficie cubierta disponible es mayor que 600 m<em><sup>2<\/sup><\/em>:<\/p>\n<ul>\n<li style=\"text-align: justify;\"><em>Una Sala de Ensayos para alta tensi\u00f3n de 16x14x12 metros (224 m<sup>2<\/sup>), con un port\u00f3n de entrada de 8x8 metros apto para el ingreso de grandes veh\u00edculos, plataforma exterior y una gr\u00faa para 6 toneladas.<\/em><\/li>\n<li style=\"text-align: justify;\"><em>Una Sala de Ensayos para media tensi\u00f3n de 8x8x10 metros (64 m<sup>2<\/sup>) con port\u00f3n de 3,5x3,5 metros. <\/em><\/li>\n<li style=\"text-align: justify;\"><em>Una Sala de Control (16 m<sup>2<\/sup>), un Laboratorio de Calibraci\u00f3n (25 m<sup>2<\/sup>), un Laboratorio de Simulaci\u00f3n (25 m<sup>2<\/sup>), 260 m<sup>2<\/sup> adicionales de oficinas, aulas e instalaciones complementarias.\u00a0 <\/em><\/li>\n<li style=\"text-align: justify;\"><em>Planta Generadora de Impulsos de Alta Tensi\u00f3n de 1400 kV, 35 kJ.<\/em><\/li>\n<li style=\"text-align: justify;\"><em>Generador de Impulsos de Alta Tensi\u00f3n de 600 kV, 4 kJ.<\/em><\/li>\n<li><em>Transformador de Alta Tensi\u00f3n de 400 kV, 40 kVA.<\/em><\/li>\n<li style=\"text-align: justify;\"><em>Transformador de Alta Tensi\u00f3n de 250 kV, 25 kVA.<\/em><\/li>\n<li><em>Transformador m\u00f3vil de Alta Tensi\u00f3n de 120 kV, 6 kVA.<\/em><\/li>\n<li style=\"text-align: justify;\"><em>Divisor de Tensi\u00f3n Capacitivo Amortiguado de 1500 kV.<\/em><\/li>\n<li style=\"text-align: justify;\"><em>Cabina Blindada contra Perturbaciones Electromagn\u00e9ticas.<\/em><\/li>\n<li style=\"text-align: justify;\"><em>Divisores Resistivos de 200, 400 y 600 kV.<\/em><\/li>\n<li style=\"text-align: justify;\"><em>Sistema de Medici\u00f3n de Impulsos de Alta Tensi\u00f3n (SMIAT400) trazable.<\/em><\/li>\n<li style=\"text-align: justify;\"><em>Sistema de Medici\u00f3n de Onda Cortada de Alta Tensi\u00f3n.<\/em><\/li>\n<li style=\"text-align: justify;\"><em>Divisor Capacitivo de 300 kV.<\/em><\/li>\n<li style=\"text-align: justify;\"><em>Equipo de Lluvia Artificial seg\u00fan Normas IEC.<\/em><\/li>\n<li style=\"text-align: justify;\"><em>Alternador con Tensi\u00f3n y Frecuencia variables de 15 kVA.<\/em><\/li>\n<li style=\"text-align: justify;\"><em>Espiter\u00f3metro de Esferas de 250 mm.<\/em><\/li>\n<li style=\"text-align: justify;\"><em>Volt\u00edmetros Electrost\u00e1ticos de valor de cresta y de valor eficaz.<\/em><\/li>\n<li style=\"text-align: justify;\"><em>Capacitores Patrones en aislaci\u00f3n gaseosa de 2 a 300 kV.\u00a0 <\/em><\/li>\n<li style=\"text-align: justify;\"><em>Generadores de Impulsos y de Pulsos Recurrentes &lt;1000V.<\/em><\/li>\n<li style=\"text-align: justify;\"><em>Osciloscopios Digitales 8\/9 bits, 100\/2000 MS\/s.<\/em><\/li>\n<li style=\"text-align: justify;\"><em>Digitalizador de impulsos 100 MS\/s, 10 bits.<\/em><\/li>\n<li style=\"text-align: justify;\"><em>Puente de Schering de precisi\u00f3n para alta tensi\u00f3n, con accesorios.<\/em><\/li>\n<li style=\"text-align: justify;\"><em>Detector balanceado de Descargas Parciales con accesorios.<\/em><\/li>\n<li style=\"text-align: justify;\"><em>Fuentes de Alta Tensi\u00f3n DC.<\/em><\/li>\n<li style=\"text-align: justify;\"><em>Puentes RLC de precisi\u00f3n.<\/em><\/li>\n<li style=\"text-align: justify;\"><em>Calibrador multiproducto.<\/em><\/li>\n<li><em>Analizadores de redes trif\u00e1sicos.<\/em><\/li>\n<li style=\"text-align: justify;\"><em>Electr\u00f3metro.<\/em><\/li>\n<li style=\"text-align: justify;\"><em>Meg\u00f3hmetro.<\/em><\/li>\n<li style=\"text-align: justify;\"><em>Telur\u00edmetros para baja y alta frecuencia.<\/em><\/li>\n<li style=\"text-align: justify;\"><em>Sensores de campos el\u00e9ctricos y magn\u00e9ticos.<\/em><\/li>\n<li style=\"text-align: justify;\"><em>Shunts coaxiales de corriente.<\/em><\/li>\n<li style=\"text-align: justify;\"><em>Sistema de Transmisi\u00f3n por Fibra Optica.<\/em><\/li>\n<li style=\"text-align: justify;\"><em>Fotomultiplicadores.<\/em><\/li>\n<li style=\"text-align: justify;\"><em>Ion\u00f3metros.<\/em><\/li>\n<li style=\"text-align: justify;\"><em>Controlador Digital de mediciones GPIB.<\/em><\/li>\n<li style=\"text-align: justify;\"><em>Computadoras PC en red (10).<\/em><\/li>\n<li style=\"text-align: justify;\"><em>Software espec\u00edfico: ATP-EMTP, DigSilent PowerFactory, QuickField, SIMEL, SIMAG3.<\/em><\/li>\n<\/ul>\n<p><img decoding=\"async\" src=\"https:\/\/www.facet.unt.edu.ar\/alta-tension\/wp-content\/uploads\/sites\/19\/2023\/10\/BHT-400-kV-comprimido.jpg\" \/><\/p>\n<\/div>\n<\/div><\/div><\/div><\/div><div id=\"pg-100-1\"  class=\"panel-grid panel-no-style\" ><div id=\"pgc-100-1-0\"  class=\"panel-grid-cell\" ><div id=\"panel-100-1-0-0\" class=\"so-panel widget widget_sow-image panel-first-child panel-last-child\" data-index=\"1\" ><div\n\t\t\t\n\t\t\tclass=\"so-widget-sow-image so-widget-sow-image-default-17bc2272b535-100\"\n\t\t\t\n\t\t>\n\n<div class=\"sow-image-container\">\n\t\t<img src=\"https:\/\/www.facet.unt.edu.ar\/alta-tension\/wp-content\/uploads\/sites\/19\/2018\/03\/IMG_20180115_102852745-768x576.jpg\" width=\"720\" height=\"540\" srcset=\"https:\/\/www.facet.unt.edu.ar\/alta-tension\/wp-content\/uploads\/sites\/19\/2018\/03\/IMG_20180115_102852745-768x576.jpg 768w, https:\/\/www.facet.unt.edu.ar\/alta-tension\/wp-content\/uploads\/sites\/19\/2018\/03\/IMG_20180115_102852745-300x225.jpg 300w, https:\/\/www.facet.unt.edu.ar\/alta-tension\/wp-content\/uploads\/sites\/19\/2018\/03\/IMG_20180115_102852745-1024x768.jpg 1024w\" sizes=\"(max-width: 720px) 100vw, 720px\" alt=\"\" loading=\"lazy\" \t\tclass=\"so-widget-image\"\/>\n\t<\/div>\n\n<\/div><\/div><\/div><\/div><\/div>","protected":false},"excerpt":{"rendered":"<p>El IATTE cuenta con tres Laboratorios: Alta Tensi\u00f3n, Calibraci\u00f3n y Simulaci\u00f3n. \u00a0\u00a0\u00a0\u00a0\u00a0\u00a0\u00a0\u00a0\u00a0 El IATTE se encuentra ubicado en el Centro Ing. Roberto Herrera, Facultad de Ciencias Exactas y Tecnolog\u00eda de la UNT, en la ciudad de San Miguel de Tucum\u00e1n y es de f\u00e1cil acceso por las avenidas del per\u00edmetro externo de la ciudad capital. [&hellip;]<\/p>\n","protected":false},"author":17,"featured_media":0,"parent":95,"menu_order":0,"comment_status":"closed","ping_status":"closed","template":"templates\/template-full-notitle.php","meta":[],"_links":{"self":[{"href":"https:\/\/www.facet.unt.edu.ar\/alta-tension\/wp-json\/wp\/v2\/pages\/100"}],"collection":[{"href":"https:\/\/www.facet.unt.edu.ar\/alta-tension\/wp-json\/wp\/v2\/pages"}],"about":[{"href":"https:\/\/www.facet.unt.edu.ar\/alta-tension\/wp-json\/wp\/v2\/types\/page"}],"author":[{"embeddable":true,"href":"https:\/\/www.facet.unt.edu.ar\/alta-tension\/wp-json\/wp\/v2\/users\/17"}],"replies":[{"embeddable":true,"href":"https:\/\/www.facet.unt.edu.ar\/alta-tension\/wp-json\/wp\/v2\/comments?post=100"}],"version-history":[{"count":28,"href":"https:\/\/www.facet.unt.edu.ar\/alta-tension\/wp-json\/wp\/v2\/pages\/100\/revisions"}],"predecessor-version":[{"id":411,"href":"https:\/\/www.facet.unt.edu.ar\/alta-tension\/wp-json\/wp\/v2\/pages\/100\/revisions\/411"}],"up":[{"embeddable":true,"href":"https:\/\/www.facet.unt.edu.ar\/alta-tension\/wp-json\/wp\/v2\/pages\/95"}],"wp:attachment":[{"href":"https:\/\/www.facet.unt.edu.ar\/alta-tension\/wp-json\/wp\/v2\/media?parent=100"}],"curies":[{"name":"wp","href":"https:\/\/api.w.org\/{rel}","templated":true}]}}