{"id":104,"date":"2016-09-23T17:15:02","date_gmt":"2016-09-23T20:15:02","guid":{"rendered":"https:\/\/www.facet.unt.edu.ar\/alta-tension\/?page_id=104"},"modified":"2021-04-05T18:11:50","modified_gmt":"2021-04-05T21:11:50","slug":"serviciosaterceros","status":"publish","type":"page","link":"https:\/\/www.facet.unt.edu.ar\/alta-tension\/servicios\/serviciosaterceros\/","title":{"rendered":"Servicios a terceros"},"content":{"rendered":"<div id=\"pl-104\"  class=\"panel-layout\" ><div id=\"pg-104-0\"  class=\"panel-grid panel-no-style\" ><div id=\"pgc-104-0-0\"  class=\"panel-grid-cell\" ><div id=\"panel-104-0-0-0\" class=\"so-panel widget widget_sow-editor panel-first-child panel-last-child\" data-index=\"0\" ><div\n\t\t\t\n\t\t\tclass=\"so-widget-sow-editor so-widget-sow-editor-base\"\n\t\t\t\n\t\t><h3 class=\"widget-title\">CALIBRACION DE SISTEMAS DE MEDICION  EN ALTA TENSION<\/h3>\n<div class=\"siteorigin-widget-tinymce textwidget\">\n\t<p>El IATTE-UNT dispone de un Sistema de Medici\u00f3n de Impulsos de Alta Tensi\u00f3n de 400 kV (SMIAT-400kV) que ha sido trazado y calibrado en el marco de un programa internacional. El IATTE participa en un segundo proceso de intercomparaci\u00f3n iniciado en 2017 para un sistema de 600 kV (SMIAT-600 kV) con los institutos metrol\u00f3gicos de 12 pa\u00edses, en el marco del programa EUROMET EM-S42 <strong>\u201cComparison of lightning impulse (LI) Reference Measuring Systems\u201d<\/strong>.<\/p>\n<p>El SMIAT-400 kV, adem\u00e1s de constituir un patr\u00f3n local, permite calibrar divisores de impulso (Lightning Impulse) de hasta 2 MV de acuerdo a la norma IEC 60060-2.<\/p>\n<p>El SMIAT-400kV, constituido por un divisor, un registrador y un logicial de c\u00e1lculo de par\u00e1metros de impulso, ha sido intercomparado con un patr\u00f3n de referencia junto con otros 25 laboratorios de 20 pa\u00edses, obteniendo el reconocimiento mutuo de los certificados de medici\u00f3n y de calibraci\u00f3n en el marco del programa EUROMET EM-S12, coordinado por el Instituto de Alta Tensi\u00f3n (Instituto Metrol\u00f3gico Nacional) de la Universidad de Helsinki, Finlandia.<\/p>\n<p>Los SMIAT y los procedimientos de conversi\u00f3n DC\/impulso del LAT-IATTE-UNT, han sido verificados mediante una intercomparaci\u00f3n en alta tensi\u00f3n (hasta 400 kV).<\/p>\n<p>Los resultados obtenidos y las incertidumbres metrol\u00f3gicas certificadas se encuentran disponibles en este Laboratorio y en los documentos siguientes:<\/p>\n<p>\u201cProgress of a Worldwide Comparison of LI Measuring Systems-Round 2\u201d- International Symposium on High Voltage Engineering, The Netherlands 2003, Millpress 2003, ISBN 90-77017-79-8.<\/p>\n<\/div>\n<\/div><\/div><\/div><\/div><div id=\"pg-104-1\"  class=\"panel-grid panel-no-style\" ><div id=\"pgc-104-1-0\"  class=\"panel-grid-cell\" ><div id=\"panel-104-1-0-0\" class=\"so-panel widget widget_sow-image panel-first-child panel-last-child\" data-index=\"1\" ><div\n\t\t\t\n\t\t\tclass=\"so-widget-sow-image so-widget-sow-image-default-17bc2272b535-104\"\n\t\t\t\n\t\t>\n\n<div class=\"sow-image-container\">\n\t\t<img src=\"https:\/\/www.facet.unt.edu.ar\/alta-tension\/wp-content\/uploads\/sites\/19\/2016\/09\/serv_1.jpg\" width=\"1024\" height=\"768\" srcset=\"https:\/\/www.facet.unt.edu.ar\/alta-tension\/wp-content\/uploads\/sites\/19\/2016\/09\/serv_1.jpg 1024w, https:\/\/www.facet.unt.edu.ar\/alta-tension\/wp-content\/uploads\/sites\/19\/2016\/09\/serv_1-300x225.jpg 300w, https:\/\/www.facet.unt.edu.ar\/alta-tension\/wp-content\/uploads\/sites\/19\/2016\/09\/serv_1-768x576.jpg 768w\" sizes=\"(max-width: 1024px) 100vw, 1024px\" alt=\"\" loading=\"lazy\" \t\tclass=\"so-widget-image\"\/>\n\t<\/div>\n\n<\/div><\/div><\/div><div id=\"pgc-104-1-1\"  class=\"panel-grid-cell\" ><div id=\"panel-104-1-1-0\" class=\"so-panel widget widget_sow-image panel-first-child panel-last-child\" data-index=\"2\" ><div\n\t\t\t\n\t\t\tclass=\"so-widget-sow-image so-widget-sow-image-default-17bc2272b535-104\"\n\t\t\t\n\t\t>\n\n<div class=\"sow-image-container\">\n\t\t<img src=\"https:\/\/www.facet.unt.edu.ar\/alta-tension\/wp-content\/uploads\/sites\/19\/2016\/09\/HPIM3938_bis1.jpg\" width=\"1894\" height=\"1328\" srcset=\"https:\/\/www.facet.unt.edu.ar\/alta-tension\/wp-content\/uploads\/sites\/19\/2016\/09\/HPIM3938_bis1.jpg 1894w, https:\/\/www.facet.unt.edu.ar\/alta-tension\/wp-content\/uploads\/sites\/19\/2016\/09\/HPIM3938_bis1-300x210.jpg 300w, https:\/\/www.facet.unt.edu.ar\/alta-tension\/wp-content\/uploads\/sites\/19\/2016\/09\/HPIM3938_bis1-768x538.jpg 768w, https:\/\/www.facet.unt.edu.ar\/alta-tension\/wp-content\/uploads\/sites\/19\/2016\/09\/HPIM3938_bis1-1024x718.jpg 1024w\" sizes=\"(max-width: 1894px) 100vw, 1894px\" alt=\"\" loading=\"lazy\" \t\tclass=\"so-widget-image\"\/>\n\t<\/div>\n\n<\/div><\/div><\/div><\/div><div id=\"pg-104-2\"  class=\"panel-grid panel-no-style\" ><div id=\"pgc-104-2-0\"  class=\"panel-grid-cell\" ><div id=\"panel-104-2-0-0\" class=\"so-panel widget widget_sow-editor panel-first-child panel-last-child\" data-index=\"3\" ><div\n\t\t\t\n\t\t\tclass=\"so-widget-sow-editor so-widget-sow-editor-base\"\n\t\t\t\n\t\t><h3 class=\"widget-title\">SERVICIOS A TERCEROS<\/h3>\n<div class=\"siteorigin-widget-tinymce textwidget\">\n\t<p>El IATTE pone a disposici\u00f3n de usuarios y fabricantes de equipos el\u00e9ctricos sus instalaciones y \"know-how\" para el control de calidad de los aislamientos.<br \/>\nSe realizan certificaciones y ensayos de acuerdo a normas nacionales e internacionales o seg\u00fan especificaciones particulares. Algunos tipos de ensayos realizados son:<\/p>\n<ul>\n<li>ensayos diel\u00e9ctricos sobre m\u00e1quinas (transformadores de potencia, de medici\u00f3n y de protecci\u00f3n, motores, generadores) y aparamentas (aisladores, seccionadores, interruptores, capacitores) de tensiones de servicio de hasta 245 kV,<\/li>\n<li>ensayos el\u00e9ctricos sobre transformadores de hasta 650 kVA y 66 kV nominales,<\/li>\n<li>mediciones de capacidad, p\u00e9rdidas diel\u00e9ctricas y descargas parciales hasta 250 kV,<\/li>\n<li>ensayos de corriente en descargadores de \u00f3xido de zinc de hasta 36 kV y 10 kA.<\/li>\n<\/ul>\n<p>El IATTE efect\u00faa <strong>estudios, consultor\u00edas y servicios tecnol\u00f3gicos de alto nivel<\/strong>, que incluyen mediciones en laboratorio e in situ, as\u00ed como c\u00e1lculos con programas computacionales, sobre diversos problemas de ingenier\u00eda el\u00e9ctrica:<\/p>\n<ul>\n<li>la distribuci\u00f3n de campos el\u00e9ctricos en m\u00e1quinas, equipos e instalaciones,<\/li>\n<li>los transitorios electromagn\u00e9ticos en los sistemas de suministro de energ\u00eda el\u00e9ctrica,<\/li>\n<li>el impacto ambiental (campos el\u00e9ctricos, magn\u00e9ticos, radiointerferencia) de l\u00edneas y estaciones de media y alta tensi\u00f3n,<\/li>\n<li>la influencia de electroductos sobre instalaciones de transporte de fluidos combustibles,<\/li>\n<li>la protecci\u00f3n de instalaciones y equipos contra la fulminaci\u00f3n y los efectos de las descargas atmosf\u00e9ricas,<\/li>\n<li>el diagn\u00f3stico de fallas de equipos e instalaciones de media y alta tensi\u00f3n,<\/li>\n<li>el efecto de la quema de ca\u00f1a de az\u00facar sobre las l\u00edneas de alta tensi\u00f3n,<\/li>\n<li>calibraci\u00f3n de transformadores de corriente de media tensi\u00f3n,<\/li>\n<li>calibraci\u00f3n de sistemas de medici\u00f3n de impulsos de alta tensi\u00f3n (SMIAT),<\/li>\n<li>ensayos diel\u00e9ctricos sobre equipos de seguridad el\u00e9ctrica (p\u00e9rtigas, guantes, calzado, elevadores, etc.).<\/li>\n<\/ul>\n<p>Algunas empresas y organismos con los que se realizaron convenios o acciones de transferencia de tecnolog\u00eda, certificaciones y asesoramientos en los \u00faltimos a\u00f1os:<\/p>\n<ul>\n<li>Ente Provincial de Regulaci\u00f3n de la Electricidad de Tucum\u00e1n,<\/li>\n<li>Empresa de Distribuci\u00f3n El\u00e9ctrica de Tucum\u00e1n S.A. (EDET S.A.),<\/li>\n<li>Ente Nacional de Regulaci\u00f3n de la Electricidad (proveedor de servicios),<\/li>\n<li>TRANSNOA S.A.,<\/li>\n<li>Empresa Distribuidora de Electricidad de Santiago del Estero (EDESE S.A.),<\/li>\n<li>Empresa de Distribuci\u00f3n El\u00e9ctrica de Salta (EDESA S.A.)<\/li>\n<li>Direcci\u00f3n de Energ\u00eda de Jujuy ,<\/li>\n<li>Tubos Trans-Electric S.A.,<\/li>\n<li>Centrales T\u00e9rmicas del NOA S.A.,<\/li>\n<li>GASNOR S.A.,<\/li>\n<li>Gesti\u00f3n El\u00e9ctrica Empresaria S.A.,<\/li>\n<li>Siemens Arg. S.A.,<\/li>\n<li>Minera Alumbrera,<\/li>\n<li>Refinor S.A.,<\/li>\n<li>YPF Luz.<\/li>\n<li>Pluspetrol Energy S.A.<\/li>\n<li>Electroingenieria ICCSA<\/li>\n<\/ul>\n<\/div>\n<\/div><\/div><\/div><\/div><\/div>","protected":false},"excerpt":{"rendered":"<p>El IATTE-UNT dispone de un Sistema de Medici\u00f3n de Impulsos de Alta Tensi\u00f3n de 400 kV (SMIAT-400kV) que ha sido trazado y calibrado en el marco de un programa internacional. El IATTE participa en un segundo proceso de intercomparaci\u00f3n iniciado en 2017 para un sistema de 600 kV (SMIAT-600 kV) con los institutos metrol\u00f3gicos de [&hellip;]<\/p>\n","protected":false},"author":17,"featured_media":0,"parent":95,"menu_order":0,"comment_status":"closed","ping_status":"closed","template":"templates\/template-full-notitle.php","meta":[],"_links":{"self":[{"href":"https:\/\/www.facet.unt.edu.ar\/alta-tension\/wp-json\/wp\/v2\/pages\/104"}],"collection":[{"href":"https:\/\/www.facet.unt.edu.ar\/alta-tension\/wp-json\/wp\/v2\/pages"}],"about":[{"href":"https:\/\/www.facet.unt.edu.ar\/alta-tension\/wp-json\/wp\/v2\/types\/page"}],"author":[{"embeddable":true,"href":"https:\/\/www.facet.unt.edu.ar\/alta-tension\/wp-json\/wp\/v2\/users\/17"}],"replies":[{"embeddable":true,"href":"https:\/\/www.facet.unt.edu.ar\/alta-tension\/wp-json\/wp\/v2\/comments?post=104"}],"version-history":[{"count":22,"href":"https:\/\/www.facet.unt.edu.ar\/alta-tension\/wp-json\/wp\/v2\/pages\/104\/revisions"}],"predecessor-version":[{"id":519,"href":"https:\/\/www.facet.unt.edu.ar\/alta-tension\/wp-json\/wp\/v2\/pages\/104\/revisions\/519"}],"up":[{"embeddable":true,"href":"https:\/\/www.facet.unt.edu.ar\/alta-tension\/wp-json\/wp\/v2\/pages\/95"}],"wp:attachment":[{"href":"https:\/\/www.facet.unt.edu.ar\/alta-tension\/wp-json\/wp\/v2\/media?parent=104"}],"curies":[{"name":"wp","href":"https:\/\/api.w.org\/{rel}","templated":true}]}}