{"id":163,"date":"2016-10-10T18:11:30","date_gmt":"2016-10-10T21:11:30","guid":{"rendered":"https:\/\/www.facet.unt.edu.ar\/alta-tension\/?page_id=163"},"modified":"2017-05-09T17:19:56","modified_gmt":"2017-05-09T20:19:56","slug":"laboratorios","status":"publish","type":"page","link":"https:\/\/www.facet.unt.edu.ar\/alta-tension\/laboratorios\/","title":{"rendered":"Laboratorios"},"content":{"rendered":"<div id=\"pl-163\"  class=\"panel-layout\" ><div id=\"pg-163-0\"  class=\"panel-grid panel-no-style\" ><div id=\"pgc-163-0-0\"  class=\"panel-grid-cell\" ><div id=\"panel-163-0-0-0\" class=\"so-panel widget widget_siteorigin-panels-builder panel-first-child panel-last-child\" data-index=\"0\" ><div id=\"pl-w5912246cb5e75\"  class=\"panel-layout\" ><div id=\"pg-w5912246cb5e75-0\"  class=\"panel-grid panel-no-style\" ><div id=\"pgc-w5912246cb5e75-0-0\"  class=\"panel-grid-cell\" ><div id=\"panel-w5912246cb5e75-0-0-0\" class=\"so-panel widget widget_circleicon-widget panel-first-child panel-last-child\" data-index=\"0\" >\t\t<div class=\"circle-icon-box circle-icon-position-top circle-icon-hide-box circle-icon-size-small\">\n\t\t\t<div class=\"circle-icon-wrapper\">\n\t\t\t\t<a href=\"https:\/\/www.facet.unt.edu.ar\/alta-tension\/laboratorios\/laboratorio-de-alta-tension\/\" class=\"link-icon\" >\t\t\t\t<div class=\"circle-icon\" >\n\t\t\t\t\t<div class=\"fa fa-bolt\" ><\/div>\t\t\t\t<\/div>\n\t\t\t\t<\/a>\t\t\t<\/div>\n\n\t\t\t<a href=\"https:\/\/www.facet.unt.edu.ar\/alta-tension\/laboratorios\/laboratorio-de-alta-tension\/\" class=\"link-title\" >\t\t\t<h4 >Laboratorio de Alta Tensi\u00f3n<\/h4>\t\t\t<\/a>\n\t\t\t\t\t\t\t\t\t\t<a href=\"https:\/\/www.facet.unt.edu.ar\/alta-tension\/laboratorios\/laboratorio-de-alta-tension\/\" class=\"more-button\" >M\u00e1s Informaci\u00f3n <i><\/i><\/a>\n\t\t\t\t\t<\/div>\n\t\t<\/div><\/div><\/div><\/div><\/div><\/div><div id=\"pgc-163-0-1\"  class=\"panel-grid-cell\" ><div id=\"panel-163-0-1-0\" class=\"so-panel widget widget_siteorigin-panels-builder panel-first-child panel-last-child\" data-index=\"1\" ><div id=\"pl-w5912246cb5ed0\"  class=\"panel-layout\" ><div id=\"pg-w5912246cb5ed0-0\"  class=\"panel-grid panel-no-style\" ><div id=\"pgc-w5912246cb5ed0-0-0\"  class=\"panel-grid-cell\" ><div id=\"panel-w5912246cb5ed0-0-0-0\" class=\"so-panel widget widget_circleicon-widget panel-first-child panel-last-child\" data-index=\"0\" >\t\t<div class=\"circle-icon-box circle-icon-position-top circle-icon-hide-box circle-icon-size-small\">\n\t\t\t<div class=\"circle-icon-wrapper\">\n\t\t\t\t<a href=\"https:\/\/www.facet.unt.edu.ar\/alta-tension\/laboratorios\/laboratorio-de-calibracion\/\" class=\"link-icon\" >\t\t\t\t<div class=\"circle-icon\" >\n\t\t\t\t\t<div class=\"fa fa-bar-chart\" ><\/div>\t\t\t\t<\/div>\n\t\t\t\t<\/a>\t\t\t<\/div>\n\n\t\t\t<a href=\"https:\/\/www.facet.unt.edu.ar\/alta-tension\/laboratorios\/laboratorio-de-calibracion\/\" class=\"link-title\" >\t\t\t<h4 >Laboratorio de Calibraci\u00f3n<\/h4>\t\t\t<\/a>\n\t\t\t\t\t\t\t\t\t\t<a href=\"https:\/\/www.facet.unt.edu.ar\/alta-tension\/laboratorios\/laboratorio-de-calibracion\/\" class=\"more-button\" >M\u00e1s Informaci\u00f3n <i><\/i><\/a>\n\t\t\t\t\t<\/div>\n\t\t<\/div><\/div><\/div><\/div><\/div><\/div><div id=\"pgc-163-0-2\"  class=\"panel-grid-cell\" ><div id=\"panel-163-0-2-0\" class=\"so-panel widget widget_siteorigin-panels-builder panel-first-child panel-last-child\" data-index=\"2\" ><div id=\"pl-w5912246cb5f21\"  class=\"panel-layout\" ><div id=\"pg-w5912246cb5f21-0\"  class=\"panel-grid panel-no-style\" ><div id=\"pgc-w5912246cb5f21-0-0\"  class=\"panel-grid-cell\" ><div id=\"panel-w5912246cb5f21-0-0-0\" class=\"so-panel widget widget_circleicon-widget panel-first-child panel-last-child\" data-index=\"0\" >\t\t<div class=\"circle-icon-box circle-icon-position-top circle-icon-hide-box circle-icon-size-small\">\n\t\t\t<div class=\"circle-icon-wrapper\">\n\t\t\t\t<a href=\"https:\/\/www.facet.unt.edu.ar\/alta-tension\/laboratorios\/laboratorio-de-simulacion\/\" class=\"link-icon\" >\t\t\t\t<div class=\"circle-icon\" >\n\t\t\t\t\t<div class=\"fa fa-laptop\" ><\/div>\t\t\t\t<\/div>\n\t\t\t\t<\/a>\t\t\t<\/div>\n\n\t\t\t<a href=\"https:\/\/www.facet.unt.edu.ar\/alta-tension\/laboratorios\/laboratorio-de-simulacion\/\" class=\"link-title\" >\t\t\t<h4 >Laboratorio de Simulaci\u00f3n<\/h4>\t\t\t<\/a>\n\t\t\t\t\t\t\t\t\t\t<a href=\"https:\/\/www.facet.unt.edu.ar\/alta-tension\/laboratorios\/laboratorio-de-simulacion\/\" class=\"more-button\" >M\u00e1s Informaci\u00f3n <i><\/i><\/a>\n\t\t\t\t\t<\/div>\n\t\t<\/div><\/div><\/div><\/div><\/div><\/div><\/div><\/div>","protected":false},"excerpt":{"rendered":"<p>Laboratorio de Alta Tensi\u00f3n M\u00e1s Informaci\u00f3n Laboratorio de Calibraci\u00f3n M\u00e1s Informaci\u00f3n Laboratorio de Simulaci\u00f3n M\u00e1s Informaci\u00f3n<\/p>\n","protected":false},"author":17,"featured_media":0,"parent":0,"menu_order":0,"comment_status":"closed","ping_status":"closed","template":"templates\/template-full.php","meta":[],"_links":{"self":[{"href":"https:\/\/www.facet.unt.edu.ar\/alta-tension\/wp-json\/wp\/v2\/pages\/163"}],"collection":[{"href":"https:\/\/www.facet.unt.edu.ar\/alta-tension\/wp-json\/wp\/v2\/pages"}],"about":[{"href":"https:\/\/www.facet.unt.edu.ar\/alta-tension\/wp-json\/wp\/v2\/types\/page"}],"author":[{"embeddable":true,"href":"https:\/\/www.facet.unt.edu.ar\/alta-tension\/wp-json\/wp\/v2\/users\/17"}],"replies":[{"embeddable":true,"href":"https:\/\/www.facet.unt.edu.ar\/alta-tension\/wp-json\/wp\/v2\/comments?post=163"}],"version-history":[{"count":9,"href":"https:\/\/www.facet.unt.edu.ar\/alta-tension\/wp-json\/wp\/v2\/pages\/163\/revisions"}],"predecessor-version":[{"id":247,"href":"https:\/\/www.facet.unt.edu.ar\/alta-tension\/wp-json\/wp\/v2\/pages\/163\/revisions\/247"}],"wp:attachment":[{"href":"https:\/\/www.facet.unt.edu.ar\/alta-tension\/wp-json\/wp\/v2\/media?parent=163"}],"curies":[{"name":"wp","href":"https:\/\/api.w.org\/{rel}","templated":true}]}}