{"id":170,"date":"2016-10-10T18:21:19","date_gmt":"2016-10-10T21:21:19","guid":{"rendered":"https:\/\/www.facet.unt.edu.ar\/alta-tension\/?page_id=170"},"modified":"2017-07-19T15:51:49","modified_gmt":"2017-07-19T18:51:49","slug":"laboratorio-de-alta-tension","status":"publish","type":"page","link":"https:\/\/www.facet.unt.edu.ar\/alta-tension\/laboratorios\/laboratorio-de-alta-tension\/","title":{"rendered":"Laboratorio de Alta Tensi\u00f3n"},"content":{"rendered":"<div id=\"pl-170\"  class=\"panel-layout\" ><div id=\"pg-170-0\"  class=\"panel-grid panel-no-style\" ><div id=\"pgc-170-0-0\"  class=\"panel-grid-cell\" ><div id=\"panel-170-0-0-0\" class=\"so-panel widget widget_sow-editor panel-first-child panel-last-child\" data-index=\"0\" ><div\n\t\t\t\n\t\t\tclass=\"so-widget-sow-editor so-widget-sow-editor-base\"\n\t\t\t\n\t\t>\n<div class=\"siteorigin-widget-tinymce textwidget\">\n\t<p style=\"text-align: left\">En el \u00e1rea Alta Tensi\u00f3n se llevan a cabo los ensayos en media y alta tensi\u00f3n, sea para investigaci\u00f3n, transferencia o servicios. Esta \u00e1rea es responsable del mantenimiento y renovaci\u00f3n del equipamiento y de la ejecuci\u00f3n de las pruebas y ensayos. En esta \u00e1rea se incluyen la Sala de Ensayos en Alta Tensi\u00f3n y la Sala de Ensayos en Media Tensi\u00f3n.<\/p>\n<\/div>\n<\/div><\/div><\/div><\/div><div id=\"pg-170-1\"  class=\"panel-grid panel-no-style\" ><div id=\"pgc-170-1-0\"  class=\"panel-grid-cell\" ><div id=\"panel-170-1-0-0\" class=\"so-panel widget widget_sow-editor panel-first-child panel-last-child\" data-index=\"1\" ><div\n\t\t\t\n\t\t\tclass=\"so-widget-sow-editor so-widget-sow-editor-base\"\n\t\t\t\n\t\t>\n<div class=\"siteorigin-widget-tinymce textwidget\">\n\t<h3><em>Sala de Ensayos en Alta Tensi\u00f3n<\/em><\/h3>\n<\/div>\n<\/div><\/div><\/div><\/div><div id=\"pg-170-2\"  class=\"panel-grid panel-no-style\" ><div id=\"pgc-170-2-0\"  class=\"panel-grid-cell\" ><div id=\"panel-170-2-0-0\" class=\"so-panel widget widget_sow-image panel-first-child panel-last-child\" data-index=\"2\" ><div\n\t\t\t\n\t\t\tclass=\"so-widget-sow-image so-widget-sow-image-default-17bc2272b535-170\"\n\t\t\t\n\t\t>\n\n<div class=\"sow-image-container\">\n\t\t<img src=\"https:\/\/www.facet.unt.edu.ar\/alta-tension\/wp-content\/uploads\/sites\/19\/2016\/09\/IATTE.jpg\" width=\"336\" height=\"448\" srcset=\"https:\/\/www.facet.unt.edu.ar\/alta-tension\/wp-content\/uploads\/sites\/19\/2016\/09\/IATTE.jpg 336w, https:\/\/www.facet.unt.edu.ar\/alta-tension\/wp-content\/uploads\/sites\/19\/2016\/09\/IATTE-225x300.jpg 225w\" sizes=\"(max-width: 336px) 100vw, 336px\" title=\"iatte\" alt=\"\" loading=\"lazy\" \t\tclass=\"so-widget-image\"\/>\n\t<\/div>\n\n<\/div><\/div><\/div><div id=\"pgc-170-2-1\"  class=\"panel-grid-cell\" ><div id=\"panel-170-2-1-0\" class=\"so-panel widget widget_sow-image panel-first-child panel-last-child\" data-index=\"3\" ><div\n\t\t\t\n\t\t\tclass=\"so-widget-sow-image so-widget-sow-image-default-d6014b76747a-170\"\n\t\t\t\n\t\t>\n\n<div class=\"sow-image-container\">\n\t\t<img src=\"https:\/\/www.facet.unt.edu.ar\/alta-tension\/wp-content\/uploads\/sites\/19\/2016\/10\/P1010421_bis-768x544.jpg\" width=\"720\" height=\"510\" srcset=\"https:\/\/www.facet.unt.edu.ar\/alta-tension\/wp-content\/uploads\/sites\/19\/2016\/10\/P1010421_bis-768x544.jpg 768w, https:\/\/www.facet.unt.edu.ar\/alta-tension\/wp-content\/uploads\/sites\/19\/2016\/10\/P1010421_bis-300x213.jpg 300w, https:\/\/www.facet.unt.edu.ar\/alta-tension\/wp-content\/uploads\/sites\/19\/2016\/10\/P1010421_bis-1024x726.jpg 1024w\" sizes=\"(max-width: 720px) 100vw, 720px\" alt=\"\" loading=\"lazy\" \t\tclass=\"so-widget-image\"\/>\n\t<\/div>\n\n<\/div><\/div><\/div><\/div><div id=\"pg-170-3\"  class=\"panel-grid panel-no-style\" ><div id=\"pgc-170-3-0\"  class=\"panel-grid-cell\" ><div id=\"panel-170-3-0-0\" class=\"so-panel widget widget_sow-editor panel-first-child panel-last-child\" data-index=\"4\" ><div\n\t\t\t\n\t\t\tclass=\"so-widget-sow-editor so-widget-sow-editor-base\"\n\t\t\t\n\t\t>\n<div class=\"siteorigin-widget-tinymce textwidget\">\n\t<h3><em>Sala de Ensayos en Media Tensi\u00f3n<\/em><\/h3>\n<\/div>\n<\/div><\/div><\/div><\/div><div id=\"pg-170-4\"  class=\"panel-grid panel-no-style\" ><div id=\"pgc-170-4-0\"  class=\"panel-grid-cell\" ><div id=\"panel-170-4-0-0\" class=\"so-panel widget widget_sow-image panel-first-child panel-last-child\" data-index=\"5\" ><div\n\t\t\t\n\t\t\tclass=\"so-widget-sow-image so-widget-sow-image-default-4b231843ec72-170\"\n\t\t\t\n\t\t>\n\n<div class=\"sow-image-container\">\n\t\t<img src=\"https:\/\/www.facet.unt.edu.ar\/alta-tension\/wp-content\/uploads\/sites\/19\/2017\/07\/20170623_132634-1.jpg\" width=\"1248\" height=\"1088\" srcset=\"https:\/\/www.facet.unt.edu.ar\/alta-tension\/wp-content\/uploads\/sites\/19\/2017\/07\/20170623_132634-1.jpg 1248w, https:\/\/www.facet.unt.edu.ar\/alta-tension\/wp-content\/uploads\/sites\/19\/2017\/07\/20170623_132634-1-300x262.jpg 300w, https:\/\/www.facet.unt.edu.ar\/alta-tension\/wp-content\/uploads\/sites\/19\/2017\/07\/20170623_132634-1-768x670.jpg 768w, https:\/\/www.facet.unt.edu.ar\/alta-tension\/wp-content\/uploads\/sites\/19\/2017\/07\/20170623_132634-1-1024x893.jpg 1024w\" sizes=\"(max-width: 1248px) 100vw, 1248px\" title=\"20170623_132634 (1)\" alt=\"\" loading=\"lazy\" \t\tclass=\"so-widget-image\"\/>\n\t<\/div>\n\n<\/div><\/div><\/div><div id=\"pgc-170-4-1\"  class=\"panel-grid-cell\" ><div id=\"panel-170-4-1-0\" class=\"so-panel widget widget_sow-image panel-first-child panel-last-child\" data-index=\"6\" ><div\n\t\t\t\n\t\t\tclass=\"so-widget-sow-image so-widget-sow-image-default-4b231843ec72-170\"\n\t\t\t\n\t\t>\n\n<div class=\"sow-image-container\">\n\t\t<img src=\"https:\/\/www.facet.unt.edu.ar\/alta-tension\/wp-content\/uploads\/sites\/19\/2017\/07\/HPIM0004-1.jpg\" width=\"2048\" height=\"1536\" srcset=\"https:\/\/www.facet.unt.edu.ar\/alta-tension\/wp-content\/uploads\/sites\/19\/2017\/07\/HPIM0004-1.jpg 2048w, https:\/\/www.facet.unt.edu.ar\/alta-tension\/wp-content\/uploads\/sites\/19\/2017\/07\/HPIM0004-1-300x225.jpg 300w, https:\/\/www.facet.unt.edu.ar\/alta-tension\/wp-content\/uploads\/sites\/19\/2017\/07\/HPIM0004-1-768x576.jpg 768w, https:\/\/www.facet.unt.edu.ar\/alta-tension\/wp-content\/uploads\/sites\/19\/2017\/07\/HPIM0004-1-1024x768.jpg 1024w\" sizes=\"(max-width: 2048px) 100vw, 2048px\" title=\"HPIM0004 (1)\" alt=\"\" loading=\"lazy\" \t\tclass=\"so-widget-image\"\/>\n\t<\/div>\n\n<\/div><\/div><\/div><\/div><\/div>","protected":false},"excerpt":{"rendered":"<p>En el \u00e1rea Alta Tensi\u00f3n se llevan a cabo los ensayos en media y alta tensi\u00f3n, sea para investigaci\u00f3n, transferencia o servicios. Esta \u00e1rea es responsable del mantenimiento y renovaci\u00f3n del equipamiento y de la ejecuci\u00f3n de las pruebas y ensayos. En esta \u00e1rea se incluyen la Sala de Ensayos en Alta Tensi\u00f3n y la [&hellip;]<\/p>\n","protected":false},"author":17,"featured_media":0,"parent":163,"menu_order":0,"comment_status":"closed","ping_status":"closed","template":"templates\/template-full.php","meta":[],"_links":{"self":[{"href":"https:\/\/www.facet.unt.edu.ar\/alta-tension\/wp-json\/wp\/v2\/pages\/170"}],"collection":[{"href":"https:\/\/www.facet.unt.edu.ar\/alta-tension\/wp-json\/wp\/v2\/pages"}],"about":[{"href":"https:\/\/www.facet.unt.edu.ar\/alta-tension\/wp-json\/wp\/v2\/types\/page"}],"author":[{"embeddable":true,"href":"https:\/\/www.facet.unt.edu.ar\/alta-tension\/wp-json\/wp\/v2\/users\/17"}],"replies":[{"embeddable":true,"href":"https:\/\/www.facet.unt.edu.ar\/alta-tension\/wp-json\/wp\/v2\/comments?post=170"}],"version-history":[{"count":26,"href":"https:\/\/www.facet.unt.edu.ar\/alta-tension\/wp-json\/wp\/v2\/pages\/170\/revisions"}],"predecessor-version":[{"id":205,"href":"https:\/\/www.facet.unt.edu.ar\/alta-tension\/wp-json\/wp\/v2\/pages\/170\/revisions\/205"}],"up":[{"embeddable":true,"href":"https:\/\/www.facet.unt.edu.ar\/alta-tension\/wp-json\/wp\/v2\/pages\/163"}],"wp:attachment":[{"href":"https:\/\/www.facet.unt.edu.ar\/alta-tension\/wp-json\/wp\/v2\/media?parent=170"}],"curies":[{"name":"wp","href":"https:\/\/api.w.org\/{rel}","templated":true}]}}