{"id":183,"date":"2016-10-10T18:25:54","date_gmt":"2016-10-10T21:25:54","guid":{"rendered":"https:\/\/www.facet.unt.edu.ar\/alta-tension\/?page_id=183"},"modified":"2018-03-14T12:07:03","modified_gmt":"2018-03-14T15:07:03","slug":"laboratorio-de-simulacion","status":"publish","type":"page","link":"https:\/\/www.facet.unt.edu.ar\/alta-tension\/laboratorios\/laboratorio-de-simulacion\/","title":{"rendered":"Laboratorio de Simulaci\u00f3n"},"content":{"rendered":"<div id=\"pl-183\"  class=\"panel-layout\" ><div id=\"pg-183-0\"  class=\"panel-grid panel-no-style\" ><div id=\"pgc-183-0-0\"  class=\"panel-grid-cell\" ><div id=\"panel-183-0-0-0\" class=\"so-panel widget widget_sow-editor panel-first-child panel-last-child\" data-index=\"0\" ><div\n\t\t\t\n\t\t\tclass=\"so-widget-sow-editor so-widget-sow-editor-base\"\n\t\t\t\n\t\t>\n<div class=\"siteorigin-widget-tinymce textwidget\">\n\t<p>En el Area Simulaci\u00f3n se realizan los estudios y servicios tecnol\u00f3gicos de alto nivel que requieran el uso de c\u00e1lculo computacional y de software espec\u00edfico, tanto para el dise\u00f1o de dispositivos y sistemas el\u00e9ctricos, como para la verificaci\u00f3n del funcionamiento y la presentaci\u00f3n de resultados. Esta \u00e1rea incluye un gabinete con un sistema de computadoras en red. Se pueden analizar distribuciones de campos el\u00e9ctricos y magn\u00e9ticos en m\u00e1quinas y equipamiento, as\u00ed como en estaciones y l\u00edneas el\u00e9ctricas. Tambi\u00e9n se realizan estudios en r\u00e9gimen estacionario y transitorio para sistemas de suministro de energ\u00eda el\u00e9ctrica.<\/p>\n<\/div>\n<\/div><\/div><\/div><\/div><div id=\"pg-183-1\"  class=\"panel-grid panel-no-style\" ><div id=\"pgc-183-1-0\"  class=\"panel-grid-cell\" ><div id=\"panel-183-1-0-0\" class=\"so-panel widget widget_sow-image panel-first-child panel-last-child\" data-index=\"1\" ><div\n\t\t\t\n\t\t\tclass=\"so-widget-sow-image so-widget-sow-image-default-17bc2272b535-183\"\n\t\t\t\n\t\t>\n\n<div class=\"sow-image-container\">\n\t\t<img src=\"https:\/\/www.facet.unt.edu.ar\/alta-tension\/wp-content\/uploads\/sites\/19\/2017\/07\/HPIM0028-768x576.jpg\" width=\"720\" height=\"540\" srcset=\"https:\/\/www.facet.unt.edu.ar\/alta-tension\/wp-content\/uploads\/sites\/19\/2017\/07\/HPIM0028-768x576.jpg 768w, https:\/\/www.facet.unt.edu.ar\/alta-tension\/wp-content\/uploads\/sites\/19\/2017\/07\/HPIM0028-300x225.jpg 300w, https:\/\/www.facet.unt.edu.ar\/alta-tension\/wp-content\/uploads\/sites\/19\/2017\/07\/HPIM0028-1024x768.jpg 1024w, https:\/\/www.facet.unt.edu.ar\/alta-tension\/wp-content\/uploads\/sites\/19\/2017\/07\/HPIM0028.jpg 2048w\" sizes=\"(max-width: 720px) 100vw, 720px\" alt=\"\" loading=\"lazy\" \t\tclass=\"so-widget-image\"\/>\n\t<\/div>\n\n<\/div><\/div><\/div><div id=\"pgc-183-1-1\"  class=\"panel-grid-cell\" ><div id=\"panel-183-1-1-0\" class=\"so-panel widget widget_sow-image panel-first-child panel-last-child\" data-index=\"2\" ><div\n\t\t\t\n\t\t\tclass=\"so-widget-sow-image so-widget-sow-image-default-d6014b76747a-183\"\n\t\t\t\n\t\t>\n\n<div class=\"sow-image-container\">\n\t\t<img src=\"https:\/\/www.facet.unt.edu.ar\/alta-tension\/wp-content\/uploads\/sites\/19\/2017\/07\/IMG_1787-768x576.jpg\" width=\"720\" height=\"540\" srcset=\"https:\/\/www.facet.unt.edu.ar\/alta-tension\/wp-content\/uploads\/sites\/19\/2017\/07\/IMG_1787-768x576.jpg 768w, https:\/\/www.facet.unt.edu.ar\/alta-tension\/wp-content\/uploads\/sites\/19\/2017\/07\/IMG_1787-300x225.jpg 300w, https:\/\/www.facet.unt.edu.ar\/alta-tension\/wp-content\/uploads\/sites\/19\/2017\/07\/IMG_1787-1024x768.jpg 1024w\" sizes=\"(max-width: 720px) 100vw, 720px\" alt=\"\" loading=\"lazy\" \t\tclass=\"so-widget-image\"\/>\n\t<\/div>\n\n<\/div><\/div><\/div><div id=\"pgc-183-1-2\"  class=\"panel-grid-cell\" ><div id=\"panel-183-1-2-0\" class=\"so-panel widget widget_sow-image panel-first-child panel-last-child\" data-index=\"3\" ><div\n\t\t\t\n\t\t\tclass=\"so-widget-sow-image so-widget-sow-image-default-d6014b76747a-183\"\n\t\t\t\n\t\t>\n\n<div class=\"sow-image-container\">\n\t\t<img src=\"https:\/\/www.facet.unt.edu.ar\/alta-tension\/wp-content\/uploads\/sites\/19\/2018\/03\/Ventana-3_campo-en-RF.png\" width=\"720\" height=\"544\" srcset=\"https:\/\/www.facet.unt.edu.ar\/alta-tension\/wp-content\/uploads\/sites\/19\/2018\/03\/Ventana-3_campo-en-RF.png 728w, https:\/\/www.facet.unt.edu.ar\/alta-tension\/wp-content\/uploads\/sites\/19\/2018\/03\/Ventana-3_campo-en-RF-300x227.png 300w\" sizes=\"(max-width: 720px) 100vw, 720px\" title=\"Ventana 3_campo en RF\" alt=\"\" loading=\"lazy\" \t\tclass=\"so-widget-image\"\/>\n\t<\/div>\n\n<\/div><\/div><\/div><\/div><\/div>","protected":false},"excerpt":{"rendered":"<p>En el Area Simulaci\u00f3n se realizan los estudios y servicios tecnol\u00f3gicos de alto nivel que requieran el uso de c\u00e1lculo computacional y de software espec\u00edfico, tanto para el dise\u00f1o de dispositivos y sistemas el\u00e9ctricos, como para la verificaci\u00f3n del funcionamiento y la presentaci\u00f3n de resultados. Esta \u00e1rea incluye un gabinete con un sistema de computadoras [&hellip;]<\/p>\n","protected":false},"author":17,"featured_media":0,"parent":163,"menu_order":0,"comment_status":"closed","ping_status":"closed","template":"templates\/template-full.php","meta":[],"_links":{"self":[{"href":"https:\/\/www.facet.unt.edu.ar\/alta-tension\/wp-json\/wp\/v2\/pages\/183"}],"collection":[{"href":"https:\/\/www.facet.unt.edu.ar\/alta-tension\/wp-json\/wp\/v2\/pages"}],"about":[{"href":"https:\/\/www.facet.unt.edu.ar\/alta-tension\/wp-json\/wp\/v2\/types\/page"}],"author":[{"embeddable":true,"href":"https:\/\/www.facet.unt.edu.ar\/alta-tension\/wp-json\/wp\/v2\/users\/17"}],"replies":[{"embeddable":true,"href":"https:\/\/www.facet.unt.edu.ar\/alta-tension\/wp-json\/wp\/v2\/comments?post=183"}],"version-history":[{"count":15,"href":"https:\/\/www.facet.unt.edu.ar\/alta-tension\/wp-json\/wp\/v2\/pages\/183\/revisions"}],"predecessor-version":[{"id":418,"href":"https:\/\/www.facet.unt.edu.ar\/alta-tension\/wp-json\/wp\/v2\/pages\/183\/revisions\/418"}],"up":[{"embeddable":true,"href":"https:\/\/www.facet.unt.edu.ar\/alta-tension\/wp-json\/wp\/v2\/pages\/163"}],"wp:attachment":[{"href":"https:\/\/www.facet.unt.edu.ar\/alta-tension\/wp-json\/wp\/v2\/media?parent=183"}],"curies":[{"name":"wp","href":"https:\/\/api.w.org\/{rel}","templated":true}]}}