{"id":2,"date":"2013-11-27T14:05:50","date_gmt":"2013-11-27T17:05:50","guid":{"rendered":"https:\/\/www.facet.unt.edu.aralta-tension\/?page_id=2"},"modified":"2020-01-06T12:10:34","modified_gmt":"2020-01-06T15:10:34","slug":"personal","status":"publish","type":"page","link":"https:\/\/www.facet.unt.edu.ar\/alta-tension\/personal\/","title":{"rendered":"Personal"},"content":{"rendered":"<div id=\"pl-2\"  class=\"panel-layout\" ><div id=\"pg-2-0\"  class=\"panel-grid panel-no-style\" ><div id=\"pgc-2-0-0\"  class=\"panel-grid-cell\" ><div id=\"panel-2-0-0-0\" class=\"so-panel widget widget_sow-editor panel-first-child panel-last-child\" data-index=\"0\" ><div\n\t\t\t\n\t\t\tclass=\"so-widget-sow-editor so-widget-sow-editor-base\"\n\t\t\t\n\t\t>\n<div class=\"siteorigin-widget-tinymce textwidget\">\n\t<p style=\"text-align: justify;\">El IATTE cuenta con personal estable, seis docentes, dos personal de apoyo y dos ayudantes alumnos, as\u00ed como con estudiantes que realizan su Proyecto de Graduaci\u00f3n, Tesis y su Pr\u00e1ctica Profesional Supervisada.<\/p>\n<p><strong>Director: <\/strong><\/p>\n<p>Prof. Ricardo Diaz (Dr.Ing.): <a href=\"mailto:rdiaz@herrera.unt.edu.ar\">rdiaz@herrera.unt.edu.ar<\/a><\/p>\n<\/div>\n<\/div><\/div><\/div><\/div><div id=\"pg-2-1\"  class=\"panel-grid panel-no-style\" ><div id=\"pgc-2-1-0\"  class=\"panel-grid-cell\" ><div id=\"panel-2-1-0-0\" class=\"so-panel widget widget_sow-editor panel-first-child panel-last-child\" data-index=\"1\" ><div\n\t\t\t\n\t\t\tclass=\"so-widget-sow-editor so-widget-sow-editor-base\"\n\t\t\t\n\t\t>\n<div class=\"siteorigin-widget-tinymce textwidget\">\n\t<p><strong>Docentes<\/strong><\/p>\n<\/div>\n<\/div><\/div><\/div><\/div><div id=\"pg-2-2\"  class=\"panel-grid panel-no-style\" ><div id=\"pgc-2-2-0\"  class=\"panel-grid-cell\" ><div id=\"panel-2-2-0-0\" class=\"so-panel widget widget_sow-editor panel-first-child panel-last-child\" data-index=\"2\" ><div class=\"panel-widget-style panel-widget-style-for-2-2-0-0\" ><div\n\t\t\t\n\t\t\tclass=\"so-widget-sow-editor so-widget-sow-editor-base\"\n\t\t\t\n\t\t>\n<div class=\"siteorigin-widget-tinymce textwidget\">\n\t<table>\n<tbody>\n<tr>\n<td width=\"217\"><strong>Nombre<\/strong><\/td>\n<td width=\"109\"><strong>Cargo<\/strong><\/td>\n<td width=\"267\"><strong>Email<\/strong><\/td>\n<\/tr>\n<tr>\n<td width=\"217\">Ing. Bruno Rizzotti<\/td>\n<td width=\"109\">Prof. Asoc.<\/td>\n<td width=\"267\">brizzotti@herrera.unt.edu.ar<\/td>\n<\/tr>\n<tr>\n<td width=\"217\">Ing. Jos\u00e9 Silva<\/td>\n<td width=\"109\">Prof. Adj.<\/td>\n<td width=\"267\">jsilva@herrera.unt.edu.ar<\/td>\n<\/tr>\n<tr>\n<td width=\"217\">Ing. Adolfo Parellada<\/td>\n<td width=\"109\">JTP<\/td>\n<td width=\"267\">aparellada@herrera.unt.edu.ar<\/td>\n<\/tr>\n<tr>\n<td width=\"217\">Ing. Alfredo Alvarado<\/td>\n<td width=\"109\">ADG<\/td>\n<td width=\"267\">aalvarado@herrera.unt.edu.ar<\/td>\n<\/tr>\n<tr>\n<td width=\"217\">Ing. Rafael Gijena<\/td>\n<td width=\"109\">ADG<\/td>\n<td width=\"267\">rgijena@herrera.unt.edu.ar<\/td>\n<\/tr>\n<\/tbody>\n<\/table>\n<\/div>\n<\/div><\/div><\/div><\/div><\/div><div id=\"pg-2-3\"  class=\"panel-grid panel-no-style\" ><div id=\"pgc-2-3-0\"  class=\"panel-grid-cell\" ><div id=\"panel-2-3-0-0\" class=\"so-panel widget widget_sow-editor panel-first-child panel-last-child\" data-index=\"3\" ><div\n\t\t\t\n\t\t\tclass=\"so-widget-sow-editor so-widget-sow-editor-base\"\n\t\t\t\n\t\t>\n<div class=\"siteorigin-widget-tinymce textwidget\">\n\t<p><strong>Secretario administrativo:<\/strong><\/p>\n<p>Sr. Enrique L\u00f3pez: ealopez@herrera.unt.edu.ar<\/p>\n<p><strong>Personal t\u00e9cnico:<\/strong><\/p>\n<p>Lic. Daniel Pino:<\/p>\n<\/div>\n<\/div><\/div><\/div><\/div><\/div>","protected":false},"excerpt":{"rendered":"<p>El IATTE cuenta con personal estable, seis docentes, dos personal de apoyo y dos ayudantes alumnos, as\u00ed como con estudiantes que realizan su Proyecto de Graduaci\u00f3n, Tesis y su Pr\u00e1ctica Profesional Supervisada. Director: Prof. Ricardo Diaz (Dr.Ing.): rdiaz@herrera.unt.edu.ar Docentes<\/p>\n","protected":false},"author":1,"featured_media":0,"parent":0,"menu_order":0,"comment_status":"closed","ping_status":"closed","template":"templates\/template-full.php","meta":[],"_links":{"self":[{"href":"https:\/\/www.facet.unt.edu.ar\/alta-tension\/wp-json\/wp\/v2\/pages\/2"}],"collection":[{"href":"https:\/\/www.facet.unt.edu.ar\/alta-tension\/wp-json\/wp\/v2\/pages"}],"about":[{"href":"https:\/\/www.facet.unt.edu.ar\/alta-tension\/wp-json\/wp\/v2\/types\/page"}],"author":[{"embeddable":true,"href":"https:\/\/www.facet.unt.edu.ar\/alta-tension\/wp-json\/wp\/v2\/users\/1"}],"replies":[{"embeddable":true,"href":"https:\/\/www.facet.unt.edu.ar\/alta-tension\/wp-json\/wp\/v2\/comments?post=2"}],"version-history":[{"count":13,"href":"https:\/\/www.facet.unt.edu.ar\/alta-tension\/wp-json\/wp\/v2\/pages\/2\/revisions"}],"predecessor-version":[{"id":456,"href":"https:\/\/www.facet.unt.edu.ar\/alta-tension\/wp-json\/wp\/v2\/pages\/2\/revisions\/456"}],"wp:attachment":[{"href":"https:\/\/www.facet.unt.edu.ar\/alta-tension\/wp-json\/wp\/v2\/media?parent=2"}],"curies":[{"name":"wp","href":"https:\/\/api.w.org\/{rel}","templated":true}]}}