{"id":214,"date":"2016-10-28T13:45:37","date_gmt":"2016-10-28T16:45:37","guid":{"rendered":"https:\/\/www.facet.unt.edu.ar\/alta-tension\/?page_id=214"},"modified":"2026-03-09T12:54:30","modified_gmt":"2026-03-09T15:54:30","slug":"docencia","status":"publish","type":"page","link":"https:\/\/www.facet.unt.edu.ar\/alta-tension\/docencia\/","title":{"rendered":"Docencia"},"content":{"rendered":"<div id=\"pl-214\"  class=\"panel-layout\" ><div id=\"pg-214-0\"  class=\"panel-grid panel-no-style\" ><div id=\"pgc-214-0-0\"  class=\"panel-grid-cell\" ><div id=\"panel-214-0-0-0\" class=\"so-panel widget widget_sow-editor panel-first-child panel-last-child\" data-index=\"0\" ><div\n\t\t\t\n\t\t\tclass=\"so-widget-sow-editor so-widget-sow-editor-base\"\n\t\t\t\n\t\t>\n<div class=\"siteorigin-widget-tinymce textwidget\">\n\t<h1><span style=\"text-decoration: underline;\">Asignaturas de Ingenier\u00eda<\/span><\/h1>\n<p>En el IATTE se dictan tres cursos semestrales de grado para estudiantes de las carreras de <strong>Ingenier\u00eda El\u00e9ctrica<\/strong> y de <strong>Ingenier\u00eda Electr\u00f3nica<\/strong> de la Universidad Nacional de Tucum\u00e1n:<\/p>\n<ol>\n<li>T\u00e9cnicas de Alta Tensi\u00f3n. - <a href=\"https:\/\/www.facet.unt.edu.ar\/alta-tension\/wp-content\/uploads\/sites\/19\/2024\/03\/TAT.pdf\" target=\"_blank\" rel=\"noopener noreferrer\">Descargar Programa<\/a><\/li>\n<li>Transmisi\u00f3n de Energ\u00eda El\u00e9ctrica.\u00a0- <a href=\"https:\/\/www.facet.unt.edu.ar\/alta-tension\/wp-content\/uploads\/sites\/19\/2017\/04\/TransEne.pdf\" target=\"_blank\" rel=\"noopener noreferrer\">Descargar Programa<\/a><\/li>\n<li>Transmisi\u00f3n de Energ\u00eda en Muy Altas Tensiones. - <a href=\"https:\/\/www.facet.unt.edu.ar\/alta-tension\/wp-content\/uploads\/sites\/19\/2017\/04\/TransMAT.pdf\" target=\"_blank\" rel=\"noopener noreferrer\">Descargar Programa<\/a><\/li>\n<\/ol>\n<p>Los estudiantes avanzados pueden desarrollar Proyectos o Tesis de Graduaci\u00f3n, en temas profesionales o de investigaci\u00f3n en temas de la especialidad. Tambi\u00e9n pueden realizar Pr\u00e1cticas Profesionales Supervisadas en el marco de contratos y convenios de servicios del IATTE con empresas del sector el\u00e9ctrico. Ambos constituyen un requisito acad\u00e9mico para acceder al t\u00edtulo de Ingeniero de la UNT.<\/p>\n<h3><strong><span style=\"color: #ff0000;\">NOVEDADES PRIMER SEMESTRE 2026:<\/span><\/strong><\/h3>\n<ul>\n<li>Para cursar la asignatura <strong>T\u00e9cnicas de Alta Tensi\u00f3n <\/strong>los alumnos interesados deben enviar un mail a: brizzotti@herrera.unt.edu.ar\/jsilva@herrera.unt.edu.ar\/aparellada@herrera.unt.edu.ar con nombre, DNI, e-mail. Los alumnos deber\u00e1n inscribirse en SIU Guarani. En el <strong>ASUNTO<\/strong> del mail escribir: <strong>TAT-2026<\/strong><\/li>\n<\/ul>\n<p>Es asignatura <strong>obligatoria<\/strong> del plan de Ingenier\u00eda El\u00e9ctrica del m\u00f3dulo IX y <strong>electiva<\/strong> para Ingenier\u00eda Electr\u00f3nica.<\/p>\n<p>Requisitos previos p\/cursar: Aprobadas: Propagaci\u00f3n Electromagn\u00e9tica o Electromagnetismo I (Ing. Electr\u00f3nica). Regulares: Transmisi\u00f3n de Energ\u00eda y M\u00e1quinas El\u00e9ctricas I o M\u00e1quinas e Instalaciones El\u00e9ctricas (Ing.Electr\u00f3nica)<\/p>\n<p>Requisitos previos p\/rendir final: Transmisi\u00f3n de Energ\u00eda y M\u00e1quinas El\u00e9ctricas I (para Ing. El\u00e9ctrica) y Prueba Suficiencia ingl\u00e9s. M\u00e1quinas e Instalaciones El\u00e9ctricas (para Ing.Electr\u00f3nica) y Prueba Suficiencia Ingl\u00e9s.<\/p>\n<p>Inicio de clases: 17\/03\/2026. Martes y Jueves de 15:00 a 18:00 hs\u00a0 en Aula <strong>E4-01-06<\/strong><\/p>\n<p>&nbsp;<\/p>\n<h1><span style=\"text-decoration: underline;\"><span style=\"color: #ff0000; text-decoration: underline;\"><span style=\"text-decoration: underline;\">Programa<\/span> ARFITEC <span style=\"color: #000000; text-decoration: underline;\"><span style=\"color: #ff0000; text-decoration: underline;\">:<\/span><\/span><\/span><\/span><\/h1>\n<p><span style=\"color: #ff0000;\"><span style=\"color: #000000;\">Estudiar en Francia (para estudiantes de ingenier\u00eda)<\/span><\/span>: <span style=\"color: #ff0000;\"><strong>www.campusfrance.org<\/strong><\/span><\/p>\n<h3>EMIDUR 2025\/26 (\u00c9nergie, Mobilit\u00e9, Industrie, d\u00e9veloppement DURable): Consultar en folleto Convocatoria ARFITEC : <a href=\"https:\/\/www.facet.unt.edu.ar\/alta-tension\/wp-content\/uploads\/sites\/19\/2026\/03\/Convocatoria-becas-ARFITEC_EMIDUR-2025_6.pdf\"><strong>EMIDUR<\/strong><\/a><\/h3>\n<h3>ICEP 2025\/26 (Ing\u00e9nierie de Construction, \u00c9nergie et Proc\u00e9d\u00e9s): Consultar en\u00a0 folleto Convocatoria ARFITEC:<a href=\"https:\/\/www.facet.unt.edu.ar\/alta-tension\/wp-content\/uploads\/sites\/19\/2026\/03\/Convocatoria-becas-ARFITEC-ICEP-2025_26-.pdf\"><strong> ICEP<\/strong><\/a><\/h3>\n<h3><\/h3>\n<h3><strong><span style=\"color: #008000;\">Para estudiantes avanzados de Ingenier\u00eda El\u00e9ctrica y Electr\u00f3nica de la UNT y del Master M2 (\u00c9lectronique, \u00e9nergie \u00e9lectrique, automatique) de UPPA que quieran cursar un doble diploma (M2+Dipl. Ing.) en la UNT y en la Universit\u00e9 de Pau et des Pays de l\u00b4Adour (UPPA-Francia) consultar en: rdiaz@herrera.unt.edu.ar.\u00a0<\/span><\/strong><\/h3>\n<h4><span style=\"color: #008000;\">Requisitos UNT:\u00a0 4to. a\u00f1o aprobado al 01 abril 2025, buen promedio acad\u00e9mico, nivel B1 de idioma franc\u00e9s.<\/span><\/h4>\n<h1><\/h1>\n<h1><span style=\"text-decoration: underline;\">Posgrados UNT<\/span><\/h1>\n<p>En el IATTE se dictan cursos de posgrado (Electromagnetismo Computacional.\u00a0- <a href=\"https:\/\/www.facet.unt.edu.ar\/alta-tension\/wp-content\/uploads\/sites\/19\/2017\/04\/Electromag_Computacional.pdf\" target=\"_blank\" rel=\"noopener noreferrer\">Descargar Programa<\/a>) en el marco de dos carreras acreditadas y categorizadas A por CONEAU:<\/p>\n<ul>\n<li><strong>Maestr\u00eda en M\u00e9todos num\u00e9ricos y Computacionales en Ingenier\u00eda<\/strong><br \/>\n<h3><a href=\"http:\/\/www.facet.unt.edu.ar\/mag-mnci\">www.facet.unt.edu.ar\/mag-mnci<\/a><\/h3>\n<\/li>\n<li>\n<h3><strong>Doctorado en Ciencias Exactas e Ingenier\u00eda<\/strong> <span style=\"color: #3366ff;\"><a style=\"color: #3366ff; text-decoration: underline;\" href=\"https:\/\/www.facet.unt.edu.ar\/posgrado\/doctorado-en-ciencias-exactas-e-ingenieria\/\">www.facet.unt.edu.ar\/posgrado\/doctorado-en-ciencias-exactas-e-ingenieria<\/a><\/span><\/h3>\n<\/li>\n<\/ul>\n<h3>El IATTE es sede UNT de la Maestr\u00eda Binacional en Proyectos de Ingenier\u00eda (<span style=\"text-decoration: underline; color: #ff0000;\"><strong>Master of Engineering Management<\/strong><\/span>) que se dicta en cooperaci\u00f3n con la <em><strong>Universidad de Ciencias Aplicadas de Biberach, Alemania<\/strong><\/em> (<a href=\"http:\/\/www.proyectosingenieria.org.ar\" target=\"_blank\" rel=\"noopener noreferrer\">www.proyectosingenieria.org.ar<\/a> \/ <a href=\"http:\/\/www.cuaa-dahz.org\" target=\"_blank\" rel=\"noopener noreferrer\">www.cuaa-dahz.org<\/a>).<\/h3>\n<h4>Los alumnos de posgrado pueden realizar en el IATTE sus tesis de maestr\u00eda y doctorado, en temas de la especialidad.<\/h4>\n<\/div>\n<\/div><\/div><\/div><\/div><\/div>","protected":false},"excerpt":{"rendered":"<p>Asignaturas de Ingenier\u00eda En el IATTE se dictan tres cursos semestrales de grado para estudiantes de las carreras de Ingenier\u00eda El\u00e9ctrica y de Ingenier\u00eda Electr\u00f3nica de la Universidad Nacional de Tucum\u00e1n: T\u00e9cnicas de Alta Tensi\u00f3n. &#8211; Descargar Programa Transmisi\u00f3n de Energ\u00eda El\u00e9ctrica.\u00a0&#8211; Descargar Programa Transmisi\u00f3n de Energ\u00eda en Muy Altas Tensiones. &#8211; Descargar Programa Los [&hellip;]<\/p>\n","protected":false},"author":17,"featured_media":0,"parent":0,"menu_order":0,"comment_status":"closed","ping_status":"closed","template":"templates\/template-full-notitle.php","meta":[],"_links":{"self":[{"href":"https:\/\/www.facet.unt.edu.ar\/alta-tension\/wp-json\/wp\/v2\/pages\/214"}],"collection":[{"href":"https:\/\/www.facet.unt.edu.ar\/alta-tension\/wp-json\/wp\/v2\/pages"}],"about":[{"href":"https:\/\/www.facet.unt.edu.ar\/alta-tension\/wp-json\/wp\/v2\/types\/page"}],"author":[{"embeddable":true,"href":"https:\/\/www.facet.unt.edu.ar\/alta-tension\/wp-json\/wp\/v2\/users\/17"}],"replies":[{"embeddable":true,"href":"https:\/\/www.facet.unt.edu.ar\/alta-tension\/wp-json\/wp\/v2\/comments?post=214"}],"version-history":[{"count":102,"href":"https:\/\/www.facet.unt.edu.ar\/alta-tension\/wp-json\/wp\/v2\/pages\/214\/revisions"}],"predecessor-version":[{"id":664,"href":"https:\/\/www.facet.unt.edu.ar\/alta-tension\/wp-json\/wp\/v2\/pages\/214\/revisions\/664"}],"wp:attachment":[{"href":"https:\/\/www.facet.unt.edu.ar\/alta-tension\/wp-json\/wp\/v2\/media?parent=214"}],"curies":[{"name":"wp","href":"https:\/\/api.w.org\/{rel}","templated":true}]}}