{"id":65,"date":"2014-08-04T09:14:33","date_gmt":"2014-08-04T12:14:33","guid":{"rendered":"https:\/\/www.facet.unt.edu.aralta-tension\/home\/"},"modified":"2019-06-03T10:33:32","modified_gmt":"2019-06-03T13:33:32","slug":"home","status":"publish","type":"page","link":"https:\/\/www.facet.unt.edu.ar\/alta-tension\/","title":{"rendered":"Home"},"content":{"rendered":"<div id=\"pl-65\"  class=\"panel-layout\" ><div id=\"pg-65-0\"  class=\"panel-grid panel-no-style\" ><div id=\"pgc-65-0-0\"  class=\"panel-grid-cell\" ><div id=\"panel-65-0-0-0\" class=\"so-panel widget widget_sow-editor panel-first-child panel-last-child\" data-index=\"0\" ><div\n\t\t\t\n\t\t\tclass=\"so-widget-sow-editor so-widget-sow-editor-base\"\n\t\t\t\n\t\t><h3 class=\"widget-title\">INSTITUTO DE ALTA TENSION Y TRANSMISION DE ENERGIA<\/h3>\n<div class=\"siteorigin-widget-tinymce textwidget\">\n\t<h3 style=\"text-align: center\">DE LA UNIVERSIDAD NACIONAL DE TUCUMAN \u00a0\u00a0\u00a0<\/h3>\n<h4 style=\"text-align: center\">\u00a0\u00a0\u00a0\u00a0\u00a0 (IATTE-UNT)<\/h4>\n<h3 style=\"text-align: center\"><em>\"Prof. Gottfried Gotter\"<\/em><\/h3>\n<p style=\"text-align: justify\">El Instituto de Alta Tensi\u00f3n y Transmisi\u00f3n de Energ\u00eda de la Universidad Nacional de Tucum\u00e1n incluye el m\u00e1s antiguo de los laboratorios universitarios argentinos de alta tensi\u00f3n. Creado en 1960, tiene una larga experiencia en el campo de la Ingenier\u00eda de Altas Tensiones.<\/p>\n<p style=\"text-align: justify\">El IATTE cuenta con el personal especializado y las instalaciones adecuadas para brindar servicios relativos al control de calidad y al dise\u00f1o de los aislamientos en los sistemas el\u00e9ctricos de media y alta tensi\u00f3n.<\/p>\n<p style=\"text-align: justify\">El IATTE provee estos servicios\u00a0 mediante pericias, certificaciones, cursos para capacitaci\u00f3n de recursos humanos, desarrollos e investigaciones aplicadas.<\/p>\n<p style=\"text-align: justify\">El IATTE mantiene v\u00ednculos de colaboraci\u00f3n con\u00a0 industrias, consultoras y empresas de suministro de energ\u00eda el\u00e9ctrica, as\u00ed\u00a0 como con instituciones de Italia, Francia y Alemania.<\/p>\n<p><strong>El IATTE ha organizado el\u00a020th International Symposium on High Voltage Engineering (ISH 2017)<\/strong><\/p>\n<h1><strong>\u00a0 \u00a0 \u00a0 \u00a0 \u00a0 \u00a0 \u00a0 \u00a0 \u00a0 \u00a0 \u00a0 \u00a0 \u00a0 \u00a0 \u00a0 \u00a0 \u00a0 \u00a0 \u00a0 \u00a0 \u00a0 \u00a0 \u00a0 \u00a0 \u00a0 \u00a0 \u00a0 <\/strong><strong><a href=\"http:\/\/www.ish2017.org\">www.ish2017.org<\/a><\/strong><\/h1>\n<h1><strong>\u00a0 \u00a0 \u00a0 \u00a0 \u00a0 \u00a0 \u00a0 \u00a0 \u00a0 \u00a0 \u00a0 \u00a0 \u00a0 \u00a0 \u00a0 \u00a0 \u00a0 \u00a0 \u00a0 \u00a0 \u00a0 \u00a0 \u00a0 \u00a0 \u00a0<a href=\"https:\/\/www.facet.unt.edu.ar\/alta-tension\/wp-content\/uploads\/sites\/19\/2018\/01\/Logo-ISH-Final-01.jpg\"><img decoding=\"async\" loading=\"lazy\" class=\"alignnone size-medium wp-image-400\" src=\"https:\/\/www.facet.unt.edu.ar\/alta-tension\/wp-content\/uploads\/sites\/19\/2018\/01\/Logo-ISH-Final-01-300x212.jpg\" alt=\"\" width=\"300\" height=\"212\" srcset=\"https:\/\/www.facet.unt.edu.ar\/alta-tension\/wp-content\/uploads\/sites\/19\/2018\/01\/Logo-ISH-Final-01-300x212.jpg 300w, https:\/\/www.facet.unt.edu.ar\/alta-tension\/wp-content\/uploads\/sites\/19\/2018\/01\/Logo-ISH-Final-01-768x543.jpg 768w, https:\/\/www.facet.unt.edu.ar\/alta-tension\/wp-content\/uploads\/sites\/19\/2018\/01\/Logo-ISH-Final-01-1024x724.jpg 1024w\" sizes=\"(max-width: 300px) 100vw, 300px\" \/><\/a> \u00a0 \u00a0 \u00a0 \u00a0 \u00a0 \u00a0 \u00a0 \u00a0 \u00a0 \u00a0 \u00a0 \u00a0 \u00a0<\/strong><\/h1>\n<\/div>\n<\/div><\/div><\/div><\/div><div id=\"pg-65-1\"  class=\"panel-grid panel-no-style\" ><div id=\"pgc-65-1-0\"  class=\"panel-grid-cell\" ><div id=\"panel-65-1-0-0\" class=\"so-panel widget widget_sow-editor panel-first-child panel-last-child\" data-index=\"1\" ><div\n\t\t\t\n\t\t\tclass=\"so-widget-sow-editor so-widget-sow-editor-base\"\n\t\t\t\n\t\t><h3 class=\"widget-title\">ORGANIZACION GENERAL<\/h3>\n<div class=\"siteorigin-widget-tinymce textwidget\">\n\t<p>Las actividades cient\u00edficas y tecnol\u00f3gicas del IATTE est\u00e1n agrupadas en tres \u00e1reas o laboratorios:<\/p>\n<\/div>\n<\/div><\/div><\/div><\/div><div id=\"pg-65-2\"  class=\"panel-grid panel-no-style\" ><div id=\"pgc-65-2-0\"  class=\"panel-grid-cell\" ><div id=\"panel-65-2-0-0\" class=\"so-panel widget widget_circleicon-widget panel-first-child\" data-index=\"2\" ><div class=\"panel-widget-style panel-widget-style-for-65-2-0-0\" >\t\t<div class=\"circle-icon-box circle-icon-position-top circle-icon-hide-box circle-icon-size-large\">\n\t\t\t<div class=\"circle-icon-wrapper\">\n\t\t\t\t\t\t\t\t<div class=\"circle-icon\" >\n\t\t\t\t\t<div class=\"fa fa-bolt\" ><\/div>\t\t\t\t<\/div>\n\t\t\t\t\t\t\t<\/div>\n\n\t\t\t\t\t\t<h4 >Laboratorio de Alta Tensi\u00f3n<\/h4>\t\t\t\n\t\t\t\t\t\t\t\t<\/div>\n\t\t<\/div><\/div><div id=\"panel-65-2-0-1\" class=\"so-panel widget widget_sow-button panel-last-child\" data-index=\"3\" ><div\n\t\t\t\n\t\t\tclass=\"so-widget-sow-button so-widget-sow-button-wire-eaa51a902caf-65\"\n\t\t\t\n\t\t><div class=\"ow-button-base ow-button-align-center\">\n\t<a href=\"https:\/\/www.facet.unt.edu.ar\/alta-tension\/laboratorios\/laboratorio-de-alta-tension\/\" class=\"ow-icon-placement-left ow-button-hover\" \t\t>\n\t\t<span>\n\t\t\t\n\t\t\tM\u00e1s Informaci\u00f3n\t\t<\/span>\n\t<\/a>\n<\/div>\n<\/div><\/div><\/div><div id=\"pgc-65-2-1\"  class=\"panel-grid-cell\" ><div id=\"panel-65-2-1-0\" class=\"so-panel widget widget_circleicon-widget panel-first-child\" data-index=\"4\" ><div class=\"panel-widget-style panel-widget-style-for-65-2-1-0\" >\t\t<div class=\"circle-icon-box circle-icon-position-top circle-icon-hide-box circle-icon-size-large\">\n\t\t\t<div class=\"circle-icon-wrapper\">\n\t\t\t\t\t\t\t\t<div class=\"circle-icon\" >\n\t\t\t\t\t<div class=\"fa fa-bar-chart\" ><\/div>\t\t\t\t<\/div>\n\t\t\t\t\t\t\t<\/div>\n\n\t\t\t\t\t\t<h4 >Laboratorio de Calibraci\u00f3n<\/h4>\t\t\t\n\t\t\t\t\t\t\t\t<\/div>\n\t\t<\/div><\/div><div id=\"panel-65-2-1-1\" class=\"so-panel widget widget_sow-button panel-last-child\" data-index=\"5\" ><div\n\t\t\t\n\t\t\tclass=\"so-widget-sow-button so-widget-sow-button-wire-eaa51a902caf-65\"\n\t\t\t\n\t\t><div class=\"ow-button-base ow-button-align-center\">\n\t<a href=\"https:\/\/www.facet.unt.edu.ar\/alta-tension\/laboratorios\/laboratorio-de-calibracion\/\" class=\"ow-icon-placement-left ow-button-hover\" \t\t>\n\t\t<span>\n\t\t\t\n\t\t\tM\u00e1s Informaci\u00f3n\t\t<\/span>\n\t<\/a>\n<\/div>\n<\/div><\/div><\/div><div id=\"pgc-65-2-2\"  class=\"panel-grid-cell\" ><div id=\"panel-65-2-2-0\" class=\"so-panel widget widget_circleicon-widget panel-first-child\" data-index=\"6\" ><div class=\"panel-widget-style panel-widget-style-for-65-2-2-0\" >\t\t<div class=\"circle-icon-box circle-icon-position-top circle-icon-hide-box circle-icon-size-large\">\n\t\t\t<div class=\"circle-icon-wrapper\">\n\t\t\t\t\t\t\t\t<div class=\"circle-icon\" >\n\t\t\t\t\t<div class=\"fa fa-laptop\" ><\/div>\t\t\t\t<\/div>\n\t\t\t\t\t\t\t<\/div>\n\n\t\t\t\t\t\t<h4 >Laboratorio de Simulaci\u00f3n<\/h4>\t\t\t\n\t\t\t\t\t\t\t\t<\/div>\n\t\t<\/div><\/div><div id=\"panel-65-2-2-1\" class=\"so-panel widget widget_sow-button panel-last-child\" data-index=\"7\" ><div\n\t\t\t\n\t\t\tclass=\"so-widget-sow-button so-widget-sow-button-wire-eaa51a902caf-65\"\n\t\t\t\n\t\t><div class=\"ow-button-base ow-button-align-center\">\n\t<a href=\"https:\/\/www.facet.unt.edu.ar\/alta-tension\/laboratorios\/laboratorio-de-simulacion\/\" class=\"ow-icon-placement-left ow-button-hover\" \t\t>\n\t\t<span>\n\t\t\t\n\t\t\tM\u00e1s Informaci\u00f3n\t\t<\/span>\n\t<\/a>\n<\/div>\n<\/div><\/div><\/div><\/div><\/div>","protected":false},"excerpt":{"rendered":"<p>DE LA UNIVERSIDAD NACIONAL DE TUCUMAN \u00a0\u00a0\u00a0 \u00a0\u00a0\u00a0\u00a0\u00a0 (IATTE-UNT) &#8220;Prof. Gottfried Gotter&#8221; El Instituto de Alta Tensi\u00f3n y Transmisi\u00f3n de Energ\u00eda de la Universidad Nacional de Tucum\u00e1n incluye el m\u00e1s antiguo de los laboratorios universitarios argentinos de alta tensi\u00f3n. Creado en 1960, tiene una larga experiencia en el campo de la Ingenier\u00eda de Altas Tensiones. [&hellip;]<\/p>\n","protected":false},"author":1,"featured_media":0,"parent":0,"menu_order":0,"comment_status":"closed","ping_status":"closed","template":"home-panels.php","meta":[],"_links":{"self":[{"href":"https:\/\/www.facet.unt.edu.ar\/alta-tension\/wp-json\/wp\/v2\/pages\/65"}],"collection":[{"href":"https:\/\/www.facet.unt.edu.ar\/alta-tension\/wp-json\/wp\/v2\/pages"}],"about":[{"href":"https:\/\/www.facet.unt.edu.ar\/alta-tension\/wp-json\/wp\/v2\/types\/page"}],"author":[{"embeddable":true,"href":"https:\/\/www.facet.unt.edu.ar\/alta-tension\/wp-json\/wp\/v2\/users\/1"}],"replies":[{"embeddable":true,"href":"https:\/\/www.facet.unt.edu.ar\/alta-tension\/wp-json\/wp\/v2\/comments?post=65"}],"version-history":[{"count":33,"href":"https:\/\/www.facet.unt.edu.ar\/alta-tension\/wp-json\/wp\/v2\/pages\/65\/revisions"}],"predecessor-version":[{"id":145,"href":"https:\/\/www.facet.unt.edu.ar\/alta-tension\/wp-json\/wp\/v2\/pages\/65\/revisions\/145"}],"wp:attachment":[{"href":"https:\/\/www.facet.unt.edu.ar\/alta-tension\/wp-json\/wp\/v2\/media?parent=65"}],"curies":[{"name":"wp","href":"https:\/\/api.w.org\/{rel}","templated":true}]}}