{"id":92,"date":"2016-09-23T16:48:22","date_gmt":"2016-09-23T19:48:22","guid":{"rendered":"https:\/\/www.facet.unt.edu.ar\/alta-tension\/?page_id=92"},"modified":"2021-04-14T10:37:08","modified_gmt":"2021-04-14T13:37:08","slug":"investigacion","status":"publish","type":"page","link":"https:\/\/www.facet.unt.edu.ar\/alta-tension\/investigacion\/","title":{"rendered":"Investigaci\u00f3n"},"content":{"rendered":"<div id=\"pl-92\"  class=\"panel-layout\" ><div id=\"pg-92-0\"  class=\"panel-grid panel-no-style\" ><div id=\"pgc-92-0-0\"  class=\"panel-grid-cell\" ><div id=\"panel-92-0-0-0\" class=\"so-panel widget widget_sow-editor panel-first-child panel-last-child\" data-index=\"0\" ><div\n\t\t\t\n\t\t\tclass=\"so-widget-sow-editor so-widget-sow-editor-base\"\n\t\t\t\n\t\t>\n<div class=\"siteorigin-widget-tinymce textwidget\">\n\t<p style=\"text-align: justify;\">El IATTE realiza estudios e investigaciones, con financiamiento propio, del CONICET y del Consejo de Investigaciones de la UNT, en las siguientes \u00e1reas:<\/p>\n<ul>\n<li><em>Aislamientos a\u00e9reos en sistemas el\u00e9ctricos.<\/em><\/li>\n<li><em>Aislamientos s\u00f3lidos en equipos el\u00e9ctricos.<\/em><\/li>\n<li><em>C\u00e1lculo num\u00e9rico de la distribuci\u00f3n de campos el\u00e9ctricos y magn\u00e9ticos.<\/em><\/li>\n<li><em>Coordinaci\u00f3n de los aislamientos y modelos de descargadores de \u00f3xido de zinc.<\/em><\/li>\n<li><em>Dise\u00f1o y calibraci\u00f3n de sistemas de medici\u00f3n de impulsos en alta tensi\u00f3n (SMIAT). Ver www.facet.unt.edu.ar\/alta-tension\/servicios\/serviciosaterceros\/<\/em><\/li>\n<li><em>Metrolog\u00eda de altas tensiones.<\/em><\/li>\n<li><em>Comportamiento no-lineal de puestas a tierra.<\/em><\/li>\n<\/ul>\n<\/div>\n<\/div><\/div><\/div><\/div><div id=\"pg-92-1\"  class=\"panel-grid panel-no-style\" ><div id=\"pgc-92-1-0\"  class=\"panel-grid-cell\" ><div id=\"panel-92-1-0-0\" class=\"so-panel widget widget_sow-image panel-first-child panel-last-child\" data-index=\"1\" ><div\n\t\t\t\n\t\t\tclass=\"so-widget-sow-image so-widget-sow-image-default-17bc2272b535-92\"\n\t\t\t\n\t\t>\n\n<div class=\"sow-image-container\">\n\t\t<img src=\"https:\/\/www.facet.unt.edu.ar\/alta-tension\/wp-content\/uploads\/sites\/19\/2016\/09\/inv_2.jpg\" width=\"720\" height=\"455\" srcset=\"https:\/\/www.facet.unt.edu.ar\/alta-tension\/wp-content\/uploads\/sites\/19\/2016\/09\/inv_2.jpg 760w, https:\/\/www.facet.unt.edu.ar\/alta-tension\/wp-content\/uploads\/sites\/19\/2016\/09\/inv_2-300x189.jpg 300w\" sizes=\"(max-width: 720px) 100vw, 720px\" alt=\"\" loading=\"lazy\" \t\tclass=\"so-widget-image\"\/>\n\t<\/div>\n\n<\/div><\/div><\/div><div id=\"pgc-92-1-1\"  class=\"panel-grid-cell\" ><div id=\"panel-92-1-1-0\" class=\"so-panel widget widget_sow-image panel-first-child panel-last-child\" data-index=\"2\" ><div\n\t\t\t\n\t\t\tclass=\"so-widget-sow-image so-widget-sow-image-default-17bc2272b535-92\"\n\t\t\t\n\t\t>\n\n<div class=\"sow-image-container\">\n\t\t<img src=\"https:\/\/www.facet.unt.edu.ar\/alta-tension\/wp-content\/uploads\/sites\/19\/2017\/07\/inv3.png\" width=\"720\" height=\"339\" srcset=\"https:\/\/www.facet.unt.edu.ar\/alta-tension\/wp-content\/uploads\/sites\/19\/2017\/07\/inv3.png 740w, https:\/\/www.facet.unt.edu.ar\/alta-tension\/wp-content\/uploads\/sites\/19\/2017\/07\/inv3-300x141.png 300w\" sizes=\"(max-width: 720px) 100vw, 720px\" alt=\"\" loading=\"lazy\" \t\tclass=\"so-widget-image\"\/>\n\t<\/div>\n\n<\/div><\/div><\/div><\/div><div id=\"pg-92-2\"  class=\"panel-grid panel-no-style\" ><div id=\"pgc-92-2-0\"  class=\"panel-grid-cell\" ><div id=\"panel-92-2-0-0\" class=\"so-panel widget widget_sow-image panel-first-child panel-last-child\" data-index=\"3\" ><div\n\t\t\t\n\t\t\tclass=\"so-widget-sow-image so-widget-sow-image-default-d6014b76747a-92\"\n\t\t\t\n\t\t>\n\n<div class=\"sow-image-container\">\n\t\t<img src=\"https:\/\/www.facet.unt.edu.ar\/alta-tension\/wp-content\/uploads\/sites\/19\/2017\/07\/inv1-768x374.png\" width=\"720\" height=\"351\" srcset=\"https:\/\/www.facet.unt.edu.ar\/alta-tension\/wp-content\/uploads\/sites\/19\/2017\/07\/inv1-768x374.png 768w, https:\/\/www.facet.unt.edu.ar\/alta-tension\/wp-content\/uploads\/sites\/19\/2017\/07\/inv1-300x146.png 300w, https:\/\/www.facet.unt.edu.ar\/alta-tension\/wp-content\/uploads\/sites\/19\/2017\/07\/inv1-1024x499.png 1024w, https:\/\/www.facet.unt.edu.ar\/alta-tension\/wp-content\/uploads\/sites\/19\/2017\/07\/inv1.png 1366w\" sizes=\"(max-width: 720px) 100vw, 720px\" alt=\"\" loading=\"lazy\" \t\tclass=\"so-widget-image\"\/>\n\t<\/div>\n\n<\/div><\/div><\/div><div id=\"pgc-92-2-1\"  class=\"panel-grid-cell\" ><div id=\"panel-92-2-1-0\" class=\"so-panel widget widget_sow-image panel-first-child panel-last-child\" data-index=\"4\" ><div\n\t\t\t\n\t\t\tclass=\"so-widget-sow-image so-widget-sow-image-default-d6014b76747a-92\"\n\t\t\t\n\t\t>\n\n<div class=\"sow-image-container\">\n\t\t<img src=\"https:\/\/www.facet.unt.edu.ar\/alta-tension\/wp-content\/uploads\/sites\/19\/2017\/07\/inv2-768x374.png\" width=\"720\" height=\"351\" srcset=\"https:\/\/www.facet.unt.edu.ar\/alta-tension\/wp-content\/uploads\/sites\/19\/2017\/07\/inv2-768x374.png 768w, https:\/\/www.facet.unt.edu.ar\/alta-tension\/wp-content\/uploads\/sites\/19\/2017\/07\/inv2-300x146.png 300w, https:\/\/www.facet.unt.edu.ar\/alta-tension\/wp-content\/uploads\/sites\/19\/2017\/07\/inv2-1024x499.png 1024w, https:\/\/www.facet.unt.edu.ar\/alta-tension\/wp-content\/uploads\/sites\/19\/2017\/07\/inv2.png 1366w\" sizes=\"(max-width: 720px) 100vw, 720px\" alt=\"\" loading=\"lazy\" \t\tclass=\"so-widget-image\"\/>\n\t<\/div>\n\n<\/div><\/div><\/div><\/div><\/div>","protected":false},"excerpt":{"rendered":"<p>El IATTE realiza estudios e investigaciones, con financiamiento propio, del CONICET y del Consejo de Investigaciones de la UNT, en las siguientes \u00e1reas: Aislamientos a\u00e9reos en sistemas el\u00e9ctricos. Aislamientos s\u00f3lidos en equipos el\u00e9ctricos. C\u00e1lculo num\u00e9rico de la distribuci\u00f3n de campos el\u00e9ctricos y magn\u00e9ticos. Coordinaci\u00f3n de los aislamientos y modelos de descargadores de \u00f3xido de zinc. [&hellip;]<\/p>\n","protected":false},"author":17,"featured_media":0,"parent":0,"menu_order":0,"comment_status":"closed","ping_status":"closed","template":"templates\/template-full.php","meta":[],"_links":{"self":[{"href":"https:\/\/www.facet.unt.edu.ar\/alta-tension\/wp-json\/wp\/v2\/pages\/92"}],"collection":[{"href":"https:\/\/www.facet.unt.edu.ar\/alta-tension\/wp-json\/wp\/v2\/pages"}],"about":[{"href":"https:\/\/www.facet.unt.edu.ar\/alta-tension\/wp-json\/wp\/v2\/types\/page"}],"author":[{"embeddable":true,"href":"https:\/\/www.facet.unt.edu.ar\/alta-tension\/wp-json\/wp\/v2\/users\/17"}],"replies":[{"embeddable":true,"href":"https:\/\/www.facet.unt.edu.ar\/alta-tension\/wp-json\/wp\/v2\/comments?post=92"}],"version-history":[{"count":21,"href":"https:\/\/www.facet.unt.edu.ar\/alta-tension\/wp-json\/wp\/v2\/pages\/92\/revisions"}],"predecessor-version":[{"id":524,"href":"https:\/\/www.facet.unt.edu.ar\/alta-tension\/wp-json\/wp\/v2\/pages\/92\/revisions\/524"}],"wp:attachment":[{"href":"https:\/\/www.facet.unt.edu.ar\/alta-tension\/wp-json\/wp\/v2\/media?parent=92"}],"curies":[{"name":"wp","href":"https:\/\/api.w.org\/{rel}","templated":true}]}}