{"id":95,"date":"2016-09-23T17:16:39","date_gmt":"2016-09-23T20:16:39","guid":{"rendered":"https:\/\/www.facet.unt.edu.ar\/alta-tension\/?page_id=95"},"modified":"2016-10-10T17:45:52","modified_gmt":"2016-10-10T20:45:52","slug":"servicios","status":"publish","type":"page","link":"https:\/\/www.facet.unt.edu.ar\/alta-tension\/servicios\/","title":{"rendered":"Servicios"},"content":{"rendered":"<div id=\"pl-95\"  class=\"panel-layout\" ><div id=\"pg-95-0\"  class=\"panel-grid panel-no-style\" ><div id=\"pgc-95-0-0\"  class=\"panel-grid-cell\" ><div id=\"panel-95-0-0-0\" class=\"so-panel widget widget_siteorigin-panels-builder panel-first-child panel-last-child\" data-index=\"0\" ><div id=\"pl-w57fbfe007f420\"  class=\"panel-layout\" ><div id=\"pg-w57fbfe007f420-0\"  class=\"panel-grid panel-no-style\" ><div id=\"pgc-w57fbfe007f420-0-0\"  class=\"panel-grid-cell\" ><div id=\"panel-w57fbfe007f420-0-0-0\" class=\"so-panel widget widget_circleicon-widget panel-first-child panel-last-child\" data-index=\"0\" >\t\t<div class=\"circle-icon-box circle-icon-position-top circle-icon-hide-box circle-icon-size-large\">\n\t\t\t<div class=\"circle-icon-wrapper\">\n\t\t\t\t<a href=\"https:\/\/www.facet.unt.edu.ar\/alta-tension\/servicios\/instalaciones\/\" class=\"link-icon\" >\t\t\t\t<div class=\"circle-icon\" >\n\t\t\t\t\t<div class=\"fa fa-link\" ><\/div>\t\t\t\t<\/div>\n\t\t\t\t<\/a>\t\t\t<\/div>\n\n\t\t\t<a href=\"https:\/\/www.facet.unt.edu.ar\/alta-tension\/servicios\/instalaciones\/\" class=\"link-title\" >\t\t\t<h4 style=\"color: #1e73be\">Instalaciones del IATTE<\/h4>\t\t\t<\/a>\n\t\t\t\t\t\t\t\t\t\t<a href=\"https:\/\/www.facet.unt.edu.ar\/alta-tension\/servicios\/instalaciones\/\" class=\"more-button\" >M\u00e1s Informaci\u00f3n <i><\/i><\/a>\n\t\t\t\t\t<\/div>\n\t\t<\/div><\/div><\/div><\/div><\/div><\/div><div id=\"pgc-95-0-1\"  class=\"panel-grid-cell\" ><div id=\"panel-95-0-1-0\" class=\"so-panel widget widget_siteorigin-panels-builder panel-first-child panel-last-child\" data-index=\"1\" ><div id=\"pl-w57fbfdb446ff5\"  class=\"panel-layout\" ><div id=\"pg-w57fbfdb446ff5-0\"  class=\"panel-grid panel-no-style\" ><div id=\"pgc-w57fbfdb446ff5-0-0\"  class=\"panel-grid-cell\" ><div id=\"panel-w57fbfdb446ff5-0-0-0\" class=\"so-panel widget widget_circleicon-widget panel-first-child panel-last-child\" data-index=\"0\" >\t\t<div class=\"circle-icon-box circle-icon-position-top circle-icon-hide-box circle-icon-size-large\">\n\t\t\t<div class=\"circle-icon-wrapper\">\n\t\t\t\t<a href=\"https:\/\/www.facet.unt.edu.ar\/alta-tension\/servicios\/serviciosaterceros\/\" class=\"link-icon\" >\t\t\t\t<div class=\"circle-icon\" >\n\t\t\t\t\t<div class=\"fa fa-link\" ><\/div>\t\t\t\t<\/div>\n\t\t\t\t<\/a>\t\t\t<\/div>\n\n\t\t\t<a href=\"https:\/\/www.facet.unt.edu.ar\/alta-tension\/servicios\/serviciosaterceros\/\" class=\"link-title\" >\t\t\t<h4 style=\"color: #1e73be\">Servicios a Terceros<\/h4>\t\t\t<\/a>\n\t\t\t\t\t\t\t\t\t\t<a href=\"https:\/\/www.facet.unt.edu.ar\/alta-tension\/servicios\/serviciosaterceros\/\" class=\"more-button\" >M\u00e1s Informaci\u00f3n <i><\/i><\/a>\n\t\t\t\t\t<\/div>\n\t\t<\/div><\/div><\/div><\/div><\/div><\/div><\/div><\/div>","protected":false},"excerpt":{"rendered":"<p>Instalaciones del IATTE M\u00e1s Informaci\u00f3n Servicios a Terceros M\u00e1s Informaci\u00f3n<\/p>\n","protected":false},"author":17,"featured_media":0,"parent":0,"menu_order":0,"comment_status":"closed","ping_status":"closed","template":"templates\/template-full.php","meta":[],"_links":{"self":[{"href":"https:\/\/www.facet.unt.edu.ar\/alta-tension\/wp-json\/wp\/v2\/pages\/95"}],"collection":[{"href":"https:\/\/www.facet.unt.edu.ar\/alta-tension\/wp-json\/wp\/v2\/pages"}],"about":[{"href":"https:\/\/www.facet.unt.edu.ar\/alta-tension\/wp-json\/wp\/v2\/types\/page"}],"author":[{"embeddable":true,"href":"https:\/\/www.facet.unt.edu.ar\/alta-tension\/wp-json\/wp\/v2\/users\/17"}],"replies":[{"embeddable":true,"href":"https:\/\/www.facet.unt.edu.ar\/alta-tension\/wp-json\/wp\/v2\/comments?post=95"}],"version-history":[{"count":3,"href":"https:\/\/www.facet.unt.edu.ar\/alta-tension\/wp-json\/wp\/v2\/pages\/95\/revisions"}],"predecessor-version":[{"id":231,"href":"https:\/\/www.facet.unt.edu.ar\/alta-tension\/wp-json\/wp\/v2\/pages\/95\/revisions\/231"}],"wp:attachment":[{"href":"https:\/\/www.facet.unt.edu.ar\/alta-tension\/wp-json\/wp\/v2\/media?parent=95"}],"curies":[{"name":"wp","href":"https:\/\/api.w.org\/{rel}","templated":true}]}}