{"id":90,"date":"2014-09-01T20:49:39","date_gmt":"2014-09-01T23:49:39","guid":{"rendered":"https:\/\/www.facet.unt.edu.ar\/areainfraestructura\/?page_id=90"},"modified":"2014-09-29T11:09:41","modified_gmt":"2014-09-29T14:09:41","slug":"mision","status":"publish","type":"page","link":"https:\/\/www.facet.unt.edu.ar\/areainfraestructura\/mision\/","title":{"rendered":"Misi\u00f3n"},"content":{"rendered":"<ul>\n<li>\u00a0Recibir y evaluar inquietudes y solicitudes vinculadas a la infraestructura de la FACET para su posterior planificaci\u00f3n.<\/li>\n<li>Coordinar los distintos actores intervinientes en la realizaci\u00f3n de las tareas de mantenimiento, reparaci\u00f3n y mejoras.<\/li>\n<li>Supervisar las distintas actividades que se realizan en el \u00e1mbito de la Facultad tendientes a modificar las instalaciones de la FACET.<\/li>\n<li>Trabajar en forma coordinada con la Comisi\u00f3n SySO (Salud y Seguridad Ocupacional).<\/li>\n<li>Promover acciones destinadas a proveer un medio ambiente y condiciones de trabajos seguros y motivadores.<\/li>\n<li>Llevar a cabo acciones destinadas a generar una cultura que incluya el cuidado de las instalaciones y los recursos de la FACET.<\/li>\n<\/ul>\n","protected":false},"excerpt":{"rendered":"<p>\u00a0Recibir y evaluar inquietudes y solicitudes vinculadas a la infraestructura de la FACET para su posterior planificaci\u00f3n. Coordinar los distintos actores intervinientes en la realizaci\u00f3n de las tareas de mantenimiento, reparaci\u00f3n y mejoras. Supervisar las distintas actividades que se realizan en el \u00e1mbito de la Facultad tendientes a modificar las instalaciones de la FACET. Trabajar [&hellip;]<\/p>\n","protected":false},"author":19,"featured_media":0,"parent":0,"menu_order":0,"comment_status":"closed","ping_status":"closed","template":"","meta":[],"_links":{"self":[{"href":"https:\/\/www.facet.unt.edu.ar\/areainfraestructura\/wp-json\/wp\/v2\/pages\/90"}],"collection":[{"href":"https:\/\/www.facet.unt.edu.ar\/areainfraestructura\/wp-json\/wp\/v2\/pages"}],"about":[{"href":"https:\/\/www.facet.unt.edu.ar\/areainfraestructura\/wp-json\/wp\/v2\/types\/page"}],"author":[{"embeddable":true,"href":"https:\/\/www.facet.unt.edu.ar\/areainfraestructura\/wp-json\/wp\/v2\/users\/19"}],"replies":[{"embeddable":true,"href":"https:\/\/www.facet.unt.edu.ar\/areainfraestructura\/wp-json\/wp\/v2\/comments?post=90"}],"version-history":[{"count":3,"href":"https:\/\/www.facet.unt.edu.ar\/areainfraestructura\/wp-json\/wp\/v2\/pages\/90\/revisions"}],"predecessor-version":[{"id":120,"href":"https:\/\/www.facet.unt.edu.ar\/areainfraestructura\/wp-json\/wp\/v2\/pages\/90\/revisions\/120"}],"wp:attachment":[{"href":"https:\/\/www.facet.unt.edu.ar\/areainfraestructura\/wp-json\/wp\/v2\/media?parent=90"}],"curies":[{"name":"wp","href":"https:\/\/api.w.org\/{rel}","templated":true}]}}