{"id":92,"date":"2014-09-01T20:50:02","date_gmt":"2014-09-01T23:50:02","guid":{"rendered":"https:\/\/www.facet.unt.edu.ar\/areainfraestructura\/?page_id=92"},"modified":"2014-09-29T11:10:42","modified_gmt":"2014-09-29T14:10:42","slug":"vision","status":"publish","type":"page","link":"https:\/\/www.facet.unt.edu.ar\/areainfraestructura\/vision\/","title":{"rendered":"Visi\u00f3n"},"content":{"rendered":"<ul>\n<li>Funcionar como un lugar centralizado de recepci\u00f3n de inquietudes vinculadas a la infraestructura de la FACET para su posterior evaluaci\u00f3n e inclusi\u00f3n dentro de un plan integral de mejora y mantenimiento para dar marco a la elecci\u00f3n de prioridades de tareas a fin a una visi\u00f3n general de gesti\u00f3n.<\/li>\n<li>Organizar el \u00e1rea de manera que permita dar una respuesta r\u00e1pida a las inquietudes planteadas por los integrantes de la FACET.<\/li>\n<li>Implementar un plan de mantenimiento preventivo a fin de aminorar las situaciones imprevistas y disminuir las tareas de reparaci\u00f3n.<\/li>\n<li>Garantizar a la comunidad de la FACET en un ambiente limpio y ordenado de trabajo.<\/li>\n<li>Generar una cultura de cuidado de las instalaciones y recursos de la FACET.<\/li>\n<\/ul>\n","protected":false},"excerpt":{"rendered":"<p>Funcionar como un lugar centralizado de recepci\u00f3n de inquietudes vinculadas a la infraestructura de la FACET para su posterior evaluaci\u00f3n e inclusi\u00f3n dentro de un plan integral de mejora y mantenimiento para dar marco a la elecci\u00f3n de prioridades de tareas a fin a una visi\u00f3n general de gesti\u00f3n. Organizar el \u00e1rea de manera que [&hellip;]<\/p>\n","protected":false},"author":19,"featured_media":0,"parent":0,"menu_order":0,"comment_status":"closed","ping_status":"closed","template":"","meta":[],"_links":{"self":[{"href":"https:\/\/www.facet.unt.edu.ar\/areainfraestructura\/wp-json\/wp\/v2\/pages\/92"}],"collection":[{"href":"https:\/\/www.facet.unt.edu.ar\/areainfraestructura\/wp-json\/wp\/v2\/pages"}],"about":[{"href":"https:\/\/www.facet.unt.edu.ar\/areainfraestructura\/wp-json\/wp\/v2\/types\/page"}],"author":[{"embeddable":true,"href":"https:\/\/www.facet.unt.edu.ar\/areainfraestructura\/wp-json\/wp\/v2\/users\/19"}],"replies":[{"embeddable":true,"href":"https:\/\/www.facet.unt.edu.ar\/areainfraestructura\/wp-json\/wp\/v2\/comments?post=92"}],"version-history":[{"count":2,"href":"https:\/\/www.facet.unt.edu.ar\/areainfraestructura\/wp-json\/wp\/v2\/pages\/92\/revisions"}],"predecessor-version":[{"id":121,"href":"https:\/\/www.facet.unt.edu.ar\/areainfraestructura\/wp-json\/wp\/v2\/pages\/92\/revisions\/121"}],"wp:attachment":[{"href":"https:\/\/www.facet.unt.edu.ar\/areainfraestructura\/wp-json\/wp\/v2\/media?parent=92"}],"curies":[{"name":"wp","href":"https:\/\/api.w.org\/{rel}","templated":true}]}}