{"id":96,"date":"2014-09-01T20:51:08","date_gmt":"2014-09-01T23:51:08","guid":{"rendered":"https:\/\/www.facet.unt.edu.ar\/areainfraestructura\/?page_id=96"},"modified":"2024-04-17T12:00:59","modified_gmt":"2024-04-17T15:00:59","slug":"integrantes","status":"publish","type":"page","link":"https:\/\/www.facet.unt.edu.ar\/areainfraestructura\/integrantes\/","title":{"rendered":"Integrantes"},"content":{"rendered":"<h3>Director:<\/h3>\n<p>Armando Benjam\u00edn Falc\u00f3n<\/p>\n<h3>Jefe de Dpto. de Infraestructura y Mantenimiento<\/h3>\n<p>Arq. Sergio Eduardo Enrico<\/p>\n<h3>Subjefe del Dpto. de Infraestructura y Mantenimiento<\/h3>\n<p>Lic. Gabriel Mauricio D\u00edaz<\/p>\n<h3>Mantenimiento<\/h3>\n<p>Sr. Oscar Mauricio Ponce<\/p>\n<h3>Encargados de Infraestructura El\u00e9ctrica y Aires Acondicionado (instalaciones)<\/h3>\n<p>Ing. Leonardo Leguina<br \/>\nIng. Eugenio Nanni<\/p>\n<h3>Electricistas<\/h3>\n<p>Sr. Pedro Sebasti\u00e1n T\u00e9ves<br \/>\nSr. Mariano Exequiel Forales<br \/>\nSr. Isais Bacas<\/p>\n<h3>Supervisi\u00f3n y Control de Obras<\/h3>\n<p>Ing. Luis Eduardo Muraki<\/p>\n<p>&nbsp;<\/p>\n<p>&nbsp;<\/p>\n","protected":false},"excerpt":{"rendered":"<p>Director: Armando Benjam\u00edn Falc\u00f3n Jefe de Dpto. de Infraestructura y Mantenimiento Arq. Sergio Eduardo Enrico Subjefe del Dpto. de Infraestructura y Mantenimiento Lic. Gabriel Mauricio D\u00edaz Mantenimiento Sr. Oscar Mauricio Ponce Encargados de Infraestructura El\u00e9ctrica y Aires Acondicionado (instalaciones) Ing. Leonardo Leguina Ing. Eugenio Nanni Electricistas Sr. Pedro Sebasti\u00e1n T\u00e9ves Sr. Mariano Exequiel Forales Sr. [&hellip;]<\/p>\n","protected":false},"author":19,"featured_media":0,"parent":0,"menu_order":0,"comment_status":"closed","ping_status":"closed","template":"","meta":[],"_links":{"self":[{"href":"https:\/\/www.facet.unt.edu.ar\/areainfraestructura\/wp-json\/wp\/v2\/pages\/96"}],"collection":[{"href":"https:\/\/www.facet.unt.edu.ar\/areainfraestructura\/wp-json\/wp\/v2\/pages"}],"about":[{"href":"https:\/\/www.facet.unt.edu.ar\/areainfraestructura\/wp-json\/wp\/v2\/types\/page"}],"author":[{"embeddable":true,"href":"https:\/\/www.facet.unt.edu.ar\/areainfraestructura\/wp-json\/wp\/v2\/users\/19"}],"replies":[{"embeddable":true,"href":"https:\/\/www.facet.unt.edu.ar\/areainfraestructura\/wp-json\/wp\/v2\/comments?post=96"}],"version-history":[{"count":18,"href":"https:\/\/www.facet.unt.edu.ar\/areainfraestructura\/wp-json\/wp\/v2\/pages\/96\/revisions"}],"predecessor-version":[{"id":220,"href":"https:\/\/www.facet.unt.edu.ar\/areainfraestructura\/wp-json\/wp\/v2\/pages\/96\/revisions\/220"}],"wp:attachment":[{"href":"https:\/\/www.facet.unt.edu.ar\/areainfraestructura\/wp-json\/wp\/v2\/media?parent=96"}],"curies":[{"name":"wp","href":"https:\/\/api.w.org\/{rel}","templated":true}]}}