{"id":138,"date":"2019-08-03T01:54:02","date_gmt":"2019-08-03T04:54:02","guid":{"rendered":"https:\/\/www.facet.unt.edu.ar\/azucarera\/?page_id=138"},"modified":"2020-07-30T00:49:03","modified_gmt":"2020-07-30T03:49:03","slug":"ingenieria-azucarera","status":"publish","type":"page","link":"https:\/\/www.facet.unt.edu.ar\/azucarera\/ingenieria-azucarera\/","title":{"rendered":"Ingenier\u00eda Azucarera"},"content":{"rendered":"<p><a href=\"https:\/\/www.facet.unt.edu.ar\/azucarera\/wp-content\/uploads\/sites\/73\/2019\/08\/ca\u00f1a-de-azucar.jpg\"><img decoding=\"async\" loading=\"lazy\" class=\"wp-image-139 aligncenter\" src=\"https:\/\/www.facet.unt.edu.ar\/azucarera\/wp-content\/uploads\/sites\/73\/2019\/08\/ca\u00f1a-de-azucar-300x169.jpg\" alt=\"Ca\u00f1a de Az\u00facar\" width=\"463\" height=\"261\" srcset=\"https:\/\/www.facet.unt.edu.ar\/azucarera\/wp-content\/uploads\/sites\/73\/2019\/08\/ca\u00f1a-de-azucar-300x169.jpg 300w, https:\/\/www.facet.unt.edu.ar\/azucarera\/wp-content\/uploads\/sites\/73\/2019\/08\/ca\u00f1a-de-azucar-768x432.jpg 768w, https:\/\/www.facet.unt.edu.ar\/azucarera\/wp-content\/uploads\/sites\/73\/2019\/08\/ca\u00f1a-de-azucar.jpg 929w\" sizes=\"(max-width: 463px) 100vw, 463px\" \/><\/a><\/p>\n<ul>\n<li><strong>T\u00edtulo<\/strong>: Ingeniero Azucarero<\/li>\n<li><strong>Duraci\u00f3n<\/strong>: 5 a\u00f1os<\/li>\n<li><strong>Plan de Estudios<\/strong>: <a href=\"https:\/\/www.facet.unt.edu.ar\/azucarera\/wp-content\/uploads\/sites\/73\/2020\/07\/Plan-de-Estudios-INGENIER\u00cdA-AZUCARERA.pdf\">Descargar Plan<\/a><\/li>\n<li><strong>Correlativas<\/strong>: <a href=\"https:\/\/www.facet.unt.edu.ar\/azucarera\/wp-content\/uploads\/sites\/73\/2020\/07\/R\u00e9gimen-de-correlativas-Ing.-azucarera-plan-2011.pdf\">Descargar Correlativas<\/a><\/li>\n<\/ul>\n<p><strong>Certificaci\u00f3n Intermedia:<\/strong><\/p>\n<p>El plan prev\u00e9 la emisi\u00f3n de un certificado de acreditaci\u00f3n acad\u00e9mica \u201cCertificado de aprobaci\u00f3n de los ciclos b\u00e1sicos para la Ingenier\u00eda Azucarera\u201d.<br \/>\nSer\u00e1 otorgado cuando el alumno haya aprobado los m\u00f3dulos 1 a 6 y la prueba de suficiencia de idioma ingl\u00e9s.<\/p>\n<p><strong>Incumbencias profesionales:<\/strong><\/p>\n<ol>\n<li>Dise\u00f1ar, proyectar y dirigir los procesos industriales en f\u00e1bricas de az\u00facar y sus derivados (alcohol, papel de bagazo, etc.).<\/li>\n<li>Dise\u00f1ar, proyectar e instalar\u00a0equipos y maquinarias para las industrias mencionadas.<\/li>\n<li>Planificar, proyectar y poner en marcha f\u00e1bricas de las industrias mencionadas.<\/li>\n<li>Definir condiciones de higiene, seguridad y contaminaci\u00f3n ambiental relacionadas con las citadas empresas. Proyectar instalaciones y equipos para lograr tales\u00a0objetivos.<\/li>\n<li>Coordinar la actividad agron\u00f3mica vinculada con la materia prima utilizada en las f\u00e1bricas citadas.<\/li>\n<li>Asesorar en asuntos de ingenier\u00eda legal, econ\u00f3mica y financiera, relacionadas con esta actividad.<\/li>\n<li>Realizar arbitrajes, pericias y tasaciones relacionadas con el quehacer profesional.<\/li>\n<li>Desempe\u00f1ar dentro de la actividad azucarera y sus derivados, en asesoramientos, auditor\u00edas, consultor\u00edas, controles, administraci\u00f3n, direcci\u00f3n de procesos, mantenimiento de equipos e instalaciones.<\/li>\n<li>Realizar tareas de docencia,\u00a0investigaciones cient\u00edficas y\/o t\u00e9cnicas.<\/li>\n<li>Asesorar y\/o\u00a0integrar instituciones estatales o privadas, relacionadas directa e indirectamente con la industria azucarera y derivados.<\/li>\n<li>Supervisar todas las operaciones correspondientes al control de calidad de las materias primas o procesar los productos en elaboraci\u00f3n y los productos elaborados en las industrias mencionadas anteriormente.<\/li>\n<li>Asesoramientos sobre la incidencia en los procesos fabriles de las diversas variedades de materia prima.<\/li>\n<li>Desempe\u00f1arse como perito en cuestiones legales.<\/li>\n<\/ol>\n<p><strong>Perfil profesional:<\/strong><\/p>\n<ol>\n<li>Ser\u00e1 un ingeniero que poseer\u00e1 profundos conocimientos te\u00f3ricos, con una fuerte formaci\u00f3n en\u00a0ciencias b\u00e1sicas, ciencias aplicadas y tecnolog\u00eda con formaci\u00f3n ingenieril.<\/li>\n<li>Poseer\u00e1 una s\u00f3lida formaci\u00f3n pr\u00e1ctica mediante su actividad en laboratorio y sus lazos con la industria.<\/li>\n<li>Estar\u00e1 capacitado para el dise\u00f1o, c\u00e1lculo, operaci\u00f3n, fabricaci\u00f3n, producci\u00f3n, experimentaci\u00f3n e\u00a0innovaci\u00f3n; as\u00ed como para el planeamiento de los sistemas que competen a su especialidad.<\/li>\n<li>Tendr\u00e1 un adecuado conocimiento de los recursos regionales, nacionales y de sus capacidades\u00a0potenciales, tanto en el orden econ\u00f3mico, como en el de los naturales y humanos.<\/li>\n<li>Poseer\u00e1 una s\u00f3lida formaci\u00f3n \u00e9tica, profesional, democr\u00e1tica y human\u00edstica.<\/li>\n<li>Poseer\u00e1 un fuerte conocimiento de la estructura econ\u00f3mica social de nuestro medio, como as\u00ed tambi\u00e9n de\u00a0los criterios t\u00e9cnicos econ\u00f3micos a aplicar en su actividad.<\/li>\n<\/ol>\n","protected":false},"excerpt":{"rendered":"<p>T\u00edtulo: Ingeniero Azucarero Duraci\u00f3n: 5 a\u00f1os Plan de Estudios: Descargar Plan Correlativas: Descargar Correlativas Certificaci\u00f3n Intermedia: El plan prev\u00e9 la emisi\u00f3n de un certificado de acreditaci\u00f3n acad\u00e9mica \u201cCertificado de aprobaci\u00f3n de los ciclos b\u00e1sicos para la Ingenier\u00eda Azucarera\u201d. Ser\u00e1 otorgado cuando el alumno haya aprobado los m\u00f3dulos 1 a 6 y la prueba de suficiencia [&hellip;]<\/p>\n","protected":false},"author":101053,"featured_media":0,"parent":0,"menu_order":0,"comment_status":"closed","ping_status":"closed","template":"","meta":[],"_links":{"self":[{"href":"https:\/\/www.facet.unt.edu.ar\/azucarera\/wp-json\/wp\/v2\/pages\/138"}],"collection":[{"href":"https:\/\/www.facet.unt.edu.ar\/azucarera\/wp-json\/wp\/v2\/pages"}],"about":[{"href":"https:\/\/www.facet.unt.edu.ar\/azucarera\/wp-json\/wp\/v2\/types\/page"}],"author":[{"embeddable":true,"href":"https:\/\/www.facet.unt.edu.ar\/azucarera\/wp-json\/wp\/v2\/users\/101053"}],"replies":[{"embeddable":true,"href":"https:\/\/www.facet.unt.edu.ar\/azucarera\/wp-json\/wp\/v2\/comments?post=138"}],"version-history":[{"count":5,"href":"https:\/\/www.facet.unt.edu.ar\/azucarera\/wp-json\/wp\/v2\/pages\/138\/revisions"}],"predecessor-version":[{"id":183,"href":"https:\/\/www.facet.unt.edu.ar\/azucarera\/wp-json\/wp\/v2\/pages\/138\/revisions\/183"}],"wp:attachment":[{"href":"https:\/\/www.facet.unt.edu.ar\/azucarera\/wp-json\/wp\/v2\/media?parent=138"}],"curies":[{"name":"wp","href":"https:\/\/api.w.org\/{rel}","templated":true}]}}