{"id":142,"date":"2019-08-03T02:02:21","date_gmt":"2019-08-03T05:02:21","guid":{"rendered":"https:\/\/www.facet.unt.edu.ar\/azucarera\/?page_id=142"},"modified":"2021-04-23T01:04:49","modified_gmt":"2021-04-23T04:04:49","slug":"tecnicatura-en-tecnologia-azucarera-e-industrias-derivadas","status":"publish","type":"page","link":"https:\/\/www.facet.unt.edu.ar\/azucarera\/tecnicatura-en-tecnologia-azucarera-e-industrias-derivadas\/","title":{"rendered":"Tecnicatura Universitaria en Tecnolog\u00eda Azucarera e Industrias Derivadas"},"content":{"rendered":"<p><a href=\"https:\/\/www.facet.unt.edu.ar\/azucarera\/wp-content\/uploads\/sites\/73\/2019\/08\/ca\u00f1a.jpg\"><img decoding=\"async\" loading=\"lazy\" class=\"wp-image-143 aligncenter\" src=\"https:\/\/www.facet.unt.edu.ar\/azucarera\/wp-content\/uploads\/sites\/73\/2019\/08\/ca\u00f1a-300x124.jpg\" alt=\"Ca\u00f1a de Azucar\" width=\"462\" height=\"191\" srcset=\"https:\/\/www.facet.unt.edu.ar\/azucarera\/wp-content\/uploads\/sites\/73\/2019\/08\/ca\u00f1a-300x124.jpg 300w, https:\/\/www.facet.unt.edu.ar\/azucarera\/wp-content\/uploads\/sites\/73\/2019\/08\/ca\u00f1a.jpg 760w\" sizes=\"(max-width: 462px) 100vw, 462px\" \/><\/a><\/p>\n<ul>\n<li><strong>T\u00edtulo<\/strong>: <strong>T\u00e9cnico Universitario en Tecnolog\u00eda Azucarera e Industrias Derivadas<\/strong><\/li>\n<li><strong>Duraci\u00f3n<\/strong>: 3 a\u00f1os<\/li>\n<li><strong>Plan de Estudios<\/strong>: <a href=\"https:\/\/www.facet.unt.edu.ar\/azucarera\/wp-content\/uploads\/sites\/73\/2021\/04\/PLAN-DE-ESTUDIOS-TEC-UNIV-EN-TECNOLOGIA-AZUCARERA-2021.pdf\">Descargar Plan<\/a><\/li>\n<\/ul>\n<p><strong>Incumbencias profesionales<\/strong>:<\/p>\n<ol>\n<li>Operaciones y mantenimiento de equipos e instalaciones industriales.<\/li>\n<li>Dirigir y supervisar grupos de personal subalterno de planta<\/li>\n<li>Realizar an\u00e1lisis y controles sobre materia prima, insumos productos de procesos y elaborados, aguas de caldera<\/li>\n<li>Realizar tareas relacionadas con higiene, seguridad industrial y contaminaci\u00f3n ambiental.<\/li>\n<li>Colaborar e informar a los niveles superiores sobre costos de producci\u00f3n y recibir directivas al respecto<\/li>\n<li>Realizar arbitrajes, pericias y tasaciones relacionadas con las cuestiones a que se refiere los incisos anteriores<\/li>\n<\/ol>\n<p><strong>Perfil profesional<\/strong>:<\/p>\n<p>El campo de su actividad pr\u00e1cticamente cubre el espectro de todas las agroindustrias de nuestra regi\u00f3n (azucarera, alcoholera, pulpa y papel, edulcorantes de cereales, c\u00edtrica, etc.)<br \/>\nDesempe\u00f1ando funciones t\u00e9cnicas que abarcan una amplia gama de actividades, desde auxiliares hasta niveles jer\u00e1rquicos:<\/p>\n<ol>\n<li>En Ingenios Azucareros.<\/li>\n<li>En F\u00e1bricas de pulpa y papel de bagazo.<\/li>\n<li>En Industrias Citr\u00edcolas.<\/li>\n<li>En Destiler\u00edas de alcohol.<\/li>\n<li>En Industrias Alimenticias.<\/li>\n<\/ol>\n","protected":false},"excerpt":{"rendered":"<p>T\u00edtulo: T\u00e9cnico Universitario en Tecnolog\u00eda Azucarera e Industrias Derivadas Duraci\u00f3n: 3 a\u00f1os Plan de Estudios: Descargar Plan Incumbencias profesionales: Operaciones y mantenimiento de equipos e instalaciones industriales. Dirigir y supervisar grupos de personal subalterno de planta Realizar an\u00e1lisis y controles sobre materia prima, insumos productos de procesos y elaborados, aguas de caldera Realizar tareas relacionadas [&hellip;]<\/p>\n","protected":false},"author":101053,"featured_media":0,"parent":0,"menu_order":0,"comment_status":"closed","ping_status":"closed","template":"","meta":[],"_links":{"self":[{"href":"https:\/\/www.facet.unt.edu.ar\/azucarera\/wp-json\/wp\/v2\/pages\/142"}],"collection":[{"href":"https:\/\/www.facet.unt.edu.ar\/azucarera\/wp-json\/wp\/v2\/pages"}],"about":[{"href":"https:\/\/www.facet.unt.edu.ar\/azucarera\/wp-json\/wp\/v2\/types\/page"}],"author":[{"embeddable":true,"href":"https:\/\/www.facet.unt.edu.ar\/azucarera\/wp-json\/wp\/v2\/users\/101053"}],"replies":[{"embeddable":true,"href":"https:\/\/www.facet.unt.edu.ar\/azucarera\/wp-json\/wp\/v2\/comments?post=142"}],"version-history":[{"count":4,"href":"https:\/\/www.facet.unt.edu.ar\/azucarera\/wp-json\/wp\/v2\/pages\/142\/revisions"}],"predecessor-version":[{"id":191,"href":"https:\/\/www.facet.unt.edu.ar\/azucarera\/wp-json\/wp\/v2\/pages\/142\/revisions\/191"}],"wp:attachment":[{"href":"https:\/\/www.facet.unt.edu.ar\/azucarera\/wp-json\/wp\/v2\/media?parent=142"}],"curies":[{"name":"wp","href":"https:\/\/api.w.org\/{rel}","templated":true}]}}