{"id":174,"date":"2019-05-16T12:10:15","date_gmt":"2019-05-16T15:10:15","guid":{"rendered":"https:\/\/www.facet.unt.edu.ar\/bioingenieria\/?page_id=174"},"modified":"2026-03-28T18:24:05","modified_gmt":"2026-03-28T21:24:05","slug":"institucional","status":"publish","type":"page","link":"https:\/\/www.facet.unt.edu.ar\/bioingenieria\/institucional\/","title":{"rendered":"INSTITUCIONAL"},"content":{"rendered":"<p>El Departamento de Bioingenier\u00eda tiene sus dependencias en el Centro Universitario Ing. Roberto Herrera (ex Quinta Agron\u00f3mica)<\/p>\n<p><strong>Direcci\u00f3n postal<\/strong><\/p>\n<p>Block 1-2do nivel-oficina 25 (1-2-25)<br \/>\nAv. Independencia 1800<br \/>\n(4000) Tucum\u00e1n-Argentina<\/p>\n<p><strong>email:<\/strong> bioing@herrera.unt.edu.ar<\/p>\n<p><strong>Tel\u00e9fonos:<\/strong> 54-381-4107568 \/\/ 54-381-4364120<\/p>\n<p><strong>Coordenadas google maps<\/strong><br \/>\n-26.843542, -65.230149<br \/>\n26\u00b050&#8217;36.8&#8243;S 65\u00b013&#8217;48.5&#8243;W<\/p>\n","protected":false},"excerpt":{"rendered":"<p>El Departamento de Bioingenier\u00eda tiene sus dependencias en el Centro Universitario Ing. Roberto Herrera (ex Quinta Agron\u00f3mica) Direcci\u00f3n postal Block 1-2do nivel-oficina 25 (1-2-25) Av. Independencia 1800 (4000) Tucum\u00e1n-Argentina email: bioing@herrera.unt.edu.ar Tel\u00e9fonos: 54-381-4107568 \/\/ 54-381-4364120 Coordenadas google maps -26.843542, -65.230149 26\u00b050&#8217;36.8&#8243;S 65\u00b013&#8217;48.5&#8243;W<\/p>\n","protected":false},"author":101027,"featured_media":0,"parent":0,"menu_order":0,"comment_status":"closed","ping_status":"closed","template":"","meta":[],"_links":{"self":[{"href":"https:\/\/www.facet.unt.edu.ar\/bioingenieria\/wp-json\/wp\/v2\/pages\/174"}],"collection":[{"href":"https:\/\/www.facet.unt.edu.ar\/bioingenieria\/wp-json\/wp\/v2\/pages"}],"about":[{"href":"https:\/\/www.facet.unt.edu.ar\/bioingenieria\/wp-json\/wp\/v2\/types\/page"}],"author":[{"embeddable":true,"href":"https:\/\/www.facet.unt.edu.ar\/bioingenieria\/wp-json\/wp\/v2\/users\/101027"}],"replies":[{"embeddable":true,"href":"https:\/\/www.facet.unt.edu.ar\/bioingenieria\/wp-json\/wp\/v2\/comments?post=174"}],"version-history":[{"count":4,"href":"https:\/\/www.facet.unt.edu.ar\/bioingenieria\/wp-json\/wp\/v2\/pages\/174\/revisions"}],"predecessor-version":[{"id":186,"href":"https:\/\/www.facet.unt.edu.ar\/bioingenieria\/wp-json\/wp\/v2\/pages\/174\/revisions\/186"}],"wp:attachment":[{"href":"https:\/\/www.facet.unt.edu.ar\/bioingenieria\/wp-json\/wp\/v2\/media?parent=174"}],"curies":[{"name":"wp","href":"https:\/\/api.w.org\/{rel}","templated":true}]}}