{"id":2,"date":"2017-03-07T14:05:50","date_gmt":"2017-03-07T17:05:50","guid":{"rendered":"https:\/\/www.facet.unt.edu.ar\/bioingenieria\/?page_id=2"},"modified":"2019-05-16T14:58:25","modified_gmt":"2019-05-16T17:58:25","slug":"historia","status":"publish","type":"page","link":"https:\/\/www.facet.unt.edu.ar\/bioingenieria\/historia\/","title":{"rendered":"HISTORIA"},"content":{"rendered":"<div id=\"pl-2\"  class=\"panel-layout\" ><div id=\"pg-2-0\"  class=\"panel-grid panel-no-style\" ><div id=\"pgc-2-0-0\"  class=\"panel-grid-cell\" ><div id=\"panel-2-0-0-0\" class=\"so-panel widget widget_sow-editor panel-first-child panel-last-child\" data-index=\"0\" ><div\n\t\t\t\n\t\t\tclass=\"so-widget-sow-editor so-widget-sow-editor-base\"\n\t\t\t\n\t\t>\n<div class=\"siteorigin-widget-tinymce textwidget\">\n\t<p><a href=\"https:\/\/www.facet.unt.edu.ar\/bioingenieria\/wp-content\/uploads\/sites\/47\/2019\/05\/Libro-100-a\u00f1os-FACET-WEB.pdf\">Libro 100 a\u00f1os FACET WEB<\/a>\u00a0 versi\u00f3n pdf con im\u00e1genes y texto ampliado<\/p>\n<h1 style=\"text-align: center;\"><span style=\"color: #3366ff;\"><strong>La historia y sus protagonistas<\/strong><\/span><\/h1>\n<h2>1. Origen Institucional<\/h2>\n<p>El nacimiento y creaci\u00f3n del hoy Departamento de Bioingenier\u00eda (DBI) est\u00e1n \u00edntimamente ligados a las acciones llevadas a cabo por el Dr. M\u00e1ximo Eugenio Valentinuzzi quien en 1972, luego de m\u00faltiples intercambios epistolares con el Ing. Juan Manuel Yalour \u2013 docente del entonces Instituto de Ingenier\u00eda El\u00e9ctrica de la Facultad de Ciencias Exactas y Tecnolog\u00eda (FACET) -, se incorpor\u00f3 al Laboratorio de Bioelectr\u00f3nica. Este laboratorio fue creado en 1965 por el Ing. Luis F. Rocha, secundado por el Dr. Fernando Mart\u00ednez Corval\u00e1n, transformando as\u00ed a la Universidad de Tucum\u00e1n en la primera universidad en la Argentina, y en uno de los primeros en Am\u00e9rica Latina, con un laboratorio orientado a la Bioingenier\u00eda. Este hecho se constituy\u00f3 en el origen y antecesor del actual Departamento de Bioingenier\u00eda. Debe subrayarse que en el mundo, esta especialidad entonces sin nombre bien definido a\u00fan, hab\u00eda reci\u00e9n comenzado hacia fines de los a\u00f1os 1950; es decir, nuestra Universidad actu\u00f3 realmente en forma temprana y visionaria. En alg\u00fan momento el Laboratorio de Bioelectr\u00f3nica pas\u00f3 a depender del Rectorado y posteriormente de la Facultad de Medicina constituyendo el actual Instituto de Bioelectr\u00f3nica (IBE). Qued\u00f3 en el Instituto de Ingenier\u00eda El\u00e9ctrica el Laboratorio de Bioingenier\u00eda bajo la direcci\u00f3n del Dr. Valentinuzzi.<br \/>\nEn 1974, el Dr. Valentinuzzi, con el apoyo y colaboraci\u00f3n del Dr. Francisco Domingo Barbieri (ya fallecido) de la Facultad de Bioqu\u00edmica, Qu\u00edmica y Farmacia, obtuvo el apoyo econ\u00f3mico para iniciar el Programa de Bioingenier\u00eda. Es as\u00ed que reconocemos a 1974 como el a\u00f1o de la creaci\u00f3n del hoy DBI. Posteriormente, el Laboratorio de Bioingenier\u00eda pas\u00f3 al status de Instituto y, algo despu\u00e9s, a Departamento de Bioingenier\u00eda, quedando definitivamente dentro de la estructura de la Facultad de Ciencias Exactas y Tecnolog\u00eda.<br \/>\nEn noviembre de 1979, siete j\u00f3venes profesionales integrantes del Laboratorio de Bioingenier\u00eda fundaron la Sociedad Argentina de Bioingenier\u00eda (SABI), sociedad civil sin fines de lucro con el objetivo principal de promover el desarrollo de la aplicaci\u00f3n de las Ciencias Exactas a la soluci\u00f3n de problemas de las Ciencias Biol\u00f3gicas y M\u00e9dicas. Estos verdaderos pioneros en el desarrollo y divulgaci\u00f3n de la bioingenier\u00eda fueron los Ingenieros Electr\u00f3nicos Mar\u00eda Teresa Arredondo, Oscar Ernesto Clavin, Sergio Gustavo Guill\u00e9n, Jorge Emilio Monz\u00f3n y Eduardo Valdez; la Bioq. Mar\u00eda Rosa Armayor y la Lic. en Biolog\u00eda Estela Ruiz. Ellos redactaron los Estatutos y en enero de 1981 lograron la Personer\u00eda Jur\u00eddica de la Sociedad, seg\u00fan consta en el Decreto Nro. 156\/14 (SSG) del Poder Ejecutivo de la Provincia de Tucum\u00e1n. En la actualidad la SABI cuenta con numerosos miembros radicados a lo largo y ancho de nuestro pa\u00eds, organizados en 9 Regionales. En 1981 se realiz\u00f3 en Tucum\u00e1n la primera Reuni\u00f3n Cient\u00edfica, SABI\u201981, a partir de la cual se organizaron hasta el momento 19 Congresos que fueron realizados en las diferentes Regionales. A partir de 1995 se edita la Revista Argentina de Bioingenier\u00eda en la que se pueden publicar trabajos originales, de difusi\u00f3n, notas t\u00e9cnicas, novedades educativas e informes de inter\u00e9s general.<br \/>\nEn 1980 cuatro directores de institutos de investigaci\u00f3n (Francisco Barbieri, M\u00e1ximo Valentinuzzi, Ricardo Far\u00edas y Alfredo Coviello) decidieron reunir diferentes disciplinas de trabajo dando impulso a nuevas formas de encarar los problemas interdisciplinarios. As\u00ed surgi\u00f3 el Instituto Superior de Investigaciones Biol\u00f3gicas (INSIBIO), por convenio entre la UNT y el CONICET, integrado por cuatro departamentos: Bioingenier\u00eda (de la FACET), Biolog\u00eda del Desarrollo y Bioqu\u00edmica de la Nutrici\u00f3n (ambos de la Facultad de Bioqu\u00edmica, Qu\u00edmica y Farmacia) y Fisiolog\u00eda (de la Facultad de Medicina), todos ellos coexistiendo dentro de las estructuras de las facultades respectivas.<\/p>\n<h2>2. Primeras actividades cient\u00edficas y estructura actual<\/h2>\n<p>Desde sus inicios, la investigaci\u00f3n en el DBI estuvo orientada a explicar fen\u00f3menos biol\u00f3gicos utilizando herramientas de las Ciencias Exactas. Las l\u00edneas de trabajo originales fueron: Impedancimetr\u00eda -aplicada a sistemas biol\u00f3gicos- y Fibrilaci\u00f3n-Desfibrilaci\u00f3n Card\u00edaca. A su vez, Impedancimetr\u00eda presentaba dos temas principales: la Medici\u00f3n de Vol\u00famenes de Sangre en el coraz\u00f3n y la Bacteriometr\u00eda por Impedancia. Posteriormente se fueron abriendo otras l\u00edneas de trabajo como Biomec\u00e1nica e Ingenier\u00eda Cl\u00ednica. Todas estas fueron el origen de los laboratorios que forman hoy el Departamento de Bioingenier\u00eda. Todos estos Laboratorios realizan docencia e investigaci\u00f3n, pero tienen impresas diferentes orientaciones, como la Bioingenier\u00eda en s\u00ed misma.<\/p>\n<p><strong>* Laboratorio de Investigaciones Cardiovasculares Multidisciplinarias (LICaM)<\/strong><br \/>\nDirectora: Dra. Ing. Myriam Cristina Herrera<\/p>\n<p><strong>* Laboratorio de Medios e Interfases (LAMEIN<\/strong>)<br \/>\nDirector: Dr. Ing. Carmelo Jos\u00e9 Felice<\/p>\n<p><strong>* Gabinete de Tecnolog\u00edas M\u00e9dicas (GaTeMe)<\/strong><br \/>\nDirector: Mag. Ing. Juan Manuel Olivera<br \/>\nVice Directora: Mag. Ing. Viviana In\u00e9s Rotger<\/p>\n<p><strong>* Laboratorio de Biomec\u00e1nica<br \/>\n<\/strong>Director: Mag. Lic. Julio C\u00e9sar Politti<\/p>\n<h2>3. El Departamento y la docencia<\/h2>\n<p>En 1972 se dict\u00f3 el primer curso de \u201cIntroducci\u00f3n a la Bioingenier\u00eda\u201d, convirtiendo a nuestra UNT en la primera universidad en Am\u00e9rica Latina con este tipo de oferta acad\u00e9mica. A\u00f1os m\u00e1s tarde se sum\u00f3 el curso de \u201cBioinstrumentaci\u00f3n\u201d, ambos como materias optativas de la carrera de Ingenier\u00eda El\u00e9ctrica, orientaci\u00f3n Electr\u00f3nica que tomaban tambi\u00e9n alumnos de otras carreras de la UNT y profesionales (bi\u00f3logos, bioqu\u00edmicos, m\u00e9dicos, etc). Luego se diversificaron en otros cursos y dieron origen, a\u00f1os m\u00e1s tarde a la creaci\u00f3n de nuevas ofertas acad\u00e9micas.<br \/>\nCorr\u00edan los a\u00f1os 1994-1995 y las reuniones dentro del INSIBIO ten\u00edan un denominador com\u00fan que era la Ley de Educaci\u00f3n Superior, en la cual uno de los objetivos era promover en la comunidad docente la necesidad de acceder a t\u00edtulos de grado superior. Fue as\u00ed que, entre los a\u00f1os 1989 y 1998 se recibieron en la UNT los cuatro primeros Doctores en Bioingenier\u00eda en el pa\u00eds (Julio Spinelli, Carmelo Felice, Myriam C. Herrera y Rossana Madrid) bajo la modalidad de carrera no estructurada. A partir de esta experiencia, se pens\u00f3 en una carrera de posgrado m\u00e1s estructurada, es as\u00ed que en 1996 se crea la Maestr\u00eda en Bioingenier\u00eda siendo los egresados de la misma los primeros mag\u00edsteres de la especialidad en el pa\u00eds. Esta maestr\u00eda fue categorizada en 1999 con nivel \u201cAn\u201d por la CONEAU. En el mismo a\u00f1o se recibe un fuerte impulso con el Fondo para el Mejoramiento de la Calidad Universitaria (FOMEC), el cual fue creado desde la SPU para adecuar las Universidades luego del advenimiento de la Ley de Educaci\u00f3n Superior. Particularmente en el DBI fue de mucha ayuda para la adquisici\u00f3n de equipamiento indispensable para las actividades pr\u00e1cticas de la maestr\u00eda permitiendo separar las actividades docentes, del equipamiento exclusivo para investigaci\u00f3n. Lamentablemente, con el advenimiento de los acontecimientos pol\u00edticos y econ\u00f3micos del a\u00f1o 2001, no se pudieron completar las actividades programadas que financiaba este fondo. Paralelamente con la Maestr\u00eda, en el INSIBIO se gest\u00f3 el Doctorado en Ciencias Biol\u00f3gicas, en el que se encuentran diferentes orientaciones relacionadas con la Bioingenier\u00eda, Qu\u00edmica, Bot\u00e1nica, Fisiolog\u00eda, Microbiolog\u00eda y Zoolog\u00eda, en un espectro continuo que va de lo b\u00e1sico a lo aplicado hasta llegar a lo tecnol\u00f3gico. Integran este doctorado cinco facultades (Agronom\u00eda y Zootecnia, Bioqu\u00edmica, Qu\u00edmica y Farmacia, Ciencias Exactas y Tecnolog\u00eda, Medicina y Ciencias Naturales e Instituto Miguel Lillo) y tres centros de investigaci\u00f3n (CERELA-Centro de Referencia para Lactobacilos-, INSIBIO y PROIMI -Planta de Procesos Microbiol\u00f3gicos-). Al d\u00eda de hoy, este doctorado est\u00e1 acreditado con categor\u00eda \u201cA\u201d por la CONEAU.<br \/>\nPero el grado era un anhelo que a\u00fan quedaba pendiente y por esto el 10 de marzo de 1998 el DBI present\u00f3 a la FACET el proyecto de carrera de grado en \u201cIngenier\u00eda Biom\u00e9dica\u201d. Dos a\u00f1os m\u00e1s tarde, la Facultad de Medicina manifest\u00f3 su inter\u00e9s por participar en este proyecto, debido a esto se replante\u00f3 la propuesta original lleg\u00e1ndose al formato final de la Carrera a trav\u00e9s de una cerrada colaboraci\u00f3n entre el Departamento de Bioingenier\u00eda de la FACET y el Instituto de Bioelectr\u00f3nica de la FM. Es as\u00ed que el 27 de noviembre de 2001 el Consejo Superior de la UNT aprob\u00f3 por unanimidad la propuesta de creaci\u00f3n de la Carrera de Grado en \u201cIngenier\u00eda Biom\u00e9dica\u201d elevada por la FACET con colaboraci\u00f3n de la Facultad de Medicina. El hecho fue hist\u00f3rico y trascendente por ser una carrera fruto del aporte de dos Facultades de la UNT, por cerrar un largo ciclo que se inici\u00f3 con la creaci\u00f3n, a cargo del Dr. M\u00e1ximo Eugenio Valentinuzzi, del Departamento de Bioingenier\u00eda en la UNT hace 40 a\u00f1os, y por representar una opci\u00f3n altamente interdisciplinaria que es ya el modo de vida de muchos estudiantes y lo seguir\u00e1 siendo en los a\u00f1os venideros. Se inici\u00f3 el dictado de la misma en marzo de 2002 constituyendo para el DBI un hecho altamente positivo.<br \/>\nDesde el a\u00f1o 2005 la carrera particip\u00f3 de la primera y segunda fase de acreditaciones de las carreras de Ingenier\u00eda por la CONEAU y del segundo ciclo de evaluaci\u00f3n de las Ingenier\u00edas, acreditando en las dos fases del primer ciclo y estando en este momento a la espera de la resoluci\u00f3n del \u00faltimo. Junto con los requerimientos de la primera fase llego la posibilidad de participar del Proyecto de Mejoramiento de la Ense\u00f1anza en Ingenier\u00eda (PROMEI) que para Ingenier\u00eda Biom\u00e9dica fue el PROMEI II. Este proyecto impuls\u00f3 fuertemente a la carrera permitiendo en el Departamento de Bioingenier\u00eda mejorar e incrementar la planta docente, acondicionar los Laboratorios e incorporar equipamiento para las pr\u00e1cticas de las asignaturas del ciclo superior.<\/p>\n<p>Conjuntamente con la generaci\u00f3n de carreras de posgrado de alto nivel acad\u00e9mico, desde los primeros a\u00f1os el departamento gener\u00f3 una fuerte relaci\u00f3n con la Salud P\u00fablica en la provincia. Vista la necesidad de formalizar la generaci\u00f3n de puestos de trabajo en el \u00e1rea profesional de la Bioingenier\u00eda, particularmente el reconocimiento de la Ingenier\u00eda Cl\u00ednica dentro del sistema. El Grupo Ingenier\u00eda Cl\u00ednica del departamento se moviliz\u00f3 y en el a\u00f1o 2002 inici\u00f3 conversaciones con la Direcci\u00f3n General de RRHH en Salud del SIPROSA a fin de crear la Residencia en Ingenier\u00eda Cl\u00ednica dentro del SIPROSA con caracter\u00edsticas similares a las residencias m\u00e9dicas. El 30 de Noviembre de 2002 se present\u00f3 el primer proyecto, la propuesta final se logr\u00f3 luego de dos a\u00f1os de trabajo y se present\u00f3 el 30 de marzo 2004. A inicios del 2008, cuando estaban dadas las condiciones pol\u00edticas, se protocoliz\u00f3 el pedido siendo aprobadas las residencias en Ingenier\u00eda Cl\u00ednica en mayo del mismo a\u00f1o, contando con los dos primeros inscriptos en julio de 2008.<br \/>\nLa residencia en Ingenier\u00eda Cl\u00ednica fue la primera en el Pa\u00eds de estas caracter\u00edsticas. Por otro lado, en los \u00faltimos a\u00f1os, nuevas \u00e1reas surgieron en el mundo dentro de la Bioingenier\u00eda, como ser la Biotecnolog\u00eda, Nanotecnolog\u00eda, Telemedicina, Ingenier\u00eda de Tejidos, entre otras, todas las cuales fueron incorporadas en las l\u00edneas de investigaci\u00f3n del DBI y en los contenidos de los cursos de grado y postgrado a cargo del Departamento. Es as\u00ed, que un ingeniero biom\u00e9dico formado en la FACET, posee fuertes bases tecnol\u00f3gicas, orientadas hacia las ciencias de la salud y biol\u00f3gicas, para contribuir desde su \u00e1ngulo y conocimientos, a la soluci\u00f3n de los acuciantes problemas m\u00e9dico-hospitalarios, o por otro lado, para desempe\u00f1arse en el \u00e1rea de investigaci\u00f3n aplicando a becas de investigaci\u00f3n. Por su preparaci\u00f3n altamente interdisciplinaria, es capaz de comprender el problema m\u00e9dico-hospitalario en sus aspectos t\u00e9cnicos y m\u00e9dicos, y de comunicarse eficientemente con m\u00e9dicos, param\u00e9dicos, bi\u00f3logos, bioqu\u00edmicos, y otros profesionales de las ciencias biol\u00f3gicas, aportando creatividad, iniciativa y motivaci\u00f3n, con el fin de mejorar la salud humana.<\/p>\n<h2>4. Reflexiones de los protagonistas<\/h2>\n<p>Todo o casi todo est\u00e1 expresado en las p\u00e1ginas anteriores, especialmente en lo que hace al desarrollo hist\u00f3rico de la Bioingenier\u00eda en la UNT en las d\u00e9cadas pasadas. Y se me revolvi\u00f3 la mente. Muchos recuerdos, algunos demasiado fuertes y dolorosos (\u00a1oh, el per\u00edodo 1975-1983!), cuando llegaron a temblar nuestros sentidos y a flaquear las fuerzas. Siempre las piedras formaron EL camino duro a transitar (caminante no hay camino, se hace camino al andar), pero abrir caminos es cumplir sue\u00f1os donde el ser humano es actor principal, mirando m\u00e1s all\u00e1 y comprometi\u00e9ndose con los otros seres humanos en el entorno cercano o lejano. La Bioingenier\u00eda ya ES en la Argentina y en Am\u00e9rica Latina y se ha transformado en un legado para la juventud pues, dada su estructura, la Bioingenier\u00eda ES y SER\u00c1 siempre joven.<br \/>\nVale recordar las SIETE L\u00c1MPARAS DE SAN MATESIS, patrono de las Matem\u00e1ticas,<br \/>\nLampas Utilitatis (utilidad)<br \/>\nLampas Imaginationis (imaginaci\u00f3n)<br \/>\nLampas Poesis (creatividad)<br \/>\nLampas Infinitatis (infinito)<br \/>\nLampas Decoris (belleza)<br \/>\nLampas Mysterii (misterio)<br \/>\nLampas Religionis (religi\u00f3n)<\/p>\n<p>y la Bioingenier\u00eda es todo esto<br \/>\n(\u00fatil, tiene imaginaci\u00f3n y creatividad, se proyecta lejos, es bella y misteriosa, necesita fe).<\/p>\n<p>Temprano reconoc\u00ed que<br \/>\nno quer\u00eda ser pobre, pero la riqueza no me har\u00eda rico;<br \/>\nque ser es mejor que tener.<br \/>\nAprend\u00ed tambi\u00e9n muy tarde que<br \/>\nesta casa hermosa es mi casa \u2026 y yo la amo un mont\u00f3n.<br \/>\nQue entregando el alma en aquello que se hace, se recibe un alma a cambio.<br \/>\nBUONA FORTUNA, BUON LAVORO \u2026 M\u00c0 CON GIOIA!<br \/>\nDr. M\u00e1ximo E. Valentinuzzi<\/p>\n<p><strong>De los actuales:<\/strong><br \/>\nA lo largo de su historia, el DBI ha sido pionero en muchos hitos de la FACET, fue el primero en manejarse v\u00eda ARPAC, el primero en tener conexi\u00f3n directa con el rectorado v\u00eda red, fue el punto de prueba para la conexi\u00f3n INTERNET y por ende fue el primero en tener acceso a la web, y el primero en tener un servidor web, lo que le permiti\u00f3 ser el primero en brindar herramientas de educaci\u00f3n v\u00eda Internet. Fueron muchas primeras veces y ese es el mayor orgullo del Departamento, haber logrado con los a\u00f1os conformar un grupo que con esfuerzo y trabajo, quitando horas al descanso, ha sabido generar y marcar rumbos, muchas veces imitados y otras, menospreciados. No nos equivocamos al momento de tomar las decisiones, fuimos entrenados aprendiendo que las piedras en el camino no son piedras, son el camino, y por sobre todo, aprendiendo que se puede ser sin tener. Ha sido tarea de muchos, siempre trabajando en equipo, con las contribuciones de los que estuvieron y de los que est\u00e1n, de los que contin\u00faan y de aquellos que se ir\u00e1n sumando e ir\u00e1n tomando la posta. Cada uno haciendo lo suyo en el momento adecuado, con devoci\u00f3n, con convencimiento y con pasi\u00f3n.<br \/>\nEs as\u00ed, que al d\u00eda de hoy podemos afirmar con orgullo que el Departamento de Bioingenier\u00eda es reconocido en la comunidad cient\u00edfico-acad\u00e9mica y es parte integral de la sociedad tucumana.<\/p>\n<p><a href=\"https:\/\/www.facet.unt.edu.ar\/bioingenieria\/wp-content\/uploads\/sites\/47\/2019\/05\/Libro-100-a\u00f1os-FACET-WEB.pdf\">Libro 100 a\u00f1os FACET WEB<\/a>\u00a0 \u00a0versi\u00f3n pdf con im\u00e1genes y texto ampliado<\/p>\n<\/div>\n<\/div><\/div><\/div><\/div><\/div>","protected":false},"excerpt":{"rendered":"<p>Libro 100 a\u00f1os FACET WEB\u00a0 versi\u00f3n pdf con im\u00e1genes y texto ampliado La historia y sus protagonistas 1. Origen Institucional El nacimiento y creaci\u00f3n del hoy Departamento de Bioingenier\u00eda (DBI) est\u00e1n \u00edntimamente ligados a las acciones llevadas a cabo por el Dr. M\u00e1ximo Eugenio Valentinuzzi quien en 1972, luego de m\u00faltiples intercambios epistolares con el [&hellip;]<\/p>\n","protected":false},"author":101027,"featured_media":0,"parent":0,"menu_order":0,"comment_status":"closed","ping_status":"closed","template":"","meta":[],"_links":{"self":[{"href":"https:\/\/www.facet.unt.edu.ar\/bioingenieria\/wp-json\/wp\/v2\/pages\/2"}],"collection":[{"href":"https:\/\/www.facet.unt.edu.ar\/bioingenieria\/wp-json\/wp\/v2\/pages"}],"about":[{"href":"https:\/\/www.facet.unt.edu.ar\/bioingenieria\/wp-json\/wp\/v2\/types\/page"}],"author":[{"embeddable":true,"href":"https:\/\/www.facet.unt.edu.ar\/bioingenieria\/wp-json\/wp\/v2\/users\/101027"}],"replies":[{"embeddable":true,"href":"https:\/\/www.facet.unt.edu.ar\/bioingenieria\/wp-json\/wp\/v2\/comments?post=2"}],"version-history":[{"count":6,"href":"https:\/\/www.facet.unt.edu.ar\/bioingenieria\/wp-json\/wp\/v2\/pages\/2\/revisions"}],"predecessor-version":[{"id":194,"href":"https:\/\/www.facet.unt.edu.ar\/bioingenieria\/wp-json\/wp\/v2\/pages\/2\/revisions\/194"}],"wp:attachment":[{"href":"https:\/\/www.facet.unt.edu.ar\/bioingenieria\/wp-json\/wp\/v2\/media?parent=2"}],"curies":[{"name":"wp","href":"https:\/\/api.w.org\/{rel}","templated":true}]}}