{"id":255,"date":"2019-05-21T10:28:33","date_gmt":"2019-05-21T13:28:33","guid":{"rendered":"https:\/\/www.facet.unt.edu.ar\/bioingenieria\/?page_id=255"},"modified":"2020-03-05T11:39:21","modified_gmt":"2020-03-05T14:39:21","slug":"mision","status":"publish","type":"page","link":"https:\/\/www.facet.unt.edu.ar\/bioingenieria\/mision\/","title":{"rendered":"Misi\u00f3n"},"content":{"rendered":"<p>Como Laboratorio Tecnol\u00f3gico Universitario tiene por misi\u00f3n realizar tareas de Docencia, I&amp;D y Extensi\u00f3n. Estas actividades promueven la vinculaci\u00f3n con los sectores productivos, de servicios y entidades del estado y sociales. Constituyen un elemento imprescindible en la formaci\u00f3n de los ingenieros favoreciendo la conexi\u00f3n entre el cuerpo docente y los estudiantes con las actividades propias del ingeniero (ensayos y servicios, proyectos. dise\u00f1os y asesoramientos) brindando una formaci\u00f3n basada en competencias.<\/p>\n","protected":false},"excerpt":{"rendered":"<p>Como Laboratorio Tecnol\u00f3gico Universitario tiene por misi\u00f3n realizar tareas de Docencia, I&amp;D y Extensi\u00f3n. Estas actividades promueven la vinculaci\u00f3n con los sectores productivos, de servicios y entidades del estado y sociales. Constituyen un elemento imprescindible en la formaci\u00f3n de los ingenieros favoreciendo la conexi\u00f3n entre el cuerpo docente y los estudiantes con las actividades propias [&hellip;]<\/p>\n","protected":false},"author":101034,"featured_media":0,"parent":0,"menu_order":0,"comment_status":"closed","ping_status":"closed","template":"","meta":[],"_links":{"self":[{"href":"https:\/\/www.facet.unt.edu.ar\/bioingenieria\/wp-json\/wp\/v2\/pages\/255"}],"collection":[{"href":"https:\/\/www.facet.unt.edu.ar\/bioingenieria\/wp-json\/wp\/v2\/pages"}],"about":[{"href":"https:\/\/www.facet.unt.edu.ar\/bioingenieria\/wp-json\/wp\/v2\/types\/page"}],"author":[{"embeddable":true,"href":"https:\/\/www.facet.unt.edu.ar\/bioingenieria\/wp-json\/wp\/v2\/users\/101034"}],"replies":[{"embeddable":true,"href":"https:\/\/www.facet.unt.edu.ar\/bioingenieria\/wp-json\/wp\/v2\/comments?post=255"}],"version-history":[{"count":4,"href":"https:\/\/www.facet.unt.edu.ar\/bioingenieria\/wp-json\/wp\/v2\/pages\/255\/revisions"}],"predecessor-version":[{"id":690,"href":"https:\/\/www.facet.unt.edu.ar\/bioingenieria\/wp-json\/wp\/v2\/pages\/255\/revisions\/690"}],"wp:attachment":[{"href":"https:\/\/www.facet.unt.edu.ar\/bioingenieria\/wp-json\/wp\/v2\/media?parent=255"}],"curies":[{"name":"wp","href":"https:\/\/api.w.org\/{rel}","templated":true}]}}