{"id":264,"date":"2019-05-21T11:12:41","date_gmt":"2019-05-21T14:12:41","guid":{"rendered":"https:\/\/www.facet.unt.edu.ar\/bioingenieria\/?page_id=264"},"modified":"2024-09-20T20:29:48","modified_gmt":"2024-09-20T23:29:48","slug":"quienes-somos-gateme","status":"publish","type":"page","link":"https:\/\/www.facet.unt.edu.ar\/bioingenieria\/quienes-somos-gateme\/","title":{"rendered":"Quienes Somos en el GaTeMe"},"content":{"rendered":"<div id=\"pl-264\"  class=\"panel-layout\" ><div id=\"pg-264-0\"  class=\"panel-grid panel-no-style\" ><div id=\"pgc-264-0-0\"  class=\"panel-grid-cell panel-grid-cell-mobile-last\" ><div id=\"panel-264-0-0-0\" class=\"so-panel widget widget_sow-editor panel-first-child panel-last-child\" data-index=\"0\" ><div\n\t\t\t\n\t\t\tclass=\"so-widget-sow-editor so-widget-sow-editor-base\"\n\t\t\t\n\t\t>\n<div class=\"siteorigin-widget-tinymce textwidget\">\n\t<h1 style=\"text-align: center;\"><a href=\"https:\/\/www.facet.unt.edu.ar\/bioingenieria\/wp-content\/uploads\/sites\/47\/2019\/06\/quienes-somos.png\"><img decoding=\"async\" loading=\"lazy\" class=\"alignnone wp-image-680 size-full\" src=\"https:\/\/www.facet.unt.edu.ar\/bioingenieria\/wp-content\/uploads\/sites\/47\/2019\/06\/quienes-somos.png\" alt=\"\" width=\"379\" height=\"63\" srcset=\"https:\/\/www.facet.unt.edu.ar\/bioingenieria\/wp-content\/uploads\/sites\/47\/2019\/06\/quienes-somos.png 379w, https:\/\/www.facet.unt.edu.ar\/bioingenieria\/wp-content\/uploads\/sites\/47\/2019\/06\/quienes-somos-300x50.png 300w\" sizes=\"(max-width: 379px) 100vw, 379px\" \/><\/a><\/h1>\n<table style=\"border-collapse: collapse; width: 94.4821%; height: 761px;\">\n<tbody>\n<tr style=\"height: 126px;\">\n<td style=\"width: 19.1067%; height: 126px; vertical-align: middle;\"><a href=\"https:\/\/www.facet.unt.edu.ar\/bioingenieria\/wp-content\/uploads\/sites\/47\/2023\/02\/VIR.png\"><img decoding=\"async\" loading=\"lazy\" class=\"size-full wp-image-727 aligncenter\" src=\"https:\/\/www.facet.unt.edu.ar\/bioingenieria\/wp-content\/uploads\/sites\/47\/2023\/02\/VIR.png\" alt=\"\" width=\"96\" height=\"114\" \/><\/a><\/td>\n<td style=\"width: 80.8933%; text-align: left; vertical-align: middle; height: 126px;\"><strong>Mag. Ing. <\/strong><strong style=\"text-align: center;\">Viviana I. Rotger<\/strong><strong><br \/>\n<\/strong>DIRECCI\u00d3N: Director General<br \/>\n\u00c1REA INVESTIGACI\u00d3N Y DESARROLLO: Jefe<br \/>\n\u00c1REA DOCENCIA Y EXTENSI\u00d3N: Jefe<br \/>\nmail: vrotger@herrera.unt.edu.ar<\/td>\n<\/tr>\n<tr style=\"height: 161px;\">\n<td style=\"width: 19.1067%; height: 161px; text-align: center; vertical-align: middle;\"><strong><a href=\"https:\/\/www.facet.unt.edu.ar\/bioingenieria\/wp-content\/uploads\/sites\/47\/2019\/05\/LMFG.jpg\"><img decoding=\"async\" loading=\"lazy\" class=\"aligncenter wp-image-275\" src=\"https:\/\/www.facet.unt.edu.ar\/bioingenieria\/wp-content\/uploads\/sites\/47\/2019\/05\/LMFG.jpg\" alt=\"\" width=\"112\" height=\"138\" \/><\/a><\/strong><\/td>\n<td style=\"width: 80.8933%; text-align: left; vertical-align: middle; height: 161px;\"><strong>Esp. Ing. Biom. Lucila Figueroa Gallo<\/strong><br \/>\n\u00c1REA CALIDAD:\u00a0<span style=\"text-align: center;\">Responsable de la calidad<\/span><br \/>\n\u00c1REA DOCENCIA Y EXTENSI\u00d3N:<span style=\"text-align: center;\">\u00a0Sub Jefe<\/span><br style=\"text-align: center;\" \/><span style=\"text-align: center;\">mail: lfigueroagallo@herrera.unt.edu.ar<\/span><strong><br \/>\n<\/strong><\/td>\n<\/tr>\n<tr style=\"height: 137px;\">\n<td style=\"width: 19.1067%; text-align: center; vertical-align: middle; height: 137px;\"><strong><a href=\"https:\/\/www.facet.unt.edu.ar\/bioingenieria\/wp-content\/uploads\/sites\/47\/2019\/05\/lar.jpeg\"><img decoding=\"async\" loading=\"lazy\" class=\"aligncenter wp-image-349\" src=\"https:\/\/www.facet.unt.edu.ar\/bioingenieria\/wp-content\/uploads\/sites\/47\/2019\/05\/lar.jpeg\" alt=\"\" width=\"112\" height=\"138\" \/><\/a><\/strong><\/td>\n<td style=\"width: 80.8933%; text-align: left; vertical-align: middle; height: 137px;\"><strong>Mag. Ing. Luis Alfredo Rocha<br \/>\n<\/strong>\u00c1REA SERVICIOS:\u00a0Jefe y operador t\u00e9cnico<br \/>\n\u00c1REA INVESTIGACI\u00d3N Y DESARROLLO:\u00a0Integrante<br \/>\nmail: lrocha@herrera.unt.edu.ar<strong><br \/>\n<\/strong><\/td>\n<\/tr>\n<tr style=\"height: 137px;\">\n<td style=\"width: 19.1067%; text-align: center; vertical-align: middle; height: 137px;\"><strong><a href=\"https:\/\/www.facet.unt.edu.ar\/bioingenieria\/wp-content\/uploads\/sites\/47\/2019\/05\/MV.jpg\"><img decoding=\"async\" loading=\"lazy\" class=\"aligncenter wp-image-276\" src=\"https:\/\/www.facet.unt.edu.ar\/bioingenieria\/wp-content\/uploads\/sites\/47\/2019\/05\/MV.jpg\" alt=\"\" width=\"112\" height=\"138\" \/><\/a><\/strong><\/td>\n<td style=\"width: 80.8933%; text-align: left; vertical-align: middle; height: 137px;\"><strong>Esp. Ing. Marcelo V\u00e1zquez<br \/>\n<\/strong>\u00c1REA SERVICIOS:\u00a0Sub Jefe y Operador t\u00e9cnico<br \/>\n\u00c1REA INVESTIGACI\u00d3N Y DESARROLLO:\u00a0Integrante<br \/>\nmail: mvazquez@herrera.unt.edu.ar<\/td>\n<\/tr>\n<tr style=\"height: 24px;\">\n<td style=\"width: 19.1067%; text-align: center; vertical-align: middle; height: 24px;\"><\/td>\n<td style=\"width: 80.8933%; text-align: left; vertical-align: middle; height: 24px;\"><\/td>\n<\/tr>\n<\/tbody>\n<\/table>\n<\/div>\n<\/div><\/div><\/div><div id=\"pgc-264-0-1\"  class=\"panel-grid-cell panel-grid-cell-empty\" ><\/div><\/div><\/div>","protected":false},"excerpt":{"rendered":"<p>Mag. Ing. Viviana I. Rotger DIRECCI\u00d3N: Director General \u00c1REA INVESTIGACI\u00d3N Y DESARROLLO: Jefe \u00c1REA DOCENCIA Y EXTENSI\u00d3N: Jefe mail: vrotger@herrera.unt.edu.ar Esp. Ing. Biom. Lucila Figueroa Gallo \u00c1REA CALIDAD:\u00a0Responsable de la calidad \u00c1REA DOCENCIA Y EXTENSI\u00d3N:\u00a0Sub Jefemail: lfigueroagallo@herrera.unt.edu.ar Mag. Ing. Luis Alfredo Rocha \u00c1REA SERVICIOS:\u00a0Jefe y operador t\u00e9cnico \u00c1REA INVESTIGACI\u00d3N Y DESARROLLO:\u00a0Integrante mail: lrocha@herrera.unt.edu.ar Esp. Ing. [&hellip;]<\/p>\n","protected":false},"author":101034,"featured_media":0,"parent":0,"menu_order":0,"comment_status":"closed","ping_status":"closed","template":"","meta":[],"_links":{"self":[{"href":"https:\/\/www.facet.unt.edu.ar\/bioingenieria\/wp-json\/wp\/v2\/pages\/264"}],"collection":[{"href":"https:\/\/www.facet.unt.edu.ar\/bioingenieria\/wp-json\/wp\/v2\/pages"}],"about":[{"href":"https:\/\/www.facet.unt.edu.ar\/bioingenieria\/wp-json\/wp\/v2\/types\/page"}],"author":[{"embeddable":true,"href":"https:\/\/www.facet.unt.edu.ar\/bioingenieria\/wp-json\/wp\/v2\/users\/101034"}],"replies":[{"embeddable":true,"href":"https:\/\/www.facet.unt.edu.ar\/bioingenieria\/wp-json\/wp\/v2\/comments?post=264"}],"version-history":[{"count":63,"href":"https:\/\/www.facet.unt.edu.ar\/bioingenieria\/wp-json\/wp\/v2\/pages\/264\/revisions"}],"predecessor-version":[{"id":768,"href":"https:\/\/www.facet.unt.edu.ar\/bioingenieria\/wp-json\/wp\/v2\/pages\/264\/revisions\/768"}],"wp:attachment":[{"href":"https:\/\/www.facet.unt.edu.ar\/bioingenieria\/wp-json\/wp\/v2\/media?parent=264"}],"curies":[{"name":"wp","href":"https:\/\/api.w.org\/{rel}","templated":true}]}}