{"id":375,"date":"2019-05-22T11:22:12","date_gmt":"2019-05-22T14:22:12","guid":{"rendered":"https:\/\/www.facet.unt.edu.ar\/bioingenieria\/?page_id=375"},"modified":"2024-09-20T20:30:43","modified_gmt":"2024-09-20T23:30:43","slug":"area-id","status":"publish","type":"page","link":"https:\/\/www.facet.unt.edu.ar\/bioingenieria\/area-id\/","title":{"rendered":"\u00c1rea I&#038;D GaTeMe"},"content":{"rendered":"<table class=\" aligncenter\" style=\"width: 78.0754%; border-collapse: collapse;\">\n<tbody>\n<tr>\n<td style=\"width: 16.4252%;\"><a href=\"https:\/\/www.facet.unt.edu.ar\/bioingenieria\/wp-content\/uploads\/sites\/47\/2020\/03\/logo-gateme-2020.png\"><img decoding=\"async\" loading=\"lazy\" class=\"alignnone size-full wp-image-691\" src=\"https:\/\/www.facet.unt.edu.ar\/bioingenieria\/wp-content\/uploads\/sites\/47\/2020\/03\/logo-gateme-2020.png\" alt=\"\" width=\"130\" height=\"149\" \/><\/a><\/td>\n<td style=\"width: 44.2021%; text-align: center; vertical-align: middle;\"><strong>\u00a0\u00c1REA INVESTIGACI\u00d3N Y DESARROLLO\u00a0\u00a0<\/strong><\/td>\n<td style=\"width: 17.5364%;\"><a href=\"https:\/\/www.facet.unt.edu.ar\/bioingenieria\/wp-content\/uploads\/sites\/47\/2020\/03\/logo-gateme-2020.png\"><img decoding=\"async\" loading=\"lazy\" class=\"alignnone size-full wp-image-691\" src=\"https:\/\/www.facet.unt.edu.ar\/bioingenieria\/wp-content\/uploads\/sites\/47\/2020\/03\/logo-gateme-2020.png\" alt=\"\" width=\"130\" height=\"149\" \/><\/a><\/td>\n<\/tr>\n<\/tbody>\n<\/table>\n<p><strong>Jefe:<\/strong> Ing. Viviana Ines Rotger<br \/>\n<strong>Sub Jefe:<\/strong> Ing. Biom.Lucila Figueroa Gallo<\/p>\n<p>Para el periodo 2017-2021 el GaTeMe tiene bajo su responsabilidad la ejecuci\u00f3n del Programa de Investigaci\u00f3n (conformado por dos proyectos):<br \/>\n<strong>PIUNT E645 \u201cTECNOLOGIA BIOM\u00c9DICA: Desarrollos y transferencias para mejorar la salud humana\u201d<\/strong>.<br \/>\n<strong>Unidad Acad\u00e9mica:<\/strong> Facultad de Ciencias Exactas y Tecnolog\u00eda<br \/>\n<strong>Directora:<\/strong> Dra. Ing. Myriam Cristina Herrera<br \/>\n<strong>Co-Director:<\/strong> Mag. Ing. Juan Manuel Olivera<\/p>\n<p><strong>Proyecto PIUNT E645\/1:<\/strong> \u201cInnovaci\u00f3n y Gesti\u00f3n de Tecnolog\u00edas M\u00e9dicas\u201d<br \/>\n<strong>Directora:<\/strong> Dra. Ing. Myriam Cristina Herrera<br \/>\n<strong>Co-Director:<\/strong> Mag. Ing. Juan Manuel Olivera<br \/>\n<strong>RESUMEN:<\/strong> La incorporaci\u00f3n de tecnolog\u00edas a los sistemas de salud a nivel mundial ha propiciado un ambiente especial para incorporar ingenieros formados en las \u00e1reas biom\u00e9dicas. En nuestro pa\u00eds, el crecimiento acelerado de los requerimientos tecnol\u00f3gicos ha desnudado deficiencias en la capacidad productiva nacional, en la infraestructura de recursos humanos y de apoyo al sistema de salud as\u00ed como en las normativas respecto del mantenimiento correctivo y preventivo de los equipos m\u00e9dicos. En este contexto, el presente proyecto agrupa tareas de investigaci\u00f3n y apoyo en los sistemas de salud locales atacando necesidades y requerimientos de los mismos. La presentaci\u00f3n se ha dividido en dos subproyectos.<br \/>\n-El primero, enfocado en investigaciones biom\u00e9dicas (Desarrollo y evaluaci\u00f3n de Tecnolog\u00eda M\u00e9dica basada en medici\u00f3n de impedancia para detecci\u00f3n de fluidos compartamentales corporales) intentar\u00e1 desarrollar una tecnolog\u00eda innovadora a nivel mundial con efectos inmediatos en el tratamiento la Insuficiencia Card\u00edaca Congestiva. Se trata de un sistema para evaluar edema por el m\u00e9todo de bioimpedancia cuya caracter\u00edstica distintiva es que proponemonitorear en forma ambulatoria a los pacientes para detectar cambios subcl\u00ednicos en su estado de salud. Para ello usaelectrodos incorporados a prendas y comunicaci\u00f3n paciente-personal de salud con el uso de telefon\u00eda de uso corrientecon una apps personalizada.<br \/>\n-El segundo subproyecto (Ingenier\u00eda Cl\u00ednica aplicada al Sistema Provincial de Salud) se centrar\u00e1 en aplicar herramientas de la Ingenier\u00eda para resolver distintos problemas en el Sistema Provincial de Salud de la Provincia de Tucum\u00e1n. En especial, se trabajar\u00e1 en analizar y controlar la Contaminaci\u00f3n Ac\u00fastica en diferentes ambientes hospitalarios como en las salas de neonatolog\u00eda (impacto sobre la salud auditiva de neonatos) y en \u00e1reas de m\u00e1quinas (lavander\u00eda, esterilizaci\u00f3n) con impacto en los empleados del sistema de salud. Para ello se completar\u00e1 el desarrollo y evaluaci\u00f3n de una &#8220;oreja electr\u00f3nica&#8221;. Por otro lado, se ha propuesto mejorar la trazabilidad de los equipos dentro del sistema hospitalario para mejorar la calidad de los servicios con especial atenci\u00f3n al desarrollo de herramientas de control, protocolos y ensayos para cada producto m\u00e9dico activo.<\/p>\n<p><strong>ABSTRACT:<\/strong> All over the world, new technologies in health systems have provided a special environment to incorporate engineers trained in the biomedical areas (Biomedical Engineer). In our country, the fast growing of technological requirements has exposed deficiencies about national productive capacity, infrastructure of human resources and support to health system as well as in the regulations regarding the corrective and preventive maintenance of medical equipment. In this context, the present project involves research and support tasks in the local health systems attending to contribute with technological solutions to biomedical requirements. The presentation has been divided into two subprojects.<br \/>\n&#8211; The first, focused on biomedical research (Development and Evaluation of Medical Technology for detection of body compartment fluids based on impedance measurement) will try to develop a worldwide innovative technology with direct effects in the treatment of Congestive Heart Failure. This technology is for evaluating edema by bioimpedance method. As distinctive feature, it monitor patients in an ambulatory mode to detect subclinical changes in their health status. Textile electrodes incorporated into garments and patient-physician communication by regular smartphones with a custom Apps are combined.<br \/>\n&#8211; The second subproject (Clinical Engineering applied to the Provincial Health System) will focus on applying engineering tools to solve different problems in the Provincial Health System of the Province of\u00a0 Tucum\u00e1n. In particular, acoustic pollution will be measured and analyzed in different hospital environments such as neonatology rooms (impact on premature infants) and in machine areas (laundry, sterilization) with impact on the health system employees. For this purpose, an &#8220;electronic ear&#8221; will be developed and tested. On the other hand, it has been proposed to improve thetraceability of equipment within the hospital system<\/p>\n<p><strong>Proyecto PIUNT E645\/2:<\/strong> \u201cMejora de la accesibilidad a la salud mediante el uso de TIC en el Sistema de Salud P\u00fablica del NOA\u201d<br \/>\n<strong>Directora:<\/strong> Mag. Ing. Viviana In\u00e9s Rotger<br \/>\n<strong>RESUMEN:<\/strong> Las TIC est\u00e1n afectando a todos los campos de nuestra sociedad, y la Salud no es una excepci\u00f3n. Se presentan cada vez m\u00e1s como una herramienta, en el contexto de una sociedad donde los r\u00e1pidos cambios, el aumento de los conocimientos y las demandas de igualdad de prestaciones de Salud se convierten en una exigencia permanente. En Argentina se estima que el 50% de la poblaci\u00f3n realiza consultas m\u00e9dicas en el Sistema P\u00fablico, siendo la concurrencia a\u00fan m\u00e1s notoria en \u00e1reas rurales. Adem\u00e1s en los servicios de salud p\u00fablicos la mayor parte de los recursos se encuentran en los hospitales m\u00e1s complejos, ubicados en las grandes ciudades. En 2005 el Sistema Provincial de Salud (SIPROSA) de la provincia de Tucum\u00e1n, se incorpora al proyecto de modernizaci\u00f3n del estado informatizando los hospitales y los Centros de Atenci\u00f3n Primaria (CAPS) m\u00e1s importantes de la provincia. Paralelamente desde el Dpto de Bioingenier\u00eda y el Instituto de Bioelectr\u00f3nica de la UNT, se han realizado proyectos para introducir la Telemedicina (aplicaci\u00f3n TIC) en el SIPROSA y as\u00ed mejorar la accesibilidad de la poblaci\u00f3n alejada, dando equidad y evitando traslados costosos e innecesarios, ayudando a diagn\u00f3sticos tempranos, tratamientos precoces, derivaciones oportunas y adecuadas. Se desarrollaron varias herramientas, particularmente se dise\u00f1\u00f3 un PACS, que provee un mecanismo efectivo para el archivo, el manejo de im\u00e1genes m\u00e9dicas y los datos del paciente y la transmisi\u00f3n de los estudios entre centros. Se utiliz\u00f3 para realizar un Sistema de Interconsulta Ecogr\u00e1fica.<br \/>\nSe establecen 3 l\u00edneas de trabajos:<br \/>\n&#8211; L1: Utilizaci\u00f3n de Sistema Telem\u00e9dico ya dise\u00f1ado. Se continuar\u00e1 con el uso, para la realizaci\u00f3n de interconsultas ecogr\u00e1ficas entre profesionales de los CAPS y Policl\u00ednicas de la Provincia y especialistas del Instituto de Maternidad, de la Capital. Se intensificar\u00e1 su utilizaci\u00f3n en otros puntos de consulta y Hospitales de Referencia ampliando a otras Especialidades.<br \/>\n&#8211; L2: Actualizaci\u00f3n y desarrollo de software y dispositivos complementarios de e-salud. Se pretende mejorar tanto la experiencia de usuario, como la arquitectura general del sistema, mediante la investigaci\u00f3n de pol\u00edticas, est\u00e1ndares y protocolos de salud. Por otro lado el desarrollo de aplicaciones de Telediagn\u00f3stico con dispositivos m\u00f3viles.<br \/>\n&#8211; L3: Utilizaci\u00f3n de Impresi\u00f3n 3D en aplicaciones de salud se estudiar\u00e1n los diferentes usos de la impresi\u00f3n 3D en aplicaciones m\u00e9dicas en el marco de necesidades y posibilidades regionales.<\/p>\n","protected":false},"excerpt":{"rendered":"<p>\u00a0\u00c1REA INVESTIGACI\u00d3N Y DESARROLLO\u00a0\u00a0 Jefe: Ing. Viviana Ines Rotger Sub Jefe: Ing. Biom.Lucila Figueroa Gallo Para el periodo 2017-2021 el GaTeMe tiene bajo su responsabilidad la ejecuci\u00f3n del Programa de Investigaci\u00f3n (conformado por dos proyectos): PIUNT E645 \u201cTECNOLOGIA BIOM\u00c9DICA: Desarrollos y transferencias para mejorar la salud humana\u201d. Unidad Acad\u00e9mica: Facultad de Ciencias Exactas y Tecnolog\u00eda [&hellip;]<\/p>\n","protected":false},"author":101034,"featured_media":0,"parent":0,"menu_order":0,"comment_status":"closed","ping_status":"closed","template":"","meta":[],"_links":{"self":[{"href":"https:\/\/www.facet.unt.edu.ar\/bioingenieria\/wp-json\/wp\/v2\/pages\/375"}],"collection":[{"href":"https:\/\/www.facet.unt.edu.ar\/bioingenieria\/wp-json\/wp\/v2\/pages"}],"about":[{"href":"https:\/\/www.facet.unt.edu.ar\/bioingenieria\/wp-json\/wp\/v2\/types\/page"}],"author":[{"embeddable":true,"href":"https:\/\/www.facet.unt.edu.ar\/bioingenieria\/wp-json\/wp\/v2\/users\/101034"}],"replies":[{"embeddable":true,"href":"https:\/\/www.facet.unt.edu.ar\/bioingenieria\/wp-json\/wp\/v2\/comments?post=375"}],"version-history":[{"count":14,"href":"https:\/\/www.facet.unt.edu.ar\/bioingenieria\/wp-json\/wp\/v2\/pages\/375\/revisions"}],"predecessor-version":[{"id":769,"href":"https:\/\/www.facet.unt.edu.ar\/bioingenieria\/wp-json\/wp\/v2\/pages\/375\/revisions\/769"}],"wp:attachment":[{"href":"https:\/\/www.facet.unt.edu.ar\/bioingenieria\/wp-json\/wp\/v2\/media?parent=375"}],"curies":[{"name":"wp","href":"https:\/\/api.w.org\/{rel}","templated":true}]}}