{"id":383,"date":"2019-05-22T11:42:49","date_gmt":"2019-05-22T14:42:49","guid":{"rendered":"https:\/\/www.facet.unt.edu.ar\/bioingenieria\/?page_id=383"},"modified":"2019-10-31T21:41:54","modified_gmt":"2019-11-01T00:41:54","slug":"publicaciones-gateme","status":"publish","type":"page","link":"https:\/\/www.facet.unt.edu.ar\/bioingenieria\/publicaciones-gateme\/","title":{"rendered":"Publicaciones GaTeMe"},"content":{"rendered":"<p><span style=\"color: #3366ff;\">EN CONSTRUCCION<\/span><\/p>\n<p>A lo largo de su historia se han registrado m\u00faltiples publicaciones. Se muestran solamente aquellas a partir del 2009<\/p>\n<p>&nbsp;<\/p>\n<table style=\"border-collapse: collapse; width: 100%;\">\n<tbody>\n<tr>\n<td style=\"width: 100%;\">VIDEO: <a href=\"https:\/\/drive.google.com\/open?id=1q8vjmwW7qa3_uXH8LBYH9jAfmO8ZZHCC\" target=\"_blank\" rel=\"noopener noreferrer\">Qu\u00e9 hacemos los Ingenieros Cl\u00ednicos<\/a><\/td>\n<\/tr>\n<tr>\n<td style=\"width: 100%;\"><\/td>\n<\/tr>\n<tr>\n<td style=\"width: 100%;\">VIDEO: <a href=\"https:\/\/drive.google.com\/file\/d\/1uIzgded0ofOmXkhSn9dtoKW-O0vEkFKj\/view?usp=sharing\" target=\"_blank\" rel=\"noopener noreferrer\">Emprend\u00e9 ConCIENCIA, INVAP 2017<\/a><\/td>\n<\/tr>\n<tr>\n<td style=\"width: 100%;\"><\/td>\n<\/tr>\n<tr>\n<td style=\"width: 100%;\">VIDEO: <a href=\"https:\/\/drive.google.com\/open?id=1mszs8FmIzj9QGBvnxd-i2259vvbejYtq\" target=\"_blank\" rel=\"noopener noreferrer\">Emprend\u00e9 ConCIENCIA, INVAP 201, video corto<\/a><\/td>\n<\/tr>\n<\/tbody>\n<\/table>\n","protected":false},"excerpt":{"rendered":"<p>EN CONSTRUCCION A lo largo de su historia se han registrado m\u00faltiples publicaciones. Se muestran solamente aquellas a partir del 2009 &nbsp; VIDEO: Qu\u00e9 hacemos los Ingenieros Cl\u00ednicos VIDEO: Emprend\u00e9 ConCIENCIA, INVAP 2017 VIDEO: Emprend\u00e9 ConCIENCIA, INVAP 201, video corto<\/p>\n","protected":false},"author":101034,"featured_media":0,"parent":0,"menu_order":0,"comment_status":"closed","ping_status":"closed","template":"","meta":[],"_links":{"self":[{"href":"https:\/\/www.facet.unt.edu.ar\/bioingenieria\/wp-json\/wp\/v2\/pages\/383"}],"collection":[{"href":"https:\/\/www.facet.unt.edu.ar\/bioingenieria\/wp-json\/wp\/v2\/pages"}],"about":[{"href":"https:\/\/www.facet.unt.edu.ar\/bioingenieria\/wp-json\/wp\/v2\/types\/page"}],"author":[{"embeddable":true,"href":"https:\/\/www.facet.unt.edu.ar\/bioingenieria\/wp-json\/wp\/v2\/users\/101034"}],"replies":[{"embeddable":true,"href":"https:\/\/www.facet.unt.edu.ar\/bioingenieria\/wp-json\/wp\/v2\/comments?post=383"}],"version-history":[{"count":5,"href":"https:\/\/www.facet.unt.edu.ar\/bioingenieria\/wp-json\/wp\/v2\/pages\/383\/revisions"}],"predecessor-version":[{"id":652,"href":"https:\/\/www.facet.unt.edu.ar\/bioingenieria\/wp-json\/wp\/v2\/pages\/383\/revisions\/652"}],"wp:attachment":[{"href":"https:\/\/www.facet.unt.edu.ar\/bioingenieria\/wp-json\/wp\/v2\/media?parent=383"}],"curies":[{"name":"wp","href":"https:\/\/api.w.org\/{rel}","templated":true}]}}