{"id":390,"date":"2019-05-22T11:58:46","date_gmt":"2019-05-22T14:58:46","guid":{"rendered":"https:\/\/www.facet.unt.edu.ar\/bioingenieria\/?page_id=390"},"modified":"2019-05-22T12:13:19","modified_gmt":"2019-05-22T15:13:19","slug":"area-servicios-gateme","status":"publish","type":"page","link":"https:\/\/www.facet.unt.edu.ar\/bioingenieria\/area-servicios-gateme\/","title":{"rendered":"\u00c1rea Servicios GaTeMe"},"content":{"rendered":"<p><strong>\u00c1REA SERVICIOS<\/strong><br \/>\n<strong>Jefe:<\/strong> Mag. Ing. Luis A. Rocha<br \/>\n<strong>Sub Jefe:<\/strong> Esp. Ing. Marcelo Vazquez<\/p>\n<p><strong>PERSONAL T\u00c9CNICO<\/strong><br \/>\nOperadores T\u00e9cnicos<br \/>\nMag. Ing. Luis A. Rocha<br \/>\nEsp. Ing. Marcelo Vazquez<br \/>\nEsp. Ing. Biom Lucila Figueroa Gallo<br \/>\nEsp. Ing. Biom. Mirta Emilse Far\u00edas<br \/>\nResidentes SIPROSA<\/p>\n","protected":false},"excerpt":{"rendered":"<p>\u00c1REA SERVICIOS Jefe: Mag. Ing. Luis A. Rocha Sub Jefe: Esp. Ing. Marcelo Vazquez PERSONAL T\u00c9CNICO Operadores T\u00e9cnicos Mag. Ing. Luis A. Rocha Esp. Ing. Marcelo Vazquez Esp. Ing. Biom Lucila Figueroa Gallo Esp. Ing. Biom. Mirta Emilse Far\u00edas Residentes SIPROSA<\/p>\n","protected":false},"author":101034,"featured_media":0,"parent":0,"menu_order":0,"comment_status":"closed","ping_status":"closed","template":"","meta":[],"_links":{"self":[{"href":"https:\/\/www.facet.unt.edu.ar\/bioingenieria\/wp-json\/wp\/v2\/pages\/390"}],"collection":[{"href":"https:\/\/www.facet.unt.edu.ar\/bioingenieria\/wp-json\/wp\/v2\/pages"}],"about":[{"href":"https:\/\/www.facet.unt.edu.ar\/bioingenieria\/wp-json\/wp\/v2\/types\/page"}],"author":[{"embeddable":true,"href":"https:\/\/www.facet.unt.edu.ar\/bioingenieria\/wp-json\/wp\/v2\/users\/101034"}],"replies":[{"embeddable":true,"href":"https:\/\/www.facet.unt.edu.ar\/bioingenieria\/wp-json\/wp\/v2\/comments?post=390"}],"version-history":[{"count":5,"href":"https:\/\/www.facet.unt.edu.ar\/bioingenieria\/wp-json\/wp\/v2\/pages\/390\/revisions"}],"predecessor-version":[{"id":405,"href":"https:\/\/www.facet.unt.edu.ar\/bioingenieria\/wp-json\/wp\/v2\/pages\/390\/revisions\/405"}],"wp:attachment":[{"href":"https:\/\/www.facet.unt.edu.ar\/bioingenieria\/wp-json\/wp\/v2\/media?parent=390"}],"curies":[{"name":"wp","href":"https:\/\/api.w.org\/{rel}","templated":true}]}}