{"id":396,"date":"2019-05-22T12:03:32","date_gmt":"2019-05-22T15:03:32","guid":{"rendered":"https:\/\/www.facet.unt.edu.ar\/bioingenieria\/?page_id=396"},"modified":"2024-09-20T20:22:27","modified_gmt":"2024-09-20T23:22:27","slug":"area-docencia-y-extension-gateme","status":"publish","type":"page","link":"https:\/\/www.facet.unt.edu.ar\/bioingenieria\/area-docencia-y-extension-gateme\/","title":{"rendered":"\u00c1rea Docencia y Extensi\u00f3n GaTeMe"},"content":{"rendered":"<p><strong>\u00c1REA DOCENCIA Y EXTENSI\u00d3N<\/strong><br \/>\n<strong>Jefe:<\/strong> Ing. Viviana Ines Rotger<br \/>\n<strong>Sub Jefe:<\/strong> Ing. Biom. Lucila Figueroa Gallo<\/p>\n","protected":false},"excerpt":{"rendered":"<p>\u00c1REA DOCENCIA Y EXTENSI\u00d3N Jefe: Ing. Viviana Ines Rotger Sub Jefe: Ing. Biom. Lucila Figueroa Gallo<\/p>\n","protected":false},"author":101034,"featured_media":0,"parent":0,"menu_order":0,"comment_status":"closed","ping_status":"closed","template":"","meta":[],"_links":{"self":[{"href":"https:\/\/www.facet.unt.edu.ar\/bioingenieria\/wp-json\/wp\/v2\/pages\/396"}],"collection":[{"href":"https:\/\/www.facet.unt.edu.ar\/bioingenieria\/wp-json\/wp\/v2\/pages"}],"about":[{"href":"https:\/\/www.facet.unt.edu.ar\/bioingenieria\/wp-json\/wp\/v2\/types\/page"}],"author":[{"embeddable":true,"href":"https:\/\/www.facet.unt.edu.ar\/bioingenieria\/wp-json\/wp\/v2\/users\/101034"}],"replies":[{"embeddable":true,"href":"https:\/\/www.facet.unt.edu.ar\/bioingenieria\/wp-json\/wp\/v2\/comments?post=396"}],"version-history":[{"count":2,"href":"https:\/\/www.facet.unt.edu.ar\/bioingenieria\/wp-json\/wp\/v2\/pages\/396\/revisions"}],"predecessor-version":[{"id":764,"href":"https:\/\/www.facet.unt.edu.ar\/bioingenieria\/wp-json\/wp\/v2\/pages\/396\/revisions\/764"}],"wp:attachment":[{"href":"https:\/\/www.facet.unt.edu.ar\/bioingenieria\/wp-json\/wp\/v2\/media?parent=396"}],"curies":[{"name":"wp","href":"https:\/\/api.w.org\/{rel}","templated":true}]}}