{"id":65,"date":"2014-08-04T09:14:33","date_gmt":"2014-08-04T12:14:33","guid":{"rendered":"https:\/\/www.facet.unt.edu.ar\/bioingenieria\/home\/"},"modified":"2023-04-20T13:48:57","modified_gmt":"2023-04-20T16:48:57","slug":"home","status":"publish","type":"page","link":"https:\/\/www.facet.unt.edu.ar\/bioingenieria\/","title":{"rendered":"HOME"},"content":{"rendered":"<div id=\"pl-65\"  class=\"panel-layout\" ><div id=\"pg-65-0\"  class=\"panel-grid panel-no-style\" ><div id=\"pgc-65-0-0\"  class=\"panel-grid-cell\" ><div id=\"panel-65-0-0-0\" class=\"so-panel widget widget_sow-editor panel-first-child panel-last-child\" data-index=\"0\" ><div\n\t\t\t\n\t\t\tclass=\"so-widget-sow-editor so-widget-sow-editor-base\"\n\t\t\t\n\t\t>\n<div class=\"siteorigin-widget-tinymce textwidget\">\n\t<p>El Departamento de Bioingenier\u00eda tiene sus dependencias en el Centro Universitario Ing. Roberto Herrera (ex Quinta Agron\u00f3mica)<\/p>\n<table width=\"604\">\n<tbody>\n<tr>\n<td width=\"340\"><strong>Direcci\u00f3n postal<\/strong><strong><br \/>\n<\/strong>Block 1-2do nivel-oficina 25 (1-2-25)<br \/>\nAv. Independencia 1800<br \/>\n(4000) Tucum\u00e1n-Argentina<\/p>\n<p>&nbsp;<\/p>\n<\/td>\n<td width=\"265\"><strong>email:<\/strong>\u00a0bioing@herrera.unt.edu.ar<\/p>\n<p><strong>Tel\u00e9fonos:<\/strong>\u00a054-381-4107568<br \/>\n54-381-4364120<\/p>\n<p><strong>Coordenadas google maps<\/strong><br \/>\n-26.843542, -65.230149<br \/>\n26\u00b050\u201936.8\u2033S 65\u00b013\u201948.5\u2033W<\/p>\n<\/td>\n<\/tr>\n<\/tbody>\n<\/table>\n<\/div>\n<\/div><\/div><\/div><\/div><\/div>","protected":false},"excerpt":{"rendered":"<p>El Departamento de Bioingenier\u00eda tiene sus dependencias en el Centro Universitario Ing. Roberto Herrera (ex Quinta Agron\u00f3mica) Direcci\u00f3n postal Block 1-2do nivel-oficina 25 (1-2-25) Av. Independencia 1800 (4000) Tucum\u00e1n-Argentina &nbsp; email:\u00a0bioing@herrera.unt.edu.ar Tel\u00e9fonos:\u00a054-381-4107568 54-381-4364120 Coordenadas google maps -26.843542, -65.230149 26\u00b050\u201936.8\u2033S 65\u00b013\u201948.5\u2033W<\/p>\n","protected":false},"author":1,"featured_media":0,"parent":0,"menu_order":0,"comment_status":"closed","ping_status":"closed","template":"home-panels.php","meta":[],"_links":{"self":[{"href":"https:\/\/www.facet.unt.edu.ar\/bioingenieria\/wp-json\/wp\/v2\/pages\/65"}],"collection":[{"href":"https:\/\/www.facet.unt.edu.ar\/bioingenieria\/wp-json\/wp\/v2\/pages"}],"about":[{"href":"https:\/\/www.facet.unt.edu.ar\/bioingenieria\/wp-json\/wp\/v2\/types\/page"}],"author":[{"embeddable":true,"href":"https:\/\/www.facet.unt.edu.ar\/bioingenieria\/wp-json\/wp\/v2\/users\/1"}],"replies":[{"embeddable":true,"href":"https:\/\/www.facet.unt.edu.ar\/bioingenieria\/wp-json\/wp\/v2\/comments?post=65"}],"version-history":[{"count":5,"href":"https:\/\/www.facet.unt.edu.ar\/bioingenieria\/wp-json\/wp\/v2\/pages\/65\/revisions"}],"predecessor-version":[{"id":447,"href":"https:\/\/www.facet.unt.edu.ar\/bioingenieria\/wp-json\/wp\/v2\/pages\/65\/revisions\/447"}],"wp:attachment":[{"href":"https:\/\/www.facet.unt.edu.ar\/bioingenieria\/wp-json\/wp\/v2\/media?parent=65"}],"curies":[{"name":"wp","href":"https:\/\/api.w.org\/{rel}","templated":true}]}}