{"id":65,"date":"2014-08-04T09:14:33","date_gmt":"2014-08-04T12:14:33","guid":{"rendered":"https:\/\/\/home\/"},"modified":"2025-08-29T11:11:01","modified_gmt":"2025-08-29T14:11:01","slug":"home","status":"publish","type":"page","link":"https:\/\/www.facet.unt.edu.ar\/celefe\/","title":{"rendered":"Inicio"},"content":{"rendered":"<div id=\"pl-65\"  class=\"panel-layout\" ><div id=\"pg-65-0\"  class=\"panel-grid panel-has-style\" ><div class=\"wide-grey panel-row-style panel-row-style-for-65-0\" ><div id=\"pgc-65-0-0\"  class=\"panel-grid-cell\" ><div id=\"panel-65-0-0-0\" class=\"so-panel widget widget_sow-editor panel-first-child panel-last-child\" data-index=\"0\" ><div\n\t\t\t\n\t\t\tclass=\"so-widget-sow-editor so-widget-sow-editor-base\"\n\t\t\t\n\t\t><h3 class=\"widget-title\">CELEFE<\/h3>\n<div class=\"siteorigin-widget-tinymce textwidget\">\n\t<p><a href=\"https:\/\/www.facet.unt.edu.ar\/celefe\/wp-content\/uploads\/sites\/104\/2025\/07\/LogoCELEFE.png\"><img decoding=\"async\" loading=\"lazy\" class=\"size-full wp-image-93 alignleft\" src=\"https:\/\/www.facet.unt.edu.ar\/celefe\/wp-content\/uploads\/sites\/104\/2025\/07\/LogoCELEFE.png\" alt=\"\" width=\"278\" height=\"191\" \/><\/a>El Centro de Estudios de Lenguas Extranjeras con Fines Espec\u00edficos (CELEFE) fue creado seg\u00fan Resoluci\u00f3n RES - FACET - DGAD - 5394 \/ 2025 el 14 de mayo de 2025. D\u00e1ndole continuidad a la tradici\u00f3n de trabajo del \u00e1rea Idioma Ingl\u00e9s en nuestra facultad, el Centro se plantea generar espacios de desarrollo en docencia, investigaci\u00f3n y extensi\u00f3n en el \u00e1mbito de las Lenguas Extranjeras.<\/p>\n<p><strong>MISI\u00d3N<\/strong><br \/>\nEl CELEFE tiene como prop\u00f3sito coordinar y gestionar actividades de docencia, investigaci\u00f3n y extensi\u00f3n relacionadas con las lenguas extranjeras en el \u00e1mbito de la FACET en particular y buscar acuerdos con otras unidades acad\u00e9micas de la UNT y otras universidades nacionales.<\/p>\n<p><strong>OBJETIVOS<\/strong><br \/>\n- Propiciar el trabajo colaborativo entre los docentes de distintas lenguas extranjeras en el \u00e1mbito de la FACET.<br \/>\n- Fortalecer las redes profesionales de lenguas extranjeras intra- e inter-universidades.<br \/>\n- Promover proyectos de investigaci\u00f3n y desarrollo que potencien la ense\u00f1anza de LE con fines espec\u00edficos en el \u00e1mbito universitario.<br \/>\n- Coordinar la alineaci\u00f3n de los objetivos de la ense\u00f1anza de LE con est\u00e1ndares internacionales, en particular el Marco Com\u00fan Europeo de Referencia para las Lenguas.<br \/>\n- Dise\u00f1ar y concretar capacitaciones y trayectos formativos en torno a la ense\u00f1anza de LE con fines espec\u00edficos en las escuelas experimentales, en las facultades de la UNT y en el \u00e1mbito educativo en general.<\/p>\n<p><strong>CONTACTO<\/strong><br \/>\nCorreo electr\u00f3nico: <a href=\"mailto:celefe@herrera.unt.edu.ar\">celefe@herrera.unt.edu.ar<\/a><\/p>\n<\/div>\n<\/div><\/div><\/div><\/div><\/div><\/div>","protected":false},"excerpt":{"rendered":"<p>El Centro de Estudios de Lenguas Extranjeras con Fines Espec\u00edficos (CELEFE) fue creado seg\u00fan Resoluci\u00f3n RES &#8211; FACET &#8211; DGAD &#8211; 5394 \/ 2025 el 14 de mayo de 2025. D\u00e1ndole continuidad a la tradici\u00f3n de trabajo del \u00e1rea Idioma Ingl\u00e9s en nuestra facultad, el Centro se plantea generar espacios de desarrollo en docencia, investigaci\u00f3n [&hellip;]<\/p>\n","protected":false},"author":1,"featured_media":0,"parent":0,"menu_order":0,"comment_status":"closed","ping_status":"closed","template":"home-panels.php","meta":[],"_links":{"self":[{"href":"https:\/\/www.facet.unt.edu.ar\/celefe\/wp-json\/wp\/v2\/pages\/65"}],"collection":[{"href":"https:\/\/www.facet.unt.edu.ar\/celefe\/wp-json\/wp\/v2\/pages"}],"about":[{"href":"https:\/\/www.facet.unt.edu.ar\/celefe\/wp-json\/wp\/v2\/types\/page"}],"author":[{"embeddable":true,"href":"https:\/\/www.facet.unt.edu.ar\/celefe\/wp-json\/wp\/v2\/users\/1"}],"replies":[{"embeddable":true,"href":"https:\/\/www.facet.unt.edu.ar\/celefe\/wp-json\/wp\/v2\/comments?post=65"}],"version-history":[{"count":6,"href":"https:\/\/www.facet.unt.edu.ar\/celefe\/wp-json\/wp\/v2\/pages\/65\/revisions"}],"predecessor-version":[{"id":99,"href":"https:\/\/www.facet.unt.edu.ar\/celefe\/wp-json\/wp\/v2\/pages\/65\/revisions\/99"}],"wp:attachment":[{"href":"https:\/\/www.facet.unt.edu.ar\/celefe\/wp-json\/wp\/v2\/media?parent=65"}],"curies":[{"name":"wp","href":"https:\/\/api.w.org\/{rel}","templated":true}]}}