{"id":87,"date":"2018-04-11T12:54:54","date_gmt":"2018-04-11T15:54:54","guid":{"rendered":"https:\/\/www.facet.unt.edu.ar\/cemnci\/?page_id=87"},"modified":"2018-04-11T12:57:18","modified_gmt":"2018-04-11T15:57:18","slug":"objetivos","status":"publish","type":"page","link":"https:\/\/www.facet.unt.edu.ar\/cemnci\/objetivos\/","title":{"rendered":"Objetivos"},"content":{"rendered":"<p>El <strong>CEMNCI<\/strong> fue creado con los siguientes objetivos:<\/p>\n<ul>\n<li>Concentrar esfuerzos y conocimientos en la FACET-UNT relativos al uso de m\u00e9todos num\u00e9ricos y computacionales para el an\u00e1lisis y soluci\u00f3n de m\u00faltiples y variados problemas de la Ingenier\u00eda, la F\u00edsica y la Matem\u00e1tica, de manera de servir de apoyo a los desarrollos tecnol\u00f3gicos.<\/li>\n<li>Promover la ense\u00f1anza a nivel de grado y postgrado de los m\u00e9todos num\u00e9ricos y computacionales para la resoluci\u00f3n de problemas de todos los \u00e1mbitos de la ingenier\u00eda, la matem\u00e1tica num\u00e9rica y la f\u00edsica en la FACET-UNT.<\/li>\n<li>Promover acciones cient\u00edficas de alto nivel, relacionadas con el uso y desarrollo de m\u00e9todos num\u00e9ricos y computacionales para el an\u00e1lisis y soluci\u00f3n de problemas tecnol\u00f3gicos.<\/li>\n<li>Planificar el uso y desarrollo de los m\u00e9todos num\u00e9ricos y computacionales en coordinaci\u00f3n con el accionar de los diversos laboratorios de t\u00e9cnicas experimentales de la FACET a fin de lograr la complementaci\u00f3n necesaria entre ambas metodolog\u00edas de investigaci\u00f3n y an\u00e1lisis.<\/li>\n<li>Promover y facilitar el uso de m\u00e9todos num\u00e9ricos y computacionales en la industria y la sociedad del Noroeste Argentino, mediante asesoramientos, cursos de actualizaci\u00f3n y especializaci\u00f3n, y\/o contratos de servicios espec\u00edficos.<\/li>\n<\/ul>\n","protected":false},"excerpt":{"rendered":"<p>El CEMNCI fue creado con los siguientes objetivos: Concentrar esfuerzos y conocimientos en la FACET-UNT relativos al uso de m\u00e9todos num\u00e9ricos y computacionales para el an\u00e1lisis y soluci\u00f3n de m\u00faltiples y variados problemas de la Ingenier\u00eda, la F\u00edsica y la Matem\u00e1tica, de manera de servir de apoyo a los desarrollos tecnol\u00f3gicos. Promover la ense\u00f1anza a [&hellip;]<\/p>\n","protected":false},"author":101032,"featured_media":0,"parent":0,"menu_order":0,"comment_status":"closed","ping_status":"closed","template":"","meta":[],"_links":{"self":[{"href":"https:\/\/www.facet.unt.edu.ar\/cemnci\/wp-json\/wp\/v2\/pages\/87"}],"collection":[{"href":"https:\/\/www.facet.unt.edu.ar\/cemnci\/wp-json\/wp\/v2\/pages"}],"about":[{"href":"https:\/\/www.facet.unt.edu.ar\/cemnci\/wp-json\/wp\/v2\/types\/page"}],"author":[{"embeddable":true,"href":"https:\/\/www.facet.unt.edu.ar\/cemnci\/wp-json\/wp\/v2\/users\/101032"}],"replies":[{"embeddable":true,"href":"https:\/\/www.facet.unt.edu.ar\/cemnci\/wp-json\/wp\/v2\/comments?post=87"}],"version-history":[{"count":2,"href":"https:\/\/www.facet.unt.edu.ar\/cemnci\/wp-json\/wp\/v2\/pages\/87\/revisions"}],"predecessor-version":[{"id":115,"href":"https:\/\/www.facet.unt.edu.ar\/cemnci\/wp-json\/wp\/v2\/pages\/87\/revisions\/115"}],"wp:attachment":[{"href":"https:\/\/www.facet.unt.edu.ar\/cemnci\/wp-json\/wp\/v2\/media?parent=87"}],"curies":[{"name":"wp","href":"https:\/\/api.w.org\/{rel}","templated":true}]}}