{"id":88,"date":"2018-04-11T12:54:56","date_gmt":"2018-04-11T15:54:56","guid":{"rendered":"https:\/\/www.facet.unt.edu.ar\/cemnci\/?page_id=88"},"modified":"2018-09-04T11:51:26","modified_gmt":"2018-09-04T14:51:26","slug":"integrantes","status":"publish","type":"page","link":"https:\/\/www.facet.unt.edu.ar\/cemnci\/integrantes\/","title":{"rendered":"Integrantes"},"content":{"rendered":"<p>El <strong>CEMNCI<\/strong> esta compuesto por docentes e investigadores de los diferentes Departamentos y Carreras que integran la Facultad de Ciencias Exactas y Tecnolog\u00eda de la Universidad Nacional de Tucum\u00e1n, participando de cursos de grado y posgrado, y en proyectos de investigaci\u00f3n relacionados con el uso y desarrollo de los m\u00e9todos num\u00e9ricos y computacionales en Ingenier\u00eda.<\/p>\n<p>&nbsp;<\/p>\n<p>&nbsp;<\/p>\n<p><strong>Director:<\/strong> <a href=\"https:\/\/www.facet.unt.edu.ar\/dcyoc\/docentes\/etse-guillermo\/\">Prof. Dr. Ing. Guillermo Etse<\/a><\/p>\n<p><strong>Work team:<\/strong>\u00a0Dr. Ing. Sonia Vrech,\u00a0Dr. Ing. Javier Danna, MSc. Ing. Sergio Mohamed, Ing. Mario Pierov\u00f3n<\/p>\n<hr \/>\n<p>&nbsp;<\/p>\n<p><strong>Tesistas<\/strong><\/p>\n<hr \/>\n<ul>\n<li>Ing. Marcos Jer\u00e9z<\/li>\n<li>Dr. Facundo Lucianna<\/li>\n<li>Sr. Andr\u00e9s Godoy<\/li>\n<\/ul>\n<p>&nbsp;<\/p>\n<p>&nbsp;<\/p>\n<p><strong>Profesores<\/strong><\/p>\n<hr \/>\n<ul>\n<li>Dr. Miguel Cabrera<\/li>\n<li>Dr. Mario Cesca<\/li>\n<li>Dr. David Comedi<\/li>\n<li>Dr . Elisa Colombo<\/li>\n<li>Dr. Teresa Cuadrado<\/li>\n<li>Dr. Ricardo D\u00edaz<\/li>\n<li>Dr. Guillermo Etse<\/li>\n<li>Dr. Ana G. Elias<\/li>\n<li>Dr. Elsa Ferreira<\/li>\n<li>Dr. Julio C\u00e9sar Gainibelli<\/li>\n<li>Dr. Jorge Gatica<\/li>\n<li>Dr. Ramon Gay<\/li>\n<li>Dr. Mar\u00eda Luisa Genta<\/li>\n<li>Dr. M. Gramajo<\/li>\n<li>Mg.Ing. Mar\u00eda Rosa Hern\u00e1ndez<\/li>\n<li>Dr. Myrian Herrera<\/li>\n<li>Dr. Luis Isolio<\/li>\n<li>Lic. Estela Margarita L\u00f3pez<\/li>\n<li>Dr. Bibiana Luccioni<\/li>\n<li>Dr. Rossana Madrid<\/li>\n<li>Dr. Graciela Mansilla<\/li>\n<li>Dr. Eduardo R. Manzano<\/li>\n<li>Dr. Magdalena Mechetti<\/li>\n<li>Dr. Fernando Mele<\/li>\n<li>Dr. A. Gomez Marigliano<\/li>\n<li>Dr. Graciela Molina<\/li>\n<li>Dr. Nicolas Nieva<\/li>\n<li>Dr. Nieves Ortiz de Adler<\/li>\n<li>Dr. Nora Perotti<\/li>\n<li>Dr. Graciela Prieto<\/li>\n<li>Dr. Ana Martinez Pulido<\/li>\n<li>Dr. Juan L. Minetti<\/li>\n<li>Dr. V\u00edctor Hugo R\u00edos<\/li>\n<li>Dr. Estela Ruiz<\/li>\n<li>Dr. Ana Maria Sfer<\/li>\n<li>Dr. Monica Tirado<\/li>\n<li>Dr. Manuel Villafuerte<\/li>\n<li>Dr. Sonia Vrech<\/li>\n<li>Dr. Adri\u00e1n Will<\/li>\n<li>Dr. Marta Zossi<\/li>\n<\/ul>\n","protected":false},"excerpt":{"rendered":"<p>El CEMNCI esta compuesto por docentes e investigadores de los diferentes Departamentos y Carreras que integran la Facultad de Ciencias Exactas y Tecnolog\u00eda de la Universidad Nacional de Tucum\u00e1n, participando de cursos de grado y posgrado, y en proyectos de investigaci\u00f3n relacionados con el uso y desarrollo de los m\u00e9todos num\u00e9ricos y computacionales en Ingenier\u00eda. [&hellip;]<\/p>\n","protected":false},"author":101032,"featured_media":0,"parent":0,"menu_order":0,"comment_status":"closed","ping_status":"closed","template":"","meta":[],"_links":{"self":[{"href":"https:\/\/www.facet.unt.edu.ar\/cemnci\/wp-json\/wp\/v2\/pages\/88"}],"collection":[{"href":"https:\/\/www.facet.unt.edu.ar\/cemnci\/wp-json\/wp\/v2\/pages"}],"about":[{"href":"https:\/\/www.facet.unt.edu.ar\/cemnci\/wp-json\/wp\/v2\/types\/page"}],"author":[{"embeddable":true,"href":"https:\/\/www.facet.unt.edu.ar\/cemnci\/wp-json\/wp\/v2\/users\/101032"}],"replies":[{"embeddable":true,"href":"https:\/\/www.facet.unt.edu.ar\/cemnci\/wp-json\/wp\/v2\/comments?post=88"}],"version-history":[{"count":7,"href":"https:\/\/www.facet.unt.edu.ar\/cemnci\/wp-json\/wp\/v2\/pages\/88\/revisions"}],"predecessor-version":[{"id":169,"href":"https:\/\/www.facet.unt.edu.ar\/cemnci\/wp-json\/wp\/v2\/pages\/88\/revisions\/169"}],"wp:attachment":[{"href":"https:\/\/www.facet.unt.edu.ar\/cemnci\/wp-json\/wp\/v2\/media?parent=88"}],"curies":[{"name":"wp","href":"https:\/\/api.w.org\/{rel}","templated":true}]}}