{"id":90,"date":"2018-04-11T12:54:58","date_gmt":"2018-04-11T15:54:58","guid":{"rendered":"https:\/\/www.facet.unt.edu.ar\/cemnci\/?page_id=90"},"modified":"2018-08-27T18:05:20","modified_gmt":"2018-08-27T21:05:20","slug":"posgrados","status":"publish","type":"page","link":"https:\/\/www.facet.unt.edu.ar\/cemnci\/posgrados\/","title":{"rendered":"Posgrados"},"content":{"rendered":"<h3 style=\"text-align: center;\"><span style=\"color: #3366ff;\"><a style=\"color: #3366ff;\" href=\"https:\/\/www.facet.unt.edu.ar\/posgrado\/maestria-en-metodos-numericos-y-computacionales-en-ingenieria\/\" target=\"_blank\" rel=\"noopener\"><strong>MAESTR\u00cdA EN M\u00c9TODOS NUM\u00c9RICOS Y COMPUTACIONALES EN INGENIER\u00cdA<\/strong><\/a><\/span><\/h3>\n<h3 style=\"text-align: center;\"><a href=\"https:\/\/www.facet.unt.edu.ar\/posgrado\/doctorado-en-ciencias-exactas-e-ingenieria\/\"><span style=\"color: #3366ff;\"><strong>DOCTORADO EN CIENCIAS EXACTAS E INGENIER\u00cdA<\/strong><\/span><\/a><\/h3>\n<p><strong>Director:<\/strong> Dr. Guillermo Etse<\/p>\n<p><strong>Comisi\u00f3n Acad\u00e9mica:<\/strong> Dr. Ricardo Diaz, Dr. Mario Cesca, Dr. Adrian Will<\/p>\n<p><strong>A\u00f1o de creaci\u00f3n:<\/strong> 1999, A\u00f1o de funcionamiento: 2000, Cat. A, Res. CONEAU nro. 604\/13<\/p>\n<p>Acreditaci\u00f3n CONEAU N\u00ba 604\/13, Categor\u00eda A. 2013. Reconocimiento oficial y validez nacional.<\/p>\n<p>T\u00edtulo: en tr\u00e1mite.<\/p>\n<p><a href=\"https:\/\/www.facet.unt.edu.ar\/posgrado\/maestria-en-metodos-numericos-y-computacionales-en-ingenieria\/\" target=\"_blank\" rel=\"noopener\">M\u00e1s informaci\u00f3n<\/a><\/p>\n<hr \/>\n<p>&nbsp;<\/p>\n","protected":false},"excerpt":{"rendered":"<p>MAESTR\u00cdA EN M\u00c9TODOS NUM\u00c9RICOS Y COMPUTACIONALES EN INGENIER\u00cdA DOCTORADO EN CIENCIAS EXACTAS E INGENIER\u00cdA Director: Dr. Guillermo Etse Comisi\u00f3n Acad\u00e9mica: Dr. Ricardo Diaz, Dr. Mario Cesca, Dr. Adrian Will A\u00f1o de creaci\u00f3n: 1999, A\u00f1o de funcionamiento: 2000, Cat. A, Res. CONEAU nro. 604\/13 Acreditaci\u00f3n CONEAU N\u00ba 604\/13, Categor\u00eda A. 2013. Reconocimiento oficial y validez nacional. [&hellip;]<\/p>\n","protected":false},"author":101032,"featured_media":0,"parent":0,"menu_order":0,"comment_status":"closed","ping_status":"closed","template":"","meta":[],"_links":{"self":[{"href":"https:\/\/www.facet.unt.edu.ar\/cemnci\/wp-json\/wp\/v2\/pages\/90"}],"collection":[{"href":"https:\/\/www.facet.unt.edu.ar\/cemnci\/wp-json\/wp\/v2\/pages"}],"about":[{"href":"https:\/\/www.facet.unt.edu.ar\/cemnci\/wp-json\/wp\/v2\/types\/page"}],"author":[{"embeddable":true,"href":"https:\/\/www.facet.unt.edu.ar\/cemnci\/wp-json\/wp\/v2\/users\/101032"}],"replies":[{"embeddable":true,"href":"https:\/\/www.facet.unt.edu.ar\/cemnci\/wp-json\/wp\/v2\/comments?post=90"}],"version-history":[{"count":10,"href":"https:\/\/www.facet.unt.edu.ar\/cemnci\/wp-json\/wp\/v2\/pages\/90\/revisions"}],"predecessor-version":[{"id":138,"href":"https:\/\/www.facet.unt.edu.ar\/cemnci\/wp-json\/wp\/v2\/pages\/90\/revisions\/138"}],"wp:attachment":[{"href":"https:\/\/www.facet.unt.edu.ar\/cemnci\/wp-json\/wp\/v2\/media?parent=90"}],"curies":[{"name":"wp","href":"https:\/\/api.w.org\/{rel}","templated":true}]}}