{"id":91,"date":"2018-04-11T12:54:59","date_gmt":"2018-04-11T15:54:59","guid":{"rendered":"https:\/\/www.facet.unt.edu.ar\/cemnci\/?page_id=91"},"modified":"2018-04-11T13:00:06","modified_gmt":"2018-04-11T16:00:06","slug":"convenios","status":"publish","type":"page","link":"https:\/\/www.facet.unt.edu.ar\/cemnci\/convenios\/","title":{"rendered":"Convenios"},"content":{"rendered":"<p>El <strong>CEMNCI<\/strong> ha cerrado un acuerdo importante con el Centro Internacional de M\u00e9todos Num\u00e9ricos en Ingenier\u00eda (CIMNE) de la Universidad Polit\u00e9cnica de Catalu\u00f1a, Espa\u00f1a, para el funcionamiento en el CEMNCI de un Aula Virtual CIMNE. A trav\u00e9s del Aula Virtual CIMNE los docentes y investigadores del CEMNCI tienen acceso a software computacional de ultima generaci\u00f3n para la simulaci\u00f3n y an\u00e1lisis computacional de problemas tecnol\u00f3gicos diversos.<\/p>\n","protected":false},"excerpt":{"rendered":"<p>El CEMNCI ha cerrado un acuerdo importante con el Centro Internacional de M\u00e9todos Num\u00e9ricos en Ingenier\u00eda (CIMNE) de la Universidad Polit\u00e9cnica de Catalu\u00f1a, Espa\u00f1a, para el funcionamiento en el CEMNCI de un Aula Virtual CIMNE. A trav\u00e9s del Aula Virtual CIMNE los docentes y investigadores del CEMNCI tienen acceso a software computacional de ultima generaci\u00f3n [&hellip;]<\/p>\n","protected":false},"author":101032,"featured_media":0,"parent":0,"menu_order":0,"comment_status":"closed","ping_status":"closed","template":"","meta":[],"_links":{"self":[{"href":"https:\/\/www.facet.unt.edu.ar\/cemnci\/wp-json\/wp\/v2\/pages\/91"}],"collection":[{"href":"https:\/\/www.facet.unt.edu.ar\/cemnci\/wp-json\/wp\/v2\/pages"}],"about":[{"href":"https:\/\/www.facet.unt.edu.ar\/cemnci\/wp-json\/wp\/v2\/types\/page"}],"author":[{"embeddable":true,"href":"https:\/\/www.facet.unt.edu.ar\/cemnci\/wp-json\/wp\/v2\/users\/101032"}],"replies":[{"embeddable":true,"href":"https:\/\/www.facet.unt.edu.ar\/cemnci\/wp-json\/wp\/v2\/comments?post=91"}],"version-history":[{"count":2,"href":"https:\/\/www.facet.unt.edu.ar\/cemnci\/wp-json\/wp\/v2\/pages\/91\/revisions"}],"predecessor-version":[{"id":119,"href":"https:\/\/www.facet.unt.edu.ar\/cemnci\/wp-json\/wp\/v2\/pages\/91\/revisions\/119"}],"wp:attachment":[{"href":"https:\/\/www.facet.unt.edu.ar\/cemnci\/wp-json\/wp\/v2\/media?parent=91"}],"curies":[{"name":"wp","href":"https:\/\/api.w.org\/{rel}","templated":true}]}}