{"id":65,"date":"2014-08-04T09:14:33","date_gmt":"2014-08-04T12:14:33","guid":{"rendered":"https:\/\/\/home\/"},"modified":"2014-08-04T09:14:33","modified_gmt":"2014-08-04T12:14:33","slug":"home","status":"publish","type":"page","link":"https:\/\/www.facet.unt.edu.ar\/cenit\/home\/","title":{"rendered":"Home"},"content":{"rendered":"<div id=\"pl-65\"  class=\"panel-layout\" ><div id=\"pg-65-0\"  class=\"panel-grid panel-no-style\" ><div id=\"pgc-65-0-0\"  class=\"panel-grid-cell\" ><div id=\"panel-65-0-0-0\" class=\"so-panel widget widget_circleicon-widget panel-first-child panel-last-child\" data-index=\"0\" >\t\t<div class=\"circle-icon-box circle-icon-position-top circle-icon-hide-box circle-icon-size-small\">\n\t\t\t<div class=\"circle-icon-wrapper\">\n\t\t\t\t\t\t\t\t<div class=\"circle-icon\" >\n\t\t\t\t\t<div class=\"fa fa-pencil-square-o\" ><\/div>\t\t\t\t<\/div>\n\t\t\t\t\t\t\t<\/div>\n\n\t\t\t\t\t\t<h4 >Editable Home Page<\/h4>\t\t\t\n\t\t\t<p class=\"text\" >You can edit this home page using our free, drag and drop Page Builder, or simply disable it to fall back to a standard blog. It's a powerful page building experience.<\/p>\t\t\t\t\t\t\t<a href=\"#\" class=\"more-button\" >Start Editing <i><\/i><\/a>\n\t\t\t\t\t<\/div>\n\t\t<\/div><\/div><div id=\"pgc-65-0-1\"  class=\"panel-grid-cell\" ><div id=\"panel-65-0-1-0\" class=\"so-panel widget widget_circleicon-widget panel-first-child panel-last-child\" data-index=\"1\" >\t\t<div class=\"circle-icon-box circle-icon-position-top circle-icon-hide-box circle-icon-size-small\">\n\t\t\t<div class=\"circle-icon-wrapper\">\n\t\t\t\t\t\t\t\t<div class=\"circle-icon\" >\n\t\t\t\t\t<div class=\"fa fa-check-circle-o\" ><\/div>\t\t\t\t<\/div>\n\t\t\t\t\t\t\t<\/div>\n\n\t\t\t\t\t\t<h4 >Loads of Icons<\/h4>\t\t\t\n\t\t\t<p class=\"text\" >This widget uses FontAwesome - giving you hundreds of icons. Or you could disable the icon and use your own image image. Great for testimonials.<\/p>\t\t\t\t\t\t\t<a href=\"#\" class=\"more-button\" >Example Button <i><\/i><\/a>\n\t\t\t\t\t<\/div>\n\t\t<\/div><\/div><div id=\"pgc-65-0-2\"  class=\"panel-grid-cell\" ><div id=\"panel-65-0-2-0\" class=\"so-panel widget widget_circleicon-widget panel-first-child panel-last-child\" data-index=\"2\" >\t\t<div class=\"circle-icon-box circle-icon-position-top circle-icon-hide-box circle-icon-size-small\">\n\t\t\t<div class=\"circle-icon-wrapper\">\n\t\t\t\t\t\t\t\t<div class=\"circle-icon\" >\n\t\t\t\t\t<div class=\"fa fa-clock-o\" ><\/div>\t\t\t\t<\/div>\n\t\t\t\t\t\t\t<\/div>\n\n\t\t\t\t\t\t<h4 >Saves You Time<\/h4>\t\t\t\n\t\t\t<p class=\"text\" >Building your pages using a drag and drop page builder is a great experience that will save you time. Time is valuable. Don't waste it.<\/p>\t\t\t\t\t\t\t<a href=\"#\" class=\"more-button\" >Test Button <i><\/i><\/a>\n\t\t\t\t\t<\/div>\n\t\t<\/div><\/div><\/div><div id=\"pg-65-1\"  class=\"panel-grid panel-has-style\" ><div class=\"wide-grey panel-row-style panel-row-style-for-65-1\" ><div id=\"pgc-65-1-0\"  class=\"panel-grid-cell\" ><div id=\"panel-65-1-0-0\" class=\"so-panel widget widget_headline-widget panel-first-child panel-last-child\" data-index=\"3\" >\t\t<h1>Home Personalizable<\/h1>\n\t\t<div class=\"decoration\"><div class=\"decoration-inside\"><\/div><\/div>\n\t\t<h3>La organizaci\u00f3n de la p\u00e1gina de inicio puede personalizarse ingresando al men\u00fa \"Apariencia\" &gt; \"Home Page\"<\/h3>\n\t\t<\/div><\/div><\/div><\/div><div id=\"pg-65-2\"  class=\"panel-grid panel-no-style\" ><div id=\"pgc-65-2-0\"  class=\"panel-grid-cell\" ><div id=\"panel-65-2-0-0\" class=\"so-panel widget widget_siteorigin-panels-postloop panel-first-child panel-last-child\" data-index=\"4\" ><h3 class=\"widget-title\">Latest Posts<\/h3>\n\t\t\n\t\t\n<article id=\"post-92\" class=\"post-92 post type-post status-publish format-standard hentry category-uncategorized\">\n\n\t\n\t<div class=\"entry-main\">\n\n\t\t\n\t\t<header class=\"entry-header\">\n\t\t\t\n\t\t\t<h1 class=\"entry-title\"><a href=\"https:\/\/www.facet.unt.edu.ar\/cenit\/2024\/05\/21\/goprobys\/\" title=\"Enlace permanente a GOPROBYS\" rel=\"bookmark\">GOPROBYS<\/a><\/h1>\n\n\t\t\t\t\t\t\t<div class=\"entry-meta\">\n\t\t\t\t\tPublicado el <a href=\"https:\/\/www.facet.unt.edu.ar\/cenit\/2024\/05\/21\/goprobys\/\" title=\"17:28\" rel=\"bookmark\"><time class=\"entry-date\" datetime=\"2024-05-21T17:28:39-03:00\">21 mayo, 2024<\/time><\/a><time class=\"updated\" datetime=\"2024-05-29T17:17:00-03:00\">29 mayo, 2024<\/time> <span class=\"byline\"> por <span class=\"author vcard\"><a class=\"url fn n\" href=\"https:\/\/www.facet.unt.edu.ar\/cenit\/author\/jrodriguezrey\/\" title=\"Ver todos los art\u00edculos de jrodriguezrey\" rel=\"author\">jrodriguezrey<\/a><\/span><\/span> \t\t\t\t<\/div><!-- .entry-meta -->\n\t\t\t\n\t\t<\/header><!-- .entry-header -->\n\n\t\t\t\t\t<div class=\"entry-content\">\n\t\t\t\t<p><a href=\"https:\/\/www.facet.unt.edu.ar\/cenit\/wp-content\/uploads\/sites\/101\/2024\/05\/Logo-GP-cuadrado-ceci.jpeg\"><img decoding=\"async\" loading=\"lazy\" class=\"wp-image-93 aligncenter\" src=\"https:\/\/www.facet.unt.edu.ar\/cenit\/wp-content\/uploads\/sites\/101\/2024\/05\/Logo-GP-cuadrado-ceci.jpeg\" alt=\"\" width=\"266\" height=\"266\" \/><\/a><\/p>\n<p><b>\u00bfQu\u00e9 es GOPROBYS?<\/b><\/p>\n<p><span style=\"font-weight: 400;\">Se trata de una novedosa propuesta de <\/span><b><i>Capacitaci\u00f3n Universitaria<\/i><\/b><span style=\"font-weight: 400;\">, con amplia salida laboral que se plantea en dos niveles: <\/span><b><i>Principios de Gesti\u00f3n<\/i><\/b><span style=\"font-weight: 400;\"> y <\/span><b><i>Gesti\u00f3n Avanzada.<\/i><\/b><span style=\"font-weight: 400;\"> Puedes acceder a estas capacitaciones sin conocimientos previos en la tem\u00e1tica.\u00a0<\/span><\/p>\n<p><span style=\"font-weight: 400;\">Consiste en dos <\/span><b><i>Diplomaturas Universitarias<\/i><\/b><span style=\"font-weight: 400;\"> que, conjuntamente, forman parte de una <\/span><b>Certificaci\u00f3n Universitaria de 500hs<\/b><span style=\"font-weight: 400;\">, distribuidas en 10 cursos. Existen trayectos de profundizaci\u00f3n en metodolog\u00edas sectoriales:\u00a0<\/span><\/p>\n<p><b>Industria, Servicios y Salud.<\/b><\/p>\n<p><span style=\"font-weight: 400;\">Se cursa de forma <\/span><b><i>virtual, sincr\u00f3nica o asincr\u00f3nica<\/i><\/b><span style=\"font-weight: 400;\">, con actividades h\u00edbridas de consolidaci\u00f3n de contenidos en interacci\u00f3n con docentes y profesionales.\u00a0<\/span><\/p>\n<h3>\u00bfA qui\u00e9nes est\u00e1 dirigido?<\/h3>\n<ul>\n<li>A alumnos universitarios o en general a quienes tengan un t\u00edtulo secundario y que deseen aprender las nuevas metodolog\u00edas de gesti\u00f3n que integran herramientas modernas como la Inteligencia Artificial, la anal\u00edtica de datos y la inteligencia de negocios<\/li>\n<li>A profesionales que deseen profundizar y actualizar estos conocimientos para mejorar en sus carreras laborales<\/li>\n<\/ul>\n<p>&nbsp;<\/p>\n<h3>Salida Laboral<\/h3>\n<p>Este perfil tiene cabida en organizaciones donde se requiera:<\/p>\n<ul>\n<li aria-level=\"1\"><strong>Encargado de procesos productivos sencillos o prestaci\u00f3n de servicios:<\/strong> Con los conocimientos adquiridos podr\u00e1s gestionar estos procesos, mejorarlos y adaptarlos<\/li>\n<\/ul>\n<ul>\n<li aria-level=\"1\"><strong>Coordinador de equipos de trabajo:<\/strong> Tendr\u00e1s las herramientas necesarias para saber c\u00f3mo gestionar adecuadamente estos equipos, llev\u00e1ndolos a una mejor situaci\u00f3n de\u00a0 trabajo<\/li>\n<\/ul>\n<ul>\n<li aria-level=\"1\">Analista de costos: Podr\u00e1s determinar los costos de tus productos y servicios, ya sea en una organizaci\u00f3n o en tu propio emprendimiento<\/li>\n<\/ul>\n<ul>\n<li aria-level=\"1\">Analista de informaci\u00f3n de negocios y operaciones<\/li>\n<\/ul>\n<ul>\n<li aria-level=\"1\">Analista de nuevos productos<\/li>\n<\/ul>\n<ul>\n<li aria-level=\"1\">Gestor de compras<\/li>\n<\/ul>\n<ul>\n<li aria-level=\"1\">Gestor de pedidos<\/li>\n<\/ul>\n<ul>\n<li aria-level=\"1\">Analista de proyectos<\/li>\n<\/ul>\n<h3>\u00bfPor qu\u00e9 GOPROBYS?<\/h3>\n<p><b>Herramientas y competencias:<\/b><span style=\"font-weight: 400;\"> Una formaci\u00f3n basada en herramientas, competencias espec\u00edficas de\u00a0 aplicaci\u00f3n directa en el mercado laboral.<\/span><\/p>\n<p><b>Dinamismo, utilidad desde el primer d\u00eda: <\/b><span style=\"font-weight: 400;\">Mejorar \u00e1gilmente, de forma segura y adaptada a tu realidad organizacional. Entrenar en advertir\u00a0 y adaptar para seguir r\u00e1pidamente los cambios.<\/span><\/p>\n<p><b>Dos niveles de profundidad, una instancia de especializaci\u00f3n: <\/b><span style=\"font-weight: 400;\">Compatibles con diferentes responsabilidades en la toma de decisiones (<\/span><b>Principios de Gesti\u00f3n<\/b><span style=\"font-weight: 400;\"> y <\/span><b>Gesti\u00f3n avanzada<\/b><span style=\"font-weight: 400;\">).\u00a0<\/span><\/p>\n<p><span style=\"font-weight: 400;\">Mediante un trayecto com\u00fan en <\/span><b><i>GOPROBYS<\/i><\/b><span style=\"font-weight: 400;\">, se podr\u00e1 profundizar en el sector de actividad.<\/span><\/p>\n<p>&nbsp;<\/p>\n<h3>Evoluci\u00f3n GOPROBYS<\/h3>\n<p><b>Actualizaci\u00f3n de contenidos:<\/b><span style=\"font-weight: 400;\"> Acorde a los paradigmas actuales, con orientaci\u00f3n al uso de nuevas tecnolog\u00edas como <\/span><b><i>Inteligencia Artificial, Inteligencia de Negocios y An\u00e1lisis de datos<\/i><\/b><span style=\"font-weight: 400;\">. Docentes \/ formadores en ejercicio profesional, con experiencia en\u00a0 equipos de alto rendimiento.\u00a0<\/span><\/p>\n<p><b>Evoluci\u00f3n GOPROBYS: <\/b><span style=\"font-weight: 400;\">Evoluci\u00f3n.<\/span> <span style=\"font-weight: 400;\">constante Analizamos las nuevas necesidades de las organizaciones y adaptamos Goprobys para que tengas una experiencia de Valor. Mucho m\u00e1s din\u00e1mica que las carreras tradicionales.<\/span><\/p>\n<p>&nbsp;<\/p>\n<h3>Organizaci\u00f3n del Cursado<\/h3>\n<h4><b>Diplomatura en Principios de Gesti\u00f3n de Organizaciones productoras de bienes y servicios<\/b><\/h4>\n<ul>\n<li style=\"list-style-type: none;\">\n<ul>\n<li style=\"font-weight: 400;\" aria-level=\"1\"><span style=\"font-weight: 400;\">Direcci\u00f3n de las organizaciones y Business Intelligence<\/span><\/li>\n<li style=\"font-weight: 400;\" aria-level=\"1\"><span style=\"font-weight: 400;\">Gesti\u00f3n financiera, Costos y presupuestos con herramientas modernas<\/span><\/li>\n<li style=\"font-weight: 400;\" aria-level=\"1\"><span style=\"font-weight: 400;\">Operaciones y Log\u00edstica en la Industria 4.0<\/span><\/li>\n<li style=\"font-weight: 400;\" aria-level=\"1\"><span style=\"font-weight: 400;\">Gesti\u00f3n de las personas &#8211; People Analytics\u00a0<\/span><\/li>\n<\/ul>\n<\/li>\n<\/ul>\n<ul>\n<li aria-level=\"1\"><b><i>Integraci\u00f3n de Metodolog\u00edas<\/i><\/b><\/li>\n<\/ul>\n<p>Acredita 250hs de Cursado<\/p>\n<h4><b>Diplomatura en Gesti\u00f3n Avanzada de Organizaciones productoras de bienes y servicios<\/b><\/h4>\n<ul>\n<li style=\"list-style-type: none;\">\n<ul>\n<li style=\"font-weight: 400;\" aria-level=\"1\"><span style=\"font-weight: 400;\">Innovaci\u00f3n, Tecnolog\u00eda\u00a0 y Medio ambiente<\/span><\/li>\n<li style=\"font-weight: 400;\" aria-level=\"1\"><span style=\"font-weight: 400;\">Gesti\u00f3n de proyectos con m\u00e9todos \u00e1giles<\/span><\/li>\n<li style=\"font-weight: 400;\" aria-level=\"1\"><span style=\"font-weight: 400;\">Gesti\u00f3n del Valor y Estrategias Comerciales<\/span><\/li>\n<li style=\"font-weight: 400;\" aria-level=\"1\"><span style=\"font-weight: 400;\">An\u00e1lisis de datos y mejora evolutiva de las organizaciones<\/span><\/li>\n<\/ul>\n<\/li>\n<\/ul>\n<ul>\n<li aria-level=\"1\"><b><i>Integraci\u00f3n avanzada de Metodolog\u00edas de Gesti\u00f3n\u00a0<\/i><\/b><\/li>\n<\/ul>\n<p>Acredita 250hs de Cursado<\/p>\n<p>Una vez cursadas y aprobadas las dos Diplomaturas, se accede autom\u00e1ticamente a la Certificaci\u00f3n Universitaria, de 500hs acreditadas<\/p>\n<p><a href=\"https:\/\/www.facet.unt.edu.ar\/cenit\/wp-content\/uploads\/sites\/101\/2024\/05\/Goprobys-explicacion-trayecto.jpg\"><img decoding=\"async\" loading=\"lazy\" class=\"size-full wp-image-94 aligncenter\" src=\"https:\/\/www.facet.unt.edu.ar\/cenit\/wp-content\/uploads\/sites\/101\/2024\/05\/Goprobys-explicacion-trayecto.jpg\" alt=\"\" width=\"333\" height=\"513\" \/><\/a><\/p>\n<p>&nbsp;<\/p>\n<h3>Contacto<\/h3>\n<p>Prof. Julio Rodr\u00edguez Rey <strong>wsp<\/strong> +549 3816-408406<\/p>\n<p>cenit@herrera.unt.edu.ar<\/p>\n<p>&nbsp;<\/p>\n\t\t\t\t\t\t\t\t\t\t\t\t\t\t\t<\/div><!-- .entry-content -->\n\t\t\n\t\t\n\t<\/div>\n\n<\/article><!-- #post-92 -->\n\n\t\n\t\t\n<article id=\"post-1\" class=\"post-1 post type-post status-publish format-standard hentry category-uncategorized\">\n\n\t\n\t<div class=\"entry-main\">\n\n\t\t\n\t\t<header class=\"entry-header\">\n\t\t\t\n\t\t\t<h1 class=\"entry-title\"><a href=\"https:\/\/www.facet.unt.edu.ar\/cenit\/2013\/11\/27\/hello-world\/\" title=\"Enlace permanente a Acerca del CENIT\" rel=\"bookmark\">Acerca del CENIT<\/a><\/h1>\n\n\t\t\t\t\t\t\t<div class=\"entry-meta\">\n\t\t\t\t\tPublicado el <a href=\"https:\/\/www.facet.unt.edu.ar\/cenit\/2013\/11\/27\/hello-world\/\" title=\"14:05\" rel=\"bookmark\"><time class=\"entry-date\" datetime=\"2013-11-27T14:05:50-03:00\">27 noviembre, 2013<\/time><\/a><time class=\"updated\" datetime=\"2024-05-21T17:37:55-03:00\">21 mayo, 2024<\/time> <span class=\"byline\"> por <span class=\"author vcard\"><a class=\"url fn n\" href=\"https:\/\/www.facet.unt.edu.ar\/cenit\/author\/svallejo\/\" title=\"Ver todos los art\u00edculos de admin\" rel=\"author\">admin<\/a><\/span><\/span> \t\t\t\t<\/div><!-- .entry-meta -->\n\t\t\t\n\t\t<\/header><!-- .entry-header -->\n\n\t\t\t\t\t<div class=\"entry-content\">\n\t\t\t\t<p><span style=\"font-weight: 400;\"><a href=\"https:\/\/www.facet.unt.edu.ar\/cenit\/wp-content\/uploads\/sites\/101\/2013\/11\/Logo-CENIT.jpg\"><img decoding=\"async\" loading=\"lazy\" class=\" wp-image-97 aligncenter\" src=\"https:\/\/www.facet.unt.edu.ar\/cenit\/wp-content\/uploads\/sites\/101\/2013\/11\/Logo-CENIT.jpg\" alt=\"\" width=\"303\" height=\"279\" \/><\/a><\/span><\/p>\n<p>&nbsp;<\/p>\n<p><span style=\"font-weight: 400;\">Nuestra misi\u00f3n:<\/span><\/p>\n<p><b><i>Conformar un espacio intelectual en el cual se analicen, generen y difundan ideas y proyectos de Innovaci\u00f3n Tecnol\u00f3gica, basadas en los conocimientos espec\u00edficos y disciplinares de las diferentes ingenier\u00edas y en clara sinton\u00eda con las metodolog\u00edas de gesti\u00f3n de la Innovaci\u00f3n. Para ello, el CENIT cuenta con 10 a\u00f1os de trayectoria de sus miembros, un acervo de conocimientos desarrollado internamente, como as\u00ed tambi\u00e9n sistematizado desde fuentes externas, entre ellas las de diversas carreras de posgrado y actividades de extensi\u00f3n asociadas.\u00a0<\/i><\/b><\/p>\n<h3><span style=\"font-weight: 400;\">Objetivos:<\/span><\/h3>\n<ol>\n<li><span style=\"font-weight: 400;\"> Generar proyectos de investigaci\u00f3n y Desarrollo relacionados con la Innovaci\u00f3n Tecnol\u00f3gica<\/span><\/li>\n<\/ol>\n<p><span style=\"font-weight: 400;\">2.Servir como \u00e1mbito de desarrollo de proyectos y pr\u00e1cticas a las carreras de posgrado o extensi\u00f3n que se relacionen con la tem\u00e1tica<\/span><\/p>\n<ol start=\"3\">\n<li><span style=\"font-weight: 400;\"> Desarrollar programas de ciencia ciudadana y de extensi\u00f3n universitaria.<\/span><\/li>\n<li><span style=\"font-weight: 400;\"> Realizar actividades de formaci\u00f3n en nivel de grado y posgrado.<\/span><\/li>\n<li><span style=\"font-weight: 400;\"> Publicar los desarrollos cient\u00edficos del CENIT.<\/span><\/li>\n<li><span style=\"font-weight: 400;\"> Canalizar proyectos finales de grado y posgrado relacionados con la tem\u00e1tica<\/span><\/li>\n<li><span style=\"font-weight: 400;\"> Realizar actividades de extensi\u00f3n en la tem\u00e1tica.<\/span><\/li>\n<li><span style=\"font-weight: 400;\"> Conformar una base de conocimientos tecnol\u00f3gicos aplicados relacionados con las posibilidades de desarrollo en el medio<\/span><\/li>\n<\/ol>\n<p><span style=\"font-weight: 400;\">Desde este centro se han realizado m\u00faltiples actividades relacionadas con la Gesti\u00f3n de la Innovaci\u00f3n, entre ellas el dictado de la asignatura electiva <\/span><b>\u201cEmprendedorismo e Innovaci\u00f3n\u201d<\/b><span style=\"font-weight: 400;\"> durante una d\u00e9cada, dando lugar a una multitud de proyectos de innovaci\u00f3n por parte de los alumnos.\u00a0<\/span><\/p>\n<p><span style=\"font-weight: 400;\">Asimismo, los docentes asociados a este centro han dirigido diversas tesis de maestr\u00eda y tesinas de grado relacionadas con la disciplina. Desde la investigaci\u00f3n, las actividades del centro han sido un puntal de apoyo para la creaci\u00f3n de las carreras de posgrado interinstitucionales; el Doctorado en Ingenier\u00eda Industrial y la Maestr\u00eda en Gesti\u00f3n de la Tecnolog\u00eda y la Innovaci\u00f3n<\/span><\/p>\n<p><span style=\"font-weight: 400;\">En estos \u00faltimos a\u00f1os las tecnolog\u00edas han evolucionado significativamente, llegando a tener un grado de permeabilidad importante en todas las disciplinas relacionadas con la gesti\u00f3n industrial. Asimismo, este hecho ha permitido que las metodolog\u00edas de gesti\u00f3n industrial, altamente informatizadas, queden a disposici\u00f3n de una gran cantidad de actividades humanas de las cuales apenas somos conscientes. Como ejemplo podemos realizar pron\u00f3sticos de demandas asociados a los viajes en avi\u00f3n que permitan buscar ventanas de precios reducidos o poder conocer con bastante anticipaci\u00f3n en qu\u00e9 estacionamientos dispondremos de lugar a determinadas horas y hasta los recorridos de los \u00f3mnibus urbanos. <\/span><\/p>\n\t\t\t\t\t\t\t\t\t\t\t\t\t\t\t<\/div><!-- .entry-content -->\n\t\t\n\t\t\n\t<\/div>\n\n<\/article><!-- #post-1 -->\n\n\t\n\t\n<\/div><\/div><div id=\"pgc-65-2-1\"  class=\"panel-grid-cell\" ><div id=\"panel-65-2-1-0\" class=\"so-panel widget widget_text panel-first-child panel-last-child\" data-index=\"5\" >\t\t\t<div class=\"textwidget\"><p>There are a lot of widgets bundled with Page Builder. You can use them to bring your pages to life.<\/p>\n<\/div>\n\t\t<\/div><\/div><\/div><\/div>","protected":false},"excerpt":{"rendered":"","protected":false},"author":1,"featured_media":0,"parent":0,"menu_order":0,"comment_status":"closed","ping_status":"open","template":"home-panels.php","meta":[],"_links":{"self":[{"href":"https:\/\/www.facet.unt.edu.ar\/cenit\/wp-json\/wp\/v2\/pages\/65"}],"collection":[{"href":"https:\/\/www.facet.unt.edu.ar\/cenit\/wp-json\/wp\/v2\/pages"}],"about":[{"href":"https:\/\/www.facet.unt.edu.ar\/cenit\/wp-json\/wp\/v2\/types\/page"}],"author":[{"embeddable":true,"href":"https:\/\/www.facet.unt.edu.ar\/cenit\/wp-json\/wp\/v2\/users\/1"}],"replies":[{"embeddable":true,"href":"https:\/\/www.facet.unt.edu.ar\/cenit\/wp-json\/wp\/v2\/comments?post=65"}],"version-history":[{"count":0,"href":"https:\/\/www.facet.unt.edu.ar\/cenit\/wp-json\/wp\/v2\/pages\/65\/revisions"}],"wp:attachment":[{"href":"https:\/\/www.facet.unt.edu.ar\/cenit\/wp-json\/wp\/v2\/media?parent=65"}],"curies":[{"name":"wp","href":"https:\/\/api.w.org\/{rel}","templated":true}]}}